{"id":32456,"date":"2026-03-18T14:35:50","date_gmt":"2026-03-18T14:35:50","guid":{"rendered":"https:\/\/soydeaqui.ddns.net\/pachuca\/index.php\/producto\/impresora-retransferencia-hdp5000-laminacion-un-lado-impresion-doble-cara-3-anos-garantia\/"},"modified":"2026-03-18T14:35:51","modified_gmt":"2026-03-18T14:35:51","slug":"impresora-retransferencia-hdp5000-laminacion-un-lado-impresion-doble-cara-3-anos-garantia","status":"publish","type":"product","link":"https:\/\/soydeaqui.ddns.net\/pachuca\/index.php\/producto\/impresora-retransferencia-hdp5000-laminacion-un-lado-impresion-doble-cara-3-anos-garantia\/","title":{"rendered":"Impresora Retransferencia HDP5000\/ Laminaci\u00f3n UN Lado\/ Impresi\u00f3n Doble Cara\/ 3 A\u00f1os Garantia"},"content":{"rendered":"<div style='width: 100%; max-width: 1200px; margin: 0 auto; font-family: sans-serif; line-height: 1.6; color: inherit; background-color: transparent;'>\n<div style='display: flex; flex-wrap: wrap; gap: 30px; margin-bottom: 30px;'>\n<div style='flex: 1 1 300px; min-width: 280px;'>\n<h3 style='font-size: 22px; border-bottom: 2px solid currentColor; padding-bottom: 5px; margin-top: 0; color: inherit; opacity: 0.8;'>Caracter\u00edsticas<\/h3>\n<ul style='padding-left: 20px; font-size: 15px; color: inherit;'>\n<li><a href='https:\/\/www.hidglobal.mx\/doclib\/files\/resource_files\/hid-fargo-high-definition-printing-security-wp-es.pdf' target='_blank' rel='noopener noreferrer' style='color: inherit; text-decoration: underline;'>Impresora de retransferencia<\/a>.<\/li>\n<li>Impresi\u00f3n por uno o dos lados.<\/li>\n<li><strong>Laminaci\u00f3n por un solo lado.<\/strong><\/li>\n<li>Resoluci\u00f3n de 300dpi.<\/li>\n<li>Garant\u00eda de 3 a\u00f1os en impresora y garant\u00eda de por vida en el cabezal.<\/li>\n<li>Velocidad de impresi\u00f3n de hasta 24 seg por tarjeta&comma; 150 tarjetas por hora en YMC.<\/li>\n<li>Tama\u00f1o de tarjeta CR80.<\/li>\n<li>Alimentador de tarjetas de hasta 200 tarjetas.<\/li>\n<li><strong>Importante:<\/strong> Aunque puede imprimir cualquier tarjeta CR80 (Delgada)&comma; la <strong>calidad de la impresi\u00f3n<\/strong> puede variar por la calidad del material de la misma&comma; se recomienda usar Tarjetas de PVC o poli\u00e9ster con acabado en PVC pulido Ultracard (Compatible con tarjetas PVC <a href='https:\/\/www.syscom.mx\/producto\/081754-HID-183658.html' target='_blank' rel='noopener noreferrer' style='color: inherit; text-decoration: underline;'>081754<\/a>). Optimizado para tarjetas HID de Control de Acceso.<\/li>\n<li>USB interfaz.<\/li>\n<li><strong>Garant\u00eda:<\/strong> 3 a\u00f1os. Para <strong>conservar la garant\u00eda<\/strong> debe Registrar la Impresora en el Portal de HID&comma; de lo contrario no ser\u00e1 v\u00e1lido.<\/li>\n<li><strong>Registro de la impresora:<\/strong><\/li>\n<\/ul><\/div>\n<\/p><\/div>\n<div style='margin-bottom: 30px;'>\n<div style='display: flex; justify-content: center; margin-bottom: 15px;'> <img style='width: 100px; height: 100px; border: 1px solid rgba(150&comma;150&comma;150&comma;0.3); border-radius: 8px;' src='https:\/\/ftp3.syscom.mx\/usuarios\/ftp\/2022\/09\/26\/e9416\/Register_Fargo_Warranty.png' alt=''> <\/div>\n<\/p><\/div>\n<div style='display: flex; flex-wrap: wrap; gap: 20px; margin-bottom: 30px;'>\n<div style='flex: 1 1 250px; border: 1px solid rgba(150&comma; 150&comma; 150&comma; 0.4); border-radius: 8px; overflow: hidden; display: flex; flex-direction: column;'>\n<div style='padding: 15px; border-bottom: 1px solid rgba(150&comma; 150&comma; 150&comma; 0.2); font-weight: bold; font-size: 18px; color: inherit;'>Consumibles<\/div>\n<div style='padding: 15px; color: inherit;'>\n<ul style='padding-left: 20px; margin: 0; font-size: 14px; list-style-type: disc;'>\n<li><strong>Requiere Film: <a href='https:\/\/www.syscom.mx\/producto\/84053-HID-136838.html' target='_blank' rel='noopener noreferrer' style='color: inherit; text-decoration: underline;'>84053<\/a>.<\/strong><\/li>\n<li><strong>Requiere ribbon:<\/strong> <a href='https:\/\/www.syscom.mx\/producto\/84051-HID-136155.html' target='_blank' rel='noopener noreferrer' style='color: inherit; text-decoration: underline;'>84051<\/a><\/li>\n<li>Kit de Limpieza: <a href='https:\/\/www.syscom.mx\/principal\/searchcont?route=089200-HID-166281&#038;autodetect=hdp5000' target='_blank' rel='noopener noreferrer' style='color: inherit; text-decoration: underline;'>089200<\/a><\/li>\n<\/ul><\/div>\n<\/p><\/div>\n<div style='flex: 1 1 250px; border: 1px solid rgba(150&comma; 150&comma; 150&comma; 0.4); border-radius: 8px; overflow: hidden; display: flex; flex-direction: column;'>\n<div style='padding: 15px; border-bottom: 1px solid rgba(150&comma; 150&comma; 150&comma; 0.2); font-weight: bold; font-size: 18px; color: inherit;'>Laminaci\u00f3n<\/div>\n<div style='padding: 15px; color: inherit;'>\n<ul style='padding-left: 20px; margin: 0; font-size: 14px; list-style-type: disc;'>\n<li><a href='https:\/\/www.syscom.mx\/principal\/searchcont?route=82603-HID-139518&#038;autodetect=hdp5000' target='_blank' rel='noopener noreferrer' style='color: inherit; text-decoration: underline;'>82603<\/a>: Holograma Gen\u00e9rico 0.6 mil.<\/li>\n<li><a href='https:\/\/www.syscom.mx\/principal\/searchcont?route=82604-HID-139519&#038;autodetect=hdp5000' target='_blank' rel='noopener noreferrer' style='color: inherit; text-decoration: underline;'>82604<\/a>: Holograma Gen\u00e9rico 1.0 mil.<\/li>\n<li><a href='https:\/\/www.syscom.mx\/principal\/searchcont?route=82600-HID-139517&#038;autodetect=hdp5000' target='_blank' rel='noopener noreferrer' style='color: inherit; text-decoration: underline;'>82600<\/a>: Holograma Transparente 0.6 mil.<\/li>\n<li><a href='https:\/\/www.syscom.mx\/principal\/searchcont?route=82601-HID-139534&#038;autodetect=hdp5000' target='_blank' rel='noopener noreferrer' style='color: inherit; text-decoration: underline;'>82601<\/a>: Holograma Transparente 1.0 mil.<\/li>\n<\/ul><\/div>\n<\/p><\/div>\n<div style='flex: 1 1 250px; border: 1px solid rgba(150&comma; 150&comma; 150&comma; 0.4); border-radius: 8px; overflow: hidden; display: flex; flex-direction: column;'>\n<div style='padding: 15px; border-bottom: 1px solid rgba(150&comma; 150&comma; 150&comma; 0.2); font-weight: bold; font-size: 18px; color: inherit;'>Software<\/div>\n<div style='padding: 15px; color: inherit;'>\n<ul style='padding-left: 20px; margin: 0; font-size: 14px; list-style-type: disc;'>\n<li><a href='https:\/\/www.syscom.mx\/principal\/searchcont?route=86411-HID-139511&#038;autodetect=asureid' target='_blank' rel='noopener noreferrer' style='color: inherit; text-decoration: underline;'>86411<\/a> AsureID Solo<\/li>\n<li><a href='https:\/\/www.syscom.mx\/principal\/searchcont?route=86412-HID-139512&#038;autodetect=asureid' target='_blank' rel='noopener noreferrer' style='color: inherit; text-decoration: underline;'>86412<\/a> AsureID Express<\/li>\n<li><a href='https:\/\/www.syscom.mx\/principal\/searchcont?route=86413-HID-139513&#038;autodetect=asureid' target='_blank' rel='noopener noreferrer' style='color: inherit; text-decoration: underline;'>86413<\/a> AsureID Enterprise<\/li>\n<li><a href='https:\/\/www.syscom.mx\/principal\/searchcont?route=86414-HID-139514&#038;autodetect=asureid' target='_blank' rel='noopener noreferrer' style='color: inherit; text-decoration: underline;'>86414<\/a> AsureID Exchange<\/li>\n<\/ul><\/div>\n<\/p><\/div>\n<\/p><\/div>\n<div style='display: flex; flex-wrap: wrap; gap: 30px; margin-bottom: 30px;'>\n<div style='flex: 1 1 300px; min-width: 280px;'>\n<h3 style='font-size: 22px; border-bottom: 2px solid currentColor; padding-bottom: 5px; margin-top: 0; color: inherit; opacity: 0.8;'>V\u00eddeos<\/h3>\n<ul style='padding-left: 20px; font-size: 15px; color: inherit;'>\n<li><a href='https:\/\/www.youtube.com\/watch?v=9ViY3HJuuSc' target='_blank' rel='noopener noreferrer' style='color: inherit; text-decoration: underline;'>Presentaci\u00f3n<\/a><\/li>\n<li><a href='https:\/\/www.youtube.com\/watch?v=YE79dCABt_4' target='_blank' rel='noopener noreferrer' style='color: inherit; text-decoration: underline;'>Calibraci\u00f3n M\u00f3dulo de Laminaci\u00f3n<\/a><\/li>\n<\/ul><\/div>\n<\/p><\/div>\n<hr style='border: 0; border-top: 1px solid rgba(150&comma; 150&comma; 150&comma; 0.3); margin: 30px 0;'>\n<div style='display: flex; flex-wrap: wrap; gap: 30px; margin-bottom: 30px;'>\n<div style='flex: 1 1 300px; min-width: 280px;'>\n<h3 style='font-size: 22px; border-bottom: 2px solid currentColor; padding-bottom: 5px; margin-top: 0; color: inherit; opacity: 0.8;'>V\u00eddeos Destacados<\/h3>\n<div style='position: relative; padding-bottom: 56.25%; height: 0; overflow: hidden; margin-bottom: 30px;'>   <\/div>\n<div style='position: relative; padding-bottom: 56.25%; height: 0; overflow: hidden; margin-bottom: 30px;'>   <\/div>\n<\/p><\/div>\n<\/p><\/div>\n<\/p><\/div>\n","protected":false},"excerpt":{"rendered":"<p>Impresora Retransferencia HDP5000\/ Laminaci\u00f3n UN Lado\/ Impresi\u00f3n Doble Cara\/ 3 A\u00f1os Garantia<\/p>\n","protected":false},"featured_media":32455,"comment_status":"open","ping_status":"closed","template":"","meta":[],"product_brand":[],"product_cat":[823],"product_tag":[814,812,62],"class_list":{"0":"post-32456","1":"product","2":"type-product","3":"status-publish","4":"has-post-thumbnail","6":"product_cat-todos-identificacion-y-credencializacion","7":"product_tag-hid","8":"product_tag-identificacion-y-credencializacion","9":"product_tag-todos","11":"first","12":"outofstock","13":"sale","14":"shipping-taxable","15":"purchasable","16":"product-type-simple"},"_links":{"self":[{"href":"https:\/\/soydeaqui.ddns.net\/pachuca\/index.php\/wp-json\/wp\/v2\/product\/32456","targetHints":{"allow":["GET"]}}],"collection":[{"href":"https:\/\/soydeaqui.ddns.net\/pachuca\/index.php\/wp-json\/wp\/v2\/product"}],"about":[{"href":"https:\/\/soydeaqui.ddns.net\/pachuca\/index.php\/wp-json\/wp\/v2\/types\/product"}],"replies":[{"embeddable":true,"href":"https:\/\/soydeaqui.ddns.net\/pachuca\/index.php\/wp-json\/wp\/v2\/comments?post=32456"}],"wp:featuredmedia":[{"embeddable":true,"href":"https:\/\/soydeaqui.ddns.net\/pachuca\/index.php\/wp-json\/wp\/v2\/media\/32455"}],"wp:attachment":[{"href":"https:\/\/soydeaqui.ddns.net\/pachuca\/index.php\/wp-json\/wp\/v2\/media?parent=32456"}],"wp:term":[{"taxonomy":"product_brand","embeddable":true,"href":"https:\/\/soydeaqui.ddns.net\/pachuca\/index.php\/wp-json\/wp\/v2\/product_brand?post=32456"},{"taxonomy":"product_cat","embeddable":true,"href":"https:\/\/soydeaqui.ddns.net\/pachuca\/index.php\/wp-json\/wp\/v2\/product_cat?post=32456"},{"taxonomy":"product_tag","embeddable":true,"href":"https:\/\/soydeaqui.ddns.net\/pachuca\/index.php\/wp-json\/wp\/v2\/product_tag?post=32456"}],"curies":[{"name":"wp","href":"https:\/\/api.w.org\/{rel}","templated":true}]}}