{"id":32432,"date":"2026-03-18T14:35:17","date_gmt":"2026-03-18T14:35:17","guid":{"rendered":"https:\/\/soydeaqui.ddns.net\/pachuca\/index.php\/producto\/cartucho-con-ribbon-ymckok-full-color-con-dos-resinas-en-negro-para-dtc1250e-y-dtc1000-200-impresiones\/"},"modified":"2026-03-18T14:35:23","modified_gmt":"2026-03-18T14:35:23","slug":"cartucho-con-ribbon-ymckok-full-color-con-dos-resinas-en-negro-para-dtc1250e-y-dtc1000-200-impresiones","status":"publish","type":"product","link":"https:\/\/soydeaqui.ddns.net\/pachuca\/index.php\/producto\/cartucho-con-ribbon-ymckok-full-color-con-dos-resinas-en-negro-para-dtc1250e-y-dtc1000-200-impresiones\/","title":{"rendered":"Cartucho con Ribbon  YMCKOK full color con dos resinas en negro \/ Para DTC1250e y DTC1000 \/ 200 impresiones."},"content":{"rendered":"<div style='width: 100%; max-width: 1200px; margin: 0 auto; font-family: sans-serif; line-height: 1.6; color: inherit; background-color: transparent;'>\n<div style='display: flex; flex-wrap: wrap; gap: 30px; margin-bottom: 30px;'>\n<div style='flex: 1 1 300px; min-width: 280px;'>\n<h3 style='font-size: 22px; border-bottom: 2px solid currentColor; padding-bottom: 5px; margin-top: 0; color: inherit; opacity: 0.8;'>Caracter\u00edsticas Principales<\/h3>\n<ul style='padding-left: 20px; font-size: 15px; color: inherit;'>\n<li style='margin-bottom: 5px;'>Ribbon YMCKOK full color para calidad superior<\/li>\n<li style='margin-bottom: 5px;'>Doble resina negra para impresiones duraderas<\/li>\n<li style='margin-bottom: 5px;'>Compatibilidad con impresoras DTC1250e y DTC1000<\/li>\n<li style='margin-bottom: 5px;'>Rendimiento de 200 impresiones por cartucho<\/li>\n<li style='margin-bottom: 5px;'>Dise\u00f1ado para pedidos personalizados y eficiencia<\/li>\n<\/ul>\n<\/div>\n<div style='flex: 1 1 300px; min-width: 280px;'>\n<h3 style='font-size: 22px; border-bottom: 2px solid currentColor; padding-bottom: 5px; margin-top: 0; color: inherit; opacity: 0.8;'>Especificaciones T\u00e9cnicas<\/h3>\n<ul style='padding-left: 20px; font-size: 15px; color: inherit;'>\n<li style='margin-bottom: 5px;'><strong>Tipo de cinta:<\/strong> YMCKOK (Color con dos paneles de resina negra y panel de superposici\u00f3n)<\/li>\n<li style='margin-bottom: 5px;'><strong>Impresiones por cinta:<\/strong> 200 impresiones<\/li>\n<li style='margin-bottom: 5px;'><strong>Compatibilidad:<\/strong> DTC1250e y DTC1000<\/li>\n<li style='margin-bottom: 5px;'><strong>Tecnolog\u00eda:<\/strong> Sublimaci\u00f3n de tinta \/ transfer t\u00e9rmico en resina<\/li>\n<li style='margin-bottom: 5px;'><strong>Resoluci\u00f3n:<\/strong> Tono continuo a 300 dpi (11&comma;8 puntos\/mm)<\/li>\n<li style='margin-bottom: 5px;'><strong>Colores:<\/strong> Hasta 16&comma;7 millones \/ 256 tonalidades por p\u00edxel<\/li>\n<\/ul>\n<\/div>\n<\/div>\n<div style='display: flex; flex-wrap: wrap; gap: 20px; margin-bottom: 30px;'>\n<div style='flex: 1 1 250px; border: 1px solid rgba(150&comma; 150&comma; 150&comma; 0.4); border-radius: 8px; overflow: hidden; display: flex; flex-direction: column;'>\n<div style='padding: 15px; border-bottom: 1px solid rgba(150&comma; 150&comma; 150&comma; 0.2); font-weight: bold; font-size: 18px; color: inherit;'>Opciones de Cintas<\/div>\n<div style='padding: 15px; color: inherit;'>\n<ul style='padding-left: 20px; margin: 0; font-size: 14px; list-style-type: disc;'>\n<li style='margin-bottom: 5px;'>S\u00f3lo EZ: Color con dos paneles de resina negra y panel de superposici\u00f3n&comma; YMCKOK*&comma; 200 impresiones<\/li>\n<li style='margin-bottom: 5px;'>S\u00f3lo EZ: Panel de superposici\u00f3n y resina negra&comma; KO*&comma; 500 impresiones<\/li>\n<li style='margin-bottom: 5px;'>S\u00f3lo EZ: Resina negra (premium)&comma; 1000 impresiones<\/li>\n<\/ul>\n<\/div>\n<\/div>\n<div style='flex: 1 1 250px; border: 1px solid rgba(150&comma; 150&comma; 150&comma; 0.4); border-radius: 8px; overflow: hidden; display: flex; flex-direction: column;'>\n<div style='padding: 15px; border-bottom: 1px solid rgba(150&comma; 150&comma; 150&comma; 0.2); font-weight: bold; font-size: 18px; color: inherit;'>Compatibilidad<\/div>\n<div style='padding: 15px; color: inherit;'>\n<ul style='padding-left: 20px; margin: 0; font-size: 14px; list-style-type: disc;'>\n<li style='margin-bottom: 5px;'>Impresoras compatibles: DTC1250e y DTC1000<\/li>\n<li style='margin-bottom: 5px;'>Sistema operativo: Windows\u00ae XP \/ Vista\u2122 \/ Server \/ 7 \/ 8&comma; MAC OS X 10.5\/10.6\/10.7\/10.8 \/ Linux<\/li>\n<li style='margin-bottom: 5px;'>Interfaz: USB 2.0&comma; Ethernet opcional con servidor de impresi\u00f3n interno<\/li>\n<\/ul>\n<\/div>\n<\/div>\n<div style='flex: 1 1 250px; border: 1px solid rgba(150&comma; 150&comma; 150&comma; 0.4); border-radius: 8px; overflow: hidden; display: flex; flex-direction: column;'>\n<div style='padding: 15px; border-bottom: 1px solid rgba(150&comma; 150&comma; 150&comma; 0.2); font-weight: bold; font-size: 18px; color: inherit;'>Rendimiento<\/div>\n<div style='padding: 15px; color: inherit;'>\n<ul style='padding-left: 20px; margin: 0; font-size: 14px; list-style-type: disc;'>\n<li style='margin-bottom: 5px;'>Velocidad de impresi\u00f3n: 24 segundos por tarjeta (YMCKOK*)<\/li>\n<li style='margin-bottom: 5px;'>\u00c1rea de impresi\u00f3n: CR-80 borde a borde (85&comma;3 mm L x 53&comma;7 mm A)<\/li>\n<li style='margin-bottom: 5px;'>Espesor aceptable de la tarjeta: 9 mil \u2013 40 mil \/ 0&comma;229 mm \u2013 1&comma;016 mm<\/li>\n<\/ul>\n<\/div>\n<\/div>\n<\/div>\n<hr style='border: 0; border-top: 1px solid rgba(150&comma; 150&comma; 150&comma; 0.3); margin: 30px 0;'>\n<div style='display: flex; flex-wrap: wrap; gap: 20px; margin-bottom: 30px;'>\n<div style='flex: 1 1 250px; border: 1px solid rgba(150&comma; 150&comma; 150&comma; 0.4); border-radius: 8px; overflow: hidden; display: flex; flex-direction: column;'>\n<div style='padding: 15px; border-bottom: 1px solid rgba(150&comma; 150&comma; 150&comma; 0.2); font-weight: bold; font-size: 18px; color: inherit;'>Caracter\u00edsticas Adicionales<\/div>\n<div style='padding: 15px; color: inherit;'>\n<ul style='padding-left: 20px; margin: 0; font-size: 14px; list-style-type: disc;'>\n<li style='margin-bottom: 5px;'>Rodillo de limpieza de tarjetas integrado al cartucho de cinta<\/li>\n<li style='margin-bottom: 5px;'>Memoria: 32 MB de memoria RAM<\/li>\n<li style='margin-bottom: 5px;'>Pantalla: Botones de estado que cambian de color<\/li>\n<li style='margin-bottom: 5px;'>Tecnolog\u00eda de reescritura \u2013 no es necesaria ninguna cinta<\/li>\n<\/ul>\n<\/div>\n<\/div>\n<div style='flex: 1 1 250px; border: 1px solid rgba(150&comma; 150&comma; 150&comma; 0.4); border-radius: 8px; overflow: hidden; display: flex; flex-direction: column;'>\n<div style='padding: 15px; border-bottom: 1px solid rgba(150&comma; 150&comma; 150&comma; 0.2); font-weight: bold; font-size: 18px; color: inherit;'>Condiciones de Operaci\u00f3n<\/div>\n<div style='padding: 15px; color: inherit;'>\n<ul style='padding-left: 20px; margin: 0; font-size: 14px; list-style-type: disc;'>\n<li style='margin-bottom: 5px;'>Temperatura operativa: 18\u00b0 a 27\u00b0 C<\/li>\n<li style='margin-bottom: 5px;'>Humedad: 20-80%&comma; sin condensaci\u00f3n<\/li>\n<li style='margin-bottom: 5px;'>Tensi\u00f3n de la fuente de alimentaci\u00f3n: 100-240 VCA&comma; 50-60Hz&comma; 1&comma;6 Amps m\u00e1x<\/li>\n<\/ul>\n<\/div>\n<\/div>\n<\/div>\n<\/div>\n","protected":false},"excerpt":{"rendered":"<p>Cartucho con Ribbon  YMCKOK full color con dos resinas en negro \/ Para DTC1250e y DTC1000 \/ 200 impresiones.<\/p>\n","protected":false},"featured_media":32431,"comment_status":"open","ping_status":"closed","template":"","meta":[],"product_brand":[],"product_cat":[823],"product_tag":[814,812,62],"class_list":{"0":"post-32432","1":"product","2":"type-product","3":"status-publish","4":"has-post-thumbnail","6":"product_cat-todos-identificacion-y-credencializacion","7":"product_tag-hid","8":"product_tag-identificacion-y-credencializacion","9":"product_tag-todos","11":"first","12":"instock","13":"sale","14":"shipping-taxable","15":"purchasable","16":"product-type-simple"},"_links":{"self":[{"href":"https:\/\/soydeaqui.ddns.net\/pachuca\/index.php\/wp-json\/wp\/v2\/product\/32432","targetHints":{"allow":["GET"]}}],"collection":[{"href":"https:\/\/soydeaqui.ddns.net\/pachuca\/index.php\/wp-json\/wp\/v2\/product"}],"about":[{"href":"https:\/\/soydeaqui.ddns.net\/pachuca\/index.php\/wp-json\/wp\/v2\/types\/product"}],"replies":[{"embeddable":true,"href":"https:\/\/soydeaqui.ddns.net\/pachuca\/index.php\/wp-json\/wp\/v2\/comments?post=32432"}],"wp:featuredmedia":[{"embeddable":true,"href":"https:\/\/soydeaqui.ddns.net\/pachuca\/index.php\/wp-json\/wp\/v2\/media\/32431"}],"wp:attachment":[{"href":"https:\/\/soydeaqui.ddns.net\/pachuca\/index.php\/wp-json\/wp\/v2\/media?parent=32432"}],"wp:term":[{"taxonomy":"product_brand","embeddable":true,"href":"https:\/\/soydeaqui.ddns.net\/pachuca\/index.php\/wp-json\/wp\/v2\/product_brand?post=32432"},{"taxonomy":"product_cat","embeddable":true,"href":"https:\/\/soydeaqui.ddns.net\/pachuca\/index.php\/wp-json\/wp\/v2\/product_cat?post=32432"},{"taxonomy":"product_tag","embeddable":true,"href":"https:\/\/soydeaqui.ddns.net\/pachuca\/index.php\/wp-json\/wp\/v2\/product_tag?post=32432"}],"curies":[{"name":"wp","href":"https:\/\/api.w.org\/{rel}","templated":true}]}}