{"id":3242,"date":"2026-03-18T06:06:05","date_gmt":"2026-03-18T06:06:05","guid":{"rendered":"https:\/\/soydeaqui.ddns.net\/pachuca\/index.php\/producto\/cable-de-fibra-optica-duplex-para-solucion-fibersensys\/"},"modified":"2026-03-18T06:06:05","modified_gmt":"2026-03-18T06:06:05","slug":"cable-de-fibra-optica-duplex-para-solucion-fibersensys","status":"publish","type":"product","link":"https:\/\/soydeaqui.ddns.net\/pachuca\/index.php\/producto\/cable-de-fibra-optica-duplex-para-solucion-fibersensys\/","title":{"rendered":"Cable de Fibra Optica DUPLEX para soluci\u00f3n FIBERSENSYS"},"content":{"rendered":"<div style='width: 100%; max-width: 1200px; margin: 0 auto; font-family: sans-serif; line-height: 1.6; color: inherit; background-color: transparent;'> <!-- Secci\u00f3n de descripci\u00f3n general --> <\/p>\n<div style='margin-bottom: 30px;'>\n<h2 style='font-size: 24px; border-bottom: 2px solid currentColor; padding-bottom: 8px; margin-top: 0; color: inherit; opacity: 0.9;'>Descripci\u00f3n General<\/h2>\n<p style='font-size: 15px; color: inherit; margin-bottom: 15px;'>El cable de fibra \u00f3ptica SC-4D es un cable sensor d\u00faplex dise\u00f1ado para funcionar con las Unidades de Procesamiento de Alarma (APU) de Fiber SenSys. Este cable utiliza tecnolog\u00eda de fibra \u00f3ptica para detectar movimiento&comma; interferencia o manipulaci\u00f3n del cable&comma; formando junto con una APU un sistema completo de detecci\u00f3n de intrusi\u00f3n.<\/p>\n<p style='font-size: 15px; color: inherit; margin-bottom: 15px;'>Este cable patentado est\u00e1 dise\u00f1ado para monitorear las propiedades de la se\u00f1al \u00f3ptica y detectar efectos de movimiento&comma; vibraci\u00f3n y presi\u00f3n. La construcci\u00f3n resistente y duradera asegura que el cable sobreviva a la exposici\u00f3n a los elementos y condiciones clim\u00e1ticas&comma; haci\u00e9ndolo ideal para entornos dif\u00edciles.<\/p>\n<p style='font-size: 15px; color: inherit; margin-bottom: 15px;'>Al igual que los cables simplex SC-4&comma; la versi\u00f3n d\u00faplex proporciona el mismo rendimiento superior sin la necesidad de implementar un loopback. Los cables de sensor de fibra \u00f3ptica Fiber SenSys proporcionan sensibilidad uniforme y constante a lo largo de toda su longitud.<\/p>\n<\/p><\/div>\n<p> <!-- Secci\u00f3n de caracter\u00edsticas principales --> <\/p>\n<div style='display: flex; flex-wrap: wrap; gap: 30px; margin-bottom: 30px;'>\n<div style='flex: 1 1 300px; min-width: 280px;'>\n<h3 style='font-size: 22px; border-bottom: 2px solid currentColor; padding-bottom: 5px; margin-top: 0; color: inherit; opacity: 0.8;'>Caracter\u00edsticas Principales<\/h3>\n<ul style='padding-left: 20px; font-size: 15px; color: inherit; list-style-type: disc;'>\n<li style='margin-bottom: 5px;'>Detecci\u00f3n de intrusi\u00f3n mediante tecnolog\u00eda de fibra \u00f3ptica<\/li>\n<li style='margin-bottom: 5px;'>Inmunidad a interferencia electromagn\u00e9tica y de radiofrecuencia<\/li>\n<li style='margin-bottom: 5px;'>Resistente a rayos y condiciones clim\u00e1ticas adversas<\/li>\n<li style='margin-bottom: 5px;'>Construcci\u00f3n robusta y duradera<\/li>\n<li style='margin-bottom: 5px;'>Sensibilidad uniforme y constante a lo largo de toda la longitud<\/li>\n<li style='margin-bottom: 5px;'>No requiere conducto para instalaci\u00f3n<\/li>\n<li style='margin-bottom: 5px;'>No requiere loopback para funcionamiento<\/li>\n<\/ul><\/div>\n<p> <!-- Secci\u00f3n de especificaciones t\u00e9cnicas --> <\/p>\n<div style='flex: 1 1 300px; min-width: 280px;'>\n<h3 style='font-size: 22px; border-bottom: 2px solid currentColor; padding-bottom: 5px; margin-top: 0; color: inherit; opacity: 0.8;'>Especificaciones T\u00e9cnicas<\/h3>\n<ul style='padding-left: 20px; font-size: 15px; color: inherit; list-style-type: disc;'>\n<li style='margin-bottom: 5px;'><strong>Tipo de cable:<\/strong> Fibra \u00f3ptica multimodo patentada<\/li>\n<li style='margin-bottom: 5px;'><strong>Peso:<\/strong> 14 kg\/km<\/li>\n<li style='margin-bottom: 5px;'><strong>Di\u00e1metro:<\/strong> 4mm<\/li>\n<li style='margin-bottom: 5px;'><strong>Color de la chaqueta:<\/strong> Gris<\/li>\n<li style='margin-bottom: 5px;'><strong>Resistencia al impacto:<\/strong> 1000 impactos<\/li>\n<li style='margin-bottom: 5px;'><strong>Resistencia a la compresi\u00f3n:<\/strong> 750 N\/cm<\/li>\n<li style='margin-bottom: 5px;'><strong>Temperatura de operaci\u00f3n:<\/strong> -40\u00b0C a +85\u00b0C<\/li>\n<li style='margin-bottom: 5px;'><strong>Carga de tracci\u00f3n (operaci\u00f3n):<\/strong> 300 N (67 lbs)<\/li>\n<li style='margin-bottom: 5px;'><strong>Carga de tracci\u00f3n (instalaci\u00f3n):<\/strong> 500 N (112 lbs)<\/li>\n<li style='margin-bottom: 5px;'><strong>Radio de curvatura (operaci\u00f3n):<\/strong> 4 cm (1.6 pulgadas)<\/li>\n<li style='margin-bottom: 5px;'><strong>Radio de curvatura (instalaci\u00f3n):<\/strong> 8 cm (3.2 pulgadas)<\/li>\n<\/ul><\/div>\n<\/p><\/div>\n<p> <!-- Secci\u00f3n de informaci\u00f3n de instalaci\u00f3n --> <\/p>\n<div style='margin-bottom: 30px;'>\n<h3 style='font-size: 22px; border-bottom: 2px solid currentColor; padding-bottom: 5px; margin-top: 0; color: inherit; opacity: 0.8;'>Informaci\u00f3n de Instalaci\u00f3n<\/h3>\n<p style='font-size: 15px; color: inherit; margin-bottom: 15px;'>Para un rendimiento \u00f3ptimo&comma; el cable del sensor SC-4D generalmente se instala directamente en la tela de la cerca sin conducto. Al utilizar el cable sensor d\u00faplex con productos Fiber SenSys Serie 300&comma; es necesario conectar los dos extremos del cable juntos al final de la zona.<\/p>\n<p style='font-size: 15px; color: inherit; margin-bottom: 15px;'>Los extremos pueden ser fusionados mediante empalme&comma; como se ilustra&comma; o unidos con conectores y un acoplador pasante. Se puede utilizar un estuche de empalme de sensor (PN 974-43557) para esta conexi\u00f3n.<\/p>\n<\/p><\/div>\n<p> <!-- Separador --> <\/p>\n<hr style='border: 0; border-top: 1px solid rgba(150&comma; 150&comma; 150&comma; 0.3); margin: 30px 0;'> <\/div>\n","protected":false},"excerpt":{"rendered":"<p>Cable de Fibra Optica DUPLEX para soluci\u00f3n FIBERSENSYS<\/p>\n","protected":false},"featured_media":32,"comment_status":"open","ping_status":"closed","template":"","meta":[],"product_brand":[],"product_cat":[103],"product_tag":[105,106,104],"class_list":{"0":"post-3242","1":"product","2":"type-product","3":"status-publish","4":"has-post-thumbnail","6":"product_cat-cable-sensor-perimetral","7":"product_tag-cable-sensor-perimetral","8":"product_tag-optex","9":"product_tag-proteccion-perimetral","11":"first","12":"outofstock","13":"sale","14":"shipping-taxable","15":"purchasable","16":"product-type-simple"},"_links":{"self":[{"href":"https:\/\/soydeaqui.ddns.net\/pachuca\/index.php\/wp-json\/wp\/v2\/product\/3242","targetHints":{"allow":["GET"]}}],"collection":[{"href":"https:\/\/soydeaqui.ddns.net\/pachuca\/index.php\/wp-json\/wp\/v2\/product"}],"about":[{"href":"https:\/\/soydeaqui.ddns.net\/pachuca\/index.php\/wp-json\/wp\/v2\/types\/product"}],"replies":[{"embeddable":true,"href":"https:\/\/soydeaqui.ddns.net\/pachuca\/index.php\/wp-json\/wp\/v2\/comments?post=3242"}],"wp:featuredmedia":[{"embeddable":true,"href":"https:\/\/soydeaqui.ddns.net\/pachuca\/index.php\/wp-json\/wp\/v2\/media\/32"}],"wp:attachment":[{"href":"https:\/\/soydeaqui.ddns.net\/pachuca\/index.php\/wp-json\/wp\/v2\/media?parent=3242"}],"wp:term":[{"taxonomy":"product_brand","embeddable":true,"href":"https:\/\/soydeaqui.ddns.net\/pachuca\/index.php\/wp-json\/wp\/v2\/product_brand?post=3242"},{"taxonomy":"product_cat","embeddable":true,"href":"https:\/\/soydeaqui.ddns.net\/pachuca\/index.php\/wp-json\/wp\/v2\/product_cat?post=3242"},{"taxonomy":"product_tag","embeddable":true,"href":"https:\/\/soydeaqui.ddns.net\/pachuca\/index.php\/wp-json\/wp\/v2\/product_tag?post=3242"}],"curies":[{"name":"wp","href":"https:\/\/api.w.org\/{rel}","templated":true}]}}