{"id":32375,"date":"2026-03-18T14:33:45","date_gmt":"2026-03-18T14:33:45","guid":{"rendered":"https:\/\/soydeaqui.ddns.net\/pachuca\/index.php\/producto\/llave-de-administracion-de-lectores-hid-bluetooth-mobileid-permite-configurar-parametros-al-lector\/"},"modified":"2026-03-18T14:33:45","modified_gmt":"2026-03-18T14:33:45","slug":"llave-de-administracion-de-lectores-hid-bluetooth-mobileid-permite-configurar-parametros-al-lector","status":"publish","type":"product","link":"https:\/\/soydeaqui.ddns.net\/pachuca\/index.php\/producto\/llave-de-administracion-de-lectores-hid-bluetooth-mobileid-permite-configurar-parametros-al-lector\/","title":{"rendered":"Llave de Administraci\u00f3n de Lectores HID Bluetooth MOBILEID, Permite Configurar Par\u00e1metros al Lector"},"content":{"rendered":"<div style='width: 100%; max-width: 1200px; margin: 0 auto; font-family: sans-serif; line-height: 1.6; color: inherit;'>\n<div style='display: flex; flex-wrap: wrap; gap: 30px; margin-bottom: 30px;'>\n<div style='flex: 1 1 300px; min-width: 280px;'>\n<h3 style='font-size: 22px; border-bottom: 2px solid currentColor; padding-bottom: 5px; margin-top: 0; color: inherit; opacity: 0.8;'>Descripci\u00f3n<\/h3>\n<ul style='padding-left: 20px; font-size: 15px; color: inherit;'>\n<li style='margin-bottom: 5px;'>Llave necesaria durante la instalaci\u00f3n de los lectores. Esta Llave permite que el lector Bluetooth como los modelos <a style='color: inherit; text-decoration: none;' href='https:\/\/www.syscom.mx\/producto\/R10BLU-HID-97144.html'>R10BLU<\/a> o <a style='color: inherit; text-decoration: none;' href='https:\/\/www.syscom.mx\/producto\/R40BLU-HID-136148.html'>R40BLU<\/a> entren en modo de configuraci\u00f3n para ajustar par\u00e1metros como potencia&comma; sensibilidad&comma; y activaci\u00f3n modo Twist &#038; Go (<a href='https:\/\/www.youtube.com\/watch?v=j-Z1T7czV7Q' target='_blank' rel='noopener' style='color: inherit; text-decoration: none;'>ver v\u00eddeo<\/a>) (Proceso: Tutoriales Abajo).<\/li>\n<li style='margin-bottom: 5px;'>Para el uso de esta Llave es necesario un Smartphone Android para descargar la <strong>APP BLE Config<\/strong>. Nota: Esto no est\u00e1 relacionado con la compatibilidad de las tarjetas <a style='color: inherit; text-decoration: none;' href='https:\/\/www.syscom.mx\/principal\/searchcont?route=MOBILEID-HID-144342&#038;autodetect=mobileid'>MOBILEID<\/a> quienes son compatibles con <strong style='color: inherit;'>Android 4.3+<\/strong> o bien <strong style='color: inherit;'>iOS 7+<\/strong>.<\/li>\n<li style='margin-bottom: 5px;'>Para ordenar las tarjetas se requiere obtener de las llaves <a style='color: inherit; text-decoration: none;' href='https:\/\/www.syscom.mx\/principal\/searchcont?route=MOBILEID-HID-144342&#038;autodetect=mobileid'>MOBILEID<\/a> lo siguiente:\n<ul style='padding-left: 20px; margin-top: 10px;'>\n<li style='margin-bottom: 5px; color: inherit;'><strong style='color: inherit;'>Mobile Keyset<\/strong><\/li>\n<li style='margin-bottom: 5px; color: inherit;'><strong style='color: inherit;'>Organization ID<\/strong><\/li>\n<\/ul>\n<\/li>\n<li style='margin-bottom: 5px;'>Se requieren al menos 2 tarjetas de administraci\u00f3n por proyecto.<\/li>\n<\/ul>\n<p style='margin-top: 20px; color: inherit;'><strong style='color: inherit;'>Producto sobre pedido.<\/strong><\/p>\n<\/p><\/div>\n<\/p><\/div>\n<div style='display: flex; flex-wrap: wrap; gap: 30px; margin-bottom: 30px;'>\n<div style='flex: 1 1 300px; min-width: 280px;'>\n<h3 style='font-size: 22px; border-bottom: 2px solid currentColor; padding-bottom: 5px; margin-top: 0; color: inherit; opacity: 0.8;'>Configuraci\u00f3n y Uso<\/h3>\n<div style='color: inherit;'>\n<h4 style='font-size: 18px; margin-top: 0; color: inherit;'>\u00bfC\u00f3mo se pone en marcha un sistema MOBILEID?<\/h4>\n<ul style='padding-left: 20px; margin-top: 15px; margin-bottom: 15px; color: inherit;'>\n<li style='margin-bottom: 10px; color: inherit;'><a style='color: inherit; text-decoration: none;' href='https:\/\/www.youtube.com\/watch?v=Bd36WVFI6aY&#038;feature=youtu.be' target='_blank' rel='noopener'>Aprenda a Asociar tarjetas MOBILEID a los lectores BLE&comma; as\u00ed como activar Twist&#038;Go<\/a><\/li>\n<li style='margin-bottom: 10px; color: inherit;'><a style='color: inherit; text-decoration: none;' href='https:\/\/www.youtube.com\/watch?v=uj-wTROVhw4&#038;feature=youtu.be' target='_blank' rel='noopener'>Tutoriales de uso de MOBILEID&comma; f\u00e1cil y pr\u00e1ctico!<\/a><\/li>\n<li style='margin-bottom: 10px; color: inherit;'><a style='color: inherit; text-decoration: none;' href='https:\/\/www.youtube.com\/watch?v=I9TDpyNoNH0' target='_blank' rel='noopener'>Conozca como asignar una tarjeta virtual MOBILEID al celular<\/a><\/li>\n<\/ul><\/div>\n<\/p><\/div>\n<\/p><\/div>\n<div style='display: flex; flex-wrap: wrap; gap: 30px; margin-bottom: 30px;'>\n<div style='flex: 1 1 300px; min-width: 280px;'>\n<h3 style='font-size: 22px; border-bottom: 2px solid currentColor; padding-bottom: 5px; margin-top: 0; color: inherit; opacity: 0.8;'>V\u00eddeos Relacionados<\/h3>\n<div style='margin-top: 15px;'>\n<div style='position: relative; padding-bottom: 56.25%; height: 0; overflow: hidden; margin-bottom: 30px;'>   <\/div>\n<div style='position: relative; padding-bottom: 56.25%; height: 0; overflow: hidden; margin-bottom: 30px;'>   <\/div>\n<div style='position: relative; padding-bottom: 56.25%; height: 0; overflow: hidden; margin-bottom: 30px;'>   <\/div>\n<div style='position: relative; padding-bottom: 56.25%; height: 0; overflow: hidden; margin-bottom: 30px;'>   <\/div>\n<\/p><\/div>\n<\/p><\/div>\n<\/p><\/div>\n<\/p><\/div>\n","protected":false},"excerpt":{"rendered":"<p>Llave de Administraci\u00f3n de Lectores HID Bluetooth MOBILEID, Permite Configurar Par\u00e1metros al Lector<\/p>\n","protected":false},"featured_media":32374,"comment_status":"open","ping_status":"closed","template":"","meta":[],"product_brand":[],"product_cat":[465],"product_tag":[814,466,467],"class_list":{"0":"post-32375","1":"product","2":"type-product","3":"status-publish","4":"has-post-thumbnail","6":"product_cat-proximidad-125-khz","7":"product_tag-hid","8":"product_tag-lectoras-y-tarjetas","9":"product_tag-proximidad-125-khz","11":"first","12":"outofstock","13":"sale","14":"shipping-taxable","15":"purchasable","16":"product-type-simple"},"_links":{"self":[{"href":"https:\/\/soydeaqui.ddns.net\/pachuca\/index.php\/wp-json\/wp\/v2\/product\/32375","targetHints":{"allow":["GET"]}}],"collection":[{"href":"https:\/\/soydeaqui.ddns.net\/pachuca\/index.php\/wp-json\/wp\/v2\/product"}],"about":[{"href":"https:\/\/soydeaqui.ddns.net\/pachuca\/index.php\/wp-json\/wp\/v2\/types\/product"}],"replies":[{"embeddable":true,"href":"https:\/\/soydeaqui.ddns.net\/pachuca\/index.php\/wp-json\/wp\/v2\/comments?post=32375"}],"wp:featuredmedia":[{"embeddable":true,"href":"https:\/\/soydeaqui.ddns.net\/pachuca\/index.php\/wp-json\/wp\/v2\/media\/32374"}],"wp:attachment":[{"href":"https:\/\/soydeaqui.ddns.net\/pachuca\/index.php\/wp-json\/wp\/v2\/media?parent=32375"}],"wp:term":[{"taxonomy":"product_brand","embeddable":true,"href":"https:\/\/soydeaqui.ddns.net\/pachuca\/index.php\/wp-json\/wp\/v2\/product_brand?post=32375"},{"taxonomy":"product_cat","embeddable":true,"href":"https:\/\/soydeaqui.ddns.net\/pachuca\/index.php\/wp-json\/wp\/v2\/product_cat?post=32375"},{"taxonomy":"product_tag","embeddable":true,"href":"https:\/\/soydeaqui.ddns.net\/pachuca\/index.php\/wp-json\/wp\/v2\/product_tag?post=32375"}],"curies":[{"name":"wp","href":"https:\/\/api.w.org\/{rel}","templated":true}]}}