{"id":32343,"date":"2026-03-18T14:32:52","date_gmt":"2026-03-18T14:32:52","guid":{"rendered":"https:\/\/soydeaqui.ddns.net\/pachuca\/index.php\/producto\/kit-cerradura-electrica-321dc-izquierda-y-hub-para-apertura-a-traves-de-smartphone-compatible-con-yale-connect\/"},"modified":"2026-03-18T14:32:59","modified_gmt":"2026-03-18T14:32:59","slug":"kit-cerradura-electrica-321dc-izquierda-y-hub-para-apertura-a-traves-de-smartphone-compatible-con-yale-connect","status":"publish","type":"product","link":"https:\/\/soydeaqui.ddns.net\/pachuca\/index.php\/producto\/kit-cerradura-electrica-321dc-izquierda-y-hub-para-apertura-a-traves-de-smartphone-compatible-con-yale-connect\/","title":{"rendered":"Kit Cerradura El\u00e9ctrica 321DC  Izquierda y Hub para Apertura a trav\u00e9s de Smartphone,  Compatible con YALE CONNECT"},"content":{"rendered":"<div style='width: 100%; max-width: 1200px; margin: 0 auto; font-family: sans-serif; line-height: 1.6; color: inherit; background-color: transparent;'>\n<div style='display: flex; flex-wrap: wrap; gap: 30px; margin-bottom: 30px;'>\n<div style='flex: 1 1 300px; min-width: 280px;'>\n<h3 style='font-size: 22px; border-bottom: 2px solid currentColor; padding-bottom: 5px; margin-top: 0; color: inherit; opacity: 0.8;'>Descripci\u00f3n<\/h3>\n<p style='font-size: 15px; color: inherit; margin-bottom: 15px;'>Yale Connect es una aplicaci\u00f3n para la apertura de la puerta a trav\u00e9s de su smartphone compatible con las cerraduras aut\u00f3nomas de Assabloy.<\/p>\n<p style='font-size: 15px; color: inherit; margin-bottom: 15px;'>Apertura por APP o por control RF<\/p>\n<\/p><\/div>\n<\/p><\/div>\n<div style='display: flex; flex-wrap: wrap; gap: 20px; margin-bottom: 30px;'>\n<div style='flex: 1 1 250px; border: 1px solid rgba(150&comma; 150&comma; 150&comma; 0.4); border-radius: 8px; overflow: hidden; display: flex; flex-direction: column;'>\n<div style='padding: 15px; border-bottom: 1px solid rgba(150&comma; 150&comma; 150&comma; 0.2); font-weight: bold; font-size: 18px; color: inherit;'>Contenido del Kit<\/div>\n<div style='padding: 15px; color: inherit;'>\n<ul style='padding-left: 20px; margin: 0; font-size: 14px; list-style-type: disc;'>\n<li style='margin-bottom: 5px;'>Cerradura 321DC Izquierda<\/li>\n<li style='margin-bottom: 5px;'>M\u00f3dulo HUB 51020<\/li>\n<li style='margin-bottom: 5px;'>M\u00f3dulo de relevador compatible con HUB 51020<\/li>\n<li style='margin-bottom: 5px;'>Tres controles remotos<\/li>\n<\/ul><\/div>\n<\/p><\/div>\n<div style='flex: 1 1 250px; border: 1px solid rgba(150&comma; 150&comma; 150&comma; 0.4); border-radius: 8px; overflow: hidden; display: flex; flex-direction: column;'>\n<div style='padding: 15px; border-bottom: 1px solid rgba(150&comma; 150&comma; 150&comma; 0.2); font-weight: bold; font-size: 18px; color: inherit;'>Caracter\u00edsticas principales<\/div>\n<div style='padding: 15px; color: inherit;'>\n<ul style='padding-left: 20px; margin: 0; font-size: 14px; list-style-type: disc;'>\n<li style='margin-bottom: 5px;'>Asigne c\u00f3digos de acceso y manejo de cerraduras a visitantes desde cualquier lugar del mundo<\/li>\n<li style='margin-bottom: 5px;'>Controla el uso de los dispositivos por fecha y horario<\/li>\n<li style='margin-bottom: 5px;'>Controle y comparte de forma remota y segura<\/li>\n<li style='margin-bottom: 5px;'><strong>Utilice la se\u00f1al Wifi de su casa u oficina para administrar las cerraduras<\/strong><\/li>\n<\/ul><\/div>\n<\/p><\/div>\n<div style='flex: 1 1 250px; border: 1px solid rgba(150&comma; 150&comma; 150&comma; 0.4); border-radius: 8px; overflow: hidden; display: flex; flex-direction: column;'>\n<div style='padding: 15px; border-bottom: 1px solid rgba(150&comma; 150&comma; 150&comma; 0.2); font-weight: bold; font-size: 18px; color: inherit;'>Caracter\u00edsticas adicionales<\/div>\n<div style='padding: 15px; color: inherit;'>\n<ul style='padding-left: 20px; margin: 0; font-size: 14px; list-style-type: disc;'>\n<li style='margin-bottom: 5px;'>El uso del sistema es gratuito&comma; no hay cargos mensuales por el uso o para usuarios adicionales<\/li>\n<li style='margin-bottom: 5px;'>Agregue usuarios para controlar los dispositivos seleccionados&comma; pudiendo restringir el uso por horario (fecha \/ hora)<\/li>\n<li style='margin-bottom: 5px;'>Cree c\u00f3digos de usuario (para cerraduras digitales de puertas) para usuarios sin la aplicaci\u00f3n Yale Connect<\/li>\n<li style='margin-bottom: 5px;'>Sepa qui\u00e9n ha accedido a los dispositivos a trav\u00e9s de un reporte de auditor\u00eda<\/li>\n<\/ul><\/div>\n<\/p><\/div>\n<div style='flex: 1 1 250px; border: 1px solid rgba(150&comma; 150&comma; 150&comma; 0.4); border-radius: 8px; overflow: hidden; display: flex; flex-direction: column;'>\n<div style='padding: 15px; border-bottom: 1px solid rgba(150&comma; 150&comma; 150&comma; 0.2); font-weight: bold; font-size: 18px; color: inherit;'>Especificaciones t\u00e9cnicas<\/div>\n<div style='padding: 15px; color: inherit;'>\n<ul style='padding-left: 20px; margin: 0; font-size: 14px; list-style-type: disc;'>\n<li style='margin-bottom: 5px;'>El Hub permite conectar hasta un m\u00e1ximo de 16 componentes<\/li>\n<li style='margin-bottom: 5px;'>Requiere una red wifi para controlarse<\/li>\n<li style='margin-bottom: 5px;'>Compatible con cerraduras YMF30\/40&comma; Real Living<\/li>\n<li style='margin-bottom: 5px;'>Requiere un Smartphone con al menos sistema operativo iOS7 + o Android 4.0.3 +<\/li>\n<li style='margin-bottom: 5px;'>Alimentaci\u00f3n: 5 V&comma; 1 A.&comma; consume 1 W<\/li>\n<li style='margin-bottom: 5px;'>Entrada micro USB<\/li>\n<li style='margin-bottom: 5px;'>Compatible Wifi 2.4 GHz<\/li>\n<\/ul><\/div>\n<\/p><\/div>\n<div style='flex: 1 1 250px; border: 1px solid rgba(150&comma; 150&comma; 150&comma; 0.4); border-radius: 8px; overflow: hidden; display: flex; flex-direction: column;'>\n<div style='padding: 15px; border-bottom: 1px solid rgba(150&comma; 150&comma; 150&comma; 0.2); font-weight: bold; font-size: 18px; color: inherit;'>Caracter\u00edsticas de la cerradura<\/div>\n<div style='padding: 15px; color: inherit;'>\n<ul style='padding-left: 20px; margin: 0; font-size: 14px; list-style-type: disc;'>\n<li style='margin-bottom: 5px;'>Para puerta Izquierda<\/li>\n<li style='margin-bottom: 5px;'>Pestillo con rodillo<\/li>\n<li style='margin-bottom: 5px;'>Color beige<\/li>\n<li style='margin-bottom: 5px;'>La cerradura tiene doble cerrojo<\/li>\n<li style='margin-bottom: 5px;'>Voltaje de operaci\u00f3n (12 Vcc\/Vca) 3 A<\/li>\n<li style='margin-bottom: 5px;'>Dimensiones del cuerpo: 129 x 103 x 38 mm<\/li>\n<li style='margin-bottom: 5px;'>Llave convencional<\/li>\n<li style='margin-bottom: 5px;'>Se activa recibiendo un pulso de voltaje por 2 seg&comma; (no exponerlo a pulsos de voltaje por tiempos mayores a 2 seg)<\/li>\n<li style='margin-bottom: 5px;'>1 A\u00f1o de garant\u00eda<\/li>\n<\/ul><\/div>\n<\/p><\/div>\n<\/p><\/div>\n<div style='display: flex; flex-wrap: wrap; gap: 30px; margin-bottom: 30px;'>\n<div style='flex: 1 1 300px; min-width: 280px;'>\n<h3 style='font-size: 22px; border-bottom: 2px solid currentColor; padding-bottom: 5px; margin-top: 0; color: inherit; opacity: 0.8;'>Preguntas Frecuentes<\/h3>\n<ul style='padding-left: 20px; font-size: 15px; color: inherit; list-style-type: disc;'>\n<li style='margin-bottom: 10px;'><strong>\u00bfHasta cuantos Hub puedo asociar a la aplicaci\u00f3n?<\/strong>\n<ul style='padding-left: 20px; margin-top: 5px; margin-bottom: 5px; list-style-type: circle;'>\n<li>Se puede asociar 16 Hub a la aplicaci\u00f3n&comma; considerando 16 cerraduras por Hub se puede tener hasta 256 cerraduras en la aplicaci\u00f3n.<\/li>\n<\/ul>\n<\/li>\n<li style='margin-bottom: 10px;'><strong>\u00bfCu\u00e1ntos administradores admite la aplicaci\u00f3n y cuantos usuarios simult\u00e1neos pueden asociarse por HUB?<\/strong>\n<ul style='padding-left: 20px; margin-top: 5px; margin-bottom: 5px; list-style-type: circle;'>\n<li>Solo se puede tener 1 cuenta administrador&comma; la cual puede estar en sesi\u00f3n iniciada en varios dispositivos al mismo tiempo.<\/li>\n<\/ul>\n<\/li>\n<li style='margin-bottom: 10px;'><strong>\u00bfQu\u00e9 tiempo tarda la operaci\u00f3n de cambiar una contrase\u00f1a a un determinado Hub?<\/strong>\n<ul style='padding-left: 20px; margin-top: 5px; margin-bottom: 5px; list-style-type: circle;'>\n<li>Hay un retardo de menos de un minuto al dar de alta un nuevo invitado.<\/li>\n<\/ul>\n<\/li>\n<li style='margin-bottom: 10px;'><strong>\u00bfCu\u00e1nto dura la bater\u00eda en cada equipo?<\/strong>\n<ul style='padding-left: 20px; margin-top: 5px; margin-bottom: 5px; list-style-type: circle;'>\n<li>En uso promedio&comma; la bater\u00eda dura 1 a\u00f1o aproximadamente&comma; con mayor uso de lo normal puede llegar a durar 6 meses&comma; la cerradura da una alarma cuando se va a quedar sin bater\u00eda tanto local como en la aplicaci\u00f3n del celular.<\/li>\n<\/ul>\n<\/li>\n<li style='margin-bottom: 10px;'><strong>\u00bfTienes un demo que pueda accesar de la aplicaci\u00f3n ya instalada asociada a Hub y cerraduras inteligentes?<\/strong>\n<ul style='padding-left: 20px; margin-top: 5px; margin-bottom: 5px; list-style-type: circle;'>\n<li>En este momento no se cuenta con un sistema demo&comma; si ser\u00eda necesario contar con un sistema b\u00e1sico de 1 cerradura y 1 Hub para poder hacer pruebas.<\/li>\n<\/ul>\n<\/li>\n<li style='margin-bottom: 10px;'><strong>\u00bfToda la administraci\u00f3n de los equipos se hace a trav\u00e9s del aplicativo&comma; o tambi\u00e9n se puede hacer a trav\u00e9s de un software de computadora o acceso web?<\/strong>\n<ul style='padding-left: 20px; margin-top: 5px; margin-bottom: 5px; list-style-type: circle;'>\n<li>Toda la administraci\u00f3n se hace desde la aplicaci\u00f3n de celular&comma; no es posible por software en computadora o acceso web.<\/li>\n<\/ul>\n<\/li>\n<li style='margin-bottom: 10px;'><strong>\u00bfEl sistema puede generar reportes&comma; de apertura y cierre&comma; pre-alarmas o fallas&comma; ejemplo falla de bater\u00eda del dispositivo y que se reporten al aplicativo&comma; y\/o plataforma?<\/strong>\n<ul style='padding-left: 20px; margin-top: 5px; margin-bottom: 5px; list-style-type: circle;'>\n<li>El sistema muestra los registros de uso de apertura y cierre&comma; por teclado&comma; manuales o por APP&comma; tambi\u00e9n tiene notificaci\u00f3n PUSH que indican el estado de la cerradura&comma; si est\u00e1 abierta o cerrada. OJO solo indica el estado de la cerradura&comma; no de la puerta en s\u00ed&comma; si la puerta fue forzada de alguna forma sin modificar o forzar la cerradura&comma; la aplicaci\u00f3n no lo mostrar\u00e1.<\/li>\n<\/ul>\n<\/li>\n<li style='margin-bottom: 10px;'><strong>\u00bfHay forma de saber si la puerta se encuentra abierta o cerrada&comma; tendr\u00e1 el equipo alg\u00fan sensor de posici\u00f3n o contacto magn\u00e9tico de estado para diferenciar entre abierta y cerrada&comma; as\u00ed mismo se refleja en la aplicaci\u00f3n?<\/strong>\n<ul style='padding-left: 20px; margin-top: 5px; margin-bottom: 5px; list-style-type: circle;'>\n<li>Como se menciona en la pregunta anterior&comma; la aplicaci\u00f3n si tiene estado de la cerradura&comma; pero no de la puerta aun cuando se tenga un contacto magn\u00e9tico.<\/li>\n<\/ul>\n<\/li>\n<li style='margin-bottom: 10px;'><strong>\u00bfCuentan con alguna presentaci\u00f3n o video para poderla presentar a mi cliente?<\/strong>\n<ul style='padding-left: 20px; margin-top: 5px; margin-bottom: 5px; list-style-type: circle;'>\n<li>Puede ver el siguiente v\u00eddeo: <a style='color: inherit; text-decoration: underline;' href='https:\/\/www.youtube.com\/watch?v=_gLu33hS47o&#038;feature=emb_logo' target='_blank' rel='noopener'>https:\/\/www.youtube.com\/watch?v=_gLu33hS47o&#038;feature=emb_logo<\/a><\/li>\n<\/ul>\n<\/li>\n<\/ul><\/div>\n<\/p><\/div>\n<div style='display: flex; flex-wrap: wrap; gap: 30px; margin-bottom: 30px;'>\n<div style='flex: 1 1 300px; min-width: 280px;'>\n<h3 style='font-size: 22px; border-bottom: 2px solid currentColor; padding-bottom: 5px; margin-top: 0; color: inherit; opacity: 0.8;'>Imagen del producto<\/h3>\n<p> <img style='width: 100%; height: auto; border: 1px solid rgba(150&comma;150&comma;150&comma;0.3); border-radius: 8px;' src='https:\/\/www.yalemexico.com\/presets\/medium\/Yale\/yalemexicoCOM\/2016%20SL\/HUB-web.jpg' alt='Imagen del Hub 51020'> <\/div>\n<\/p><\/div>\n<div style='display: flex; flex-wrap: wrap; gap: 30px; margin-bottom: 30px;'>\n<div style='flex: 1 1 300px; min-width: 280px;'>\n<h3 style='font-size: 22px; border-bottom: 2px solid currentColor; padding-bottom: 5px; margin-top: 0; color: inherit; opacity: 0.8;'>Video demostrativo<\/h3>\n<div style='position: relative; padding-bottom: 56.25%; height: 0; overflow: hidden; margin-bottom: 30px;'>   <\/div>\n<\/p><\/div>\n<\/p><\/div>\n<div style='display: flex; flex-wrap: wrap; gap: 30px; margin-bottom: 30px;'>\n<div style='flex: 1 1 300px; min-width: 280px;'>\n<h3 style='font-size: 22px; border-bottom: 2px solid currentColor; padding-bottom: 5px; margin-top: 0; color: inherit; opacity: 0.8;'>Nota importante<\/h3>\n<p style='font-size: 15px; color: inherit; margin-bottom: 15px;'><strong>NOTA:<\/strong> El uso de la aplicaci\u00f3n de YALE solo est\u00e1 disponible para uso en M\u00c9XICO&comma; no aplica el uso desde otros pa\u00edses.<\/p>\n<\/p><\/div>\n<\/p><\/div>\n<hr style='border: 0; border-top: 1px solid rgba(150&comma; 150&comma; 150&comma; 0.3); margin: 30px 0;'> <\/div>\n","protected":false},"excerpt":{"rendered":"<p>Kit Cerradura El\u00e9ctrica 321DC  Izquierda y Hub para Apertura a trav\u00e9s de Smartphone,  Compatible con YALE CONNECT<\/p>\n","protected":false},"featured_media":32342,"comment_status":"open","ping_status":"closed","template":"","meta":[],"product_brand":[],"product_cat":[803],"product_tag":[87,804,395],"class_list":{"0":"post-32343","1":"product","2":"type-product","3":"status-publish","4":"has-post-thumbnail","6":"product_cat-electricas","7":"product_tag-cerraduras","8":"product_tag-electricas","9":"product_tag-yale-assa-abloy","11":"first","12":"outofstock","13":"sale","14":"shipping-taxable","15":"purchasable","16":"product-type-simple"},"_links":{"self":[{"href":"https:\/\/soydeaqui.ddns.net\/pachuca\/index.php\/wp-json\/wp\/v2\/product\/32343","targetHints":{"allow":["GET"]}}],"collection":[{"href":"https:\/\/soydeaqui.ddns.net\/pachuca\/index.php\/wp-json\/wp\/v2\/product"}],"about":[{"href":"https:\/\/soydeaqui.ddns.net\/pachuca\/index.php\/wp-json\/wp\/v2\/types\/product"}],"replies":[{"embeddable":true,"href":"https:\/\/soydeaqui.ddns.net\/pachuca\/index.php\/wp-json\/wp\/v2\/comments?post=32343"}],"wp:featuredmedia":[{"embeddable":true,"href":"https:\/\/soydeaqui.ddns.net\/pachuca\/index.php\/wp-json\/wp\/v2\/media\/32342"}],"wp:attachment":[{"href":"https:\/\/soydeaqui.ddns.net\/pachuca\/index.php\/wp-json\/wp\/v2\/media?parent=32343"}],"wp:term":[{"taxonomy":"product_brand","embeddable":true,"href":"https:\/\/soydeaqui.ddns.net\/pachuca\/index.php\/wp-json\/wp\/v2\/product_brand?post=32343"},{"taxonomy":"product_cat","embeddable":true,"href":"https:\/\/soydeaqui.ddns.net\/pachuca\/index.php\/wp-json\/wp\/v2\/product_cat?post=32343"},{"taxonomy":"product_tag","embeddable":true,"href":"https:\/\/soydeaqui.ddns.net\/pachuca\/index.php\/wp-json\/wp\/v2\/product_tag?post=32343"}],"curies":[{"name":"wp","href":"https:\/\/api.w.org\/{rel}","templated":true}]}}