{"id":32337,"date":"2026-03-18T14:32:44","date_gmt":"2026-03-18T14:32:44","guid":{"rendered":"https:\/\/soydeaqui.ddns.net\/pachuca\/index.php\/producto\/hub-inalambrico-para-cerraduras-yale-permite-aperturar-puertas-a-traves-de-smartphone-en-cualquier-parte\/"},"modified":"2026-03-18T14:32:47","modified_gmt":"2026-03-18T14:32:47","slug":"hub-inalambrico-para-cerraduras-yale-permite-aperturar-puertas-a-traves-de-smartphone-en-cualquier-parte","status":"publish","type":"product","link":"https:\/\/soydeaqui.ddns.net\/pachuca\/index.php\/producto\/hub-inalambrico-para-cerraduras-yale-permite-aperturar-puertas-a-traves-de-smartphone-en-cualquier-parte\/","title":{"rendered":"Hub Inal\u00e1mbrico para Cerraduras YALE: Permite Aperturar Puertas a  trav\u00e9s de SMARTPHONE en cualquier parte"},"content":{"rendered":"<div style='width: 100%; max-width: 1200px; margin: 0 auto; font-family: sans-serif; line-height: 1.6; color: inherit; background-color: transparent;'> <!-- Logo Yale --> <\/p>\n<div style='display: flex; justify-content: center; margin-bottom: 30px;'> <img style='width: 100px; height: 100px; border: 1px solid rgba(150&comma;150&comma;150&comma;0.3); border-radius: 8px;' src='http:\/\/ftp3.syscom.mx\/usuarios\/ftp\/2017\/01\/03\/43ba4\/yale-logo.jpg' alt=''> <\/div>\n<p> <!-- Descripci\u00f3n principal --> <\/p>\n<div style='margin-bottom: 30px;'>\n<h1 style='font-size: 24px; margin-top: 0; margin-bottom: 15px; color: inherit;'>Ahora puede abrir la puerta desde cualquier parte<\/h1>\n<p style='font-size: 15px; color: inherit;'>Yale Connect es un ecosistema para la apertura de la puerta a trav\u00e9s de su SMARTPHONE con las cerraduras aut\u00f3nomas de Assabloy.<\/p>\n<\/p><\/div>\n<p> <!-- Funciones --> <\/p>\n<div style='margin-bottom: 30px;'>\n<h2 style='font-size: 20px; border-bottom: 2px solid currentColor; padding-bottom: 5px; margin-top: 0; margin-bottom: 15px; color: inherit; opacity: 0.8;'>Funciones<\/h2>\n<ul style='padding-left: 20px; font-size: 15px; color: inherit;'>\n<li style='margin-bottom: 5px;'>Asigne c\u00f3digos de acceso a visitantes para apertura de la cerradura desde cualquier lugar del mundo a trav\u00e9s del smartphone.<\/li>\n<li style='margin-bottom: 5px;'>Controla el acceso de las cerraduras por fecha y horario.<\/li>\n<\/ul><\/div>\n<p> <!-- C\u00f3mo funciona --> <\/p>\n<div style='margin-bottom: 30px;'>\n<h2 style='font-size: 20px; border-bottom: 2px solid currentColor; padding-bottom: 5px; margin-top: 0; margin-bottom: 15px; color: inherit; opacity: 0.8;'>\u00bfC\u00f3mo funciona?<\/h2>\n<ul style='padding-left: 20px; font-size: 15px; color: inherit;'>\n<li style='margin-bottom: 5px;'>La cerradura se comunica inal\u00e1mbricamente (v\u00eda protocolo propietario) hacia el HUB.<\/li>\n<li style='margin-bottom: 5px;'>El HUB conectado a la alimentaci\u00f3n tambi\u00e9n se comunica inal\u00e1mbricamente al ruteador de su casa u oficina.<\/li>\n<li style='margin-bottom: 5px;'>A trav\u00e9s del ruteador el equipo est\u00e1 registrado en la nube a un servidor de YALE.<\/li>\n<li style='margin-bottom: 5px;'>Con el Smarphone se ingresa a la cuenta personalizada a la APP <strong>YALE Connect<\/strong> y de ah\u00ed se administra y abre la puerta.<\/li>\n<\/ul><\/div>\n<p> <!-- Video --> <\/p>\n<div style='margin-bottom: 30px;'>\n<div style='position: relative; padding-bottom: 56.25%; height: 0; overflow: hidden; margin-bottom: 30px;'>   <\/div>\n<\/p><\/div>\n<p> <!-- Imagen del producto --> <\/p>\n<div style='margin-bottom: 30px;'> <a href='https:\/\/www.youtube.com\/watch?v=_gLu33hS47o' target='_blank' rel='noopener'> <img style='width: 100%; height: auto; border: 1px solid rgba(150&comma;150&comma;150&comma;0.3); border-radius: 8px;' src='http:\/\/ftp3.syscom.mx\/usuarios\/ftp\/2017\/11\/15\/a5fe3\/Hub.jpg' alt=''> <\/a> <\/div>\n<p> <!-- Cualidades --> <\/p>\n<div style='margin-bottom: 30px;'>\n<h2 style='font-size: 20px; border-bottom: 2px solid currentColor; padding-bottom: 5px; margin-top: 0; margin-bottom: 15px; color: inherit; opacity: 0.8;'>Cualidades<\/h2>\n<ul style='padding-left: 20px; font-size: 15px; color: inherit;'>\n<li style='margin-bottom: 5px;'><strong>Utilice la se\u00f1al Wifi de su casa u oficina para administrar las cerraduras.<\/strong><\/li>\n<li style='margin-bottom: 5px;'>El uso del sistema es <strong>gratuito<\/strong>&comma; no hay cargos mensuales por el uso o para usuarios adicionales.<\/li>\n<li style='margin-bottom: 5px;'>Agregue usuarios para controlar los dispositivos seleccionados&comma; pudiendo restringir el uso por horario (fecha \/ hora).<\/li>\n<li style='margin-bottom: 5px;'>Cree c\u00f3digos de usuario (para cerraduras digitales de puertas) para usuarios sin la aplicaci\u00f3n Yale Connect.<\/li>\n<li style='margin-bottom: 5px;'>Sepa qui\u00e9n ha accedido a los dispositivos a trav\u00e9s de un reporte de auditor\u00eda.<\/li>\n<\/ul><\/div>\n<p> <!-- Especificaciones del Hub --> <\/p>\n<div style='margin-bottom: 30px;'>\n<h2 style='font-size: 20px; border-bottom: 2px solid currentColor; padding-bottom: 5px; margin-top: 0; margin-bottom: 15px; color: inherit; opacity: 0.8;'>Especificaciones del Hub<\/h2>\n<ul style='padding-left: 20px; font-size: 15px; color: inherit;'>\n<li style='margin-bottom: 5px;'>El Hub permite conectar hasta un m\u00e1ximo de 16 cerraduras.<\/li>\n<li style='margin-bottom: 5px;'>Requiere una red wifi para controlarse.<\/li>\n<li style='margin-bottom: 5px;'>Compatible con cerraduras YMF30\/40 y serie Real Living.<\/li>\n<li style='margin-bottom: 5px;'>Requiere un Smartphone con al menos sistema operativo iOS7 + o Android 4.0.3 +.<\/li>\n<li style='margin-bottom: 5px;'>Alimentaci\u00f3n: 5 V&comma; 1 A.&comma; consume 1 W (incluida).<\/li>\n<li style='margin-bottom: 5px;'>Entrada micro USB.<\/li>\n<li style='margin-bottom: 5px;'>Compatible Wifi 2.4 GHz.<\/li>\n<\/ul><\/div>\n<p> <!-- Compatibilidad con cerraduras --> <\/p>\n<div style='margin-bottom: 30px;'>\n<h2 style='font-size: 20px; border-bottom: 2px solid currentColor; padding-bottom: 5px; margin-top: 0; margin-bottom: 15px; color: inherit; opacity: 0.8;'>Compatibilidad con cerraduras<\/h2>\n<ul style='padding-left: 20px; font-size: 15px; color: inherit;'>\n<li style='margin-bottom: 5px;'>Cerradura biom\u00e9trica YDF40 (<a style='color: inherit; text-decoration: none; font-weight: 600;' href='https:\/\/www.syscom.mx\/producto\/89187-ASSA-ABLOY-94786.html'>89187<\/a>)&comma; Cerradura Biometrica con manija YMF40 (<a style='color: inherit; text-decoration: none; font-weight: 600;' href='https:\/\/www.syscom.mx\/producto\/882855-ASSA-ABLOY-80236.html'>882855<\/a> <a style='color: inherit; text-decoration: none; font-weight: 600;' href='https:\/\/www.syscom.mx\/producto\/89186-ASSA-ABLOY-94787.html'>89186<\/a>)&comma; (requieren m\u00f3dulo SMART Connect <span style='color: inherit;'>89325<\/span>).<\/li>\n<li style='margin-bottom: 5px;'>Cerradura Real Living con manija YRL221 (<a style='color: inherit; text-decoration: none; font-weight: 600;' href='https:\/\/www.syscom.mx\/producto\/89066-ASSA-ABLOY-76913.html'>89066<\/a>)&comma; Cerradura Real Living YRD221 (<a style='color: inherit; text-decoration: none; font-weight: 600;' href='https:\/\/www.syscom.mx\/producto\/YRL-TOUCH-ASSA-ABLOY-65869.html'>YRL-TOUCH<\/a>) (requieren m\u00f3dulo SMART Connect <a style='color: inherit; text-decoration: none; font-weight: 600;' href='https:\/\/www.syscom.mx\/principal\/searchcont?route=89324-ASSA-ABLOY-143441&#038;autodetect=89324'>89324<\/a>).<\/li>\n<\/ul><\/div>\n<p> <!-- Kits listos para instalar --> <\/p>\n<div style='margin-bottom: 30px;'>\n<h2 style='font-size: 20px; border-bottom: 2px solid currentColor; padding-bottom: 5px; margin-top: 0; margin-bottom: 15px; color: inherit; opacity: 0.8;'>Kits listos para instalar<\/h2>\n<ul style='padding-left: 20px; font-size: 15px; color: inherit;'>\n<li style='margin-bottom: 5px;'><a style='color: inherit; text-decoration: none; font-weight: 600;' href='https:\/\/www.syscom.mx\/producto\/89370-ASSA-ABLOY-143445.html' target='_blank' rel='noopener'>Kit Real Living<\/a><\/li>\n<li style='margin-bottom: 5px;'><a style='color: inherit; text-decoration: none; font-weight: 600;' href='https:\/\/www.syscom.mx\/producto\/89369-ASSA-ABLOY-143444.html' target='_blank' rel='noopener'>Kit Real Living con manija<\/a><\/li>\n<li style='margin-bottom: 5px;'><a style='color: inherit; text-decoration: none; font-weight: 600;' href='https:\/\/www.syscom.mx\/producto\/89368-ASSA-ABLOY-143443.html' target='_blank' rel='noopener'>Kit YDF40 biometrica<\/a><\/li>\n<li style='margin-bottom: 5px;'><a style='color: inherit; text-decoration: none; font-weight: 600;' href='https:\/\/www.syscom.mx\/producto\/89367-ASSA-ABLOY-143442.html' target='_blank' rel='noopener'>Kit YMF40 Biometrica con manija<\/a><\/li>\n<li style='margin-bottom: 5px;'><a style='color: inherit; text-decoration: none; font-weight: 600;' href='https:\/\/www.syscom.mx\/producto\/89373-ASSA-ABLOY-143448.html' target='_blank' rel='noopener'>Kit Cerradura El\u00e9ctrica 321DC Derecha<\/a><\/li>\n<li style='margin-bottom: 5px;'><a style='color: inherit; text-decoration: none; font-weight: 600;' href='https:\/\/www.syscom.mx\/producto\/89371-ASSA-ABLOY-143446.html' target='_blank' rel='noopener'>Kit Cerradura El\u00e9ctrica 321DC Izquierda<\/a><\/li>\n<\/ul><\/div>\n<p> <!-- Preguntas Frecuentes --> <\/p>\n<div style='margin-bottom: 30px;'>\n<h2 style='font-size: 20px; border-bottom: 2px solid currentColor; padding-bottom: 5px; margin-top: 0; margin-bottom: 15px; color: inherit; opacity: 0.8;'>Preguntas Frecuentes<\/h2>\n<ul style='padding-left: 20px; font-size: 15px; color: inherit;'>\n<li style='margin-bottom: 15px;'> <strong>\u00bfHasta cuantos Hub puedo asociar a la aplicaci\u00f3n?<\/strong>\n<ul style='padding-left: 20px; margin-top: 8px;'>\n<li style='margin-bottom: 5px;'>Se puede asociar 16 Hub a la aplicaci\u00f3n&comma; considerando 16 cerraduras por Hub se puede tener hasta 256 cerraduras en la aplicaci\u00f3n.<\/li>\n<\/ul>\n<\/li>\n<li style='margin-bottom: 15px;'> <strong>\u00bfCu\u00e1ntos administradores admite la aplicaci\u00f3n y cuantos usuarios simult\u00e1neos pueden asociarse por HUB?<\/strong>\n<ul style='padding-left: 20px; margin-top: 8px;'>\n<li style='margin-bottom: 5px;'>Solo se puede tener 1 cuenta administrador&comma; la cual puede estar en sesi\u00f3n iniciada en varios dispositivos al mismo tiempo.<\/li>\n<\/ul>\n<\/li>\n<li style='margin-bottom: 15px;'> <strong>\u00bfQu\u00e9 tiempo tarda la operaci\u00f3n de cambiar una contrase\u00f1a a un determinado Hub?<\/strong>\n<ul style='padding-left: 20px; margin-top: 8px;'>\n<li style='margin-bottom: 5px;'>Hay un retardo de menos de un minuto al dar de alta un nuevo invitado.<\/li>\n<\/ul>\n<\/li>\n<li style='margin-bottom: 15px;'> <strong>\u00bfCu\u00e1nto dura la bater\u00eda en cada equipo?<\/strong>\n<ul style='padding-left: 20px; margin-top: 8px;'>\n<li style='margin-bottom: 5px;'>En uso promedio&comma; la bater\u00eda dura 1 a\u00f1o aproximadamente&comma; con mayor uso de lo normal puede llegar a durar 6 meses&comma; la cerradura da una alarma cuando se va a quedar sin bater\u00eda tanto local como en la aplicaci\u00f3n del celular.<\/li>\n<\/ul>\n<\/li>\n<li style='margin-bottom: 15px;'> <strong>\u00bfTienes un demo que pueda accesar de la aplicaci\u00f3n ya instalada asociada a Hub y cerraduras inteligentes?<\/strong>\n<ul style='padding-left: 20px; margin-top: 8px;'>\n<li style='margin-bottom: 5px;'>En este momento no se cuenta con un sistema demo&comma; si ser\u00eda necesario contar con un sistema b\u00e1sico de 1 cerradura y 1 Hub para poder hacer pruebas.<\/li>\n<\/ul>\n<\/li>\n<li style='margin-bottom: 15px;'> <strong>\u00bfToda la administraci\u00f3n de los equipos se hace a trav\u00e9s del aplicativo&comma; o tambi\u00e9n se puede hacer a trav\u00e9s de un software de computadora o acceso web?<\/strong>\n<ul style='padding-left: 20px; margin-top: 8px;'>\n<li style='margin-bottom: 5px;'>Toda la administraci\u00f3n se hace desde la aplicaci\u00f3n de celular&comma; no es posible por software en computadora o acceso web.<\/li>\n<\/ul>\n<\/li>\n<li style='margin-bottom: 15px;'> <strong>\u00bfEl sistema puede generar reportes&comma; de apertura y cierre&comma; pre-alarmas o fallas&comma; ejemplo falla de bater\u00eda del dispositivo y que se reporten al aplicativo&comma; y\/o plataforma?<\/strong>\n<ul style='padding-left: 20px; margin-top: 8px;'>\n<li style='margin-bottom: 5px;'>El sistema muestra los registros de uso de apertura y cierre&comma; por teclado&comma; manuales o por APP&comma; tambi\u00e9n tiene notificaci\u00f3n PUSH que indican el estado de la cerradura&comma; si est\u00e1 abierta o cerrada. OJO solo indica el estado de la cerradura&comma; no de la puerta en s\u00ed&comma; si la puerta fue forzada de alguna forma sin modificar o forzar la cerradura&comma; la aplicaci\u00f3n no lo mostrar\u00e1.<\/li>\n<\/ul>\n<\/li>\n<li style='margin-bottom: 15px;'> <strong>\u00bfHay forma de saber si la puerta se encuentra abierta o cerrada&comma; tendr\u00e1 el equipo alg\u00fan sensor de posici\u00f3n o contacto magn\u00e9tico de estado para diferenciar entre abierta y cerrada&comma; as\u00ed mismo se refleja en la aplicaci\u00f3n?<\/strong>\n<ul style='padding-left: 20px; margin-top: 8px;'>\n<li style='margin-bottom: 5px;'>Como se menciona en la pregunta anterior&comma; la aplicaci\u00f3n si tiene estado de la cerradura&comma; pero no de la puerta aun cuando se tenga un contacto magn\u00e9tico.<\/li>\n<\/ul>\n<\/li>\n<li style='margin-bottom: 15px;'> <strong>\u00bfCuentan con alguna presentaci\u00f3n o video para poderla presentar a mi cliente<\/strong>\n<ul style='padding-left: 20px; margin-top: 8px;'>\n<li style='margin-bottom: 5px;'>Puede ver el siguiente v\u00eddeo: <a style='color: inherit; text-decoration: none; font-weight: 600;' href='https:\/\/www.youtube.com\/watch?v=_gLu33hS47o&#038;feature=emb_logo' target='_blank' rel='noopener'>https:\/\/www.youtube.com\/watch?v=_gLu33hS47o&#038;feature=emb_logo<\/a><\/li>\n<\/ul>\n<\/li>\n<\/ul><\/div>\n<p> <!-- Nota importante --> <\/p>\n<div style='margin-bottom: 30px;'>\n<h2 style='font-size: 20px; border-bottom: 2px solid currentColor; padding-bottom: 5px; margin-top: 0; margin-bottom: 15px; color: inherit; opacity: 0.8;'>NOTA<\/h2>\n<p style='font-size: 15px; color: inherit; margin: 0;'>.- EL uso del aplicaci\u00f3n de YALE solo est\u00e1 disponible para uso en MEXICO&comma; no aplica el uso desde otros paises.<\/p>\n<\/p><\/div>\n<\/p><\/div>\n","protected":false},"excerpt":{"rendered":"<p>Hub Inal\u00e1mbrico para Cerraduras YALE: Permite Aperturar Puertas a  trav\u00e9s de SMARTPHONE en cualquier parte<\/p>\n","protected":false},"featured_media":32336,"comment_status":"open","ping_status":"closed","template":"","meta":[],"product_brand":[],"product_cat":[86],"product_tag":[88,87,395],"class_list":{"0":"post-32337","1":"product","2":"type-product","3":"status-publish","4":"has-post-thumbnail","6":"product_cat-autonomas-inteligentes","7":"product_tag-autonomas-inteligentes","8":"product_tag-cerraduras","9":"product_tag-yale-assa-abloy","11":"first","12":"outofstock","13":"sale","14":"shipping-taxable","15":"purchasable","16":"product-type-simple"},"_links":{"self":[{"href":"https:\/\/soydeaqui.ddns.net\/pachuca\/index.php\/wp-json\/wp\/v2\/product\/32337","targetHints":{"allow":["GET"]}}],"collection":[{"href":"https:\/\/soydeaqui.ddns.net\/pachuca\/index.php\/wp-json\/wp\/v2\/product"}],"about":[{"href":"https:\/\/soydeaqui.ddns.net\/pachuca\/index.php\/wp-json\/wp\/v2\/types\/product"}],"replies":[{"embeddable":true,"href":"https:\/\/soydeaqui.ddns.net\/pachuca\/index.php\/wp-json\/wp\/v2\/comments?post=32337"}],"wp:featuredmedia":[{"embeddable":true,"href":"https:\/\/soydeaqui.ddns.net\/pachuca\/index.php\/wp-json\/wp\/v2\/media\/32336"}],"wp:attachment":[{"href":"https:\/\/soydeaqui.ddns.net\/pachuca\/index.php\/wp-json\/wp\/v2\/media?parent=32337"}],"wp:term":[{"taxonomy":"product_brand","embeddable":true,"href":"https:\/\/soydeaqui.ddns.net\/pachuca\/index.php\/wp-json\/wp\/v2\/product_brand?post=32337"},{"taxonomy":"product_cat","embeddable":true,"href":"https:\/\/soydeaqui.ddns.net\/pachuca\/index.php\/wp-json\/wp\/v2\/product_cat?post=32337"},{"taxonomy":"product_tag","embeddable":true,"href":"https:\/\/soydeaqui.ddns.net\/pachuca\/index.php\/wp-json\/wp\/v2\/product_tag?post=32337"}],"curies":[{"name":"wp","href":"https:\/\/api.w.org\/{rel}","templated":true}]}}