{"id":32322,"date":"2026-03-18T14:32:23","date_gmt":"2026-03-18T14:32:23","guid":{"rendered":"https:\/\/soydeaqui.ddns.net\/pachuca\/index.php\/producto\/controlador-de-acceso-para-1-puerta-y-2-lectores-facil-administracion-con-software-gratuito-incluye-gabinete-y-fuente-de-alimentacion-12vcc-8a-10000-tarjetas-50000-eventos\/"},"modified":"2026-03-18T14:32:29","modified_gmt":"2026-03-18T14:32:29","slug":"controlador-de-acceso-para-1-puerta-y-2-lectores-facil-administracion-con-software-gratuito-incluye-gabinete-y-fuente-de-alimentacion-12vcc-8a-10000-tarjetas-50000-eventos","status":"publish","type":"product","link":"https:\/\/soydeaqui.ddns.net\/pachuca\/index.php\/producto\/controlador-de-acceso-para-1-puerta-y-2-lectores-facil-administracion-con-software-gratuito-incluye-gabinete-y-fuente-de-alimentacion-12vcc-8a-10000-tarjetas-50000-eventos\/","title":{"rendered":"Controlador de Acceso para 1 Puerta y  2 Lectores  \/ F\u00e1cil Administraci\u00f3n con Software Gratuito \/ Incluye Gabinete y Fuente de Alimentaci\u00f3n 12Vcc\/8A \/ 10,000 Tarjetas \/ 50,000 Eventos"},"content":{"rendered":"<div style='width: 100%; max-width: 1200px; margin: 0 auto; font-family: sans-serif; line-height: 1.6; color: inherit; background-color: transparent;'> <!-- Imagen Banner --> <\/p>\n<div style='margin-bottom: 30px;'> <img style='width: 100%; height: auto; border: 1px solid rgba(150&comma;150&comma;150&comma;0.3); border-radius: 8px;' src='https:\/\/ftp3.syscom.mx\/usuarios\/fespinoza\/HIKVISION\/Dispositivos\/Banners\/BannerControladores.jpg' alt='Banner Controladores'> <\/div>\n<p> <!-- Secci\u00f3n de caracter\u00edsticas --> <\/p>\n<div style='display: flex; flex-wrap: wrap; gap: 30px; margin-bottom: 30px;'>\n<div style='flex: 1 1 300px; min-width: 280px;'>\n<h3 style='font-size: 22px; border-bottom: 2px solid currentColor; padding-bottom: 5px; margin-top: 0; color: inherit; opacity: 0.8;'>Caracter\u00edsticas principales<\/h3>\n<ul style='padding-left: 20px; font-size: 15px; color: inherit;'>\n<li style='margin-bottom: 5px;'>Tarjetas: 10&comma;000<\/li>\n<li style='margin-bottom: 5px;'>Eventos: 50&comma;000<\/li>\n<li style='margin-bottom: 5px;'>Gabinete Met\u00e1lico<\/li>\n<li style='margin-bottom: 5px;'>Control de Acceso por Horarios y Puertas<\/li>\n<li style='margin-bottom: 5px;'>Verificaci\u00f3n Multi-Usuario<\/li>\n<li style='margin-bottom: 5px;'>Funci\u00f3n de primer tarjeta<\/li>\n<li style='margin-bottom: 5px;'>Funci\u00f3n de super tarjeta y super contrase\u00f1a<\/li>\n<li style='margin-bottom: 5px;'>1 Entrada de alarma<\/li>\n<li style='margin-bottom: 5px;'>1 Entrada para sensor de estado de puerta<\/li>\n<li style='margin-bottom: 5px;'>1 Entrada para bot\u00f3n de petici\u00f3n de salida (REX)<\/li>\n<li style='margin-bottom: 5px;'><strong>IVMS4200<\/strong> <a style='color: inherit; text-decoration: underline;' href='https:\/\/ftp3.syscom.mx\/usuarios\/fespinoza\/HIKVISION\/Software\/IVMS-4200%20V3.6.1.3\/iVMS-4200-Client-Software_Datasheet_V3.6.0_20210622.pdf' target='_blank'>Alcances (ficha t\u00e9cnica)<\/a><\/li>\n<li style='margin-bottom: 5px;'><strong>HikCentral<\/strong> (mediante licencia)<\/li>\n<\/ul><\/div>\n<div style='flex: 1 1 300px; min-width: 280px;'>\n<h3 style='font-size: 22px; border-bottom: 2px solid currentColor; padding-bottom: 5px; margin-top: 0; color: inherit; opacity: 0.8;'>Caracter\u00edsticas F\u00edsicas y El\u00e9ctricas<\/h3>\n<ul style='padding-left: 20px; font-size: 15px; color: inherit;'>\n<li style='margin-bottom: 5px;'>2 Salida de Relevador NC\/NO\/COM Para Chapa<\/li>\n<li style='margin-bottom: 5px;'>TCP\/IP<\/li>\n<li style='margin-bottom: 5px;'>2 Entrada Wiegand Multi-Formato<\/li>\n<li style='margin-bottom: 5px;'>1 Salida de Relevador Auxiliar NC\/NO\/COM<\/li>\n<li style='margin-bottom: 5px;'>12 Vcc \/ 1 A<\/li>\n<li style='margin-bottom: 5px;'>Incluye Fuente de 12Vcc \/ 8A\n<ul style='margin-top: 5px; margin-bottom: 0; padding-left: 20px;'>\n<li style='margin-bottom: 5px;'>Cable de alimentaci\u00f3n a 110 Vca no incluido&comma; sugerido <a style='color: inherit; text-decoration: underline;' href='https:\/\/www.syscom.mx\/principal\/searchcont?route=AC-CORD-1.8M-EPCOM-POWERLINE-162897&#038;autodetect=accord' target='_blank'>AC-CORD-1.8M<\/a><\/li>\n<\/ul>\n<\/li>\n<li style='margin-bottom: 5px;'>Temperatura de Operaci\u00f3n: -20 a 65 \u00b0C<\/li>\n<li style='margin-bottom: 5px;'>No soporta bater\u00eda de repuesto<\/li>\n<li style='margin-bottom: 5px;'>Dimensiones: 285 x 237 x 69 mm<\/li>\n<\/ul><\/div>\n<div style='flex: 1 1 300px; min-width: 280px;'>\n<h3 style='font-size: 22px; border-bottom: 2px solid currentColor; padding-bottom: 5px; margin-top: 0; color: inherit; opacity: 0.8;'>Caracter\u00edsticas Destacadas<\/h3>\n<ul style='padding-left: 20px; font-size: 15px; color: inherit;'>\n<li style='margin-bottom: 5px;'>Operable sin conexi\u00f3n a red (aut\u00f3nomo)<\/li>\n<li style='margin-bottom: 5px;'>Interruptor a prueba de manipulaciones<\/li>\n<li style='margin-bottom: 5px;'>Datos de comunicaci\u00f3n encriptados para mejorar la seguridad<\/li>\n<li style='margin-bottom: 5px;'><em>Funci\u00f3n de Esclusa: No<\/em><\/li>\n<li style='margin-bottom: 5px;'><em>AntiPassback: S\u00ed<\/em><\/li>\n<\/ul><\/div>\n<\/p><\/div>\n<p> <!-- Consideraciones --> <\/p>\n<div style='margin-bottom: 30px;'>\n<h3 style='font-size: 22px; border-bottom: 2px solid currentColor; padding-bottom: 5px; margin-top: 0; color: inherit; opacity: 0.8;'>Consideraciones<\/h3>\n<p style='margin-bottom: 15px;'>Los paneles de control de acceso de HIKVISION soportan la integraci\u00f3n con c\u00e1maras&comma; DVR&#8217;s y NVR&#8217;s de la misma marca a trav\u00e9s del software gratuito IVMS4200 para contar con evidencias en video de los eventos sucedidos en el sistema de control de acceso&comma; por ejemplo cuando una puerta es abierta&comma; cuando se lee correctamente una tarjeta&comma; cuando una puerta est\u00e1 siendo forzada o se qued\u00f3 abierta&comma; etc.<\/p>\n<p style='margin-bottom: 15px;'>Lectores de <strong>tarjetas<\/strong> compatibles en el listado de accesorios opcionales (arriba).<\/p>\n<\/p><\/div>\n<p> <!-- Chapa Magn\u00e9tica HIKVISION --> <\/p>\n<div style='margin-bottom: 30px;'>\n<h3 style='font-size: 22px; border-bottom: 2px solid currentColor; padding-bottom: 5px; margin-top: 0; color: inherit; opacity: 0.8;'>Chapa Magn\u00e9tica HIKVISION<\/h3>\n<div style='display: flex; flex-wrap: wrap; gap: 20px; align-items: center; margin-bottom: 20px;'>\n<div style='flex: 1 1 300px; min-width: 250px;'> <img style='width: 100%; height: auto; border: 1px solid rgba(150&comma;150&comma;150&comma;0.3); border-radius: 8px;' src='https:\/\/ftp3.syscom.mx\/usuarios\/fotos\/BancoFotografiasSyscom\/HIKVISION\/DSK4H258S\/DSK4H258S-p.PNG' alt='Chapa Magn\u00e9tica HIKVISION'> <\/div>\n<div style='flex: 1 1 300px; min-width: 250px;'>\n<p style='margin-bottom: 10px;'>Modelo: <a style='color: inherit; text-decoration: underline;' href='https:\/\/www.syscom.mx\/principal\/searchcont?route=DS-K4H258S-HIKVISION-176625&#038;autodetect=dsk4' target='_blank'>DS-K4H258S<\/a><\/p>\n<p style='margin-bottom: 10px;'>Hikvision lanza su propio modelo de chapa magn\u00e9tica&comma; permitiendo contemplar toda la soluci\u00f3n completa en la misma marca.<\/p>\n<ul style='padding-left: 20px; font-size: 15px; color: inherit; margin-bottom: 15px;'>\n<li style='margin-bottom: 5px;'>600 lbs de fuerza (280 Kg)<\/li>\n<li style='margin-bottom: 5px;'>Certificado CE<\/li>\n<li style='margin-bottom: 5px;'>Indicador LED<\/li>\n<\/ul><\/div>\n<\/p><\/div>\n<\/p><\/div>\n<p> <!-- Montajes Z y L --> <\/p>\n<div style='margin-bottom: 30px;'>\n<h3 style='font-size: 22px; border-bottom: 2px solid currentColor; padding-bottom: 5px; margin-top: 0; color: inherit; opacity: 0.8;'>Montajes Z y L (Requeridos)<\/h3>\n<div style='display: flex; flex-wrap: wrap; gap: 20px; align-items: center;'>\n<div style='flex: 1 1 300px; min-width: 250px;'>\n<p style='margin-bottom: 15px;'>Los montajes &#8216;Z&#8217; y &#8216;L&#8217; son requeridos para la instalaci\u00f3n de las chapas magn\u00e9ticas&comma; se adquieren por separado y el modelo es <a style='color: inherit; text-decoration: underline;' href='https:\/\/www.syscom.mx\/principal\/searchcont?route=DS-K4H258-L\/Z-HIKVISION-176632&#038;autodetect=DSK4' target='_blank'>DS-K4H258-L\/Z<\/a><\/p>\n<\/p><\/div>\n<div style='flex: 1 1 300px; min-width: 250px;'> <img style='width: 100%; height: auto; border: 1px solid rgba(150&comma;150&comma;150&comma;0.3); border-radius: 8px;' src='https:\/\/ftp3.syscom.mx\/usuarios\/fotos\/BancoFotografiasSyscom\/HIKVISION\/DSK4H258LZ\/DSK4H258LZ-g.PNG' alt='Montajes Z y L'> <\/div>\n<\/p><\/div>\n<\/p><\/div>\n<p> <!-- Demostraci\u00f3n de Integraci\u00f3n IVMS4200 --> <\/p>\n<div style='margin-bottom: 30px;'>\n<h3 style='font-size: 22px; border-bottom: 2px solid currentColor; padding-bottom: 5px; margin-top: 0; color: inherit; opacity: 0.8; text-align: center;'>Demostraci\u00f3n de Integraci\u00f3n IVMS4200<\/h3>\n<h4 style='font-size: 18px; margin-top: 10px; margin-bottom: 20px; text-align: center;'>(Acceso + Asistencia + CCTV + Videoporteros)<\/h4>\n<div style='position: relative; padding-bottom: 56.25%; height: 0; overflow: hidden; margin-bottom: 30px;'>   <\/div>\n<\/p><\/div>\n<p> <!-- Imagen adicional --> <\/p>\n<div style='margin-bottom: 30px; text-align: center;'> <img style='width: 80%; height: auto; border: 1px solid rgba(150&comma;150&comma;150&comma;0.3); border-radius: 8px;' src='https:\/\/ftp3.syscom.mx\/usuarios\/fotos\/DSK2801\/150822-dsk2801-ad-2-l.png' alt='Integraci\u00f3n con sistemas'> <\/div>\n<p> <!-- Enlace a soporte --> <\/p>\n<div style='text-align: center;'> <a href='http:\/\/soporte.syscom.mx\/es\/articles\/3879039-hikvision-control-de-acceso-lista-de-videos-y-tips-tecnicos' target='_blank'> <img style='width: auto; height: 80px; border: 1px solid rgba(150&comma;150&comma;150&comma;0.3); border-radius: 8px;' src='https:\/\/ftp3.syscom.mx\/usuarios\/fotos\/DSK1T607E\/171893-hikvision-controlacceso.png' alt='Soporte t\u00e9cnico'> <\/a> <\/div>\n<\/p><\/div>\n","protected":false},"excerpt":{"rendered":"<p>Controlador de Acceso para 1 Puerta y  2 Lectores  \/ F\u00e1cil Administraci\u00f3n con Software Gratuito \/ Incluye Gabinete y Fuente de Alimentaci\u00f3n 12Vcc\/8A \/ 10,000 Tarjetas \/ 50,000 Eventos<\/p>\n","protected":false},"featured_media":32321,"comment_status":"open","ping_status":"closed","template":"","meta":[],"product_brand":[],"product_cat":[783],"product_tag":[785,54,784],"class_list":{"0":"post-32322","1":"product","2":"type-product","3":"status-publish","4":"has-post-thumbnail","6":"product_cat-controladores-de-acceso","7":"product_tag-controladores-de-acceso","8":"product_tag-hikvision","9":"product_tag-paneles-de-control-de-acceso","11":"first","12":"instock","13":"sale","14":"shipping-taxable","15":"purchasable","16":"product-type-simple"},"_links":{"self":[{"href":"https:\/\/soydeaqui.ddns.net\/pachuca\/index.php\/wp-json\/wp\/v2\/product\/32322","targetHints":{"allow":["GET"]}}],"collection":[{"href":"https:\/\/soydeaqui.ddns.net\/pachuca\/index.php\/wp-json\/wp\/v2\/product"}],"about":[{"href":"https:\/\/soydeaqui.ddns.net\/pachuca\/index.php\/wp-json\/wp\/v2\/types\/product"}],"replies":[{"embeddable":true,"href":"https:\/\/soydeaqui.ddns.net\/pachuca\/index.php\/wp-json\/wp\/v2\/comments?post=32322"}],"wp:featuredmedia":[{"embeddable":true,"href":"https:\/\/soydeaqui.ddns.net\/pachuca\/index.php\/wp-json\/wp\/v2\/media\/32321"}],"wp:attachment":[{"href":"https:\/\/soydeaqui.ddns.net\/pachuca\/index.php\/wp-json\/wp\/v2\/media?parent=32322"}],"wp:term":[{"taxonomy":"product_brand","embeddable":true,"href":"https:\/\/soydeaqui.ddns.net\/pachuca\/index.php\/wp-json\/wp\/v2\/product_brand?post=32322"},{"taxonomy":"product_cat","embeddable":true,"href":"https:\/\/soydeaqui.ddns.net\/pachuca\/index.php\/wp-json\/wp\/v2\/product_cat?post=32322"},{"taxonomy":"product_tag","embeddable":true,"href":"https:\/\/soydeaqui.ddns.net\/pachuca\/index.php\/wp-json\/wp\/v2\/product_tag?post=32322"}],"curies":[{"name":"wp","href":"https:\/\/api.w.org\/{rel}","templated":true}]}}