{"id":32312,"date":"2026-03-18T14:32:08","date_gmt":"2026-03-18T14:32:08","guid":{"rendered":"https:\/\/soydeaqui.ddns.net\/pachuca\/index.php\/producto\/semaforo-peatonal-con-indicador-alto-siga-dinamico-de-300-mm-de-diametro\/"},"modified":"2026-03-18T14:32:09","modified_gmt":"2026-03-18T14:32:09","slug":"semaforo-peatonal-con-indicador-alto-siga-dinamico-de-300-mm-de-diametro","status":"publish","type":"product","link":"https:\/\/soydeaqui.ddns.net\/pachuca\/index.php\/producto\/semaforo-peatonal-con-indicador-alto-siga-dinamico-de-300-mm-de-diametro\/","title":{"rendered":"Semaforo peatonal con indicador alto\/siga din\u00e1mico de 300 mm de diametro"},"content":{"rendered":"<div style='width: 100%; max-width: 1200px; margin: 0 auto; font-family: sans-serif; line-height: 1.6; color: inherit; background-color: transparent;'>\n<div style='display: flex; flex-wrap: wrap; gap: 30px; margin-bottom: 30px;'>\n<div style='flex: 1 1 300px; min-width: 280px;'>\n<h3 style='font-size: 22px; border-bottom: 2px solid currentColor; padding-bottom: 5px; margin-top: 0; color: inherit; opacity: 0.8;'>Caracter\u00edsticas<\/h3>\n<ul style='padding-left: 20px; font-size: 15px; color: inherit;'>\n<li style='margin-bottom: 5px;'>Bajo consumo de energ\u00eda<\/li>\n<li style='margin-bottom: 5px;'>Iluminaci\u00f3n de alta eficiencia<\/li>\n<li style='margin-bottom: 5px;'>\u00c1ngulo de visi\u00f3n: 30\u00b0<\/li>\n<li style='margin-bottom: 5px;'>Tiempo de vida mayor a 80&comma;000 horas<\/li>\n<li style='margin-bottom: 5px;'>Hermeticamente sellado y resistente al agua<\/li>\n<li style='margin-bottom: 5px;'>Cumple con CE&comma; GB14887-2007&comma; ITE&comma; EN12368<\/li>\n<li style='margin-bottom: 5px;'>Cuenta con 80 LEDs de alta potencia para iluminaci\u00f3n en rojo y 129 LEDs para iluminaci\u00f3n en verde con movimiento din\u00e1mico<\/li>\n<li style='margin-bottom: 5px;'>Intensidad de iluminaci\u00f3n rojo 5000 cd\/m\u00b2 y en verde 5000 cd\/m\u00b2<\/li>\n<\/ul><\/div>\n<\/p><\/div>\n<div style='display: flex; flex-wrap: wrap; gap: 30px; margin-bottom: 30px;'>\n<div style='flex: 1 1 300px; min-width: 280px;'>\n<h3 style='font-size: 22px; border-bottom: 2px solid currentColor; padding-bottom: 5px; margin-top: 0; color: inherit; opacity: 0.8;'>Especificaciones<\/h3>\n<ul style='padding-left: 20px; font-size: 15px; color: inherit;'>\n<li style='margin-bottom: 5px;'><strong>Activaci\u00f3n:<\/strong> Por contacto seco<\/li>\n<li style='margin-bottom: 5px;'><strong>Alimentaci\u00f3n:<\/strong> 110 Vca<\/li>\n<li style='margin-bottom: 5px;'><strong>Consumo:<\/strong> 7 W para rojo&comma; 7 W para verde<\/li>\n<li style='margin-bottom: 5px;'><strong>Temperatura de operaci\u00f3n:<\/strong> -40 \u00b0C ~ +80 \u00b0C<\/li>\n<li style='margin-bottom: 5px;'><strong>Dimensiones:<\/strong> 700 x 350 x 320 mm<\/li>\n<li style='margin-bottom: 5px;'><strong>Peso:<\/strong> 5.5 kg<\/li>\n<li style='margin-bottom: 5px;'><strong>Garant\u00eda:<\/strong> 2 a\u00f1os<\/li>\n<\/ul><\/div>\n<\/p><\/div>\n<\/p><\/div>\n","protected":false},"excerpt":{"rendered":"<p>Semaforo peatonal con indicador alto\/siga din\u00e1mico de 300 mm de diametro<\/p>\n","protected":false},"featured_media":32311,"comment_status":"open","ping_status":"closed","template":"","meta":[],"product_brand":[],"product_cat":[828],"product_tag":[401,234,829],"class_list":{"0":"post-32312","1":"product","2":"type-product","3":"status-publish","4":"has-post-thumbnail","6":"product_cat-semaforos-y-senalizacion","7":"product_tag-acceso-vehicular","8":"product_tag-accesspro","9":"product_tag-semaforos-y-senalizacion","11":"first","12":"outofstock","13":"sale","14":"shipping-taxable","15":"purchasable","16":"product-type-simple"},"_links":{"self":[{"href":"https:\/\/soydeaqui.ddns.net\/pachuca\/index.php\/wp-json\/wp\/v2\/product\/32312","targetHints":{"allow":["GET"]}}],"collection":[{"href":"https:\/\/soydeaqui.ddns.net\/pachuca\/index.php\/wp-json\/wp\/v2\/product"}],"about":[{"href":"https:\/\/soydeaqui.ddns.net\/pachuca\/index.php\/wp-json\/wp\/v2\/types\/product"}],"replies":[{"embeddable":true,"href":"https:\/\/soydeaqui.ddns.net\/pachuca\/index.php\/wp-json\/wp\/v2\/comments?post=32312"}],"wp:featuredmedia":[{"embeddable":true,"href":"https:\/\/soydeaqui.ddns.net\/pachuca\/index.php\/wp-json\/wp\/v2\/media\/32311"}],"wp:attachment":[{"href":"https:\/\/soydeaqui.ddns.net\/pachuca\/index.php\/wp-json\/wp\/v2\/media?parent=32312"}],"wp:term":[{"taxonomy":"product_brand","embeddable":true,"href":"https:\/\/soydeaqui.ddns.net\/pachuca\/index.php\/wp-json\/wp\/v2\/product_brand?post=32312"},{"taxonomy":"product_cat","embeddable":true,"href":"https:\/\/soydeaqui.ddns.net\/pachuca\/index.php\/wp-json\/wp\/v2\/product_cat?post=32312"},{"taxonomy":"product_tag","embeddable":true,"href":"https:\/\/soydeaqui.ddns.net\/pachuca\/index.php\/wp-json\/wp\/v2\/product_tag?post=32312"}],"curies":[{"name":"wp","href":"https:\/\/api.w.org\/{rel}","templated":true}]}}