{"id":323,"date":"2026-03-18T05:38:34","date_gmt":"2026-03-18T05:38:34","guid":{"rendered":"https:\/\/soydeaqui.ddns.net\/pachuca\/index.php\/producto\/bobina-de-305-metros-1000-pies-de-cable-2-x-18-awg-plenum-blanco-para-aplicaciones-en-alarmas-de-intrusion-control-de-acceso-interfonos-tv-porteros-automatizacion-audio-y-voceo\/"},"modified":"2026-03-18T05:38:34","modified_gmt":"2026-03-18T05:38:34","slug":"bobina-de-305-metros-1000-pies-de-cable-2-x-18-awg-plenum-blanco-para-aplicaciones-en-alarmas-de-intrusion-control-de-acceso-interfonos-tv-porteros-automatizacion-audio-y-voceo","status":"publish","type":"product","link":"https:\/\/soydeaqui.ddns.net\/pachuca\/index.php\/producto\/bobina-de-305-metros-1000-pies-de-cable-2-x-18-awg-plenum-blanco-para-aplicaciones-en-alarmas-de-intrusion-control-de-acceso-interfonos-tv-porteros-automatizacion-audio-y-voceo\/","title":{"rendered":"Bobina de 305 Metros (1000 Pies) de Cable 2 x 18 AWG \/ Plenum \/ Blanco \/ Para aplicaciones en Alarmas de intrusi\u00f3n, Control de acceso, Interfonos, TV porteros, Automatizacion, Audio y Voceo."},"content":{"rendered":"<div style='width: 100%; max-width: 1200px; margin: 0 auto; font-family: sans-serif; line-height: 1.6; color: inherit; background-color: transparent;'>\n<div style='display: flex; flex-direction: column; gap: 20px;'>\n<div> <img style='width: auto; height: auto; max-width: 100%; border: 1px solid rgba(150&comma;150&comma;150&comma;0.3); border-radius: 8px;' src='http:\/\/ftp3.syscom.mx\/usuarios\/maguilar\/Icons\/RoHS%20Icon.png' alt=''> <\/div>\n<div>\n<h3 style='font-size: 20px; border-bottom: 2px solid currentColor; padding-bottom: 5px; margin-top: 0; color: inherit; opacity: 0.8;'>Descripci\u00f3n<\/h3>\n<p style='margin-top: 15px;'>CABLE DE 2 CONDUCTORES CALIBRE 18 CON FORRO BLANCO PARA APLICACIONES EN ALARMAS&comma; CONTROL DE ACCESO&comma; INTERFONOS Y TV PORTEROS&comma; AUDIO Y VOCEO.<\/p>\n<p style='margin-top: 15px;'>Conductores de cobre suave s\u00f3lido aislamiento de PVC&comma; identificado por c\u00f3digo de colores&comma; y forro total de PVC.<\/p>\n<p style='margin-top: 15px;'>Uso en aplicaciones de alarmas&comma; cableado de sensores&comma; cableados Vplex &comma; cableado de sirenas&comma; cableado de interfonos y tv porteros&comma; cableados de dispositivos de sujecci\u00f3n como contras electricas &comma; cerraduras de perno&comma; chapas magneticas en control de acceso.<\/p>\n<\/p><\/div>\n<div style='display: flex; flex-wrap: wrap; gap: 20px;'>\n<div style='flex: 1 1 300px; min-width: 280px; border: 1px solid rgba(150&comma;150&comma;150&comma;0.3); border-radius: 8px; padding: 15px;'>\n<h4 style='font-size: 18px; border-bottom: 2px solid currentColor; padding-bottom: 5px; margin-top: 0; color: inherit; opacity: 0.8;'>Caracter\u00edsticas<\/h4>\n<ul style='padding-left: 20px; font-size: 14px; color: inherit; list-style-type: disc;'>\n<li style='margin-bottom: 5px;'>Uso en Interior<\/li>\n<li style='margin-bottom: 5px;'>Alarmas de intrusi\u00f3n: sensores&comma; tecnolog\u00edas convencionales y Vplex&comma; sirenas&comma; estrobos&comma; Voceo&comma; interfonos y tv porteros.<\/li>\n<li style='margin-bottom: 5px;'>Control de acceso: Cerraduras el\u00e9ctricas&comma; contras el\u00e9ctricas&comma; de perno&comma; Chapas magn\u00e9ticas.<\/li>\n<li style='margin-bottom: 5px;'>Cableados de interfonos y Tv porteros.<\/li>\n<li style='margin-bottom: 5px;'>Sistemas de audio y voceo.<\/li>\n<li style='margin-bottom: 5px;'>CMP&comma; CL3P&comma; FPLP&comma; FT6<\/li>\n<\/ul><\/div>\n<div style='flex: 1 1 300px; min-width: 280px; border: 1px solid rgba(150&comma;150&comma;150&comma;0.3); border-radius: 8px; padding: 15px;'>\n<h4 style='font-size: 18px; border-bottom: 2px solid currentColor; padding-bottom: 5px; margin-top: 0; color: inherit; opacity: 0.8;'>Caracter\u00edsticas f\u00edsicas y el\u00e9ctricas<\/h4>\n<ul style='padding-left: 20px; font-size: 14px; color: inherit; list-style-type: disc;'>\n<li style='margin-bottom: 5px;'>Tipo: Cable (1 par)<\/li>\n<li style='margin-bottom: 5px;'>Impedancia (\u03a9): 58<\/li>\n<li style='margin-bottom: 5px;'>Resistencia en \u03a9 a 305 m.: 6.66<\/li>\n<li style='margin-bottom: 5px;'>Calibre: 18<\/li>\n<li style='margin-bottom: 5px;'>Color externo: Blanco<\/li>\n<li style='margin-bottom: 5px;'>Color interno: Negro&comma; Rojo<\/li>\n<li style='margin-bottom: 5px;'>Di\u00e1metro exterior (mm): 3.75<\/li>\n<li style='margin-bottom: 5px;'><strong>Temperatura de operaci\u00f3n: -20\u00b0C a 75\u00b0C<\/strong><\/li>\n<\/ul><\/div>\n<div style='flex: 1 1 300px; min-width: 280px; border: 1px solid rgba(150&comma;150&comma;150&comma;0.3); border-radius: 8px; padding: 15px;'>\n<h4 style='font-size: 18px; border-bottom: 2px solid currentColor; padding-bottom: 5px; margin-top: 0; color: inherit; opacity: 0.8;'>Est\u00e1ndares<\/h4>\n<ul style='padding-left: 20px; font-size: 14px; color: inherit; list-style-type: disc;'>\n<li style='margin-bottom: 5px;'>NFPA 262 (Plenum)<\/li>\n<li style='margin-bottom: 5px;'>CSA C22.2 No. 2556 (FT6)<\/li>\n<li style='margin-bottom: 5px;'>RoHS Compliant<\/li>\n<\/ul><\/div>\n<\/p><\/div>\n<div style='margin-top: 20px;'>\n<p style='font-weight: bold; color: inherit; margin: 0;'>* Precio por bobina de 305 metros.<\/p>\n<\/p><\/div>\n<\/p><\/div>\n<\/p><\/div>\n","protected":false},"excerpt":{"rendered":"<p>Bobina de 305 Metros (1000 Pies) de Cable 2 x 18 AWG \/ Plenum \/ Blanco \/ Para aplicaciones en Alarmas de intrusi\u00f3n, Control de acceso, Interfonos, TV porteros, Automatizacion, Audio y Voceo.<\/p>\n","protected":false},"featured_media":322,"comment_status":"open","ping_status":"closed","template":"","meta":[],"product_brand":[],"product_cat":[137],"product_tag":[138,139,62],"class_list":{"0":"post-323","1":"product","2":"type-product","3":"status-publish","4":"has-post-thumbnail","6":"product_cat-todos-cables","7":"product_tag-cables","8":"product_tag-genesis","9":"product_tag-todos","11":"first","12":"outofstock","13":"sale","14":"shipping-taxable","15":"purchasable","16":"product-type-simple"},"_links":{"self":[{"href":"https:\/\/soydeaqui.ddns.net\/pachuca\/index.php\/wp-json\/wp\/v2\/product\/323","targetHints":{"allow":["GET"]}}],"collection":[{"href":"https:\/\/soydeaqui.ddns.net\/pachuca\/index.php\/wp-json\/wp\/v2\/product"}],"about":[{"href":"https:\/\/soydeaqui.ddns.net\/pachuca\/index.php\/wp-json\/wp\/v2\/types\/product"}],"replies":[{"embeddable":true,"href":"https:\/\/soydeaqui.ddns.net\/pachuca\/index.php\/wp-json\/wp\/v2\/comments?post=323"}],"wp:featuredmedia":[{"embeddable":true,"href":"https:\/\/soydeaqui.ddns.net\/pachuca\/index.php\/wp-json\/wp\/v2\/media\/322"}],"wp:attachment":[{"href":"https:\/\/soydeaqui.ddns.net\/pachuca\/index.php\/wp-json\/wp\/v2\/media?parent=323"}],"wp:term":[{"taxonomy":"product_brand","embeddable":true,"href":"https:\/\/soydeaqui.ddns.net\/pachuca\/index.php\/wp-json\/wp\/v2\/product_brand?post=323"},{"taxonomy":"product_cat","embeddable":true,"href":"https:\/\/soydeaqui.ddns.net\/pachuca\/index.php\/wp-json\/wp\/v2\/product_cat?post=323"},{"taxonomy":"product_tag","embeddable":true,"href":"https:\/\/soydeaqui.ddns.net\/pachuca\/index.php\/wp-json\/wp\/v2\/product_tag?post=323"}],"curies":[{"name":"wp","href":"https:\/\/api.w.org\/{rel}","templated":true}]}}