{"id":3229,"date":"2026-03-18T06:05:57","date_gmt":"2026-03-18T06:05:57","guid":{"rendered":"https:\/\/soydeaqui.ddns.net\/pachuca\/index.php\/producto\/cerradura-digital-ysd100-con-mecanismo-de-embutir-2885-color-negro\/"},"modified":"2026-03-18T06:05:58","modified_gmt":"2026-03-18T06:05:58","slug":"cerradura-digital-ysd100-con-mecanismo-de-embutir-2885-color-negro","status":"publish","type":"product","link":"https:\/\/soydeaqui.ddns.net\/pachuca\/index.php\/producto\/cerradura-digital-ysd100-con-mecanismo-de-embutir-2885-color-negro\/","title":{"rendered":"Cerradura Digital  YSD100 con Mecanismo de EMBUTIR 2885, color  Negro"},"content":{"rendered":"<div style='width: 100%; max-width: 1200px; margin: 0 auto; font-family: sans-serif; line-height: 1.6; color: inherit; background-color: transparent;'>\n<div style='display: flex; justify-content: center; margin-bottom: 30px;'> <img style='width: 100px; height: 100px; border: 1px solid rgba(150&comma;150&comma;150&comma;0.3); border-radius: 8px;' src='http:\/\/ftp3.syscom.mx\/usuarios\/ftp\/2017\/01\/03\/43ba4\/yale-logo.jpg' alt=''> <\/div>\n<div style='display: flex; flex-wrap: wrap; gap: 30px; margin-bottom: 30px;'>\n<div style='flex: 1 1 300px; min-width: 280px;'>\n<h3 style='font-size: 22px; border-bottom: 2px solid currentColor; padding-bottom: 5px; margin-top: 0; color: inherit; opacity: 0.8;'>Usos<\/h3>\n<ul style='padding-left: 20px; font-size: 15px; color: inherit;'>\n<li style='margin-bottom: 5px;'>Cerradura residencial para puertas abatibles de madera&comma; aluminio o metal.<\/li>\n<\/ul><\/div>\n<div style='flex: 1 1 300px; min-width: 280px;'>\n<h3 style='font-size: 22px; border-bottom: 2px solid currentColor; padding-bottom: 5px; margin-top: 0; color: inherit; opacity: 0.8;'>Versiones<\/h3>\n<ul style='padding-left: 20px; font-size: 15px; color: inherit;'>\n<li style='margin-bottom: 5px;'>Manija-manija.<\/li>\n<li style='margin-bottom: 5px;'>Mecanismo de embutir con backset 50 mm acabados gun metal (Gris) y negro.<\/li>\n<\/ul><\/div>\n<div style='flex: 1 1 300px; min-width: 280px;'>\n<h3 style='font-size: 22px; border-bottom: 2px solid currentColor; padding-bottom: 5px; margin-top: 0; color: inherit; opacity: 0.8;'>Funciones<\/h3>\n<ul style='padding-left: 20px; font-size: 15px; color: inherit;'>\n<li style='margin-bottom: 5px;'>Manija \u2013 Manija con sistema de antibandalismo (clutch).<\/li>\n<\/ul><\/div>\n<div style='flex: 1 1 300px; min-width: 280px;'>\n<h3 style='font-size: 22px; border-bottom: 2px solid currentColor; padding-bottom: 5px; margin-top: 0; color: inherit; opacity: 0.8;'>Aplicaciones<\/h3>\n<ul style='padding-left: 20px; font-size: 15px; color: inherit;'>\n<li style='margin-bottom: 5px;'>Cerradura de embutir con backset de 50 mm (para puertas de madera de 25 a 65 mm).<\/li>\n<\/ul><\/div>\n<\/p><\/div>\n<div style='display: flex; flex-wrap: wrap; gap: 20px; margin-bottom: 30px;'>\n<div style='flex: 1 1 250px; border: 1px solid rgba(150&comma; 150&comma; 150&comma; 0.4); border-radius: 8px; overflow: hidden; display: flex; flex-direction: column;'>\n<div style='padding: 15px; border-bottom: 1px solid rgba(150&comma; 150&comma; 150&comma; 0.2); font-weight: bold; font-size: 18px; color: inherit;'>Caracter\u00edsticas<\/div>\n<div style='padding: 15px; color: inherit;'>\n<ul style='padding-left: 20px; margin: 0; font-size: 14px; list-style-type: disc;'>\n<li style='margin-bottom: 5px;'>Teclado retro-iluminado&comma; visible f\u00e1cilmente con poca luz de d\u00eda; para c\u00f3digos de 4 a 10 d\u00edgitos&comma; m\u00e1ximo 100 usuarios.<\/li>\n<li style='margin-bottom: 5px;'>Resistente al agua Grado IP 66&comma; cuenta con 2 aislantes de goma para los 2 paneles.<\/li>\n<li style='margin-bottom: 5px;'>Se pueden configurar hasta 100 huellas digitales y 300 accesos en total (huellas+c\u00f3digos+tarjetas).<\/li>\n<li style='margin-bottom: 5px;'>Se pueden configurar hasta 5 usuarios administradores.<\/li>\n<li style='margin-bottom: 5px;'>Programaci\u00f3n asistida por voz en espa\u00f1ol<\/li>\n<li style='margin-bottom: 5px;'>Incluye 3 tarjetas de proximidad<\/li>\n<li style='margin-bottom: 5px;'>Puerto de emergencia USB para pila agotada<\/li>\n<li style='margin-bottom: 5px;'>Requiere 4 pilas AA alcalinas (incluidas)&comma; no necesita conectarse a la red el\u00e9ctrica<\/li>\n<li style='margin-bottom: 5px;'>Incluye 2 llaves mec\u00e1nicas para apertura de emergencia<\/li>\n<li style='margin-bottom: 5px;'>Pestillo reversible configurable para puerta izquierda o derecha<\/li>\n<li style='margin-bottom: 5px;'>Opci\u00f3n con mecanismo de embutir con backset de 50 mm y para puertas de madera de 25-65mm.<\/li>\n<li style='margin-bottom: 5px;'>Es de bajo mantenimiento (lubricaci\u00f3n y cambio de pilas).<\/li>\n<li style='margin-bottom: 5px;'>Incluye torniller\u00eda y tubos roscados para los diferentes espesores de puerta.<\/li>\n<li style='margin-bottom: 5px;'>Con funci\u00f3n de cierre autom\u00e1tico<\/li>\n<li style='margin-bottom: 5px;'>Cuenta con modo de acceso libre (modo de paso).<\/li>\n<li style='margin-bottom: 5px;'>Cuenta con funci\u00f3n de seguridad por doble autenticaci\u00f3n&comma; es necesario ingresar 2 modos de apertura para desbloquear.<\/li>\n<\/ul><\/div>\n<\/p><\/div>\n<\/p><\/div>\n<div style='margin-bottom: 30px;'>\n<div style='position: relative; padding-bottom: 56.25%; height: 0; overflow: hidden; margin-bottom: 30px;'>   <\/div>\n<\/p><\/div>\n<div style='margin-bottom: 30px;'>\n<h3 style='font-size: 22px; margin-top: 0; margin-bottom: 15px; color: inherit; opacity: 0.8;'>Video de instalaci\u00f3n<\/h3>\n<div style='position: relative; padding-bottom: 56.25%; height: 0; overflow: hidden; margin-bottom: 30px;'>   <\/div>\n<\/p><\/div>\n<hr style='border: 0; border-top: 1px solid rgba(150&comma; 150&comma; 150&comma; 0.3); margin: 30px 0;'> <\/div>\n","protected":false},"excerpt":{"rendered":"<p>Cerradura Digital  YSD100 con Mecanismo de EMBUTIR 2885, color  Negro<\/p>\n","protected":false},"featured_media":3228,"comment_status":"open","ping_status":"closed","template":"","meta":[],"product_brand":[],"product_cat":[86],"product_tag":[88,87,395],"class_list":{"0":"post-3229","1":"product","2":"type-product","3":"status-publish","4":"has-post-thumbnail","6":"product_cat-autonomas-inteligentes","7":"product_tag-autonomas-inteligentes","8":"product_tag-cerraduras","9":"product_tag-yale-assa-abloy","11":"first","12":"outofstock","13":"sale","14":"shipping-taxable","15":"purchasable","16":"product-type-simple"},"_links":{"self":[{"href":"https:\/\/soydeaqui.ddns.net\/pachuca\/index.php\/wp-json\/wp\/v2\/product\/3229","targetHints":{"allow":["GET"]}}],"collection":[{"href":"https:\/\/soydeaqui.ddns.net\/pachuca\/index.php\/wp-json\/wp\/v2\/product"}],"about":[{"href":"https:\/\/soydeaqui.ddns.net\/pachuca\/index.php\/wp-json\/wp\/v2\/types\/product"}],"replies":[{"embeddable":true,"href":"https:\/\/soydeaqui.ddns.net\/pachuca\/index.php\/wp-json\/wp\/v2\/comments?post=3229"}],"wp:featuredmedia":[{"embeddable":true,"href":"https:\/\/soydeaqui.ddns.net\/pachuca\/index.php\/wp-json\/wp\/v2\/media\/3228"}],"wp:attachment":[{"href":"https:\/\/soydeaqui.ddns.net\/pachuca\/index.php\/wp-json\/wp\/v2\/media?parent=3229"}],"wp:term":[{"taxonomy":"product_brand","embeddable":true,"href":"https:\/\/soydeaqui.ddns.net\/pachuca\/index.php\/wp-json\/wp\/v2\/product_brand?post=3229"},{"taxonomy":"product_cat","embeddable":true,"href":"https:\/\/soydeaqui.ddns.net\/pachuca\/index.php\/wp-json\/wp\/v2\/product_cat?post=3229"},{"taxonomy":"product_tag","embeddable":true,"href":"https:\/\/soydeaqui.ddns.net\/pachuca\/index.php\/wp-json\/wp\/v2\/product_tag?post=3229"}],"curies":[{"name":"wp","href":"https:\/\/api.w.org\/{rel}","templated":true}]}}