{"id":32269,"date":"2026-03-18T14:31:07","date_gmt":"2026-03-18T14:31:07","guid":{"rendered":"https:\/\/soydeaqui.ddns.net\/pachuca\/index.php\/producto\/audio-portero-ip-2-lineas-sip-con-relevador-integrado-lector-rfid-para-acceso-por-clave-numerica-tarjeta-o-llamada-remota-poe\/"},"modified":"2026-03-18T14:31:15","modified_gmt":"2026-03-18T14:31:15","slug":"audio-portero-ip-2-lineas-sip-con-relevador-integrado-lector-rfid-para-acceso-por-clave-numerica-tarjeta-o-llamada-remota-poe","status":"publish","type":"product","link":"https:\/\/soydeaqui.ddns.net\/pachuca\/index.php\/producto\/audio-portero-ip-2-lineas-sip-con-relevador-integrado-lector-rfid-para-acceso-por-clave-numerica-tarjeta-o-llamada-remota-poe\/","title":{"rendered":"Audio Portero IP  2 l\u00edneas SIP con relevador integrado, Lector RFID para acceso por clave num\u00e9rica, tarjeta o llamada remota, PoE"},"content":{"rendered":"<div style='width: 100%; max-width: 1200px; margin: 0 auto; font-family: sans-serif; line-height: 1.6; color: inherit; background-color: transparent;'>\n<div style='display: flex; flex-wrap: wrap; gap: 30px; margin-bottom: 30px;'>\n<div style='flex: 1 1 300px; min-width: 280px;'>\n<h3 style='font-size: 22px; border-bottom: 2px solid currentColor; padding-bottom: 5px; margin-top: 0; color: inherit; opacity: 0.8;'>Descripci\u00f3n<\/h3>\n<p style='font-size: 15px; color: inherit; margin-top: 0; margin-bottom: 15px;'>El dise\u00f1o del portero IP i23S se basa en la experiencia y el conocimiento del desarrollo IP de Fanvil. El portero IP i23S est\u00e1 utilizando el protocolo IP\/RTP\/RTSP est\u00e1ndar para la transmisi\u00f3n de voz y disfruta de las ventajas de una gama completa de compatibilidad. El i23S tiene una variedad de caracter\u00edsticas de nivel empresarial y es compatible con muchas plataformas importantes&comma; como 3CX&comma; Asterisk&comma; Broadsoft&comma; Elastix&comma; etc.<\/p>\n<p style='font-size: 15px; color: inherit; margin-top: 0; margin-bottom: 15px;'>El Portero IP i23S est\u00e1 dise\u00f1ado para funcionar en condiciones interiores. La construcci\u00f3n mec\u00e1nica robusta ofrece una clasificaci\u00f3n de protecci\u00f3n contra el polvo y el agua (IP65). El i23S es un dispositivo econ\u00f3mico con triple funci\u00f3n (Todo en 1) &#8211; Control de acceso por llamada&comma; c\u00f3digo y tarjeta RFID<\/p>\n<p> <img style='width: 100%; height: auto; border: 1px solid rgba(150&comma;150&comma;150&comma;0.3); border-radius: 8px;' src='https:\/\/ftp3.syscom.mx\/usuarios\/esanchez\/FANVIL\/PA2F\/i23.gif' alt=''> <\/div>\n<\/p><\/div>\n<div style='display: flex; flex-wrap: wrap; gap: 20px; margin-bottom: 30px;'>\n<div style='flex: 1 1 250px; border: 1px solid rgba(150&comma; 150&comma; 150&comma; 0.4); border-radius: 8px; overflow: hidden; display: flex; flex-direction: column;'>\n<div style='padding: 15px; border-bottom: 1px solid rgba(150&comma; 150&comma; 150&comma; 0.2); font-weight: bold; font-size: 18px; color: inherit;'>Caracter\u00edsticas principales<\/div>\n<div style='padding: 15px; color: inherit;'>\n<ul style='padding-left: 20px; margin: 0; font-size: 14px; list-style-type: disc;'>\n<li style='margin-bottom: 5px;'>Compatible con el protocolo est\u00e1ndar SIP (RFC3261) y la plataforma principal IPPBX \/ IMS<\/li>\n<li style='margin-bottom: 5px;'>Gabinete dise\u00f1ado con marcas de Protecci\u00f3n Internacional (IP) para proteger contra la intrusi\u00f3n &#8211; accidental o intencional &#8211; impermeabilizado seg\u00fan IP65 y anticolisi\u00f3n hasta IK10<\/li>\n<li style='margin-bottom: 5px;'>El dise\u00f1o del sistema se adapta al funcionamiento en diversas condiciones ambientales y temperaturas (admite temperaturas que van desde -40 a +70 grados Celsius)<\/li>\n<li style='margin-bottom: 5px;'>Icono de indicaci\u00f3n de estado<\/li>\n<li style='margin-bottom: 5px;'>Todo en uno (control de acceso&comma; intercomunicaci\u00f3n y radiodifusi\u00f3n)<\/li>\n<li style='margin-bottom: 5px;'>Control de acceso (por llamada&comma; por c\u00f3digo&comma; IC \/ RFID&comma; Interruptor interior)<\/li>\n<li style='margin-bottom: 5px;'>El altavoz incorporado de 3W y AEC&comma; admiten una comunicaci\u00f3n de alta calidad sin manos. Mantenimiento y gesti\u00f3n en l\u00ednea del sistema<\/li>\n<\/ul><\/div>\n<\/p><\/div>\n<div style='flex: 1 1 250px; border: 1px solid rgba(150&comma; 150&comma; 150&comma; 0.4); border-radius: 8px; overflow: hidden; display: flex; flex-direction: column;'>\n<div style='padding: 15px; border-bottom: 1px solid rgba(150&comma; 150&comma; 150&comma; 0.2); font-weight: bold; font-size: 18px; color: inherit;'>Funcionalidades de control de acceso<\/div>\n<div style='padding: 15px; color: inherit;'>\n<ul style='padding-left: 20px; margin: 0; font-size: 14px; list-style-type: disc;'>\n<li style='margin-bottom: 5px;'>Dos l\u00edneas SIP&comma; compatible con SIP 2.0 (RFC3261) y RFC relacionado<\/li>\n<li style='margin-bottom: 5px;'>POE habilitado&comma; comunicaci\u00f3n manos libres a full d\u00faplex&comma; auto respuesta autom\u00e1tica predeterminada<\/li>\n<li style='margin-bottom: 5px;'>Soporta 200&comma;000 registros de puertas abiertas<\/li>\n<li style='margin-bottom: 5px;'>Soporta 1000 lista de acceso remoto<\/li>\n<li style='margin-bottom: 5px;'>Admite 1000 tarjetas RFID<\/li>\n<li style='margin-bottom: 5px;'>Lector de tarjeta RFID integrado (EM4100&comma; 125 KHz) y IC (MIFARE ONE&comma; 13.56 MHz)<\/li>\n<li style='margin-bottom: 5px;'>Admite opciones de fuente de alimentaci\u00f3n el\u00e9ctrica interna o externa de bloqueo el\u00e9ctrico<\/li>\n<li style='margin-bottom: 5px;'>Admite teclas DSS personalizadas<\/li>\n<li style='margin-bottom: 5px;'>Sincronizaci\u00f3n de tiempo de red<\/li>\n<li style='margin-bottom: 5px;'>URL de acci\u00f3n \/ control remoto URI activo<\/li>\n<\/ul><\/div>\n<\/p><\/div>\n<div style='flex: 1 1 250px; border: 1px solid rgba(150&comma; 150&comma; 150&comma; 0.4); border-radius: 8px; overflow: hidden; display: flex; flex-direction: column;'>\n<div style='padding: 15px; border-bottom: 1px solid rgba(150&comma; 150&comma; 150&comma; 0.2); font-weight: bold; font-size: 18px; color: inherit;'>Caracter\u00edsticas f\u00edsicas y el\u00e9ctricas<\/div>\n<div style='padding: 15px; color: inherit;'>\n<ul style='padding-left: 20px; margin: 0; font-size: 14px; list-style-type: disc;'>\n<li style='margin-bottom: 5px;'>1 bot\u00f3n DSS (bot\u00f3n de marcado r\u00e1pido)<\/li>\n<li style='margin-bottom: 5px;'>5 luces indicadoras (incluida la luz de fondo de la tecla de acceso directo)<\/li>\n<li style='margin-bottom: 5px;'>Teclado num\u00e9rico<\/li>\n<li style='margin-bottom: 5px;'>1 interruptor interior Rela 1 rel\u00e9: MAX DC30V \/ 1A&comma; AC125V \/ 0.5A<\/li>\n<li style='margin-bottom: 5px;'>Salida de conmutaci\u00f3n activa: 12V \/ 650mA DC<\/li>\n<li style='margin-bottom: 5px;'>Lector RFID: tipo est\u00e1ndar ID (EM4100)&comma; IC (MIFARE ONE)<\/li>\n<li style='margin-bottom: 5px;'>Micr\u00f3fono: -38dB<\/li>\n<li style='margin-bottom: 5px;'>Temperatura de almacenamiento: -40 ~ 70 \u00b0C<\/li>\n<li style='margin-bottom: 5px;'>Humedad de trabajo: 10 ~ 90%<\/li>\n<li style='margin-bottom: 5px;'>Nivel de protecci\u00f3n: IP65 e IK10<\/li>\n<li style='margin-bottom: 5px;'>Dimensi\u00f3n general: 223 x 130 x 74 mm (Anch x Alt x Prof)<\/li>\n<li style='margin-bottom: 5px;'>Dimensiones de la caja de regalo: 310 x 175 x 115 mm<\/li>\n<li style='margin-bottom: 5px;'>Puerto WAN: RJ-45&comma; 10 \/ 100M adaptable<\/li>\n<li style='margin-bottom: 5px;'>Fuente de alimentaci\u00f3n: 12Vcc&comma; 1.0A o POE 802.3af (no incluye fuente de alimentaci\u00f3n)<\/li>\n<li style='margin-bottom: 5px;'>PoE: 802.3af (Clase 3 &#8211; 6.49 a 12.95W)<\/li>\n<\/ul><\/div>\n<\/p><\/div>\n<\/p><\/div>\n<div style='display: flex; flex-wrap: wrap; gap: 30px; margin-bottom: 30px;'>\n<div style='flex: 1 1 300px; min-width: 280px;'>\n<h3 style='font-size: 22px; border-bottom: 2px solid currentColor; padding-bottom: 5px; margin-top: 0; color: inherit; opacity: 0.8;'>Integraci\u00f3n y funcionabilidad<\/h3>\n<p style='font-size: 15px; color: inherit; margin-top: 0; margin-bottom: 15px;'>Integraci\u00f3n con tel\u00e9fonos IP Fanvil&comma; X3SP&comma; X3S&comma; X3G&comma; X4&comma; X4G&comma; X5S&comma; X6<\/p>\n<p> <img style='width: 100%; height: auto; border: 1px solid rgba(150&comma;150&comma;150&comma;0.3); border-radius: 8px;' src='https:\/\/ftp3.syscom.mx\/usuarios\/esanchez\/FANVIL\/PA2F\/i23f.gif' alt=''> <\/div>\n<\/p><\/div>\n<hr style='border: 0; border-top: 1px solid rgba(150&comma; 150&comma; 150&comma; 0.3); margin: 30px 0;'>\n<div style='display: flex; flex-wrap: wrap; gap: 30px; margin-bottom: 30px;'>\n<div style='flex: 1 1 300px; min-width: 280px;'>\n<h3 style='font-size: 22px; border-bottom: 2px solid currentColor; padding-bottom: 5px; margin-top: 0; color: inherit; opacity: 0.8;'>Topolog\u00eda de conexi\u00f3n con conmutador IP (IP-PBX)<\/h3>\n<div style='position: relative; padding-bottom: 56.25%; height: 0; overflow: hidden; margin-bottom: 30px;'> <img style='position: absolute; top: 0; left: 0; width: 100%; height: 100%; border: none;' src='https:\/\/ftp3.syscom.mx\/usuarios\/esanchez\/FANVIL\/I23S\/Captura%20de%20pantalla%202019-11-01%20a%20la%28s%29%2013.42.52.png' alt='Topolog\u00eda de conexi\u00f3n con conmutador IP (IP-PBX)'> <\/div>\n<p style='font-size: 14px; color: inherit; margin: 0 0 10px 0;'>* Esta opci\u00f3n permite contestar desde el celular por medio de alg\u00fan softphone registrado a cualquier conmutador IP<\/p>\n<p style='font-size: 14px; color: inherit; margin: 0 0 10px 0;'>* La capacidad de departamentos est\u00e1 en base al conmutador IP&comma; dependiendo cuantas extensiones soporte<\/p>\n<\/p><\/div>\n<\/p><\/div>\n<hr style='border: 0; border-top: 1px solid rgba(150&comma; 150&comma; 150&comma; 0.3); margin: 30px 0;'>\n<div style='display: flex; flex-wrap: wrap; gap: 30px; margin-bottom: 30px;'>\n<div style='flex: 1 1 300px; min-width: 280px;'>\n<h3 style='font-size: 22px; border-bottom: 2px solid currentColor; padding-bottom: 5px; margin-top: 0; color: inherit; opacity: 0.8;'>Topolog\u00eda de conexi\u00f3n sin conmutador IP<\/h3>\n<div style='position: relative; padding-bottom: 56.25%; height: 0; overflow: hidden; margin-bottom: 30px;'> <img style='position: absolute; top: 0; left: 0; width: 100%; height: 100%; border: none;' src='https:\/\/ftp3.syscom.mx\/usuarios\/esanchez\/FANVIL\/I23S\/Captura%20de%20pantalla%202019-11-01%20a%20la%28s%29%2013.43.05.png' alt='Topolog\u00eda de conexi\u00f3n sin conmutador IP'> <\/div>\n<p style='font-size: 14px; color: inherit; margin: 0 0 10px 0;'>* Esta opci\u00f3n no permite contestar desde el celular<\/p>\n<p style='font-size: 14px; color: inherit; margin: 0 0 10px 0;'>* La capacidad de departamentos es hasta 100&comma; por medio de la configuraci\u00f3n Peer to Peer<\/p>\n<\/p><\/div>\n<\/p><\/div>\n<\/p><\/div>\n","protected":false},"excerpt":{"rendered":"<p>Audio Portero IP  2 l\u00edneas SIP con relevador integrado, Lector RFID para acceso por clave num\u00e9rica, tarjeta o llamada remota, PoE<\/p>\n","protected":false},"featured_media":32268,"comment_status":"open","ping_status":"closed","template":"","meta":[],"product_brand":[],"product_cat":[907],"product_tag":[859,908,557],"class_list":{"0":"post-32269","1":"product","2":"type-product","3":"status-publish","4":"has-post-thumbnail","6":"product_cat-interfones","7":"product_tag-fanvil","8":"product_tag-interfones","9":"product_tag-videoporteros-e-interfonos","11":"first","12":"outofstock","13":"sale","14":"shipping-taxable","15":"purchasable","16":"product-type-simple"},"_links":{"self":[{"href":"https:\/\/soydeaqui.ddns.net\/pachuca\/index.php\/wp-json\/wp\/v2\/product\/32269","targetHints":{"allow":["GET"]}}],"collection":[{"href":"https:\/\/soydeaqui.ddns.net\/pachuca\/index.php\/wp-json\/wp\/v2\/product"}],"about":[{"href":"https:\/\/soydeaqui.ddns.net\/pachuca\/index.php\/wp-json\/wp\/v2\/types\/product"}],"replies":[{"embeddable":true,"href":"https:\/\/soydeaqui.ddns.net\/pachuca\/index.php\/wp-json\/wp\/v2\/comments?post=32269"}],"wp:featuredmedia":[{"embeddable":true,"href":"https:\/\/soydeaqui.ddns.net\/pachuca\/index.php\/wp-json\/wp\/v2\/media\/32268"}],"wp:attachment":[{"href":"https:\/\/soydeaqui.ddns.net\/pachuca\/index.php\/wp-json\/wp\/v2\/media?parent=32269"}],"wp:term":[{"taxonomy":"product_brand","embeddable":true,"href":"https:\/\/soydeaqui.ddns.net\/pachuca\/index.php\/wp-json\/wp\/v2\/product_brand?post=32269"},{"taxonomy":"product_cat","embeddable":true,"href":"https:\/\/soydeaqui.ddns.net\/pachuca\/index.php\/wp-json\/wp\/v2\/product_cat?post=32269"},{"taxonomy":"product_tag","embeddable":true,"href":"https:\/\/soydeaqui.ddns.net\/pachuca\/index.php\/wp-json\/wp\/v2\/product_tag?post=32269"}],"curies":[{"name":"wp","href":"https:\/\/api.w.org\/{rel}","templated":true}]}}