{"id":32263,"date":"2026-03-18T14:30:57","date_gmt":"2026-03-18T14:30:57","guid":{"rendered":"https:\/\/soydeaqui.ddns.net\/pachuca\/index.php\/producto\/controlador-d-trafico-p-cruce-peatonal-5-salidas-con-gabinete\/"},"modified":"2026-03-18T14:31:01","modified_gmt":"2026-03-18T14:31:01","slug":"controlador-d-trafico-p-cruce-peatonal-5-salidas-con-gabinete","status":"publish","type":"product","link":"https:\/\/soydeaqui.ddns.net\/pachuca\/index.php\/producto\/controlador-d-trafico-p-cruce-peatonal-5-salidas-con-gabinete\/","title":{"rendered":"Controlador D \/ Tr\u00e1fico P \/ Cruce Peatonal \/ 5 Salidas \/ Con Gabinete."},"content":{"rendered":"<div style='width: 100%; max-width: 1200px; margin: 0 auto; font-family: sans-serif; line-height: 1.6; color: inherit; background-color: transparent;'>\n<div style='display: flex; flex-wrap: wrap; gap: 30px; margin-bottom: 30px;'>\n<div style='flex: 1 1 300px; min-width: 280px;'>\n<h3 style='font-size: 22px; border-bottom: 2px solid currentColor; padding-bottom: 5px; margin-top: 0; color: inherit; opacity: 0.8;'>Descripci\u00f3n<\/h3>\n<p style='font-size: 15px; color: inherit;'>Controlador de tr\u00e1fico para solicitud de pase peatonal&comma; para aplicaciones t\u00edpicas de cruce peatonal en el cual se puede instalar un sem\u00e1foro triple vehicular (Rojo&comma; Amarillo y Verde) y se\u00f1alizaci\u00f3n de pase o espere peatonal (Rojo y Verde)&comma; integrable con alarma ac\u00fastica para personas con discapacidad visual.<\/p>\n<ul style='padding-left: 20px; font-size: 15px; color: inherit;'>\n<li style='margin-bottom: 5px;'>Alimentaci\u00f3n de 110VCA<\/li>\n<li style='margin-bottom: 5px;'>El controlador alimenta los sem\u00e1foros<\/li>\n<li style='margin-bottom: 5px;'>F\u00e1cil de instalar y configurar (en el mismo equipo)<\/li>\n<li style='margin-bottom: 5px;'>Puede verificar&comma; modificar y establecer par\u00e1metros en funcionamiento<\/li>\n<li style='margin-bottom: 5px;'>F\u00e1cil configuraci\u00f3n directa en el propio controlador<\/li>\n<li style='margin-bottom: 5px;'>Conexi\u00f3n simple<\/li>\n<li style='margin-bottom: 5px;'><strong>Requiere bot\u00f3n peatonal PROBUTTON (1 bot\u00f3n por cada lado del carril)<\/strong><\/li>\n<li style='margin-bottom: 5px;'>Gabinete incluido<\/li>\n<li style='margin-bottom: 5px;'>Incluye montaje para instalaci\u00f3n<\/li>\n<\/ul><\/div>\n<\/p><\/div>\n<div style='position: relative; padding-bottom: 56.25%; height: 0; overflow: hidden; margin-bottom: 30px;'>   <\/div>\n<hr style='border: 0; border-top: 1px solid rgba(150&comma; 150&comma; 150&comma; 0.3); margin: 30px 0;'>\n<div style='display: flex; flex-wrap: wrap; gap: 20px; margin-bottom: 30px;'>\n<div style='flex: 1 1 250px; border: 1px solid rgba(150&comma; 150&comma; 150&comma; 0.4); border-radius: 8px; overflow: hidden; display: flex; flex-direction: column;'>\n<div style='padding: 15px; border-bottom: 1px solid rgba(150&comma; 150&comma; 150&comma; 0.2); font-weight: bold; font-size: 18px; color: inherit;'>Requisitos para instalaci\u00f3n<\/div>\n<div style='padding: 15px; color: inherit;'>\n<ul style='padding-left: 20px; margin: 0; font-size: 14px; list-style-type: disc;'>\n<li style='margin-bottom: 5px;'>1x <a href='https:\/\/www.syscom.mx\/producto\/PROPEDPASS-ACCESSPRO-144150.html' style='color: inherit; text-decoration: underline;'>PROPEDPASS<\/a> (Controlador de sem\u00e1foros cruce peatonal)<\/li>\n<li style='margin-bottom: 5px;'>2x <a href='https:\/\/www.syscom.mx\/producto\/PROBUTTON-ACCESSPRO-144149.html' style='color: inherit; text-decoration: underline;'>PROBUTTON<\/a> (Bot\u00f3n de petici\u00f3n de cruce)<\/li>\n<li style='margin-bottom: 5px;'>2x <a href='https:\/\/www.syscom.mx\/producto\/PRO-LIGHT-LEDT-ACCESSPRO-77982.html' style='color: inherit; text-decoration: underline;'>PROLIGHTLEDT<\/a> (Sem\u00e1foro vehicular)<\/li>\n<li style='margin-bottom: 5px;'>2x <a href='https:\/\/www.syscom.mx\/producto\/PROLIGHTPAST-ACCESSPRO-213501.html' style='color: inherit; text-decoration: underline;'>PROLIGHTPAST<\/a> (Sem\u00e1foro peatonal cuenta regresiva)<\/li>\n<\/ul><\/div>\n<\/p><\/div>\n<div style='flex: 1 1 250px; border: 1px solid rgba(150&comma; 150&comma; 150&comma; 0.4); border-radius: 8px; overflow: hidden; display: flex; flex-direction: column;'>\n<div style='padding: 15px; border-bottom: 1px solid rgba(150&comma; 150&comma; 150&comma; 0.2); font-weight: bold; font-size: 18px; color: inherit;'>Opciones adicionales<\/div>\n<div style='padding: 15px; color: inherit;'>\n<ul style='padding-left: 20px; margin: 0; font-size: 14px; list-style-type: disc;'>\n<li style='margin-bottom: 5px;'><a href='https:\/\/www.syscom.mx\/producto\/PROLIGHTPAS-ACCESSPRO-95582.html' style='color: inherit; text-decoration: underline;'>PROLIGHTPAS<\/a> (Sem\u00e1foro paso peat\u00f3n est\u00e1tico)<\/li>\n<li style='margin-bottom: 5px;'><a href='https:\/\/www.syscom.mx\/producto\/PROLIGHTPASD-ACCESSPRO-177243.html' style='color: inherit; text-decoration: underline;'>PROLIGHTPASD<\/a> (Sem\u00e1foro peatonal din\u00e1mico)<\/li>\n<li style='margin-bottom: 5px;'><a href='https:\/\/www.syscom.mx\/producto\/PRO-LIGHT-LEDT-30-ACCESSPRO-144144.html' style='color: inherit; text-decoration: underline;'>PROLIGHTLEDT30<\/a> (Sem\u00e1foro vehicular 300mm di\u00e1metro)<\/li>\n<\/ul><\/div>\n<\/p><\/div>\n<\/p><\/div>\n<hr style='border: 0; border-top: 1px solid rgba(150&comma; 150&comma; 150&comma; 0.3); margin: 30px 0;'>\n<div style='display: flex; flex-wrap: wrap; justify-content: center; margin-top: 20px;'>\n<div style='flex: 1 1 100%; max-width: 1080px;'> <img style='width: 100%; height: auto; border: 1px solid rgba(150&comma;150&comma;150&comma;0.3); border-radius: 8px;' src='https:\/\/ftp3.syscom.mx\/usuarios\/mario.rodriguez\/CONTROLADORSEMAFOROS\/PROPEDPASS\/Diagrama%20en%20blanco%20%282%29.jpeg' alt=''> <\/div>\n<\/p><\/div>\n<\/p><\/div>\n","protected":false},"excerpt":{"rendered":"<p>Controlador D \/ Tr\u00e1fico P \/ Cruce Peatonal \/ 5 Salidas \/ Con Gabinete.<\/p>\n","protected":false},"featured_media":32262,"comment_status":"open","ping_status":"closed","template":"","meta":[],"product_brand":[],"product_cat":[828],"product_tag":[401,234,829],"class_list":{"0":"post-32263","1":"product","2":"type-product","3":"status-publish","4":"has-post-thumbnail","6":"product_cat-semaforos-y-senalizacion","7":"product_tag-acceso-vehicular","8":"product_tag-accesspro","9":"product_tag-semaforos-y-senalizacion","11":"first","12":"outofstock","13":"sale","14":"shipping-taxable","15":"purchasable","16":"product-type-simple"},"_links":{"self":[{"href":"https:\/\/soydeaqui.ddns.net\/pachuca\/index.php\/wp-json\/wp\/v2\/product\/32263","targetHints":{"allow":["GET"]}}],"collection":[{"href":"https:\/\/soydeaqui.ddns.net\/pachuca\/index.php\/wp-json\/wp\/v2\/product"}],"about":[{"href":"https:\/\/soydeaqui.ddns.net\/pachuca\/index.php\/wp-json\/wp\/v2\/types\/product"}],"replies":[{"embeddable":true,"href":"https:\/\/soydeaqui.ddns.net\/pachuca\/index.php\/wp-json\/wp\/v2\/comments?post=32263"}],"wp:featuredmedia":[{"embeddable":true,"href":"https:\/\/soydeaqui.ddns.net\/pachuca\/index.php\/wp-json\/wp\/v2\/media\/32262"}],"wp:attachment":[{"href":"https:\/\/soydeaqui.ddns.net\/pachuca\/index.php\/wp-json\/wp\/v2\/media?parent=32263"}],"wp:term":[{"taxonomy":"product_brand","embeddable":true,"href":"https:\/\/soydeaqui.ddns.net\/pachuca\/index.php\/wp-json\/wp\/v2\/product_brand?post=32263"},{"taxonomy":"product_cat","embeddable":true,"href":"https:\/\/soydeaqui.ddns.net\/pachuca\/index.php\/wp-json\/wp\/v2\/product_cat?post=32263"},{"taxonomy":"product_tag","embeddable":true,"href":"https:\/\/soydeaqui.ddns.net\/pachuca\/index.php\/wp-json\/wp\/v2\/product_tag?post=32263"}],"curies":[{"name":"wp","href":"https:\/\/api.w.org\/{rel}","templated":true}]}}