{"id":32250,"date":"2026-03-18T14:30:40","date_gmt":"2026-03-18T14:30:40","guid":{"rendered":"https:\/\/soydeaqui.ddns.net\/pachuca\/index.php\/producto\/sensor-de-masa-mono-canal-ideal-para-automatizacion-de-barreras-vehiculares\/"},"modified":"2026-03-18T14:30:49","modified_gmt":"2026-03-18T14:30:49","slug":"sensor-de-masa-mono-canal-ideal-para-automatizacion-de-barreras-vehiculares","status":"publish","type":"product","link":"https:\/\/soydeaqui.ddns.net\/pachuca\/index.php\/producto\/sensor-de-masa-mono-canal-ideal-para-automatizacion-de-barreras-vehiculares\/","title":{"rendered":"Sensor de Masa Mono Canal \/ Ideal para Automatizaci\u00f3n de Barreras Vehiculares"},"content":{"rendered":"<div style='width: 100%; max-width: 1200px; margin: 0 auto; font-family: sans-serif; line-height: 1.6; color: inherit; background-color: transparent;'> <!-- Secci\u00f3n de caracter\u00edsticas en 3 columnas --> <\/p>\n<div style='display: flex; flex-wrap: wrap; gap: 30px; margin-bottom: 30px;'>\n<div style='flex: 1 1 300px; min-width: 280px;'>\n<div style='border-left: 5px solid #0091ff; border-radius: 5px; padding: 15px; box-shadow: 2px 2px 10px rgba(216&comma;216&comma;216&comma;0.5);'> <strong style='font-size: 18px; display: block; margin-bottom: 10px; color: inherit;'>Caracter\u00edsticas principales:<\/strong> <\/p>\n<ul style='padding-left: 20px; font-size: 15px; margin: 0; color: inherit;'>\n<li style='margin-bottom: 5px;'>Sensor de un canal<\/li>\n<li style='margin-bottom: 5px;'>Leds indicadores de estado<\/li>\n<li style='margin-bottom: 5px;'>Ideal para automatizaci\u00f3n de barreras vehiculares.<\/li>\n<\/ul><\/div>\n<\/p><\/div>\n<div style='flex: 1 1 300px; min-width: 280px;'>\n<div style='border-left: 5px solid #0091ff; border-radius: 5px; padding: 15px; box-shadow: 2px 2px 10px rgba(216&comma;216&comma;216&comma;0.5);'> <strong style='font-size: 18px; display: block; margin-bottom: 10px; color: inherit;'>Caracter\u00edsticas F\u00edsicas y El\u00e9ctricas:<\/strong> <\/p>\n<ul style='padding-left: 20px; font-size: 15px; margin: 0; color: inherit;'>\n<li style='margin-bottom: 5px;'>Alimentaci\u00f3n de 12-24 VAC\/Vcc<\/li>\n<li style='margin-bottom: 5px;'>Consumo m\u00e1ximo de 2.5W<\/li>\n<li style='margin-bottom: 5px;'>Dimensiones 76 x 38 x 76 mm<\/li>\n<\/ul><\/div>\n<\/p><\/div>\n<div style='flex: 1 1 300px; min-width: 280px;'>\n<div style='border-left: 5px solid #0091ff; border-radius: 5px; padding: 15px; box-shadow: 2px 2px 10px rgba(216&comma;216&comma;216&comma;0.5);'> <strong style='font-size: 18px; display: block; margin-bottom: 10px; color: inherit;'>Caracter\u00edsticas Destacadas:<\/strong> <\/p>\n<ul style='padding-left: 20px; font-size: 15px; margin: 0; color: inherit;'>\n<li style='margin-bottom: 5px;'>Tiempo de detecci\u00f3n de presencia de 1 a infinito.<\/li>\n<li style='margin-bottom: 5px;'>Grado de protecci\u00f3n IP40<\/li>\n<li style='margin-bottom: 5px;'>Temperatura de operaci\u00f3n -30 a 70\u00b0C.<\/li>\n<\/ul><\/div>\n<\/p><\/div>\n<\/p><\/div>\n<p> <!-- Separador --> <\/p>\n<hr style='border: 0; border-top: 1px solid rgba(150&comma; 150&comma; 150&comma; 0.3); margin: 30px 0;'> <!-- Secci\u00f3n de especificaciones y imagen --> <\/p>\n<div style='display: flex; flex-wrap: wrap; gap: 30px; margin-bottom: 30px;'>\n<div style='flex: 1 1 400px; min-width: 300px;'>\n<h3 style='font-size: 20px; border-bottom: 2px solid currentColor; padding-bottom: 5px; margin-top: 0; color: inherit; opacity: 0.8;'>Sensor de masa de un canal<\/h3>\n<p style='font-size: 15px; color: inherit;'>EN CASO DE UTILIZAR COMO PULSO DE CIERRE USAR TAMBI\u00c9N FOTOCELDAS PARA PROTECCI\u00d3N<\/p>\n<h3 style='font-size: 18px; border-bottom: 2px solid currentColor; padding-bottom: 5px; margin-top: 20px; color: inherit; opacity: 0.8;'>Caracter\u00edsticas:<\/h3>\n<ul style='padding-left: 20px; font-size: 15px; margin: 0 0 20px 0; color: inherit;'>\n<li style='margin-bottom: 5px;'>Tecnolog\u00eda de circuito inductivo<\/li>\n<li style='margin-bottom: 5px;'>Modo de detecci\u00f3n tipo presencia<\/li>\n<li style='margin-bottom: 5px;'>Salida de relevador NO\/NC<\/li>\n<li style='margin-bottom: 5px;'>Led de se\u00f1alizaci\u00f3n verde para estado de energ\u00eda<\/li>\n<li style='margin-bottom: 5px;'>Led de se\u00f1alizaci\u00f3n rojo para estado de detecci\u00f3n<\/li>\n<li style='margin-bottom: 5px;'>Consulte el diagrama de conexiones AQUI<\/li>\n<\/ul>\n<h3 style='font-size: 18px; border-bottom: 2px solid currentColor; padding-bottom: 5px; margin-top: 20px; color: inherit; opacity: 0.8;'>Compatible con los lazos magn\u00e9ticos (No incluidos):<\/h3>\n<ul style='padding-left: 20px; font-size: 15px; margin: 0 0 20px 0; color: inherit;'>\n<li style='margin-bottom: 5px;'><strong>SYSLM4<\/strong> Lazo magn\u00e9tico de 4 metros<\/li>\n<li style='margin-bottom: 5px;'><strong>SYSLM6<\/strong> Lazo magn\u00e9tico de 6 metros<\/li>\n<li style='margin-bottom: 5px;'><strong>SYSLM8<\/strong> Lazo magn\u00e9tico de 8 metros<\/li>\n<\/ul><\/div>\n<div style='flex: 1 1 400px; min-width: 300px;'> <img style='width: 100%; height: auto; border: 1px solid rgba(150&comma;150&comma;150&comma;0.3); border-radius: 8px;' src='https:\/\/ftp3.syscom.mx\/usuarios\/fotos\/BancoFotografiasSyscom\/BEA\/10MATRIXIIS1224\/10MATRIXIIS1224-p.PNG' alt='Sensor de masa BEA 10MATRIXIIS1224'> <\/div>\n<\/p><\/div>\n<p> <!-- Separador --> <\/p>\n<hr style='border: 0; border-top: 1px solid rgba(150&comma; 150&comma; 150&comma; 0.3); margin: 30px 0;'> <!-- Secci\u00f3n de compatibilidad y descripci\u00f3n --> <\/p>\n<div style='display: flex; flex-wrap: wrap; gap: 30px; margin-bottom: 30px;'>\n<div style='flex: 1 1 400px; min-width: 300px;'> <img style='width: 100%; height: auto; border: 1px solid rgba(150&comma;150&comma;150&comma;0.3); border-radius: 8px;' src='https:\/\/ftp3.syscom.mx\/usuarios\/fotos\/10MATRIXIIS1224\/144360-syscom_-_web_banner_matrix_20190710.png' alt='Banner de compatibilidad BEA Matrix'> <\/div>\n<div style='flex: 1 1 400px; min-width: 300px;'>\n<h3 style='font-size: 18px; border-bottom: 2px solid currentColor; padding-bottom: 5px; margin-top: 0; color: inherit; opacity: 0.8;'>Compatibilidad con barreras<\/h3>\n<ul style='padding-left: 20px; font-size: 15px; margin: 0 0 20px 0; color: inherit;'>\n<li style='margin-bottom: 5px;'><strong>Series de barreras CAME<\/strong> GARD y G3750<\/li>\n<li style='margin-bottom: 5px;'><strong>Series de barreras<\/strong> XB AccessPRO<\/li>\n<\/ul>\n<p style='font-size: 15px; margin-bottom: 10px; color: inherit;'><strong>El sensor de masa Matrix es la soluci\u00f3n ideal para el control de estacionamientos con barreras&comma; portones corredizos&comma; control de acceso de vehiculos y sistemas de control industriales.<\/strong><\/p>\n<p style='font-size: 15px; margin-bottom: 10px; color: inherit;'><strong>Matrix es un detector de veh\u00edculos de canal simple&comma; de alto rendimiento&comma; alojado en una carcasa compacta.<\/strong><\/p>\n<p style='font-size: 15px; margin-bottom: 0; color: inherit;'><strong>Ideal para automatizaci\u00f3n de salida en portones corredizos y cierre de barreras veh\u00edculares.<\/strong><\/p>\n<\/p><\/div>\n<\/p><\/div>\n<p> <!-- Separador final --> <\/p>\n<hr style='border: 0; border-top: 1px solid rgba(150&comma; 150&comma; 150&comma; 0.3); margin: 30px 0;'> <\/div>\n","protected":false},"excerpt":{"rendered":"<p>Sensor de Masa Mono Canal \/ Ideal para Automatizaci\u00f3n de Barreras Vehiculares<\/p>\n","protected":false},"featured_media":32249,"comment_status":"open","ping_status":"closed","template":"","meta":[],"product_brand":[],"product_cat":[777],"product_tag":[401,93,843],"class_list":{"0":"post-32250","1":"product","2":"type-product","3":"status-publish","4":"has-post-thumbnail","6":"product_cat-accesorios-acceso-vehicular","7":"product_tag-acceso-vehicular","8":"product_tag-accesorios","9":"product_tag-bea","11":"first","12":"instock","13":"sale","14":"shipping-taxable","15":"purchasable","16":"product-type-simple"},"_links":{"self":[{"href":"https:\/\/soydeaqui.ddns.net\/pachuca\/index.php\/wp-json\/wp\/v2\/product\/32250","targetHints":{"allow":["GET"]}}],"collection":[{"href":"https:\/\/soydeaqui.ddns.net\/pachuca\/index.php\/wp-json\/wp\/v2\/product"}],"about":[{"href":"https:\/\/soydeaqui.ddns.net\/pachuca\/index.php\/wp-json\/wp\/v2\/types\/product"}],"replies":[{"embeddable":true,"href":"https:\/\/soydeaqui.ddns.net\/pachuca\/index.php\/wp-json\/wp\/v2\/comments?post=32250"}],"wp:featuredmedia":[{"embeddable":true,"href":"https:\/\/soydeaqui.ddns.net\/pachuca\/index.php\/wp-json\/wp\/v2\/media\/32249"}],"wp:attachment":[{"href":"https:\/\/soydeaqui.ddns.net\/pachuca\/index.php\/wp-json\/wp\/v2\/media?parent=32250"}],"wp:term":[{"taxonomy":"product_brand","embeddable":true,"href":"https:\/\/soydeaqui.ddns.net\/pachuca\/index.php\/wp-json\/wp\/v2\/product_brand?post=32250"},{"taxonomy":"product_cat","embeddable":true,"href":"https:\/\/soydeaqui.ddns.net\/pachuca\/index.php\/wp-json\/wp\/v2\/product_cat?post=32250"},{"taxonomy":"product_tag","embeddable":true,"href":"https:\/\/soydeaqui.ddns.net\/pachuca\/index.php\/wp-json\/wp\/v2\/product_tag?post=32250"}],"curies":[{"name":"wp","href":"https:\/\/api.w.org\/{rel}","templated":true}]}}