{"id":32245,"date":"2026-03-18T14:30:32","date_gmt":"2026-03-18T14:30:32","guid":{"rendered":"https:\/\/soydeaqui.ddns.net\/pachuca\/index.php\/producto\/sensor-de-masa-para-barreras-de-dos-canales-ideal-para-accesos-vehiculares\/"},"modified":"2026-03-18T14:30:37","modified_gmt":"2026-03-18T14:30:37","slug":"sensor-de-masa-para-barreras-de-dos-canales-ideal-para-accesos-vehiculares","status":"publish","type":"product","link":"https:\/\/soydeaqui.ddns.net\/pachuca\/index.php\/producto\/sensor-de-masa-para-barreras-de-dos-canales-ideal-para-accesos-vehiculares\/","title":{"rendered":"Sensor de masa para barreras de Dos Canales \/ Ideal para Accesos Vehiculares"},"content":{"rendered":"<div style='width: 100%; max-width: 1200px; margin: 0 auto; font-family: sans-serif; line-height: 1.6; color: inherit; background-color: transparent;'> <!-- Secci\u00f3n de caracter\u00edsticas principales --> <\/p>\n<div style='display: flex; flex-wrap: wrap; gap: 30px; margin-bottom: 30px;'>\n<div style='flex: 1 1 300px; min-width: 280px;'>\n<h3 style='font-size: 22px; border-bottom: 2px solid currentColor; padding-bottom: 5px; margin-top: 0; color: inherit; opacity: 0.8;'>Caracter\u00edsticas principales<\/h3>\n<ul style='padding-left: 20px; font-size: 15px; color: inherit;'>\n<li style='margin-bottom: 5px;'>Sensor de masa de doble canal<\/li>\n<li style='margin-bottom: 5px;'>Leds indicadores de estado<\/li>\n<li style='margin-bottom: 5px;'>Ideal para automatizaci\u00f3n de barreras vehiculares<\/li>\n<\/ul><\/div>\n<div style='flex: 1 1 300px; min-width: 280px;'>\n<h3 style='font-size: 22px; border-bottom: 2px solid currentColor; padding-bottom: 5px; margin-top: 0; color: inherit; opacity: 0.8;'>Caracter\u00edsticas F\u00edsicas y El\u00e9ctricas<\/h3>\n<ul style='padding-left: 20px; font-size: 15px; color: inherit;'>\n<li style='margin-bottom: 5px;'>Alimentaci\u00f3n de 12-24 VAC\/Vcc<\/li>\n<li style='margin-bottom: 5px;'>Consumo m\u00e1ximo de 2.5W<\/li>\n<li style='margin-bottom: 5px;'>Dimensiones 76 x 38 x 76 mm<\/li>\n<\/ul><\/div>\n<div style='flex: 1 1 300px; min-width: 280px;'>\n<h3 style='font-size: 22px; border-bottom: 2px solid currentColor; padding-bottom: 5px; margin-top: 0; color: inherit; opacity: 0.8;'>Caracter\u00edsticas Destacadas<\/h3>\n<ul style='padding-left: 20px; font-size: 15px; color: inherit;'>\n<li style='margin-bottom: 5px;'>Tiempo de detecci\u00f3n de presencia de 1 a infinito<\/li>\n<li style='margin-bottom: 5px;'>Grado de protecci\u00f3n IP40<\/li>\n<li style='margin-bottom: 5px;'>Temperatura de operaci\u00f3n -30 a 70\u00b0C<\/li>\n<\/ul><\/div>\n<\/p><\/div>\n<p> <!-- Separador --> <\/p>\n<hr style='border: 0; border-top: 1px solid rgba(150&comma; 150&comma; 150&comma; 0.3); margin: 30px 0;'> <!-- Secci\u00f3n de descripci\u00f3n detallada --> <\/p>\n<div style='display: flex; flex-wrap: wrap; gap: 30px; margin-bottom: 30px;'>\n<div style='flex: 1 1 400px; min-width: 300px;'>\n<h3 style='font-size: 20px; margin-top: 0; color: inherit;'>Sensor de masa de un canal<\/h3>\n<h4 style='font-size: 18px; margin-top: 0; color: inherit;'>Caracter\u00edsticas:<\/h4>\n<ul style='padding-left: 20px; font-size: 15px; color: inherit;'>\n<li style='margin-bottom: 5px;'>Tecnolog\u00eda de circuito inductivo<\/li>\n<li style='margin-bottom: 5px;'>Modo de detecci\u00f3n tipo presencia<\/li>\n<li style='margin-bottom: 5px;'>Salida de relevador NO\/NC<\/li>\n<li style='margin-bottom: 5px;'>Led de se\u00f1alizaci\u00f3n verde para estado de energ\u00eda<\/li>\n<li style='margin-bottom: 5px;'>Led de se\u00f1alizaci\u00f3n rojo para estado de detecci\u00f3n<\/li>\n<li style='margin-bottom: 5px;'>Revise el diagrama de conexiones <a style='color: #0091ff; text-decoration: none;' href='https:\/\/ftp3.syscom.mx\/usuarios\/ftp\/2021\/07\/01\/028aa\/Diagrama%20de%20conexiones%2010MATRIXD1224.pdf' target='_blank' rel='noopener'><strong>AQUI<\/strong><\/a><\/li>\n<\/ul>\n<h4 style='font-size: 18px; margin-top: 20px; margin-bottom: 10px; color: inherit;'>Compatible con los lazos magn\u00e9ticos (No incluidos):<\/h4>\n<ul style='padding-left: 20px; font-size: 15px; color: inherit;'>\n<li style='margin-bottom: 5px;'><strong>SYSLM4<\/strong> Lazo magn\u00e9tico de 4 metros<\/li>\n<li style='margin-bottom: 5px;'><strong>SYSLM6<\/strong> Lazo magn\u00e9tico de 6 metros<\/li>\n<li style='margin-bottom: 5px;'><strong>SYSLM8<\/strong> Lazo magn\u00e9tico de 8 metros<\/li>\n<\/ul><\/div>\n<div style='flex: 1 1 400px; min-width: 300px;'> <img style='width: 100%; height: auto; border: 1px solid rgba(150&comma;150&comma;150&comma;0.3); border-radius: 8px;' src='https:\/\/ftp3.syscom.mx\/usuarios\/fotos\/BancoFotografiasSyscom\/BEA\/10MATRIXD1224\/10MATRIXD1224-p.PNG' alt='Sensor de masa BEA 10MATRIXD1224'> <\/div>\n<\/p><\/div>\n<p> <!-- Advertencia --> <\/p>\n<div style='margin: 30px 0; padding: 20px; border-left: 5px solid #e74c3c; background-color: rgba(231&comma; 76&comma; 60&comma; 0.05); color: inherit;'>\n<p style='margin: 0; font-size: 16px; color: #e74c3c; text-align: center;'> Si se va a utilizar como dispositivo de cierre&comma; se deben de colocar fotoceldas de seguridad en una posici\u00f3n adecuada en su automatizaci\u00f3n. <\/p>\n<\/p><\/div>\n<p> <!-- Separador --> <\/p>\n<hr style='border: 0; border-top: 1px solid rgba(150&comma; 150&comma; 150&comma; 0.3); margin: 30px 0;'> <!-- Secci\u00f3n de compatibilidad con barreras --> <\/p>\n<div style='display: flex; flex-wrap: wrap; gap: 30px; margin-bottom: 30px;'>\n<div style='flex: 1 1 400px; min-width: 300px;'> <img style='width: 100%; height: auto; border: 1px solid rgba(150&comma;150&comma;150&comma;0.3); border-radius: 8px;' src='https:\/\/ftp3.syscom.mx\/usuarios\/fotos\/10MATRIXIIS1224\/144360-syscom_-_web_banner_matrix_20190710.png' alt='Compatibilidad con barreras'> <\/div>\n<div style='flex: 1 1 400px; min-width: 300px;'>\n<h4 style='font-size: 18px; margin-top: 0; color: inherit;'>Compatibilidad con barreras<\/h4>\n<ul style='padding-left: 20px; font-size: 15px; color: inherit;'>\n<li style='margin-bottom: 5px;'>Series de barreras CAME <strong>GARD<\/strong> y <strong>G3750<\/strong><\/li>\n<li style='margin-bottom: 5px;'>Series de barreras <strong>XB AccessPRO<\/strong><\/li>\n<\/ul>\n<p style='margin-top: 15px; color: inherit; font-size: 15px;'> El sensor de masa Matrix es la soluci\u00f3n ideal para el control de estacionamientos con barreras&comma; portones corredizos&comma; control de acceso de vehiculos y sistemas de control industriales. <\/p>\n<p style='margin-top: 10px; color: inherit; font-size: 15px;'> Matrix es un detector de veh\u00edculos de canal simple&comma; de alto rendimiento&comma; alojado en una carcasa compacta. <\/p>\n<p style='margin-top: 10px; color: inherit; font-size: 15px;'> Ideal para automatizaci\u00f3n de salida en portones corredizos y cierre de barreras veh\u00edculares. <\/p>\n<\/p><\/div>\n<\/p><\/div>\n<p> <!-- Separador --> <\/p>\n<hr style='border: 0; border-top: 1px solid rgba(150&comma; 150&comma; 150&comma; 0.3); margin: 30px 0;'> <!-- Secci\u00f3n de videos --> <\/p>\n<div style='display: flex; flex-wrap: wrap; gap: 30px; margin-bottom: 30px;'>\n<div style='flex: 1 1 400px; min-width: 300px;'>\n<div style='position: relative; padding-bottom: 56.25%; height: 0; overflow: hidden; margin-bottom: 30px;'>   <\/div>\n<\/p><\/div>\n<div style='flex: 1 1 400px; min-width: 300px;'>\n<div style='position: relative; padding-bottom: 56.25%; height: 0; overflow: hidden; margin-bottom: 30px;'>   <\/div>\n<\/p><\/div>\n<\/p><\/div>\n<p> <!-- Separador final --> <\/p>\n<hr style='border: 0; border-top: 1px solid rgba(150&comma; 150&comma; 150&comma; 0.3); margin: 30px 0;'> <\/div>\n","protected":false},"excerpt":{"rendered":"<p>Sensor de masa para barreras de Dos Canales \/ Ideal para Accesos Vehiculares<\/p>\n","protected":false},"featured_media":32244,"comment_status":"open","ping_status":"closed","template":"","meta":[],"product_brand":[],"product_cat":[777],"product_tag":[401,93,843],"class_list":{"0":"post-32245","1":"product","2":"type-product","3":"status-publish","4":"has-post-thumbnail","6":"product_cat-accesorios-acceso-vehicular","7":"product_tag-acceso-vehicular","8":"product_tag-accesorios","9":"product_tag-bea","11":"first","12":"instock","13":"sale","14":"shipping-taxable","15":"purchasable","16":"product-type-simple"},"_links":{"self":[{"href":"https:\/\/soydeaqui.ddns.net\/pachuca\/index.php\/wp-json\/wp\/v2\/product\/32245","targetHints":{"allow":["GET"]}}],"collection":[{"href":"https:\/\/soydeaqui.ddns.net\/pachuca\/index.php\/wp-json\/wp\/v2\/product"}],"about":[{"href":"https:\/\/soydeaqui.ddns.net\/pachuca\/index.php\/wp-json\/wp\/v2\/types\/product"}],"replies":[{"embeddable":true,"href":"https:\/\/soydeaqui.ddns.net\/pachuca\/index.php\/wp-json\/wp\/v2\/comments?post=32245"}],"wp:featuredmedia":[{"embeddable":true,"href":"https:\/\/soydeaqui.ddns.net\/pachuca\/index.php\/wp-json\/wp\/v2\/media\/32244"}],"wp:attachment":[{"href":"https:\/\/soydeaqui.ddns.net\/pachuca\/index.php\/wp-json\/wp\/v2\/media?parent=32245"}],"wp:term":[{"taxonomy":"product_brand","embeddable":true,"href":"https:\/\/soydeaqui.ddns.net\/pachuca\/index.php\/wp-json\/wp\/v2\/product_brand?post=32245"},{"taxonomy":"product_cat","embeddable":true,"href":"https:\/\/soydeaqui.ddns.net\/pachuca\/index.php\/wp-json\/wp\/v2\/product_cat?post=32245"},{"taxonomy":"product_tag","embeddable":true,"href":"https:\/\/soydeaqui.ddns.net\/pachuca\/index.php\/wp-json\/wp\/v2\/product_tag?post=32245"}],"curies":[{"name":"wp","href":"https:\/\/api.w.org\/{rel}","templated":true}]}}