{"id":32241,"date":"2026-03-18T14:30:27","date_gmt":"2026-03-18T14:30:27","guid":{"rendered":"https:\/\/soydeaqui.ddns.net\/pachuca\/index.php\/producto\/tarjeta-de-proximidad-isoprox-ii-hid-delgada-perforada-horizontalmente-garantia-de-por-vida-1586-1386\/"},"modified":"2026-03-18T14:30:28","modified_gmt":"2026-03-18T14:30:28","slug":"tarjeta-de-proximidad-isoprox-ii-hid-delgada-perforada-horizontalmente-garantia-de-por-vida-1586-1386","status":"publish","type":"product","link":"https:\/\/soydeaqui.ddns.net\/pachuca\/index.php\/producto\/tarjeta-de-proximidad-isoprox-ii-hid-delgada-perforada-horizontalmente-garantia-de-por-vida-1586-1386\/","title":{"rendered":"Tarjeta de Proximidad ISOProx II HID  (Delgada) Perforada  Horizontalmente \/ Garant\u00eda de por Vida\/ 1586\/1386"},"content":{"rendered":"<div style='width: 100%; max-width: 1200px; margin: 0 auto; font-family: sans-serif; line-height: 1.6; color: inherit;'>\n<div style='display: flex; flex-wrap: wrap; gap: 30px; margin-bottom: 30px;'>\n<div style='flex: 1 1 300px; min-width: 280px;'>\n<h3 style='font-size: 22px; border-bottom: 2px solid currentColor; padding-bottom: 5px; margin-top: 0; color: inherit; opacity: 0.8;'>Caracter\u00edsticas Generales<\/h3>\n<ul style='padding-left: 20px; font-size: 15px; color: inherit;'>\n<li style='margin-bottom: 5px;'>Referencia HID: <strong>1586LGGMH<\/strong><\/li>\n<li style='margin-bottom: 5px;'>Al tener una perforaci\u00f3n no se recomienda imprimirla por que podr\u00eda da\u00f1ar el cabezal de impresi\u00f3n<\/li>\n<li style='margin-bottom: 5px;'>Elaborada en PVC&comma; para m\u00e1s resistencia al uso cotidiano<\/li>\n<li style='margin-bottom: 5px;'>Disponible en formato 26 bits<\/li>\n<li style='margin-bottom: 5px;'>Requiere un m\u00ednimo de orden de 100 pzs<\/li>\n<li style='margin-bottom: 5px;'>Es <strong>indispensable<\/strong> para ordenar indicar formato&comma; c\u00f3digo de sitio&comma; consecutivo de tarjeta. Por favor llenar el siguiente <a style='color: #005cb9; text-decoration: none; font-weight: 600;' href='http:\/\/ftp3.syscom.mx\/usuarios\/ftp\/2017\/09\/07\/36288\/FOR%207.4%20025%20CMP%20Formato%20para%20Solicitud%20de%20Tarjetas%20HID%20rev.%20001.docx' target='_blank'>formulario<\/a><\/li>\n<li style='margin-bottom: 5px;'>Agregue un formato controlado por el usuario&comma; conozca qu\u00e9 es <a style='color: #005cb9; text-decoration: none; font-weight: 600;' href='http:\/\/ftp3.syscom.mx\/usuarios\/ftp\/2017\/09\/08\/ae5a5\/corporate1000_ds_es.pdf' target='_blank'>Corporate 1000<\/a>. Disponible en SYSCOM a 48 bits<\/li>\n<li style='margin-bottom: 5px;'>Para formatos Corporate 1000 es necesario llenar una documentaci\u00f3n adicional al momento de la compra<\/li>\n<li style='margin-bottom: 5px;'>Dimensiones: 5.4 x 8.6 x 0.076 mm<\/li>\n<li style='margin-bottom: 5px;'>Garant\u00eda de por Vida<\/li>\n<li style='margin-bottom: 5px;'><strong>Perforada de forma horizontal<\/strong><\/li>\n<\/ul><\/div>\n<div style='flex: 1 1 300px; min-width: 280px;'>\n<h3 style='font-size: 22px; border-bottom: 2px solid currentColor; padding-bottom: 5px; margin-top: 0; color: inherit; opacity: 0.8;'>Compatibilidad<\/h3>\n<ul style='padding-left: 20px; font-size: 15px; color: inherit;'>\n<li style='margin-bottom: 5px;'>Compatibilidad con lectores HID PROX:<\/li>\n<li style='margin-bottom: 5px;'><a style='color: #005cb9; text-decoration: none; font-weight: 600;' href='https:\/\/www.syscom.mx\/principal\/searchcont?route=PROXPOINT-HID-136145&#038;autodetect=proxpoint' target='_blank'>PROXPOINT<\/a><\/li>\n<li style='margin-bottom: 5px;'><a style='color: #005cb9; text-decoration: none; font-weight: 600;' href='https:\/\/www.syscom.mx\/principal\/searchcont?route=MINIPROX-HID-97136&#038;autodetect=proxpoint' target='_blank'>MINIPROX<\/a><\/li>\n<li style='margin-bottom: 5px;'><a style='color: #005cb9; text-decoration: none; font-weight: 600;' href='https:\/\/www.syscom.mx\/principal\/searchcont?route=THINLINE-HID-97137&#038;autodetect=proxpoint' target='_blank'>THINLINE<\/a><\/li>\n<\/ul><\/div>\n<div style='flex: 1 1 300px; min-width: 280px;'>\n<h3 style='font-size: 22px; border-bottom: 2px solid currentColor; padding-bottom: 5px; margin-top: 0; color: inherit; opacity: 0.8;'>Distancia M\u00e1xima de Lectura<\/h3>\n<ul style='padding-left: 20px; font-size: 15px; color: inherit;'>\n<li style='margin-bottom: 5px;'>Lector ProxPoint\u00ae Plus &#8211; hasta 2.5&#8242; (6.25 cm)<\/li>\n<li style='margin-bottom: 5px;'>Lector MiniProx\u00ae &#8211; hasta 5&#8242; (12.5 cm)<\/li>\n<li style='margin-bottom: 5px;'>Lector ThinLine II\u00ae &#8211; hasta 5&#8242; (12.5 cm)<\/li>\n<li style='margin-bottom: 5px;'>Lector ProxPro\u00ae &#8211; hasta 7&#8242; (17.5 cm)<\/li>\n<li style='margin-bottom: 5px;'>Lector ProxPro\u00ae II &#8211; hasta 8&#8242; (20 cm)<\/li>\n<li style='margin-bottom: 5px;'>Prox80\u2122 &#8211; hasta 5&#8242; (12.7 cm)<\/li>\n<li style='margin-bottom: 5px;'>Lector MaxiProx\u00ae &#8211; hasta 20&#8242; (50 cm)<\/li>\n<\/ul>\n<p style='margin-top: 15px; font-size: 14px; color: inherit; opacity: 0.8;'>* Seg\u00fan las condiciones de instalaci\u00f3n en particular<\/p>\n<\/p><\/div>\n<\/p><\/div>\n<div style='display: flex; flex-wrap: wrap; gap: 20px; margin-bottom: 30px;'>\n<div style='flex: 1 1 100%; border: 1px solid rgba(150&comma; 150&comma; 150&comma; 0.4); border-radius: 8px; overflow: hidden; display: flex; flex-direction: column;'>\n<div style='padding: 15px; border-bottom: 1px solid rgba(150&comma; 150&comma; 150&comma; 0.2); font-weight: bold; font-size: 18px; color: inherit;'>Informaci\u00f3n Adicional<\/div>\n<div style='padding: 15px; color: inherit;'>\n<p style='margin: 0; font-size: 15px; color: inherit;'>Producto sobre pedido<\/p>\n<\/p><\/div>\n<\/p><\/div>\n<\/p><\/div>\n<hr style='border: 0; border-top: 1px solid rgba(150&comma; 150&comma; 150&comma; 0.3); margin: 30px 0;'> <\/div>\n","protected":false},"excerpt":{"rendered":"<p>Tarjeta de Proximidad ISOProx II HID  (Delgada) Perforada  Horizontalmente \/ Garant\u00eda de por Vida\/ 1586\/1386<\/p>\n","protected":false},"featured_media":32240,"comment_status":"open","ping_status":"closed","template":"","meta":[],"product_brand":[],"product_cat":[469],"product_tag":[93,814,470],"class_list":{"0":"post-32241","1":"product","2":"type-product","3":"status-publish","4":"has-post-thumbnail","6":"product_cat-tarjetas-y-tags","7":"product_tag-accesorios","8":"product_tag-hid","9":"product_tag-tarjetas-y-tags","11":"first","12":"outofstock","13":"sale","14":"shipping-taxable","15":"purchasable","16":"product-type-simple"},"_links":{"self":[{"href":"https:\/\/soydeaqui.ddns.net\/pachuca\/index.php\/wp-json\/wp\/v2\/product\/32241","targetHints":{"allow":["GET"]}}],"collection":[{"href":"https:\/\/soydeaqui.ddns.net\/pachuca\/index.php\/wp-json\/wp\/v2\/product"}],"about":[{"href":"https:\/\/soydeaqui.ddns.net\/pachuca\/index.php\/wp-json\/wp\/v2\/types\/product"}],"replies":[{"embeddable":true,"href":"https:\/\/soydeaqui.ddns.net\/pachuca\/index.php\/wp-json\/wp\/v2\/comments?post=32241"}],"wp:featuredmedia":[{"embeddable":true,"href":"https:\/\/soydeaqui.ddns.net\/pachuca\/index.php\/wp-json\/wp\/v2\/media\/32240"}],"wp:attachment":[{"href":"https:\/\/soydeaqui.ddns.net\/pachuca\/index.php\/wp-json\/wp\/v2\/media?parent=32241"}],"wp:term":[{"taxonomy":"product_brand","embeddable":true,"href":"https:\/\/soydeaqui.ddns.net\/pachuca\/index.php\/wp-json\/wp\/v2\/product_brand?post=32241"},{"taxonomy":"product_cat","embeddable":true,"href":"https:\/\/soydeaqui.ddns.net\/pachuca\/index.php\/wp-json\/wp\/v2\/product_cat?post=32241"},{"taxonomy":"product_tag","embeddable":true,"href":"https:\/\/soydeaqui.ddns.net\/pachuca\/index.php\/wp-json\/wp\/v2\/product_tag?post=32241"}],"curies":[{"name":"wp","href":"https:\/\/api.w.org\/{rel}","templated":true}]}}