{"id":32232,"date":"2026-03-18T14:30:14","date_gmt":"2026-03-18T14:30:14","guid":{"rendered":"https:\/\/soydeaqui.ddns.net\/pachuca\/index.php\/producto\/bolardo-hidraulico-alta-resistencia-al-impacto-hasta-300-000-j-uso-intensivo-bomba-italiana-requiere-tarjeta-controladora-no-incluida-facil-instalacion\/"},"modified":"2026-03-18T14:30:16","modified_gmt":"2026-03-18T14:30:16","slug":"bolardo-hidraulico-alta-resistencia-al-impacto-hasta-300-000-j-uso-intensivo-bomba-italiana-requiere-tarjeta-controladora-no-incluida-facil-instalacion","status":"publish","type":"product","link":"https:\/\/soydeaqui.ddns.net\/pachuca\/index.php\/producto\/bolardo-hidraulico-alta-resistencia-al-impacto-hasta-300-000-j-uso-intensivo-bomba-italiana-requiere-tarjeta-controladora-no-incluida-facil-instalacion\/","title":{"rendered":"Bolardo Hidr\u00e1ulico \/ Alta resistencia al impacto hasta 300 000 J \/ Uso intensivo (Bomba italiana)\/ Requiere Tarjeta controladora (No incluida)  \/ F\u00e1cil instalaci\u00f3n"},"content":{"rendered":"<div style='width: 100%; max-width: 1200px; margin: 0 auto; font-family: sans-serif; line-height: 1.6; color: inherit; background-color: transparent;'>\n<hr style='border: 0; border-top: 1px solid rgba(150&comma; 150&comma; 150&comma; 0.3); margin: 30px 0;'> <!-- Imagen principal --> <\/p>\n<div style='width: 100%; margin-bottom: 30px;'> <img style='width: 100%; height: auto; border: 1px solid rgba(150&comma;150&comma;150&comma;0.3); border-radius: 8px;' src='https:\/\/ftp3.syscom.mx\/usuarios\/fotos\/XB220\/163327-front-bolardos.png' alt='Bolardos'> <\/div>\n<hr style='border: 0; border-top: 1px solid rgba(150&comma; 150&comma; 150&comma; 0.3); margin: 30px 0;'> <!-- Caracter\u00edsticas principales --> <\/p>\n<div style='display: flex; flex-wrap: wrap; gap: 30px; margin-bottom: 30px;'>\n<div style='flex: 1 1 300px; min-width: 280px;'>\n<div style='border-left: 5px solid #0091ff; border-radius: 5px; padding: 5px; box-shadow: 2px 2px 10px rgba(216&comma; 216&comma; 216&comma; 0.3);'> <strong style='font-size: 16px; color: inherit;'>Caracter\u00edsticas principales:<\/strong> <\/p>\n<ul style='padding-left: 20px; font-size: 14px; color: inherit;'>\n<li style='margin-bottom: 5px;'>Fabricado en Acero al carbon<\/li>\n<li style='margin-bottom: 5px;'>Di\u00e1metro de 275 mm<\/li>\n<li style='margin-bottom: 5px;'>Altura en elevaci\u00f3n de 600 mm<\/li>\n<li style='margin-bottom: 5px;'>Tiempo de elevaci\u00f3n 5 a 7 segundos.<\/li>\n<\/ul><\/div>\n<\/p><\/div>\n<div style='flex: 1 1 300px; min-width: 280px;'>\n<div style='border-left: 5px solid #0091ff; border-radius: 5px; padding: 5px; box-shadow: 2px 2px 10px rgba(216&comma; 216&comma; 216&comma; 0.3);'> <strong style='font-size: 16px; color: inherit;'>Caracter\u00edsticas F\u00edsicas y El\u00e9ctricas:<\/strong> <\/p>\n<ul style='padding-left: 20px; font-size: 14px; color: inherit;'>\n<li style='margin-bottom: 5px;'>M\u00e9todo de operaci\u00f3n hidraulico<\/li>\n<li style='margin-bottom: 5px;'>Bomba Italiana interconstruida.<\/li>\n<li style='margin-bottom: 5px;'>Alimentaci\u00f3n del dispositivo 220 VAC<\/li>\n<\/ul><\/div>\n<\/p><\/div>\n<div style='flex: 1 1 300px; min-width: 280px;'>\n<div style='border-left: 5px solid #0091ff; border-radius: 5px; padding: 5px; box-shadow: 2px 2px 10px rgba(216&comma; 216&comma; 216&comma; 0.3);'> <strong style='font-size: 16px; color: inherit;'>Caracter\u00edsticas Destacadas:<\/strong> <\/p>\n<ul style='padding-left: 20px; font-size: 14px; color: inherit;'>\n<li style='margin-bottom: 5px;'>Capacidad de operaci\u00f3n hasta 120 ciclos por hora.<\/li>\n<li style='margin-bottom: 5px;'>Resistencia al impacto de 300&comma;000 Joules.<\/li>\n<li style='margin-bottom: 5px;'>Incluye todo lo necesario para su instalaci\u00f3n.<\/li>\n<\/ul><\/div>\n<\/p><\/div>\n<\/p><\/div>\n<hr style='border: 0; border-top: 1px solid rgba(150&comma; 150&comma; 150&comma; 0.3); margin: 30px 0;'> <!-- Caracter\u00edsticas adicionales --> <\/p>\n<div style='display: flex; flex-wrap: wrap; gap: 30px; margin-bottom: 30px;'>\n<div style='flex: 1 1 400px; min-width: 280px;'>\n<h3 style='font-size: 22px; border-bottom: 2px solid currentColor; padding-bottom: 5px; margin-top: 0; color: inherit; opacity: 0.8;'>Bolardo hidraulico de acero pintado<\/h3>\n<h4 style='font-size: 18px; color: inherit; margin-top: 20px; margin-bottom: 15px;'>Caracteristicas adicionales:<\/h4>\n<ul style='padding-left: 20px; font-size: 14px; color: inherit;'>\n<li style='margin-bottom: 5px;'>Fabricado en acero al carbon<\/li>\n<li style='margin-bottom: 5px;'>Acabado en pintura electrostatica.<\/li>\n<li style='margin-bottom: 5px;'>Principio de operacion hidraulico.<\/li>\n<li style='margin-bottom: 5px;'>Resistencia al impacto de 300&comma;000 Joules.<\/li>\n<li style='margin-bottom: 5px;'>Tira led en color rojo y cinta reflectiva<\/li>\n<li style='margin-bottom: 5px;'>Abierto en caso de falla<\/li>\n<li style='margin-bottom: 5px;'>Dimensiones de 750 x 600 mm<\/li>\n<li style='margin-bottom: 5px;'>Contenedor del bolardo fabricado en acero al carbon.<\/li>\n<\/ul>\n<p style='margin-top: 25px; text-align: center; font-size: 14px; color: inherit;'> La l\u00ednea de Bolardos Hidr\u00e1ulicos AccessPRO aseguran el acceso vehicular en \u00e1reas cr\u00edticas. Una rapida instalaci\u00f3n y un dise\u00f1o elegante. <\/p>\n<\/p><\/div>\n<div style='flex: 1 1 400px; min-width: 280px;'> <img style='width: 100%; height: auto; border: 1px solid rgba(150&comma;150&comma;150&comma;0.3); border-radius: 8px;' src='https:\/\/ftp3.syscom.mx\/usuarios\/fotos\/BancoFotografiasSyscom\/ACCESSPROINDUSTRIAL\/XB220H06K\/XB220H06K-p.PNG' alt=''> <\/div>\n<\/p><\/div>\n<hr style='border: 0; border-top: 1px solid rgba(150&comma; 150&comma; 150&comma; 0.3); margin: 30px 0;'> <!-- Requerimientos de instalaci\u00f3n --> <\/p>\n<div style='display: flex; flex-wrap: wrap; gap: 30px; margin-bottom: 30px;'>\n<div style='flex: 1 1 400px; min-width: 280px;'> <img style='width: 100%; height: auto; border: 1px solid rgba(150&comma;150&comma;150&comma;0.3); border-radius: 8px;' src='http:\/\/ftp3.syscom.mx\/usuarios\/fotos\/xb275.jpg' alt=''> <\/div>\n<div style='flex: 1 1 400px; min-width: 280px;'>\n<h4 style='font-size: 18px; color: inherit; margin-top: 0; margin-bottom: 15px;'>\u00bfQue necesito para una instalaci\u00f3n?<\/h4>\n<ul style='padding-left: 20px; font-size: 14px; color: inherit;'>\n<li style='margin-bottom: 5px;'><strong style='color: inherit;'>XBSSW01<\/strong> Botonera triple de uso rudo para activaci\u00f3n.<\/li>\n<li style='margin-bottom: 5px;'><strong style='color: inherit;'>XBSRR16<\/strong> Fotocelda de seguridad.<\/li>\n<li style='margin-bottom: 5px;'><strong style='color: inherit;'>XB-HB-KC<\/strong> Controlador de bolardos <strong style='color: inherit;'>XB-275-H07K<\/strong><\/li>\n<\/ul>\n<h4 style='font-size: 18px; color: inherit; margin-top: 25px; margin-bottom: 15px;'>Notas adicionales:<\/h4>\n<ul style='padding-left: 20px; font-size: 14px; color: inherit;'>\n<li style='margin-bottom: 5px;'>Equipo con un a\u00f1o de garantia contra defectos de fabricaci\u00f3n<\/li>\n<li style='margin-bottom: 5px;'>Se requiere de un pulso de contacto seco para su activacion.<\/li>\n<\/ul><\/div>\n<\/p><\/div>\n<hr style='border: 0; border-top: 1px solid rgba(150&comma; 150&comma; 150&comma; 0.3); margin: 30px 0;'> <!-- Aplicaciones --> <\/p>\n<div style='margin-bottom: 30px;'>\n<h4 style='font-size: 18px; color: inherit; margin-top: 0; margin-bottom: 15px; text-align: center;'><strong style='color: inherit;'>Principales aplicaciones<\/strong><\/h4>\n<div style='margin-top: 20px;'>\n<h5 style='font-size: 16px; color: inherit; margin-top: 15px; margin-bottom: 10px;'><strong style='color: inherit;'>Protecci\u00f3n de \u00c1reas de Embarque<\/strong><\/h5>\n<p style='font-size: 14px; color: inherit; margin-bottom: 15px;'> Los robos a \u00e1reas de embarque para acceder directamente a el almac\u00e9n son cada vez m\u00e1s comunes. Los bolardos AccessPRO permiten restringir el acceso a veh\u00edculos que podr\u00edan extraer la mercanc\u00eda de un almac\u00e9n. <\/p>\n<\/p><\/div>\n<div style='margin-top: 20px;'>\n<h5 style='font-size: 16px; color: inherit; margin-top: 15px; margin-bottom: 10px;'><strong style='color: inherit;'>Protecci\u00f3n Segura para Fraccionamientos<\/strong><\/h5>\n<p style='font-size: 14px; color: inherit; margin-bottom: 0;'> Los bolardos AccessPRO se utilizan para restringir el acceso de veh\u00edculos en fraccionamientos donde una barrera vehicular no lo es suficiente&comma; ya que las barreras vehiculares tienen sus limitaciones para \u00e1reas donde se requiere alta seguridad y realmente no permitir el acceso de veh\u00edculos. <\/p>\n<\/p><\/div>\n<\/p><\/div>\n<hr style='border: 0; border-top: 1px solid rgba(150&comma; 150&comma; 150&comma; 0.3); margin: 30px 0;'> <!-- Videos 1 --> <\/p>\n<div style='display: flex; flex-wrap: wrap; gap: 30px; margin-bottom: 30px;'>\n<div style='flex: 1 1 500px; min-width: 300px;'>\n<div style='position: relative; padding-bottom: 56.25%; height: 0; overflow: hidden; margin-bottom: 30px;'>   <\/div>\n<\/p><\/div>\n<div style='flex: 1 1 500px; min-width: 300px;'>\n<div style='position: relative; padding-bottom: 56.25%; height: 0; overflow: hidden; margin-bottom: 30px;'>   <\/div>\n<\/p><\/div>\n<\/p><\/div>\n<hr style='border: 0; border-top: 1px solid rgba(150&comma; 150&comma; 150&comma; 0.3); margin: 30px 0;'> <!-- Videos 2 --> <\/p>\n<div style='display: flex; flex-wrap: wrap; gap: 30px; margin-bottom: 30px;'>\n<div style='flex: 1 1 500px; min-width: 300px;'>\n<div style='position: relative; padding-bottom: 56.25%; height: 0; overflow: hidden; margin-bottom: 30px;'>   <\/div>\n<\/p><\/div>\n<div style='flex: 1 1 500px; min-width: 300px;'>\n<div style='position: relative; padding-bottom: 56.25%; height: 0; overflow: hidden; margin-bottom: 30px;'>   <\/div>\n<\/p><\/div>\n<div style='flex: 1 1 500px; min-width: 300px;'>\n<div style='position: relative; padding-bottom: 56.25%; height: 0; overflow: hidden; margin-bottom: 30px;'>   <\/div>\n<\/p><\/div>\n<\/p><\/div>\n<hr style='border: 0; border-top: 1px solid rgba(150&comma; 150&comma; 150&comma; 0.3); margin: 30px 0;'> <!-- Videos 3 --> <\/p>\n<div style='display: flex; flex-wrap: wrap; gap: 30px; margin-bottom: 30px;'>\n<div style='flex: 1 1 500px; min-width: 300px;'>\n<div style='position: relative; padding-bottom: 56.25%; height: 0; overflow: hidden; margin-bottom: 30px;'>   <\/div>\n<\/p><\/div>\n<div style='flex: 1 1 500px; min-width: 300px;'>\n<div style='position: relative; padding-bottom: 56.25%; height: 0; overflow: hidden; margin-bottom: 30px;'>   <\/div>\n<\/p><\/div>\n<div style='flex: 1 1 500px; min-width: 300px;'>\n<div style='position: relative; padding-bottom: 56.25%; height: 0; overflow: hidden; margin-bottom: 30px;'>   <\/div>\n<\/p><\/div>\n<\/p><\/div>\n<hr style='border: 0; border-top: 1px solid rgba(150&comma; 150&comma; 150&comma; 0.3); margin: 30px 0;'> <\/div>\n","protected":false},"excerpt":{"rendered":"<p>Bolardo Hidr\u00e1ulico \/ Alta resistencia al impacto hasta 300 000 J \/ Uso intensivo (Bomba italiana)\/ Requiere Tarjeta controladora (No incluida)  \/ F\u00e1cil instalaci\u00f3n<\/p>\n","protected":false},"featured_media":32231,"comment_status":"open","ping_status":"closed","template":"","meta":[],"product_brand":[],"product_cat":[883],"product_tag":[401,234,884],"class_list":{"0":"post-32232","1":"product","2":"type-product","3":"status-publish","4":"has-post-thumbnail","6":"product_cat-pilonas-o-bolardos","7":"product_tag-acceso-vehicular","8":"product_tag-accesspro","9":"product_tag-pilonas-o-bolardos","11":"first","12":"outofstock","13":"sale","14":"shipping-taxable","15":"purchasable","16":"product-type-simple"},"_links":{"self":[{"href":"https:\/\/soydeaqui.ddns.net\/pachuca\/index.php\/wp-json\/wp\/v2\/product\/32232","targetHints":{"allow":["GET"]}}],"collection":[{"href":"https:\/\/soydeaqui.ddns.net\/pachuca\/index.php\/wp-json\/wp\/v2\/product"}],"about":[{"href":"https:\/\/soydeaqui.ddns.net\/pachuca\/index.php\/wp-json\/wp\/v2\/types\/product"}],"replies":[{"embeddable":true,"href":"https:\/\/soydeaqui.ddns.net\/pachuca\/index.php\/wp-json\/wp\/v2\/comments?post=32232"}],"wp:featuredmedia":[{"embeddable":true,"href":"https:\/\/soydeaqui.ddns.net\/pachuca\/index.php\/wp-json\/wp\/v2\/media\/32231"}],"wp:attachment":[{"href":"https:\/\/soydeaqui.ddns.net\/pachuca\/index.php\/wp-json\/wp\/v2\/media?parent=32232"}],"wp:term":[{"taxonomy":"product_brand","embeddable":true,"href":"https:\/\/soydeaqui.ddns.net\/pachuca\/index.php\/wp-json\/wp\/v2\/product_brand?post=32232"},{"taxonomy":"product_cat","embeddable":true,"href":"https:\/\/soydeaqui.ddns.net\/pachuca\/index.php\/wp-json\/wp\/v2\/product_cat?post=32232"},{"taxonomy":"product_tag","embeddable":true,"href":"https:\/\/soydeaqui.ddns.net\/pachuca\/index.php\/wp-json\/wp\/v2\/product_tag?post=32232"}],"curies":[{"name":"wp","href":"https:\/\/api.w.org\/{rel}","templated":true}]}}