{"id":32230,"date":"2026-03-18T14:30:10","date_gmt":"2026-03-18T14:30:10","guid":{"rendered":"https:\/\/soydeaqui.ddns.net\/pachuca\/index.php\/producto\/portero-intercom-tecnologia-gsm-con-relevador-integrado-interfaz-para-exterior-ip66-para-apertura-remota-desde-su-celular\/"},"modified":"2026-03-18T14:30:11","modified_gmt":"2026-03-18T14:30:11","slug":"portero-intercom-tecnologia-gsm-con-relevador-integrado-interfaz-para-exterior-ip66-para-apertura-remota-desde-su-celular","status":"publish","type":"product","link":"https:\/\/soydeaqui.ddns.net\/pachuca\/index.php\/producto\/portero-intercom-tecnologia-gsm-con-relevador-integrado-interfaz-para-exterior-ip66-para-apertura-remota-desde-su-celular\/","title":{"rendered":"Portero (Intercom) tecnolog\u00eda GSM con Relevador integrado interfaz para exterior IP66 para apertura remota desde su celular"},"content":{"rendered":"<div style='width: 100%; max-width: 1200px; margin: 0 auto; font-family: sans-serif; line-height: 1.6; color: inherit; background-color: transparent;'> <!-- Secci\u00f3n de descripci\u00f3n --> <\/p>\n<div style='margin-bottom: 30px; font-size: 15px;'>\n<p>Mobile Intercom 101&comma; es un dispositivo GSM con inteligencia incorporada que combina agilidad&comma; seguridad y autonom\u00eda. Adem\u00e1s&comma; funciona como portero electr\u00f3nico y utiliza la red de telefon\u00eda celular GSM para su comunicaci\u00f3n. Cuenta con un eficiente altavoz y un rel\u00e9 de contacto seco que permite abrir una puerta de manera remota incluso cuando no hay un empleado dedicado a esta actividad&comma; por lo que es una excelente opci\u00f3n para entornos como casas&comma; oficinas&comma; sistemas de m\u00faltiples familias para edificios&comma; comunidades y condominios. Viene con una tarjeta SIM interna que establece la conexi\u00f3n entre el portero y un dispositivo de tel\u00e9fono previamente registrado en el sistema.<\/p>\n<\/p><\/div>\n<p> <!-- Secci\u00f3n de caracter\u00edsticas --> <\/p>\n<div style='display: flex; flex-wrap: wrap; gap: 30px; margin-bottom: 30px;'>\n<div style='flex: 1 1 300px; min-width: 280px;'>\n<h3 style='font-size: 22px; border-bottom: 2px solid currentColor; padding-bottom: 5px; margin-top: 0; color: inherit; opacity: 0.8;'>Caracter\u00edsticas y Beneficios<\/h3>\n<ul style='padding-left: 20px; font-size: 15px; color: inherit;'>\n<li style='margin-bottom: 5px;'>Apertura remota de puertas a partir de un celular registrado en el sistema<\/li>\n<li style='margin-bottom: 5px;'>Control independiente de volumen de micr\u00f3fono y de altavoz<\/li>\n<li style='margin-bottom: 5px;'>Sensor de estado de puerta abierta&comma; Configurable de 15 a 86 400 segundos (24 horas)<\/li>\n<li style='margin-bottom: 5px;'>Sistemas de alertas mediante SMS (Requiere sensor externo no incluido)<\/li>\n<li style='margin-bottom: 5px;'>Servicio de registros<\/li>\n<li style='margin-bottom: 5px;'>Control de acceso por medio de la tecnolog\u00eda GSM<\/li>\n<li style='margin-bottom: 5px;'>Aplicaci\u00f3n para tel\u00e9fonos Android e iOS que facilita la configuraci\u00f3n del producto<\/li>\n<\/ul><\/div>\n<div style='flex: 1 1 300px; min-width: 280px;'>\n<h3 style='font-size: 22px; border-bottom: 2px solid currentColor; padding-bottom: 5px; margin-top: 0; color: inherit; opacity: 0.8;'>Caracter\u00edsticas t\u00e9cnicas<\/h3>\n<ul style='padding-left: 20px; font-size: 15px; color: inherit;'>\n<li style='margin-bottom: 5px;'><strong>Interfaz GSM Quad Band:<\/strong> 850\/900\/1800\/1900 MHz<\/li>\n<li style='margin-bottom: 5px;'><strong>Ranura interna para tarjeta Mini SIM<\/strong> (2FF)<\/li>\n<li style='margin-bottom: 5px;'><strong>Adaptador de tarjeta Mini SIM a Micro y Nano SIM<\/strong><\/li>\n<li style='margin-bottom: 5px;'><strong>Antena GSM interna con ganancia de 3&comma;5 dBi<\/strong> y conector SMA<\/li>\n<li style='margin-bottom: 5px;'><strong>Potencia de salida de audio (altavoz):<\/strong> 1&comma;5 W<\/li>\n<li style='margin-bottom: 5px;'><strong>Salida del accionamiento externo (rel\u00e9):<\/strong> 10 A\/14 VCC; 10 A\/120 VCA<\/li>\n<\/ul><\/div>\n<div style='flex: 1 1 300px; min-width: 280px;'>\n<h3 style='font-size: 22px; border-bottom: 2px solid currentColor; padding-bottom: 5px; margin-top: 0; color: inherit; opacity: 0.8;'>Caracter\u00edsticas f\u00edsicas<\/h3>\n<ul style='padding-left: 20px; font-size: 15px; color: inherit;'>\n<li style='margin-bottom: 5px;'><strong>Alimentaci\u00f3n:<\/strong> 12 VCC (No incluido)<\/li>\n<li style='margin-bottom: 5px;'><strong>Resistente a la lluvia y a salpicaduras de agua<\/strong> (Nivel de protecci\u00f3n: IP66)<\/li>\n<li style='margin-bottom: 5px;'><strong>Modo de instalaci\u00f3n:<\/strong> Sobreponer<\/li>\n<li style='margin-bottom: 5px;'><strong>Dimensiones:<\/strong> 11&comma;8 x 20&comma;4 x 3&comma;9 cm<\/li>\n<\/ul><\/div>\n<\/p><\/div>\n<p> <!-- Secci\u00f3n de aplicaci\u00f3n --> <\/p>\n<div style='margin-bottom: 30px;'>\n<h3 style='font-size: 22px; border-bottom: 2px solid currentColor; padding-bottom: 5px; margin-top: 0; color: inherit; opacity: 0.8;'>Aplicaci\u00f3n<\/h3>\n<div style='display: flex; flex-wrap: wrap; gap: 20px;'>\n<div style='flex: 1 1 300px; min-width: 280px;'> <img style='width: 100%; height: auto; border: 1px solid rgba(150&comma;150&comma;150&comma;0.3); border-radius: 8px;' src='https:\/\/ftp3.syscom.mx\/usuarios\/esanchez\/KHOMP\/ENDPOINT\/Captura1.JPG' alt=''> <\/div>\n<\/p><\/div>\n<\/p><\/div>\n<p> <!-- Secci\u00f3n de garant\u00edas y certificaciones --> <\/p>\n<div style='margin-bottom: 30px;'>\n<h3 style='font-size: 22px; border-bottom: 2px solid currentColor; padding-bottom: 5px; margin-top: 0; color: inherit; opacity: 0.8;'>Garant\u00edas y certificaciones<\/h3>\n<ul style='padding-left: 20px; font-size: 15px; color: inherit;'>\n<li style='margin-bottom: 5px;'><strong>Garant\u00eda de f\u00e1brica:<\/strong> 1 a\u00f1o<\/li>\n<li style='margin-bottom: 5px;'><strong>Certificaci\u00f3n Anatel<\/strong><\/li>\n<li style='margin-bottom: 5px;'><strong>Industria con certificaci\u00f3n ISO 9001:2008<\/strong><\/li>\n<\/ul><\/div>\n<p> <!-- Separador final --> <\/p>\n<hr style='border: 0; border-top: 1px solid rgba(150&comma; 150&comma; 150&comma; 0.3); margin: 30px 0;'> <\/div>\n","protected":false},"excerpt":{"rendered":"<p>Portero (Intercom) tecnolog\u00eda GSM con Relevador integrado interfaz para exterior IP66 para apertura remota desde su celular<\/p>\n","protected":false},"featured_media":32229,"comment_status":"open","ping_status":"closed","template":"","meta":[],"product_brand":[],"product_cat":[788],"product_tag":[789,966,557],"class_list":{"0":"post-32230","1":"product","2":"type-product","3":"status-publish","4":"has-post-thumbnail","6":"product_cat-intercomunicadores","7":"product_tag-intercomunicadores","8":"product_tag-khomp","9":"product_tag-videoporteros-e-interfonos","11":"first","12":"outofstock","13":"sale","14":"shipping-taxable","15":"purchasable","16":"product-type-simple"},"_links":{"self":[{"href":"https:\/\/soydeaqui.ddns.net\/pachuca\/index.php\/wp-json\/wp\/v2\/product\/32230","targetHints":{"allow":["GET"]}}],"collection":[{"href":"https:\/\/soydeaqui.ddns.net\/pachuca\/index.php\/wp-json\/wp\/v2\/product"}],"about":[{"href":"https:\/\/soydeaqui.ddns.net\/pachuca\/index.php\/wp-json\/wp\/v2\/types\/product"}],"replies":[{"embeddable":true,"href":"https:\/\/soydeaqui.ddns.net\/pachuca\/index.php\/wp-json\/wp\/v2\/comments?post=32230"}],"wp:featuredmedia":[{"embeddable":true,"href":"https:\/\/soydeaqui.ddns.net\/pachuca\/index.php\/wp-json\/wp\/v2\/media\/32229"}],"wp:attachment":[{"href":"https:\/\/soydeaqui.ddns.net\/pachuca\/index.php\/wp-json\/wp\/v2\/media?parent=32230"}],"wp:term":[{"taxonomy":"product_brand","embeddable":true,"href":"https:\/\/soydeaqui.ddns.net\/pachuca\/index.php\/wp-json\/wp\/v2\/product_brand?post=32230"},{"taxonomy":"product_cat","embeddable":true,"href":"https:\/\/soydeaqui.ddns.net\/pachuca\/index.php\/wp-json\/wp\/v2\/product_cat?post=32230"},{"taxonomy":"product_tag","embeddable":true,"href":"https:\/\/soydeaqui.ddns.net\/pachuca\/index.php\/wp-json\/wp\/v2\/product_tag?post=32230"}],"curies":[{"name":"wp","href":"https:\/\/api.w.org\/{rel}","templated":true}]}}