{"id":3223,"date":"2026-03-18T06:05:54","date_gmt":"2026-03-18T06:05:54","guid":{"rendered":"https:\/\/soydeaqui.ddns.net\/pachuca\/index.php\/producto\/cerradura-digital-ymc300-hub-huella-digital-tarjeta-de-proximidad-codigo\/"},"modified":"2026-03-18T06:05:54","modified_gmt":"2026-03-18T06:05:54","slug":"cerradura-digital-ymc300-hub-huella-digital-tarjeta-de-proximidad-codigo","status":"publish","type":"product","link":"https:\/\/soydeaqui.ddns.net\/pachuca\/index.php\/producto\/cerradura-digital-ymc300-hub-huella-digital-tarjeta-de-proximidad-codigo\/","title":{"rendered":"CERRADURA DIGITAL YMC300 + HUB,  huella digital, tarjeta de proximidad, c\u00f3digo"},"content":{"rendered":"<div style='width: 100%; max-width: 1200px; margin: 0 auto; font-family: sans-serif; line-height: 1.6; color: inherit; background-color: transparent;'> <!-- Secci\u00f3n de descripci\u00f3n general --> <\/p>\n<div style='margin-bottom: 30px;'>\n<p style='margin: 0 0 15px 0; color: inherit;'>GRAN RESISTENCIA A LA INTEMPERIE<\/p>\n<ul style='padding-left: 20px; margin: 0 0 15px 0; color: inherit;'>\n<li style='margin-bottom: 5px;'>Cerradura residencial para puertas abatibles de madera y metal.<\/li>\n<\/ul>\n<p style='margin: 0 0 15px 0; color: inherit;'><strong>Versi\u00f3n:<\/strong> Manija-manija<\/p>\n<p style='margin: 0 0 15px 0; color: inherit;'><strong>Aplicaci\u00f3n:<\/strong> Cerradura de seguridad para tu puerta.<\/p>\n<\/p><\/div>\n<p> <!-- Secci\u00f3n de caracter\u00edsticas --> <\/p>\n<div style='margin-bottom: 30px;'>\n<h3 style='font-size: 22px; border-bottom: 2px solid currentColor; padding-bottom: 5px; margin-top: 0; margin-bottom: 15px; color: inherit; opacity: 0.8;'>Caracter\u00edsticas<\/h3>\n<ul style='padding-left: 20px; margin: 0; color: inherit;'>\n<li style='margin-bottom: 5px;'>Compatible con Yale Connect (controla tu cerradura desde tu dispositivo m\u00f3vil desde cualquier parte del mundo)<\/li>\n<li style='margin-bottom: 5px;'><strong>Sistema Zigbee (m\u00f3dulo integrado)<\/strong><\/li>\n<li style='margin-bottom: 5px;'>Puede controlar y gestionar su bloqueo por aplicaci\u00f3n directamente en su tel\u00e9fono y\/o tableta<\/li>\n<li style='margin-bottom: 5px;'>Tiene un alcance de hasta 20 m de distancia del Hub (incluido) a la cerradura YMC300<\/li>\n<li style='margin-bottom: 5px;'>Compatible con los dispositivos: Amazon Alexa&comma; Google Home y Yale Connect<\/li>\n<li style='margin-bottom: 5px;'>Modos de apertura: huella digital&comma; tarjeta de proximidad&comma; c\u00f3digo num\u00e9rico y llave<\/li>\n<li style='margin-bottom: 5px;'>Hasta 250 c\u00f3digos de acceso configurables (huella digital\/c\u00f3digo num\u00e9rico \/tarjeta de proximidad)<\/li>\n<li style='margin-bottom: 5px;'>Incluye 2 llaves de puntos de alta seguridad para apertura de emergencia<\/li>\n<li style='margin-bottom: 5px;'>Para puertas de 35 a 70 mm de espesor<\/li>\n<li style='margin-bottom: 5px;'>Backset ajustable de 60 mm y 70 mm<\/li>\n<li style='margin-bottom: 5px;'>Requiere 4 pilas AA alcalinas (no incluidas)<\/li>\n<li style='margin-bottom: 5px;'>Puerto de emergencia USB para pila agotada<\/li>\n<li style='margin-bottom: 5px;'>Men\u00fa asistido por voz<\/li>\n<li style='margin-bottom: 5px;'>Sistema antivandalismo de clutch (no se abre si no se introduce clave&comma; huella&comma; tarjeta o llave)<\/li>\n<li style='margin-bottom: 5px;'>Teclado retro iluminado<\/li>\n<\/ul><\/div>\n<p> <!-- Secci\u00f3n de modos de apertura --> <\/p>\n<div style='margin-bottom: 30px;'>\n<h3 style='font-size: 22px; border-bottom: 2px solid currentColor; padding-bottom: 5px; margin-top: 0; margin-bottom: 15px; color: inherit; opacity: 0.8;'>Modos de apertura<\/h3>\n<ol style='padding-left: 20px; margin: 0; color: inherit;'>\n<li style='margin-bottom: 5px;'><strong>Huella.<\/strong> Puedes registrar hasta 100 huellas.<\/li>\n<li style='margin-bottom: 5px;'><strong>C\u00f3digo.<\/strong> Genera hasta 100 c\u00f3digos.<\/li>\n<li style='margin-bottom: 5px;'><strong>Tarjeta de proximidad.<\/strong> Incluye 2 tarjetas.<\/li>\n<li style='margin-bottom: 5px;'><strong>Llave.<\/strong> Incluye 2 llaves de puntos de alta seguridad para apertura de emergencia.<\/li>\n<li style='margin-bottom: 5px;'><strong>A distancia.<\/strong> Mediante la aplicaci\u00f3n Yale Connect.<\/li>\n<\/ol><\/div>\n<p> <!-- Secci\u00f3n de contenido incluido --> <\/p>\n<div style='margin-bottom: 30px;'>\n<h3 style='font-size: 22px; border-bottom: 2px solid currentColor; padding-bottom: 5px; margin-top: 0; margin-bottom: 15px; color: inherit; opacity: 0.8;'>\u00bfQu\u00e9 incluye?<\/h3>\n<ul style='padding-left: 20px; margin: 0; color: inherit;'>\n<li style='margin-bottom: 5px;'>1.- Cerradura YMC300<\/li>\n<li style='margin-bottom: 5px;'>1.- M\u00f3dulo integrado en la cerradura<\/li>\n<li style='margin-bottom: 5px;'>1.- HUB Yale Connect<\/li>\n<li style='margin-bottom: 5px;'>Torniller\u00eda y manual de instalaci\u00f3n<\/li>\n<\/ul><\/div>\n<p> <!-- Nota importante --> <\/p>\n<div style='margin-bottom: 30px;'>\n<p style='margin: 0; color: inherit;'><strong>NOTA:<\/strong> EL uso de la aplicaci\u00f3n de YALE Connect solo est\u00e1 disponible para uso en M\u00c9XICO&comma; no aplica el uso desde otros pa\u00edses.<\/p>\n<\/p><\/div>\n<p> <!-- Video de YouTube --> <\/p>\n<div style='position: relative; padding-bottom: 56.25%; height: 0; overflow: hidden; margin-bottom: 30px;'>   <\/div>\n<p> <!-- Separador final --> <\/p>\n<hr style='border: 0; border-top: 1px solid rgba(150&comma; 150&comma; 150&comma; 0.3); margin: 30px 0;'> <\/div>\n","protected":false},"excerpt":{"rendered":"<p>CERRADURA DIGITAL YMC300 + HUB,  huella digital, tarjeta de proximidad, c\u00f3digo<\/p>\n","protected":false},"featured_media":3222,"comment_status":"open","ping_status":"closed","template":"","meta":[],"product_brand":[],"product_cat":[86],"product_tag":[88,87,395],"class_list":{"0":"post-3223","1":"product","2":"type-product","3":"status-publish","4":"has-post-thumbnail","6":"product_cat-autonomas-inteligentes","7":"product_tag-autonomas-inteligentes","8":"product_tag-cerraduras","9":"product_tag-yale-assa-abloy","11":"first","12":"instock","13":"sale","14":"shipping-taxable","15":"purchasable","16":"product-type-simple"},"_links":{"self":[{"href":"https:\/\/soydeaqui.ddns.net\/pachuca\/index.php\/wp-json\/wp\/v2\/product\/3223","targetHints":{"allow":["GET"]}}],"collection":[{"href":"https:\/\/soydeaqui.ddns.net\/pachuca\/index.php\/wp-json\/wp\/v2\/product"}],"about":[{"href":"https:\/\/soydeaqui.ddns.net\/pachuca\/index.php\/wp-json\/wp\/v2\/types\/product"}],"replies":[{"embeddable":true,"href":"https:\/\/soydeaqui.ddns.net\/pachuca\/index.php\/wp-json\/wp\/v2\/comments?post=3223"}],"wp:featuredmedia":[{"embeddable":true,"href":"https:\/\/soydeaqui.ddns.net\/pachuca\/index.php\/wp-json\/wp\/v2\/media\/3222"}],"wp:attachment":[{"href":"https:\/\/soydeaqui.ddns.net\/pachuca\/index.php\/wp-json\/wp\/v2\/media?parent=3223"}],"wp:term":[{"taxonomy":"product_brand","embeddable":true,"href":"https:\/\/soydeaqui.ddns.net\/pachuca\/index.php\/wp-json\/wp\/v2\/product_brand?post=3223"},{"taxonomy":"product_cat","embeddable":true,"href":"https:\/\/soydeaqui.ddns.net\/pachuca\/index.php\/wp-json\/wp\/v2\/product_cat?post=3223"},{"taxonomy":"product_tag","embeddable":true,"href":"https:\/\/soydeaqui.ddns.net\/pachuca\/index.php\/wp-json\/wp\/v2\/product_tag?post=3223"}],"curies":[{"name":"wp","href":"https:\/\/api.w.org\/{rel}","templated":true}]}}