{"id":32158,"date":"2026-03-18T14:28:10","date_gmt":"2026-03-18T14:28:10","guid":{"rendered":"https:\/\/soydeaqui.ddns.net\/pachuca\/index.php\/producto\/xpass-lector-de-tarjetas-rfid-ip65-poe-125-khz-hid-prox-uso-con-biostar1\/"},"modified":"2026-03-18T14:28:22","modified_gmt":"2026-03-18T14:28:22","slug":"xpass-lector-de-tarjetas-rfid-ip65-poe-125-khz-hid-prox-uso-con-biostar1","status":"publish","type":"product","link":"https:\/\/soydeaqui.ddns.net\/pachuca\/index.php\/producto\/xpass-lector-de-tarjetas-rfid-ip65-poe-125-khz-hid-prox-uso-con-biostar1\/","title":{"rendered":"Xpass Lector de tarjetas RFID IP65 PoE (125 KHz HID Prox) uso con BioStar1"},"content":{"rendered":"<div style='width: 100%; max-width: 1200px; margin: 0 auto; font-family: sans-serif; line-height: 1.6; color: inherit; background-color: transparent;'>\n<div style='display: flex; flex-direction: column; gap: 30px;'> <!-- Imagen 1 --> <\/p>\n<div style='width: 100%;'> <img style='width: 100%; height: auto; border: 1px solid rgba(150&comma;150&comma;150&comma;0.3); border-radius: 8px;' src='https:\/\/ftp3.syscom.mx\/usuarios\/maguilar\/Suprema\/XPass\/Informacion.PNG' alt=''> <\/div>\n<p> <!-- Caracter\u00edsticas --> <\/p>\n<div style='display: flex; flex-wrap: wrap; gap: 30px;'>\n<div style='flex: 1 1 300px; min-width: 280px;'>\n<h3 style='font-size: 22px; border-bottom: 2px solid currentColor; padding-bottom: 5px; margin-top: 0; color: inherit; opacity: 0.8;'>Caracter\u00edsticas<\/h3>\n<ul style='padding-left: 20px; font-size: 15px; color: inherit; list-style-type: disc;'>\n<li style='margin-bottom: 5px;'><strong>Comunicaci\u00f3n:<\/strong> TCP\/IP<\/li>\n<li style='margin-bottom: 5px;'><strong>Interfaz:<\/strong> RS-485<\/li>\n<li style='margin-bottom: 5px;'><strong>Salida:<\/strong> Relevador<\/li>\n<li style='margin-bottom: 5px;'><strong>Wiegand:<\/strong> Entrada y salida (seleccionable)<\/li>\n<li style='margin-bottom: 5px;'><strong>Usuarios (1:1):<\/strong> 40&comma;000<\/li>\n<li style='margin-bottom: 5px;'><strong>Usuarios (1:N):<\/strong> 40&comma;000<\/li>\n<li style='margin-bottom: 5px;'><strong>Certificados:<\/strong> CE&comma; FCC&comma; KC&comma; RoHS<\/li>\n<li style='margin-bottom: 5px;'><strong>Alimentaci\u00f3n:<\/strong> 12 Vcc&comma; 1 A (fuente no incluida)<\/li>\n<li style='margin-bottom: 5px;'><strong>Dimensiones:<\/strong> 130 x 45 x 27 mm<\/li>\n<\/ul><\/div>\n<\/p><\/div>\n<p> <!-- Compatibilidad --> <\/p>\n<div style='display: flex; flex-wrap: wrap; gap: 30px;'>\n<div style='flex: 1 1 300px; min-width: 280px;'>\n<h3 style='font-size: 22px; border-bottom: 2px solid currentColor; padding-bottom: 5px; margin-top: 0; color: inherit; opacity: 0.8;'>Compatibilidad<\/h3>\n<p style='font-size: 15px; color: inherit; margin: 0;'> <strong>Lector:<\/strong> 125 KHz HID Prox<br \/> <strong>Software requerido:<\/strong> BIOSTAR1 (no incluido) <\/p>\n<\/p><\/div>\n<\/p><\/div>\n<p> <!-- Informaci\u00f3n importante --> <\/p>\n<div style='display: flex; flex-wrap: wrap; gap: 30px;'>\n<div style='flex: 1 1 300px; min-width: 280px;'>\n<h3 style='font-size: 22px; border-bottom: 2px solid currentColor; padding-bottom: 5px; margin-top: 0; color: inherit; opacity: 0.8;'>Informaci\u00f3n importante<\/h3>\n<p style='font-size: 15px; color: inherit; margin: 0;'> Este equipo lleg\u00f3 a su fin de vida y no es posible fabricarlo m\u00e1s&comma; ya que son de la primera generaci\u00f3n de Suprema y solo son compatibles con BIOSTAR1. <\/p>\n<p style='font-size: 15px; color: inherit; margin-top: 15px;'> <strong>Contacto:<\/strong><br \/> Departamento de Ingenier\u00eda<br \/> Correo: <a href='mailto:accesscontrol@syscom.mx' style='color: inherit; text-decoration: underline;'>accesscontrol@syscom.mx<\/a> <\/p>\n<\/p><\/div>\n<\/p><\/div>\n<p> <!-- Imagen 2 --> <\/p>\n<div style='width: 100%;'> <img style='width: 100%; height: auto; border: 1px solid rgba(150&comma;150&comma;150&comma;0.3); border-radius: 8px;' src='https:\/\/ftp3.syscom.mx\/usuarios\/maguilar\/Suprema\/XPass\/Resistente.PNG' alt=''> <\/div>\n<\/p><\/div>\n<\/p><\/div>\n","protected":false},"excerpt":{"rendered":"<p>Xpass Lector de tarjetas RFID IP65 PoE (125 KHz HID Prox) uso con BioStar1<\/p>\n","protected":false},"featured_media":32157,"comment_status":"open","ping_status":"closed","template":"","meta":[],"product_brand":[],"product_cat":[465],"product_tag":[466,467,798],"class_list":{"0":"post-32158","1":"product","2":"type-product","3":"status-publish","4":"has-post-thumbnail","6":"product_cat-proximidad-125-khz","7":"product_tag-lectoras-y-tarjetas","8":"product_tag-proximidad-125-khz","9":"product_tag-suprema","11":"first","12":"outofstock","13":"sale","14":"shipping-taxable","15":"purchasable","16":"product-type-simple"},"_links":{"self":[{"href":"https:\/\/soydeaqui.ddns.net\/pachuca\/index.php\/wp-json\/wp\/v2\/product\/32158","targetHints":{"allow":["GET"]}}],"collection":[{"href":"https:\/\/soydeaqui.ddns.net\/pachuca\/index.php\/wp-json\/wp\/v2\/product"}],"about":[{"href":"https:\/\/soydeaqui.ddns.net\/pachuca\/index.php\/wp-json\/wp\/v2\/types\/product"}],"replies":[{"embeddable":true,"href":"https:\/\/soydeaqui.ddns.net\/pachuca\/index.php\/wp-json\/wp\/v2\/comments?post=32158"}],"wp:featuredmedia":[{"embeddable":true,"href":"https:\/\/soydeaqui.ddns.net\/pachuca\/index.php\/wp-json\/wp\/v2\/media\/32157"}],"wp:attachment":[{"href":"https:\/\/soydeaqui.ddns.net\/pachuca\/index.php\/wp-json\/wp\/v2\/media?parent=32158"}],"wp:term":[{"taxonomy":"product_brand","embeddable":true,"href":"https:\/\/soydeaqui.ddns.net\/pachuca\/index.php\/wp-json\/wp\/v2\/product_brand?post=32158"},{"taxonomy":"product_cat","embeddable":true,"href":"https:\/\/soydeaqui.ddns.net\/pachuca\/index.php\/wp-json\/wp\/v2\/product_cat?post=32158"},{"taxonomy":"product_tag","embeddable":true,"href":"https:\/\/soydeaqui.ddns.net\/pachuca\/index.php\/wp-json\/wp\/v2\/product_tag?post=32158"}],"curies":[{"name":"wp","href":"https:\/\/api.w.org\/{rel}","templated":true}]}}