{"id":32120,"date":"2026-03-18T14:27:17","date_gmt":"2026-03-18T14:27:17","guid":{"rendered":"https:\/\/soydeaqui.ddns.net\/pachuca\/index.php\/producto\/sistema-completo-de-acceso-incluye-teclado-anti-vandalico-chapa-magnetica-con-bracket-cierra-puerta-boton-de-salida-cable-gratis-y-fuente-profesional-con-bateria\/"},"modified":"2026-03-18T14:27:18","modified_gmt":"2026-03-18T14:27:18","slug":"sistema-completo-de-acceso-incluye-teclado-anti-vandalico-chapa-magnetica-con-bracket-cierra-puerta-boton-de-salida-cable-gratis-y-fuente-profesional-con-bateria","status":"publish","type":"product","link":"https:\/\/soydeaqui.ddns.net\/pachuca\/index.php\/producto\/sistema-completo-de-acceso-incluye-teclado-anti-vandalico-chapa-magnetica-con-bracket-cierra-puerta-boton-de-salida-cable-gratis-y-fuente-profesional-con-bateria\/","title":{"rendered":"Sistema Completo de Acceso, Incluye Teclado Anti-Vandalico, Chapa magn\u00e9tica con bracket, Cierra puerta, Bot\u00f3n de Salida, Cable &#8221; Gratis &#8220;, y fuente profesional con Bater\u00eda"},"content":{"rendered":"<div style='width: 100%; max-width: 1200px; margin: 0 auto; font-family: sans-serif; line-height: 1.6; color: inherit; background-color: transparent;'>\n<div style='display: flex; flex-wrap: wrap; gap: 30px; margin-bottom: 30px;'>\n<div style='flex: 1 1 300px; min-width: 280px;'>\n<h3 style='font-size: 22px; border-bottom: 2px solid currentColor; padding-bottom: 5px; margin-top: 0; color: inherit; opacity: 0.8;'>Contenido del Kit<\/h3>\n<ul style='padding-left: 20px; font-size: 15px; color: inherit;'>\n<li style='margin-bottom: 5px;'>1 <strong>MAG600NLED<\/strong> Chapa magn\u00e9tica 600lb.<\/li>\n<li style='margin-bottom: 5px;'>1 <strong>TSCOMB<\/strong> Cierrapuerta para Puertas de 40-65 Kg.<\/li>\n<li style='margin-bottom: 5px;'>1 <strong>BZL600N<\/strong> Montaje en L y en Z.<\/li>\n<li style='margin-bottom: 5px;'>1 <strong>PL12DC3ABK<\/strong> Fuente de 12 Vcc\/3A para Control de Acceso<\/li>\n<li style='margin-bottom: 5px;'>1 <strong>PL712<\/strong> Bater\u00eda de 12Vcc\/7AH<\/li>\n<li style='margin-bottom: 5px;'>1 <strong>APBSMC<\/strong> Bot\u00f3n de petici\u00f3n de salida<\/li>\n<li style='margin-bottom: 5px;'>1 <strong>SF2204LE<\/strong> Cable de 4 hilos.<\/li>\n<li style='margin-bottom: 5px;'>1 <strong>ACQ44<\/strong> Teclado Antivandalico con lector de Tarjetas.<\/li>\n<\/ul><\/div>\n<\/p><\/div>\n<div style='display: flex; flex-wrap: wrap; gap: 20px; margin-bottom: 30px;'>\n<div style='flex: 1 1 250px; border: 1px solid rgba(150&comma; 150&comma; 150&comma; 0.4); border-radius: 8px; overflow: hidden; display: flex; flex-direction: column;'>\n<div style='padding: 15px; border-bottom: 1px solid rgba(150&comma; 150&comma; 150&comma; 0.2); font-weight: bold; font-size: 18px; color: inherit;'>Compatibilidad<\/div>\n<div style='padding: 15px; color: inherit;'>\n<ul style='padding-left: 20px; margin: 0; font-size: 14px; list-style-type: disc;'>\n<li style='margin-bottom: 5px;'>Tarjetas de proximidad compatibles<\/li>\n<li style='margin-bottom: 5px;'>ACCESISOCARD<\/li>\n<li style='margin-bottom: 5px;'>ACCESPROXCARD<\/li>\n<li style='margin-bottom: 5px;'>ATR14<\/li>\n<li style='margin-bottom: 5px;'>ATR11<\/li>\n<\/ul><\/div>\n<\/p><\/div>\n<\/p><\/div>\n<hr style='border: 0; border-top: 1px solid rgba(150&comma; 150&comma; 150&comma; 0.3); margin: 30px 0;'> <\/div>\n","protected":false},"excerpt":{"rendered":"<p>Sistema Completo de Acceso, Incluye Teclado Anti-Vandalico, Chapa magn\u00e9tica con bracket, Cierra puerta, Bot\u00f3n de Salida, Cable &#8221; Gratis &#8220;, y fuente profesional con Bater\u00eda<\/p>\n","protected":false},"featured_media":32119,"comment_status":"open","ping_status":"closed","template":"","meta":[],"product_brand":[],"product_cat":[835],"product_tag":[63,836,62],"class_list":{"0":"post-32120","1":"product","2":"type-product","3":"status-publish","4":"has-post-thumbnail","6":"product_cat-todos-teclados-autonomos","7":"product_tag-syscom","8":"product_tag-teclados-autonomos","9":"product_tag-todos","11":"first","12":"outofstock","13":"sale","14":"shipping-taxable","15":"purchasable","16":"product-type-simple"},"_links":{"self":[{"href":"https:\/\/soydeaqui.ddns.net\/pachuca\/index.php\/wp-json\/wp\/v2\/product\/32120","targetHints":{"allow":["GET"]}}],"collection":[{"href":"https:\/\/soydeaqui.ddns.net\/pachuca\/index.php\/wp-json\/wp\/v2\/product"}],"about":[{"href":"https:\/\/soydeaqui.ddns.net\/pachuca\/index.php\/wp-json\/wp\/v2\/types\/product"}],"replies":[{"embeddable":true,"href":"https:\/\/soydeaqui.ddns.net\/pachuca\/index.php\/wp-json\/wp\/v2\/comments?post=32120"}],"wp:featuredmedia":[{"embeddable":true,"href":"https:\/\/soydeaqui.ddns.net\/pachuca\/index.php\/wp-json\/wp\/v2\/media\/32119"}],"wp:attachment":[{"href":"https:\/\/soydeaqui.ddns.net\/pachuca\/index.php\/wp-json\/wp\/v2\/media?parent=32120"}],"wp:term":[{"taxonomy":"product_brand","embeddable":true,"href":"https:\/\/soydeaqui.ddns.net\/pachuca\/index.php\/wp-json\/wp\/v2\/product_brand?post=32120"},{"taxonomy":"product_cat","embeddable":true,"href":"https:\/\/soydeaqui.ddns.net\/pachuca\/index.php\/wp-json\/wp\/v2\/product_cat?post=32120"},{"taxonomy":"product_tag","embeddable":true,"href":"https:\/\/soydeaqui.ddns.net\/pachuca\/index.php\/wp-json\/wp\/v2\/product_tag?post=32120"}],"curies":[{"name":"wp","href":"https:\/\/api.w.org\/{rel}","templated":true}]}}