{"id":32106,"date":"2026-03-18T14:26:57","date_gmt":"2026-03-18T14:26:57","guid":{"rendered":"https:\/\/soydeaqui.ddns.net\/pachuca\/index.php\/producto\/facestation-lector-facial-con-sensor-de-proximidad-mifare-uso-con-biostar1\/"},"modified":"2026-03-18T14:26:58","modified_gmt":"2026-03-18T14:26:58","slug":"facestation-lector-facial-con-sensor-de-proximidad-mifare-uso-con-biostar1","status":"publish","type":"product","link":"https:\/\/soydeaqui.ddns.net\/pachuca\/index.php\/producto\/facestation-lector-facial-con-sensor-de-proximidad-mifare-uso-con-biostar1\/","title":{"rendered":"FaceStation Lector Facial con Sensor de Proximidad MIFARE \/ Uso con BioStar1"},"content":{"rendered":"<div style='width: 100%; max-width: 1200px; margin: 0 auto; font-family: sans-serif; line-height: 1.6; color: inherit; background-color: transparent;'> <!-- Imagen principal --> <\/p>\n<div style='width: 100%; margin-bottom: 30px;'> <img style='width: 100%; height: auto; border: 1px solid rgba(150&comma;150&comma;150&comma;0.3); border-radius: 8px;' src='https:\/\/www.supremainc.com\/sites\/all\/themes\/suprema\/images\/products\/facestation\/FaceStation-01.jpg' alt='FaceStation Lector Facial'> <\/div>\n<p> <!-- Descripci\u00f3n --> <\/p>\n<div style='margin-bottom: 30px; font-size: 16px; text-align: center; color: inherit;'> FaceStation est\u00e1 dise\u00f1ada pensando en la conveniente implementaci\u00f3n de biometr\u00eda sin sacrificar la seguridad. Su m\u00e9todo de autenticaci\u00f3n sin contacto ofrece a los usuarios un f\u00e1cil acceso en cualquier condici\u00f3n de luz&comma; al combinar el uso de un sensor de proximidad integrado y la tecnolog\u00eda adaptable de iluminaci\u00f3n infrarroja patentada de Suprema. Por medio de la aplicaci\u00f3n de distintas t\u00e9cnicas avanzadas de detecci\u00f3n de caras falsas&comma; FaceStation promete seguridad y conveniencia. <\/div>\n<p> <!-- Secci\u00f3n de especificaciones --> <\/p>\n<div style='display: flex; flex-wrap: wrap; gap: 30px; margin-bottom: 30px;'>\n<div style='flex: 1 1 300px; min-width: 280px;'>\n<h3 style='font-size: 22px; border-bottom: 2px solid currentColor; padding-bottom: 5px; margin-top: 0; color: inherit; opacity: 0.8;'>Especificaciones<\/h3>\n<p> <!-- Main Section --> <\/p>\n<div style='margin-top: 20px;'>\n<h4 style='font-size: 18px; color: inherit; font-weight: bold; margin-top: 0; margin-bottom: 15px;'>Main<\/h4>\n<ul style='padding-left: 20px; font-size: 14px; color: inherit;'>\n<li style='margin-bottom: 5px;'><strong>Biometric:<\/strong> Face<\/li>\n<li style='margin-bottom: 5px;'><strong>IP Rating:<\/strong> &#8211;<\/li>\n<li style='margin-bottom: 5px;'><strong>RF Options:<\/strong><\/li>\n<ul style='padding-left: 25px; margin-top: 5px; margin-bottom: 5px;'>\n<li style='margin-bottom: 5px;'><strong>FSM:<\/strong> 13.56MHz MIFARE MIFARE Plus DESFire\/EV1(CSN)<\/li>\n<li style='margin-bottom: 5px;'><strong>FSMW:<\/strong> 13.56 MHz MIFARE MIFARE Plus&comma; DESFire\/EV1(CSN)<\/li>\n<\/ul>\n<\/ul><\/div>\n<p> <!-- Capacity Section --> <\/p>\n<div style='margin-top: 20px;'>\n<h4 style='font-size: 18px; color: inherit; font-weight: bold; margin-top: 0; margin-bottom: 15px;'>Capacity<\/h4>\n<ul style='padding-left: 20px; font-size: 14px; color: inherit;'>\n<li style='margin-bottom: 5px;'><strong>Max. User (1:1):<\/strong> 10&comma;000<\/li>\n<li style='margin-bottom: 5px;'><strong>Max. User (1:N):<\/strong> 1&comma;000<\/li>\n<li style='margin-bottom: 5px;'><strong>Max. Template (1:1):<\/strong> 250&comma;000<\/li>\n<li style='margin-bottom: 5px;'><strong>Max. Template (1:N):<\/strong> 25&comma;000<\/li>\n<li style='margin-bottom: 5px;'><strong>Max. Text Log:<\/strong> 1&comma;000&comma;000<\/li>\n<li style='margin-bottom: 5px;'><strong>Max. Image Log:<\/strong> 5&comma;000<\/li>\n<\/ul><\/div>\n<p> <!-- Interface Section --> <\/p>\n<div style='margin-top: 20px;'>\n<h4 style='font-size: 18px; color: inherit; font-weight: bold; margin-top: 0; margin-bottom: 15px;'>Interface<\/h4>\n<ul style='padding-left: 20px; font-size: 14px; color: inherit;'>\n<li style='margin-bottom: 5px;'><strong>TCP\/IP:<\/strong> Yes<\/li>\n<li style='margin-bottom: 5px;'><strong>RS-485:<\/strong> 1ch Host \/ 1ch Slave<\/li>\n<li style='margin-bottom: 5px;'><strong>RS-232:<\/strong> Yes<\/li>\n<li style='margin-bottom: 5px;'><strong>Wiegand:<\/strong> 1ch In or 1ch Out<\/li>\n<li style='margin-bottom: 5px;'><strong>Input:<\/strong> 4 Inputs<\/li>\n<li style='margin-bottom: 5px;'><strong>Relay:<\/strong> 2 Relays<\/li>\n<li style='margin-bottom: 5px;'><strong>USB:<\/strong> Host and Slave<\/li>\n<li style='margin-bottom: 5px;'><strong>SD Card Slot:<\/strong> &#8211;<\/li>\n<\/ul><\/div>\n<p> <!-- Hardware Section --> <\/p>\n<div style='margin-top: 20px;'>\n<h4 style='font-size: 18px; color: inherit; font-weight: bold; margin-top: 0; margin-bottom: 15px;'>Hardware<\/h4>\n<ul style='padding-left: 20px; font-size: 14px; color: inherit;'>\n<li style='margin-bottom: 5px;'><strong>CPU:<\/strong> 667MHz RISC + 900MHz DSP<\/li>\n<li style='margin-bottom: 5px;'><strong>Memory:<\/strong> 512MB RAM + 4GB Flash<\/li>\n<li style='margin-bottom: 5px;'><strong>LCD:<\/strong> 4.3&#8242; Color Touch<\/li>\n<li style='margin-bottom: 5px;'><strong>LED Indicator:<\/strong> &#8211;<\/li>\n<li style='margin-bottom: 5px;'><strong>Sound:<\/strong> 16bit Hi-Fi<\/li>\n<li style='margin-bottom: 5px;'><strong>Operating Temp.:<\/strong> -20\u00b0 to 40\u00b0C<\/li>\n<li style='margin-bottom: 5px;'><strong>Tamper:<\/strong> Yes<\/li>\n<li style='margin-bottom: 5px;'><strong>Power:<\/strong> 12VDC<\/li>\n<li style='margin-bottom: 5px;'><strong>PoE:<\/strong> Optional<\/li>\n<li style='margin-bottom: 5px;'><strong>Dimensions:<\/strong> 132 x 165 x 60 (WxHxD mm)<\/li>\n<li style='margin-bottom: 5px;'><strong>Certificates:<\/strong> CE&comma; FCC&comma; KC&comma; RoHS<\/li>\n<\/ul><\/div>\n<\/p><\/div>\n<\/p><\/div>\n<p> <!-- Mensaje de fin de vida --> <\/p>\n<div style='margin-top: 30px; padding: 20px; border-left: 4px solid #e74c3c; background-color: rgba(231&comma;76&comma;60&comma;0.1); color: #e74c3c;'> <strong>Este equipo lleg\u00f3 a su fin de vida y no es posible fabricarlo m\u00e1s&comma; ya que son de la primera generaci\u00f3n de Suprema y solo son compatibles con BIOSTAR1. Llame al Departamento de Ingenier\u00eda&comma; para m\u00e1s informaci\u00f3n o env\u00ede un email para sus dudas: accesscontrol@syscom.mx<\/strong> <\/div>\n<p> <!-- Separador --> <\/p>\n<hr style='border: 0; border-top: 1px solid rgba(150&comma; 150&comma; 150&comma; 0.3); margin: 30px 0;'> <\/div>\n","protected":false},"excerpt":{"rendered":"<p>FaceStation Lector Facial con Sensor de Proximidad MIFARE \/ Uso con BioStar1<\/p>\n","protected":false},"featured_media":32105,"comment_status":"open","ping_status":"closed","template":"","meta":[],"product_brand":[],"product_cat":[806],"product_tag":[744,807,798],"class_list":{"0":"post-32106","1":"product","2":"type-product","3":"status-publish","4":"has-post-thumbnail","6":"product_cat-para-control-de-acceso","7":"product_tag-biometricos","8":"product_tag-para-control-de-acceso","9":"product_tag-suprema","11":"first","12":"outofstock","13":"sale","14":"shipping-taxable","15":"purchasable","16":"product-type-simple"},"_links":{"self":[{"href":"https:\/\/soydeaqui.ddns.net\/pachuca\/index.php\/wp-json\/wp\/v2\/product\/32106","targetHints":{"allow":["GET"]}}],"collection":[{"href":"https:\/\/soydeaqui.ddns.net\/pachuca\/index.php\/wp-json\/wp\/v2\/product"}],"about":[{"href":"https:\/\/soydeaqui.ddns.net\/pachuca\/index.php\/wp-json\/wp\/v2\/types\/product"}],"replies":[{"embeddable":true,"href":"https:\/\/soydeaqui.ddns.net\/pachuca\/index.php\/wp-json\/wp\/v2\/comments?post=32106"}],"wp:featuredmedia":[{"embeddable":true,"href":"https:\/\/soydeaqui.ddns.net\/pachuca\/index.php\/wp-json\/wp\/v2\/media\/32105"}],"wp:attachment":[{"href":"https:\/\/soydeaqui.ddns.net\/pachuca\/index.php\/wp-json\/wp\/v2\/media?parent=32106"}],"wp:term":[{"taxonomy":"product_brand","embeddable":true,"href":"https:\/\/soydeaqui.ddns.net\/pachuca\/index.php\/wp-json\/wp\/v2\/product_brand?post=32106"},{"taxonomy":"product_cat","embeddable":true,"href":"https:\/\/soydeaqui.ddns.net\/pachuca\/index.php\/wp-json\/wp\/v2\/product_cat?post=32106"},{"taxonomy":"product_tag","embeddable":true,"href":"https:\/\/soydeaqui.ddns.net\/pachuca\/index.php\/wp-json\/wp\/v2\/product_tag?post=32106"}],"curies":[{"name":"wp","href":"https:\/\/api.w.org\/{rel}","templated":true}]}}