{"id":32100,"date":"2026-03-18T14:26:49","date_gmt":"2026-03-18T14:26:49","guid":{"rendered":"https:\/\/soydeaqui.ddns.net\/pachuca\/index.php\/producto\/modulo-de-control-12-relevadores-de-salida-con-funcion-para-control-de-elevadores\/"},"modified":"2026-03-18T14:26:55","modified_gmt":"2026-03-18T14:26:55","slug":"modulo-de-control-12-relevadores-de-salida-con-funcion-para-control-de-elevadores","status":"publish","type":"product","link":"https:\/\/soydeaqui.ddns.net\/pachuca\/index.php\/producto\/modulo-de-control-12-relevadores-de-salida-con-funcion-para-control-de-elevadores\/","title":{"rendered":"M\u00f3dulo de Control \/ 12 Relevadores de Salida con Funci\u00f3n para Control de Elevadores"},"content":{"rendered":"<div style='width: 100%; max-width: 1200px; margin: 0 auto; font-family: sans-serif; line-height: 1.6; color: inherit; background-color: transparent;'> <!-- Caracter\u00edsticas principales --> <\/p>\n<div style='margin-bottom: 30px;'>\n<h3 style='font-size: 22px; border-bottom: 2px solid currentColor; padding-bottom: 5px; margin-top: 0; color: inherit; opacity: 0.8;'>Caracter\u00edsticas principales<\/h3>\n<ul style='padding-left: 20px; font-size: 15px; color: inherit;'>\n<li style='margin-bottom: 5px;'>12 rel\u00e9s de salida por unidad<\/li>\n<li style='margin-bottom: 5px;'>Controla m\u00e1x. 192 pisos por elevador<\/li>\n<li style='margin-bottom: 5px;'>Alerta preestablecida para alarmas en zonas APB<\/li>\n<li style='margin-bottom: 5px;'>Se pueden agregar grupos de ascensores a una determinada zona de alarma contra incendios<\/li>\n<li style='margin-bottom: 5px;'>Resistencia de final de l\u00ednea para conexiones RS-485<\/li>\n<li style='margin-bottom: 5px;'>Dimensiones: 90 x 190 mm<\/li>\n<\/ul><\/div>\n<p> <!-- Notas t\u00e9cnicas --> <\/p>\n<div style='margin-bottom: 30px;'>\n<h3 style='font-size: 22px; border-bottom: 2px solid currentColor; padding-bottom: 5px; margin-top: 0; color: inherit; opacity: 0.8;'>Notas t\u00e9cnicas<\/h3>\n<p style='margin-bottom: 15px; font-size: 15px; color: inherit;'> Para activar la funci\u00f3n de elevadores es necesario utilizar alguna de estas licencias: <strong style='font-size: 15px; color: inherit;'> <a href='https:\/\/www.syscom.mx\/producto\/BIOSTAR2SE-SUPREMA-136189.html' style='color: inherit; text-decoration: none;'>BIOSTAR2ADV<\/a>&comma; <a href='https:\/\/www.syscom.mx\/producto\/BIOSTAR2SE-SUPREMA-136189.html' style='color: inherit; text-decoration: none;'>BIOSTAR2PRO<\/a>&comma; <a href='https:\/\/www.syscom.mx\/producto\/BIOSTAR2SE-SUPREMA-136189.html' style='color: inherit; text-decoration: none;'>BIOSTARENTER<\/a> <\/strong> <\/p>\n<p style='margin-bottom: 15px; font-size: 15px; color: inherit;'> La funci\u00f3n de elevadores puede ser configurada utilizando alguna de estas dos configuraciones: <\/p>\n<ul style='padding-left: 20px; font-size: 15px; color: inherit;'>\n<li style='margin-bottom: 5px;'>Opci\u00f3n 1: Utilizar 2 biom\u00e9tricos (Configuraci\u00f3n Controlador Esclavo)<\/li>\n<li style='margin-bottom: 5px;'>Opci\u00f3n 2: Utilizar el controlador CS40 y un lector Esclavo<\/li>\n<\/ul><\/div>\n<p> <!-- Imagen del producto --> <\/p>\n<div style='margin-bottom: 30px;'> <img style='width: 100%; height: auto; border: 1px solid rgba(150&comma;150&comma;150&comma;0.3); border-radius: 8px;' src='http:\/\/kb.supremainc.com\/knowledge\/lib\/exe\/fetch.php?w=800&#038;tok=90aafb&#038;media=en:om120_topology_en.png' alt='Topolog\u00eda OM120'> <\/div>\n<p> <!-- Equipos compatibles --> <\/p>\n<div style='margin-bottom: 30px;'>\n<h3 style='font-size: 22px; border-bottom: 2px solid currentColor; padding-bottom: 5px; margin-top: 0; color: inherit; opacity: 0.8;'>Equipos compatibles<\/h3>\n<div style='display: flex; flex-wrap: wrap; gap: 20px; margin-top: 15px;'>\n<div style='flex: 1 1 160px; min-width: 160px;'> <a href='https:\/\/www.syscom.mx\/principal\/consultarproductosazul?global_search=BS2&#038;ordenar=Relevancia&#038;pag=1'> <img style='width: 100%; height: auto; border: 1px solid rgba(150&comma;150&comma;150&comma;0.3); border-radius: 8px;' src='https:\/\/www.supremainc.com\/sites\/default\/files\/uploads\/Compatible_Devices\/compatible_devices_bs2.png' alt='BioStation 2'> <\/p>\n<p style='text-align: center; margin-top: 8px; font-size: 14px; color: inherit;'>BioStation 2<\/p>\n<p> <\/a> <\/div>\n<div style='flex: 1 1 160px; min-width: 160px;'> <img style='width: 100%; height: auto; border: 1px solid rgba(150&comma;150&comma;150&comma;0.3); border-radius: 8px;' src='https:\/\/www.supremainc.com\/sites\/default\/files\/uploads\/Compatible_Devices\/compatible_devices_xpass.png' alt='Xpass'> <\/p>\n<p style='text-align: center; margin-top: 8px; font-size: 14px; color: inherit;'>Xpass<\/p>\n<\/p><\/div>\n<div style='flex: 1 1 160px; min-width: 160px;'> <img style='width: 100%; height: auto; border: 1px solid rgba(150&comma;150&comma;150&comma;0.3); border-radius: 8px;' src='https:\/\/www.supremainc.com\/sites\/default\/files\/uploads\/Compatible_Devices\/compatible_devices_xpass_s2.png' alt='Xpass S2'> <\/p>\n<p style='text-align: center; margin-top: 8px; font-size: 14px; color: inherit;'>Xpass S2<\/p>\n<\/p><\/div>\n<div style='flex: 1 1 160px; min-width: 160px;'> <img style='width: 100%; height: auto; border: 1px solid rgba(150&comma;150&comma;150&comma;0.3); border-radius: 8px;' src='https:\/\/www.supremainc.com\/sites\/default\/files\/uploads\/Compatible_Devices\/compatible_devices_sio2.png' alt='Secure I\/O 2'> <\/p>\n<p style='text-align: center; margin-top: 8px; font-size: 14px; color: inherit;'>Secure I\/O 2<\/p>\n<\/p><\/div>\n<div style='flex: 1 1 160px; min-width: 160px;'> <a href='https:\/\/www.syscom.mx\/principal\/consultarproductosazul?global_search=biostation%20a2&#038;ordenar=Relevancia&#038;pag=1'> <img style='width: 100%; height: auto; border: 1px solid rgba(150&comma;150&comma;150&comma;0.3); border-radius: 8px;' src='https:\/\/www.supremainc.com\/sites\/default\/files\/uploads\/Compatible_Devices\/compatible_devices_A2.png' alt='BioStation A2'> <\/p>\n<p style='text-align: center; margin-top: 8px; font-size: 14px; color: inherit;'>BioStation A2<\/p>\n<p> <\/a> <\/div>\n<div style='flex: 1 1 160px; min-width: 160px;'> <a href='https:\/\/www.syscom.mx\/principal\/consultarproductosazul?global_search=biostationl2&#038;ordenar=Relevancia&#038;pag=1'> <img style='width: 100%; height: auto; border: 1px solid rgba(150&comma;150&comma;150&comma;0.3); border-radius: 8px;' src='https:\/\/www.supremainc.com\/sites\/default\/files\/uploads\/Compatible_Devices\/compatible_devices_L2.png' alt='BioStation L2'> <\/p>\n<p style='text-align: center; margin-top: 8px; font-size: 14px; color: inherit;'>BioStation L2<\/p>\n<p> <\/a> <\/div>\n<div style='flex: 1 1 160px; min-width: 160px;'> <a href='https:\/\/www.syscom.mx\/principal\/consultarproductosazul?global_search=bioentry%20w2&#038;ordenar=Relevancia&#038;pag=1'> <img style='width: 100%; height: auto; border: 1px solid rgba(150&comma;150&comma;150&comma;0.3); border-radius: 8px;' src='https:\/\/www.supremainc.com\/sites\/default\/files\/uploads\/Compatible_Devices\/compatible_devices_w2.png' alt='BioEntry W2'> <\/p>\n<p style='text-align: center; margin-top: 8px; font-size: 14px; color: inherit;'>BioEntry W2<\/p>\n<p> <\/a> <\/div>\n<\/p><\/div>\n<\/p><\/div>\n<\/p><\/div>\n","protected":false},"excerpt":{"rendered":"<p>M\u00f3dulo de Control \/ 12 Relevadores de Salida con Funci\u00f3n para Control de Elevadores<\/p>\n","protected":false},"featured_media":32099,"comment_status":"open","ping_status":"closed","template":"","meta":[],"product_brand":[],"product_cat":[783],"product_tag":[785,784,798],"class_list":{"0":"post-32100","1":"product","2":"type-product","3":"status-publish","4":"has-post-thumbnail","6":"product_cat-controladores-de-acceso","7":"product_tag-controladores-de-acceso","8":"product_tag-paneles-de-control-de-acceso","9":"product_tag-suprema","11":"first","12":"instock","13":"sale","14":"shipping-taxable","15":"purchasable","16":"product-type-simple"},"_links":{"self":[{"href":"https:\/\/soydeaqui.ddns.net\/pachuca\/index.php\/wp-json\/wp\/v2\/product\/32100","targetHints":{"allow":["GET"]}}],"collection":[{"href":"https:\/\/soydeaqui.ddns.net\/pachuca\/index.php\/wp-json\/wp\/v2\/product"}],"about":[{"href":"https:\/\/soydeaqui.ddns.net\/pachuca\/index.php\/wp-json\/wp\/v2\/types\/product"}],"replies":[{"embeddable":true,"href":"https:\/\/soydeaqui.ddns.net\/pachuca\/index.php\/wp-json\/wp\/v2\/comments?post=32100"}],"wp:featuredmedia":[{"embeddable":true,"href":"https:\/\/soydeaqui.ddns.net\/pachuca\/index.php\/wp-json\/wp\/v2\/media\/32099"}],"wp:attachment":[{"href":"https:\/\/soydeaqui.ddns.net\/pachuca\/index.php\/wp-json\/wp\/v2\/media?parent=32100"}],"wp:term":[{"taxonomy":"product_brand","embeddable":true,"href":"https:\/\/soydeaqui.ddns.net\/pachuca\/index.php\/wp-json\/wp\/v2\/product_brand?post=32100"},{"taxonomy":"product_cat","embeddable":true,"href":"https:\/\/soydeaqui.ddns.net\/pachuca\/index.php\/wp-json\/wp\/v2\/product_cat?post=32100"},{"taxonomy":"product_tag","embeddable":true,"href":"https:\/\/soydeaqui.ddns.net\/pachuca\/index.php\/wp-json\/wp\/v2\/product_tag?post=32100"}],"curies":[{"name":"wp","href":"https:\/\/api.w.org\/{rel}","templated":true}]}}