{"id":3206,"date":"2026-03-18T06:05:45","date_gmt":"2026-03-18T06:05:45","guid":{"rendered":"https:\/\/soydeaqui.ddns.net\/pachuca\/index.php\/producto\/mini-medidor-de-consumo-inteligente-con-wi-fi-1-canal-16a-compatible-con-asistentes-de-voz-alexa-y-googlehome\/"},"modified":"2026-03-18T06:05:46","modified_gmt":"2026-03-18T06:05:46","slug":"mini-medidor-de-consumo-inteligente-con-wi-fi-1-canal-16a-compatible-con-asistentes-de-voz-alexa-y-googlehome","status":"publish","type":"product","link":"https:\/\/soydeaqui.ddns.net\/pachuca\/index.php\/producto\/mini-medidor-de-consumo-inteligente-con-wi-fi-1-canal-16a-compatible-con-asistentes-de-voz-alexa-y-googlehome\/","title":{"rendered":"Mini Medidor de consumo inteligente con Wi-Fi, 1 canal 16A, compatible con asistentes de voz Alexa y GoogleHome"},"content":{"rendered":"<div style='width: 100%; max-width: 1200px; margin: 0 auto; font-family: sans-serif; line-height: 1.6; color: inherit; background-color: transparent;'>\n<p style='text-align: justify;'><strong>Mini medidor de consumo inteligente operado por Wi-Fi&comma; 1 canal 16A&comma; con medici\u00f3n.<\/strong><\/p>\n<p style='text-align: justify;'>El interruptor de rel\u00e9 m\u00e1s peque\u00f1o del mundo para un control inteligente y un monitoreo preciso de la energ\u00eda. Automatiza tus luces o peque\u00f1os electrodom\u00e9sticos en menos de 10 minutos&comma; y monitor\u00edzalos desde cualquier lugar. Lo suficientemente peque\u00f1o como para caber detr\u00e1s de cualquier interruptor o enchufe de pared&comma; es retroadaptable y altamente compatible con su ecosistema inteligente existente.<\/p>\n<div style='display: flex; flex-wrap: wrap; gap: 30px; margin-bottom: 30px;'>\n<div style='flex: 1 1 300px; min-width: 280px;'>\n<div style='border-left: 5px solid #0091ff; border-radius: 5px; padding: 5px; box-shadow: 2px 2px 10px rgba(216&comma; 216&comma; 216&comma; 0.5);'>\n<h3 style='font-size: 22px; border-bottom: 2px solid currentColor; padding-bottom: 5px; margin-top: 0; color: inherit; opacity: 0.8;'>Caracter\u00edsticas principales:<\/h3>\n<ul style='padding-left: 20px; font-size: 15px; color: inherit;'>\n<li style='margin-bottom: 5px;'>No Requiere HUB<\/li>\n<li style='margin-bottom: 5px;'>Medici\u00f3n de consumo.<\/li>\n<li style='margin-bottom: 5px;'>Protecci\u00f3n de voltaje: Si<\/li>\n<li style='margin-bottom: 5px;'>Protecci\u00f3n de potencia m\u00e1xima: Si<\/li>\n<li style='margin-bottom: 5px;'>N\u00famero de canales : 1<\/li>\n<li style='margin-bottom: 5px;'>Conectividad Wifi 2.4 GHz 802.11 b\/g\/n<\/li>\n<li style='margin-bottom: 5px;'>Alcance: 10m a 30m linea de vista exterior\/interior<\/li>\n<li style='margin-bottom: 5px;'>Carga: 16A<\/li>\n<li style='margin-bottom: 5px;'>Compatible con asistentes de voz: Alexa y GoogleHome<\/li>\n<\/ul><\/div>\n<\/p><\/div>\n<div style='flex: 1 1 300px; min-width: 280px;'>\n<div style='border-left: 5px solid #0091ff; border-radius: 5px; padding: 5px; box-shadow: 2px 2px 10px rgba(216&comma; 216&comma; 216&comma; 0.5);'>\n<h3 style='font-size: 22px; border-bottom: 2px solid currentColor; padding-bottom: 5px; margin-top: 0; color: inherit; opacity: 0.8;'>Caracter\u00edsticas F\u00edsicas y El\u00e9ctricas:<\/h3>\n<ul style='padding-left: 20px; font-size: 15px; color: inherit;'>\n<li style='margin-bottom: 5px;'>Alimentaci\u00f3n AC: 110 &#8211; 240 VCA<\/li>\n<li style='margin-bottom: 5px;'>Temperatura de Operaci\u00f3n: -20 \u00b0C a 40 \u00b0C<\/li>\n<li style='margin-bottom: 5px;'>Humedad: 30 % a 70 % HR<\/li>\n<li style='margin-bottom: 5px;'>Consumo del dispositivo : < 1-2W<\/li>\n<li style='margin-bottom: 5px;'>Carga m\u00e1xima : Std versi\u00f3n 8A<\/li>\n<li style='margin-bottom: 5px;'>Dimensiones: 29x35x16 \u00b10&comma;5 mm<\/li>\n<li style='margin-bottom: 5px;'>Usiarios simultaneos: 1 o compartir a 5 cuentas.<\/li>\n<\/ul><\/div>\n<\/p><\/div>\n<div style='flex: 1 1 300px; min-width: 280px;'>\n<div style='border-left: 5px solid #0091ff; border-radius: 5px; padding: 5px; box-shadow: 2px 2px 10px rgba(216&comma; 216&comma; 216&comma; 0.5);'>\n<h3 style='font-size: 22px; border-bottom: 2px solid currentColor; padding-bottom: 5px; margin-top: 0; color: inherit; opacity: 0.8;'>Casos de uso:<\/h3>\n<ul style='padding-left: 20px; font-size: 15px; color: inherit;'>\n<li style='margin-bottom: 5px;'>Convierte culquier electrodomestico en dispositivo intleigente.<\/li>\n<li style='margin-bottom: 5px;'>Control de iluminaci\u00f3n.<\/li>\n<li style='margin-bottom: 5px;'><a href='https:\/\/kb.shelly.cloud\/knowledge-base\/shelly-plus-1pm-mini' style='color: #0091ff; text-decoration: none; font-weight: bold;'>M\u00e1s informaci\u00f3n t\u00e9cnica.<\/a><\/li>\n<\/ul><\/div>\n<\/p><\/div>\n<\/p><\/div>\n<div style='margin: 40px 0; text-align: center;'> <img style='width: 100%; max-width: 200px; height: auto; border: 1px solid rgba(150&comma;150&comma;150&comma;0.3); border-radius: 8px;' src='https:\/\/ftp3.syscom.mx\/usuarios\/ftp\/single_page\/shelly_img\/shelly_logo_white_std.png' alt='Logo Shelly'> <\/div>\n<\/p><\/div>\n","protected":false},"excerpt":{"rendered":"<p>Mini Medidor de consumo inteligente con Wi-Fi, 1 canal 16A, compatible con asistentes de voz Alexa y GoogleHome<\/p>\n","protected":false},"featured_media":3205,"comment_status":"open","ping_status":"closed","template":"","meta":[],"product_brand":[],"product_cat":[56],"product_tag":[30,57,58],"class_list":{"0":"post-3206","1":"product","2":"type-product","3":"status-publish","4":"has-post-thumbnail","6":"product_cat-control-de-iluminacion","7":"product_tag-automatizacion-casa-inteligente","8":"product_tag-control-de-iluminacion","9":"product_tag-shelly","11":"first","12":"instock","13":"sale","14":"shipping-taxable","15":"purchasable","16":"product-type-simple"},"_links":{"self":[{"href":"https:\/\/soydeaqui.ddns.net\/pachuca\/index.php\/wp-json\/wp\/v2\/product\/3206","targetHints":{"allow":["GET"]}}],"collection":[{"href":"https:\/\/soydeaqui.ddns.net\/pachuca\/index.php\/wp-json\/wp\/v2\/product"}],"about":[{"href":"https:\/\/soydeaqui.ddns.net\/pachuca\/index.php\/wp-json\/wp\/v2\/types\/product"}],"replies":[{"embeddable":true,"href":"https:\/\/soydeaqui.ddns.net\/pachuca\/index.php\/wp-json\/wp\/v2\/comments?post=3206"}],"wp:featuredmedia":[{"embeddable":true,"href":"https:\/\/soydeaqui.ddns.net\/pachuca\/index.php\/wp-json\/wp\/v2\/media\/3205"}],"wp:attachment":[{"href":"https:\/\/soydeaqui.ddns.net\/pachuca\/index.php\/wp-json\/wp\/v2\/media?parent=3206"}],"wp:term":[{"taxonomy":"product_brand","embeddable":true,"href":"https:\/\/soydeaqui.ddns.net\/pachuca\/index.php\/wp-json\/wp\/v2\/product_brand?post=3206"},{"taxonomy":"product_cat","embeddable":true,"href":"https:\/\/soydeaqui.ddns.net\/pachuca\/index.php\/wp-json\/wp\/v2\/product_cat?post=3206"},{"taxonomy":"product_tag","embeddable":true,"href":"https:\/\/soydeaqui.ddns.net\/pachuca\/index.php\/wp-json\/wp\/v2\/product_tag?post=3206"}],"curies":[{"name":"wp","href":"https:\/\/api.w.org\/{rel}","templated":true}]}}