{"id":32050,"date":"2026-03-18T14:25:33","date_gmt":"2026-03-18T14:25:33","guid":{"rendered":"https:\/\/soydeaqui.ddns.net\/pachuca\/index.php\/producto\/video-portero-sip-con-camara-1-relevador-integrado-onvif-y-lector-de-tarjetas-rfid-para-acceso\/"},"modified":"2026-03-18T14:25:41","modified_gmt":"2026-03-18T14:25:41","slug":"video-portero-sip-con-camara-1-relevador-integrado-onvif-y-lector-de-tarjetas-rfid-para-acceso","status":"publish","type":"product","link":"https:\/\/soydeaqui.ddns.net\/pachuca\/index.php\/producto\/video-portero-sip-con-camara-1-relevador-integrado-onvif-y-lector-de-tarjetas-rfid-para-acceso\/","title":{"rendered":"Video Portero SIP Con C\u00e1mara, 1 Relevador Integrado, Onvif y lector de tarjetas RFID para acceso"},"content":{"rendered":"<div style='width: 100%; max-width: 1200px; margin: 0 auto; font-family: sans-serif; line-height: 1.6; color: inherit; background-color: transparent;'> <!-- Secci\u00f3n de descripci\u00f3n principal --> <\/p>\n<div style='margin-bottom: 30px;'>\n<p style='color: inherit; line-height: 1.6; margin: 0 0 20px 0;'> El dise\u00f1o del videoportero IP i31S se basa en la experiencia y el conocimiento del desarrollo de tel\u00e9fonos IP Fanvil. i31S est\u00e1n utilizando el protocolo est\u00e1ndar IP\/RTP\/RTSP para voz transmisi\u00f3n y disfrute de las ventajas de la gama completa de compatibilidad. i31S tiene una variedad de caracter\u00edsticas de nivel empresarial y compatible con muchas de las principales plataformas&comma; como 3CX&comma; Asterisk&comma; Broadsoft&comma; Elastix&comma; Grandstream&comma; etc. El videoportero IP i31S est\u00e1 dise\u00f1ado para funcionar en exteriores. La construcci\u00f3n mec\u00e1nica robusta ofrece una clasificaci\u00f3n de cobertura protectora contra el polvo y el agua (IP65). El i31S es un dispositivo econ\u00f3mico con triple funci\u00f3n (Todo en 1) Control de acceso por DTMF&comma; Contrase\u00f1a&comma; RFID\/IC. <\/p>\n<\/p><\/div>\n<p> <!-- Secci\u00f3n de cards con caracter\u00edsticas --> <\/p>\n<div style='display: flex; flex-wrap: wrap; gap: 30px; margin-bottom: 30px;'> <!-- Caracter\u00edsticas principales --> <\/p>\n<div style='flex: 1 1 300px; min-width: 280px;'>\n<div style='border: 1px solid rgba(150&comma;150&comma;150&comma;0.3); border-left: 5px solid #cb3234; border-radius: 8px; overflow: hidden; box-shadow: 0 2px 8px rgba(0&comma;0&comma;0&comma;0.05); background-color: rgba(255&comma;255&comma;255&comma;0.02);'>\n<div style='padding: 15px; border-bottom: 1px solid rgba(150&comma;150&comma;150&comma;0.2); font-weight: bold; font-size: 18px; color: inherit; background-color: rgba(255&comma;255&comma;255&comma;0.05);'>Caracter\u00edsticas principales<\/div>\n<div style='padding: 15px; color: inherit;'>\n<ul style='padding-left: 20px; margin: 0; font-size: 14px; list-style-type: disc; color: inherit;'>\n<li style='margin-bottom: 5px;'>2 lineas SIP.<\/li>\n<li style='margin-bottom: 5px;'>Cuenta con 2 micr\u00f3fonos altamente sensibles que ayudan a reducir el eco y el ruido de fondo<\/li>\n<li style='margin-bottom: 5px;'>Altavoz de 3W para ambientes ruidosos<\/li>\n<li style='margin-bottom: 5px;'>IP65<\/li>\n<li style='margin-bottom: 5px;'>Teclado iluminado para llamadas telef\u00f3nicas y apertura de puertas<\/li>\n<li style='margin-bottom: 5px;'>Sensor de manipulaci\u00f3n (Tamper Switch)<\/li>\n<li style='margin-bottom: 5px;'>C\u00e1mara de color con visi\u00f3n nocturna<\/li>\n<li style='margin-bottom: 5px;'>Relevador integrado<\/li>\n<li style='margin-bottom: 5px;'>Protocolo Onvif<\/li>\n<li style='margin-bottom: 5px;'>Hasta 100 registros en dial peer (para configuraci\u00f3n sin conmutador IP)<\/li>\n<\/ul><\/div>\n<\/p><\/div>\n<\/p><\/div>\n<p> <!-- Caracter\u00edsticas F\u00edsicas y El\u00e9ctricas --> <\/p>\n<div style='flex: 1 1 300px; min-width: 280px;'>\n<div style='border: 1px solid rgba(150&comma;150&comma;150&comma;0.3); border-left: 5px solid #cb3234; border-radius: 8px; overflow: hidden; box-shadow: 0 2px 8px rgba(0&comma;0&comma;0&comma;0.05); background-color: rgba(255&comma;255&comma;255&comma;0.02);'>\n<div style='padding: 15px; border-bottom: 1px solid rgba(150&comma;150&comma;150&comma;0.2); font-weight: bold; font-size: 18px; color: inherit; background-color: rgba(255&comma;255&comma;255&comma;0.05);'>Caracter\u00edsticas F\u00edsicas y El\u00e9ctricas<\/div>\n<div style='padding: 15px; color: inherit;'>\n<ul style='padding-left: 20px; margin: 0; font-size: 14px; list-style-type: disc; color: inherit;'>\n<li style='margin-bottom: 5px;'><strong>Alimentaci\u00f3n:<\/strong> 12Vcc&comma; 1.0A o PoE 802.3af<\/li>\n<li style='margin-bottom: 5px;'><strong>PoE:<\/strong> 802.3af 48V\/380mA<\/li>\n<li style='margin-bottom: 5px;'><strong>Red:<\/strong> LAN base 10\/100 Mbps autom\u00e1tico&comma; RJ-45<\/li>\n<li style='margin-bottom: 5px;'><strong>Salida de relevador:<\/strong> 12Vcc&comma; 700mA<\/li>\n<li style='margin-bottom: 5px;'><strong>C\u00e1mara:<\/strong> 130W CMOS \/IR-CUT<\/li>\n<li style='margin-bottom: 5px;'><strong>RFID\/IC Card:<\/strong> ID (EM4100&comma;125KHz) &#038; IC(MIFARE ONE&comma;13.56MHz)<\/li>\n<li style='margin-bottom: 5px;'><strong>Microfono:<\/strong> -38dB<\/li>\n<li style='margin-bottom: 5px;'><strong>Altavoz:<\/strong> 4\u03a9 \/ 3W<\/li>\n<li style='margin-bottom: 5px;'><strong>Material:<\/strong> Aleaci\u00f3n de aluminio<\/li>\n<li style='margin-bottom: 5px;'><strong>Rango de temperatura:<\/strong> -40\u00b0 a 70\u00b0<\/li>\n<li style='margin-bottom: 5px;'><strong>Dimensiones:<\/strong> 159 X 120 X 36 mm<\/li>\n<\/ul><\/div>\n<\/p><\/div>\n<\/p><\/div>\n<p> <!-- Caracter\u00edsticas de Red --> <\/p>\n<div style='flex: 1 1 300px; min-width: 280px;'>\n<div style='border: 1px solid rgba(150&comma;150&comma;150&comma;0.3); border-left: 5px solid #cb3234; border-radius: 8px; overflow: hidden; box-shadow: 0 2px 8px rgba(0&comma;0&comma;0&comma;0.05); background-color: rgba(255&comma;255&comma;255&comma;0.02);'>\n<div style='padding: 15px; border-bottom: 1px solid rgba(150&comma;150&comma;150&comma;0.2); font-weight: bold; font-size: 18px; color: inherit; background-color: rgba(255&comma;255&comma;255&comma;0.05);'>Caracter\u00edsticas de Red<\/div>\n<div style='padding: 15px; color: inherit;'>\n<ul style='padding-left: 20px; margin: 0; font-size: 14px; list-style-type: disc; color: inherit;'>\n<li style='margin-bottom: 5px;'>Soporta PoE 802.3af<\/li>\n<li style='margin-bottom: 5px;'>Codec de video: H.264<\/li>\n<li style='margin-bottom: 5px;'>Puerto 10\/100Mbps<\/li>\n<li style='margin-bottom: 5px;'>VPN: L2TP\/Open VPN<\/li>\n<li style='margin-bottom: 5px;'>VLAN<\/li>\n<li style='margin-bottom: 5px;'>QoS<\/li>\n<li style='margin-bottom: 5px;'>Soporta STUN<\/li>\n<\/ul><\/div>\n<\/p><\/div>\n<\/p><\/div>\n<\/p><\/div>\n<p> <!-- Separador final --> <\/p>\n<hr style='border: 0; border-top: 1px solid rgba(150&comma;150&comma;150&comma;0.3); margin: 30px 0;'> <\/div>\n","protected":false},"excerpt":{"rendered":"<p>Video Portero SIP Con C\u00e1mara, 1 Relevador Integrado, Onvif y lector de tarjetas RFID para acceso<\/p>\n","protected":false},"featured_media":32049,"comment_status":"open","ping_status":"closed","template":"","meta":[],"product_brand":[],"product_cat":[907],"product_tag":[859,908,557],"class_list":{"0":"post-32050","1":"product","2":"type-product","3":"status-publish","4":"has-post-thumbnail","6":"product_cat-interfones","7":"product_tag-fanvil","8":"product_tag-interfones","9":"product_tag-videoporteros-e-interfonos","11":"first","12":"outofstock","13":"sale","14":"shipping-taxable","15":"purchasable","16":"product-type-simple"},"_links":{"self":[{"href":"https:\/\/soydeaqui.ddns.net\/pachuca\/index.php\/wp-json\/wp\/v2\/product\/32050","targetHints":{"allow":["GET"]}}],"collection":[{"href":"https:\/\/soydeaqui.ddns.net\/pachuca\/index.php\/wp-json\/wp\/v2\/product"}],"about":[{"href":"https:\/\/soydeaqui.ddns.net\/pachuca\/index.php\/wp-json\/wp\/v2\/types\/product"}],"replies":[{"embeddable":true,"href":"https:\/\/soydeaqui.ddns.net\/pachuca\/index.php\/wp-json\/wp\/v2\/comments?post=32050"}],"wp:featuredmedia":[{"embeddable":true,"href":"https:\/\/soydeaqui.ddns.net\/pachuca\/index.php\/wp-json\/wp\/v2\/media\/32049"}],"wp:attachment":[{"href":"https:\/\/soydeaqui.ddns.net\/pachuca\/index.php\/wp-json\/wp\/v2\/media?parent=32050"}],"wp:term":[{"taxonomy":"product_brand","embeddable":true,"href":"https:\/\/soydeaqui.ddns.net\/pachuca\/index.php\/wp-json\/wp\/v2\/product_brand?post=32050"},{"taxonomy":"product_cat","embeddable":true,"href":"https:\/\/soydeaqui.ddns.net\/pachuca\/index.php\/wp-json\/wp\/v2\/product_cat?post=32050"},{"taxonomy":"product_tag","embeddable":true,"href":"https:\/\/soydeaqui.ddns.net\/pachuca\/index.php\/wp-json\/wp\/v2\/product_tag?post=32050"}],"curies":[{"name":"wp","href":"https:\/\/api.w.org\/{rel}","templated":true}]}}