{"id":32028,"date":"2026-03-18T14:25:01","date_gmt":"2026-03-18T14:25:01","guid":{"rendered":"https:\/\/soydeaqui.ddns.net\/pachuca\/index.php\/producto\/terminal-biometrica-de-palma-y-huella-digital-para-gestion-de-asistencia-y-control-de-acceso\/"},"modified":"2026-03-18T14:25:09","modified_gmt":"2026-03-18T14:25:09","slug":"terminal-biometrica-de-palma-y-huella-digital-para-gestion-de-asistencia-y-control-de-acceso","status":"publish","type":"product","link":"https:\/\/soydeaqui.ddns.net\/pachuca\/index.php\/producto\/terminal-biometrica-de-palma-y-huella-digital-para-gestion-de-asistencia-y-control-de-acceso\/","title":{"rendered":"Terminal Biom\u00e9trica de Palma y Huella Digital para Gesti\u00f3n de Asistencia y Control de Acceso"},"content":{"rendered":"<div style='width: 100%; max-width: 1200px; margin: 0 auto; font-family: sans-serif; line-height: 1.6; color: inherit; background-color: transparent;'>\n<div style='display: flex; flex-wrap: wrap; gap: 30px; margin-bottom: 30px;'>\n<div style='flex: 1 1 300px; min-width: 280px;'>\n<h3 style='font-size: 22px; border-bottom: 2px solid currentColor; padding-bottom: 5px; margin-top: 0; color: inherit; opacity: 0.8;'>Caracter\u00edsticas<\/h3>\n<ul style='padding-left: 20px; font-size: 15px; color: inherit;'>\n<li style='margin-bottom: 5px;'>Terminal multi-biom\u00e9trica para aplicaciones de Tiempo y Asistencia con funciones de Control de Acceso<\/li>\n<li style='margin-bottom: 5px;'>Puede ser conectada con cerraduras el\u00e9ctricas&comma; sensores de puertas y botones de salidas<\/li>\n<li style='margin-bottom: 5px;'>Cuenta con algoritmo de reconocimiento de palma y huella digital<\/li>\n<li style='margin-bottom: 5px;'>Almacenamiento de hasta 600 plantillas de palma y 3&comma;000 de huella digital<\/li>\n<li style='margin-bottom: 5px;'>Comunicaci\u00f3n v\u00eda TCP\/IP y USB-Host<\/li>\n<li style='margin-bottom: 5px;'>Velocidad de verificaci\u00f3n r\u00e1pida y interfaz amigable<\/li>\n<li style='margin-bottom: 5px;'>Dise\u00f1o atractivo ideal para instalaci\u00f3n en oficinas<\/li>\n<li style='margin-bottom: 5px;'>Software compatible: ZKAccess3.5<\/li>\n<\/ul><\/div>\n<\/p><\/div>\n<div style='display: flex; flex-wrap: wrap; gap: 20px; margin-bottom: 30px;'>\n<div style='flex: 1 1 250px; border: 1px solid rgba(150&comma; 150&comma; 150&comma; 0.4); border-radius: 8px; overflow: hidden; display: flex; flex-direction: column;'>\n<div style='padding: 15px; border-bottom: 1px solid rgba(150&comma; 150&comma; 150&comma; 0.2); font-weight: bold; font-size: 18px; color: inherit;'>Especificaciones T\u00e9cnicas<\/div>\n<div style='padding: 15px; color: inherit;'>\n<ul style='padding-left: 20px; margin: 0; font-size: 14px; list-style-type: disc;'>\n<li style='margin-bottom: 5px;'><strong>Pantalla:<\/strong> T\u00e1ctil 2.8 pulgadas<\/li>\n<li style='margin-bottom: 5px;'><strong>Capacidad de Palmas:<\/strong> 600<\/li>\n<li style='margin-bottom: 5px;'><strong>Capacidad de Huellas:<\/strong> 3&comma;000<\/li>\n<li style='margin-bottom: 5px;'><strong>Capacidad de Tarjetas:<\/strong> 10&comma;000 (ACCESSISOCARD&comma; ACCESSPROXCARD&comma; ACCESKFBPROX)<\/li>\n<li style='margin-bottom: 5px;'><strong>Capacidad de Eventos:<\/strong> 100&comma;000<\/li>\n<li style='margin-bottom: 5px;'><strong>Comunicaci\u00f3n:<\/strong> TCP\/IP&comma; USB-Host<\/li>\n<li style='margin-bottom: 5px;'><strong>Velocidad de Verificaci\u00f3n:<\/strong> \u22641 seg<\/li>\n<li style='margin-bottom: 5px;'><strong>Temperatura de Operaci\u00f3n:<\/strong> 0\u00b0C a 45\u00b0C<\/li>\n<li style='margin-bottom: 5px;'><strong>Humedad de Operaci\u00f3n:<\/strong> 20% &#8211; 80%<\/li>\n<li style='margin-bottom: 5px;'><strong>Dimensiones:<\/strong> 179.95 x 134.94 x 38.5 mm<\/li>\n<\/ul><\/div>\n<\/p><\/div>\n<div style='flex: 1 1 250px; border: 1px solid rgba(150&comma; 150&comma; 150&comma; 0.4); border-radius: 8px; overflow: hidden; display: flex; flex-direction: column;'>\n<div style='padding: 15px; border-bottom: 1px solid rgba(150&comma; 150&comma; 150&comma; 0.2); font-weight: bold; font-size: 18px; color: inherit;'>Funcionalidades<\/div>\n<div style='padding: 15px; color: inherit;'>\n<ul style='padding-left: 20px; margin: 0; font-size: 14px; list-style-type: disc;'>\n<li style='margin-bottom: 5px;'><strong>Funciones Est\u00e1ndar:<\/strong> Cambio Autom\u00e1tico de Estado&comma; B\u00fasqueda Self-Service&comma; C\u00f3digo de Trabajo&comma; Entrada T9&comma; 9 D\u00edgitos de Usuario&comma; Horario de Verano&comma; Timbre Programado&comma; SMS&comma; Impresora. M\u00f3dulo de Control de Acceso 1: Bot\u00f3n de Salida&comma; Cerradura El\u00e9ctrica&comma; Alarma&comma; Salida 12V&comma; Entrada Auxiliar<\/li>\n<li style='margin-bottom: 5px;'><strong>Funciones Opcionales:<\/strong> Tarjeta ID&comma; MIFARE&comma; PoE&comma; 3G&comma; Bater\u00eda&comma; ADMS. M\u00f3dulo de Control de Acceso 2: Bot\u00f3n de Salida&comma; Cerradura El\u00e9ctrica&comma; Alarma&comma; Salida 12V&comma; Entrada Auxiliar&comma; Sensor de Puerta&comma; RS485&comma; Salida \/ Entrada Wiegand<\/li>\n<\/ul><\/div>\n<\/p><\/div>\n<div style='flex: 1 1 250px; border: 1px solid rgba(150&comma; 150&comma; 150&comma; 0.4); border-radius: 8px; overflow: hidden; display: flex; flex-direction: column;'>\n<div style='padding: 15px; border-bottom: 1px solid rgba(150&comma; 150&comma; 150&comma; 0.2); font-weight: bold; font-size: 18px; color: inherit;'>Alimentaci\u00f3n<\/div>\n<div style='padding: 15px; color: inherit;'>\n<ul style='padding-left: 20px; margin: 0; font-size: 14px; list-style-type: disc;'>\n<li style='margin-bottom: 5px;'><strong>Fuente de Alimentaci\u00f3n:<\/strong> 12V 1.5A (No Incluida)<\/li>\n<li style='margin-bottom: 5px;'><strong>Fuente Recomendada:<\/strong> PSD1202D<\/li>\n<\/ul><\/div>\n<\/p><\/div>\n<\/p><\/div>\n<div style='display: flex; flex-wrap: wrap; gap: 30px; margin-bottom: 30px;'>\n<div style='flex: 1 1 300px; min-width: 280px;'>\n<h3 style='font-size: 22px; border-bottom: 2px solid currentColor; padding-bottom: 5px; margin-top: 0; color: inherit; opacity: 0.8;'>Nota<\/h3>\n<ul style='padding-left: 20px; font-size: 15px; color: inherit;'>\n<li style='margin-bottom: 5px;'>Este equipo no incluye funcion ADMS&comma; es necesario cotizar el modelo <a style='color: inherit; text-decoration: underline;' href='https:\/\/www.syscom.mx\/principal\/searchcont?route=ZK-TW-FW-UP-ZKTECO-85722&#038;autodetect=adms'>ZK-TW-FW-UP<\/a><\/li>\n<\/ul><\/div>\n<\/p><\/div>\n<div style='display: flex; flex-wrap: wrap; gap: 30px; margin-bottom: 30px;'>\n<div style='flex: 1 1 300px; min-width: 280px;'>\n<h3 style='font-size: 22px; border-bottom: 2px solid currentColor; padding-bottom: 5px; margin-top: 0; color: inherit; opacity: 0.8;'>Diagrama<\/h3>\n<div style='margin-top: 15px;'> <img style='width: 100%; height: auto; border: 1px solid rgba(150&comma;150&comma;150&comma;0.3); border-radius: 8px;' src='https:\/\/www.zktecolatinoamerica.com\/images\/productos\/P160Diagrama.png' alt='Diagrama del producto'> <\/div>\n<\/p><\/div>\n<\/p><\/div>\n<hr style='border: 0; border-top: 1px solid rgba(150&comma; 150&comma; 150&comma; 0.3); margin: 30px 0;'> <\/div>\n","protected":false},"excerpt":{"rendered":"<p>Terminal Biom\u00e9trica de Palma y Huella Digital para Gesti\u00f3n de Asistencia y Control de Acceso<\/p>\n","protected":false},"featured_media":32027,"comment_status":"open","ping_status":"closed","template":"","meta":[],"product_brand":[],"product_cat":[743],"product_tag":[744,745,844],"class_list":{"0":"post-32028","1":"product","2":"type-product","3":"status-publish","4":"has-post-thumbnail","6":"product_cat-para-tiempo-y-asistencia-checadores","7":"product_tag-biometricos","8":"product_tag-para-tiempo-y-asistencia-checadores","9":"product_tag-zkteco","11":"first","12":"instock","13":"sale","14":"shipping-taxable","15":"purchasable","16":"product-type-simple"},"_links":{"self":[{"href":"https:\/\/soydeaqui.ddns.net\/pachuca\/index.php\/wp-json\/wp\/v2\/product\/32028","targetHints":{"allow":["GET"]}}],"collection":[{"href":"https:\/\/soydeaqui.ddns.net\/pachuca\/index.php\/wp-json\/wp\/v2\/product"}],"about":[{"href":"https:\/\/soydeaqui.ddns.net\/pachuca\/index.php\/wp-json\/wp\/v2\/types\/product"}],"replies":[{"embeddable":true,"href":"https:\/\/soydeaqui.ddns.net\/pachuca\/index.php\/wp-json\/wp\/v2\/comments?post=32028"}],"wp:featuredmedia":[{"embeddable":true,"href":"https:\/\/soydeaqui.ddns.net\/pachuca\/index.php\/wp-json\/wp\/v2\/media\/32027"}],"wp:attachment":[{"href":"https:\/\/soydeaqui.ddns.net\/pachuca\/index.php\/wp-json\/wp\/v2\/media?parent=32028"}],"wp:term":[{"taxonomy":"product_brand","embeddable":true,"href":"https:\/\/soydeaqui.ddns.net\/pachuca\/index.php\/wp-json\/wp\/v2\/product_brand?post=32028"},{"taxonomy":"product_cat","embeddable":true,"href":"https:\/\/soydeaqui.ddns.net\/pachuca\/index.php\/wp-json\/wp\/v2\/product_cat?post=32028"},{"taxonomy":"product_tag","embeddable":true,"href":"https:\/\/soydeaqui.ddns.net\/pachuca\/index.php\/wp-json\/wp\/v2\/product_tag?post=32028"}],"curies":[{"name":"wp","href":"https:\/\/api.w.org\/{rel}","templated":true}]}}