{"id":31965,"date":"2026-03-18T14:23:27","date_gmt":"2026-03-18T14:23:27","guid":{"rendered":"https:\/\/soydeaqui.ddns.net\/pachuca\/index.php\/producto\/tarjeta-iclass-2k-delgada-garantia-de-por-vida-delgada\/"},"modified":"2026-03-18T14:23:28","modified_gmt":"2026-03-18T14:23:28","slug":"tarjeta-iclass-2k-delgada-garantia-de-por-vida-delgada","status":"publish","type":"product","link":"https:\/\/soydeaqui.ddns.net\/pachuca\/index.php\/producto\/tarjeta-iclass-2k-delgada-garantia-de-por-vida-delgada\/","title":{"rendered":"Tarjeta iCLASS 2k Delgada \/ Garant\u00eda de por Vida\/Delgada"},"content":{"rendered":"<div style='width: 100%; max-width: 1200px; margin: 0 auto; font-family: sans-serif; line-height: 1.6; color: inherit; background-color: transparent;'>\n<div style='display: flex; flex-wrap: wrap; gap: 30px; margin-bottom: 30px;'>\n<div style='flex: 1 1 300px; min-width: 280px;'>\n<h3 style='font-size: 22px; border-bottom: 2px solid currentColor; padding-bottom: 5px; margin-top: 0; color: inherit; opacity: 0.8;'>Caracter\u00edsticas principales<\/h3>\n<ul style='padding-left: 20px; font-size: 15px; color: inherit;'>\n<li style='margin-bottom: 5px;'>Tarjeta iClass<\/li>\n<li style='margin-bottom: 5px;'>Memoria de 2KB<\/li>\n<li style='margin-bottom: 5px;'>Material PVC<\/li>\n<\/ul><\/div>\n<div style='flex: 1 1 300px; min-width: 280px;'>\n<h3 style='font-size: 22px; border-bottom: 2px solid currentColor; padding-bottom: 5px; margin-top: 0; color: inherit; opacity: 0.8;'>Informaci\u00f3n importante<\/h3>\n<ul style='padding-left: 20px; font-size: 15px; color: inherit;'>\n<li style='margin-bottom: 5px; background-color: rgba(241&comma; 196&comma; 15&comma; 0.3); padding: 8px; border-radius: 4px;'><strong style='color: inherit;'>Producto Bajo Pedido:<\/strong> No puede comprarse en l\u00ednea<\/li>\n<li style='margin-bottom: 5px;'>El m\u00ednimo de orden es 100 piezas<\/li>\n<li style='margin-bottom: 5px;'>Garant\u00eda de por Vida<\/li>\n<\/ul><\/div>\n<\/p><\/div>\n<div style='display: flex; flex-wrap: wrap; gap: 20px; margin-bottom: 30px;'>\n<div style='flex: 1 1 250px; border: 1px solid rgba(150&comma; 150&comma; 150&comma; 0.4); border-radius: 8px; overflow: hidden; display: flex; flex-direction: column;'>\n<div style='padding: 15px; border-bottom: 1px solid rgba(150&comma; 150&comma; 150&comma; 0.2); font-weight: bold; font-size: 18px; color: inherit;'>Perforaci\u00f3n<\/div>\n<div style='padding: 15px; color: inherit;'>\n<p style='margin: 0; font-size: 14px; color: inherit;'>Para perforar debe tener en cuenta lo siguiente: Las ubicaciones de perforaci\u00f3n disponibles est\u00e1n marcadas por 3 puntos en la parte posterior de la tarjeta. Si los puntos no est\u00e1n presentes&comma; la tarjeta no se puede perforar con seguridad.<\/p>\n<\/p><\/div>\n<\/p><\/div>\n<div style='flex: 1 1 250px; border: 1px solid rgba(150&comma; 150&comma; 150&comma; 0.4); border-radius: 8px; overflow: hidden; display: flex; flex-direction: column;'>\n<div style='padding: 15px; border-bottom: 1px solid rgba(150&comma; 150&comma; 150&comma; 0.2); font-weight: bold; font-size: 18px; color: inherit;'>Requisitos de compra<\/div>\n<div style='padding: 15px; color: inherit;'>\n<p style='margin: 0 0 10px 0; font-size: 14px; color: inherit;'>Producto sobre pedido. No puede comprarse en l\u00ednea puesto que es indispensable para ordenar indicar formato&comma; c\u00f3digo de sitio&comma; consecutivo de tarjeta.<\/p>\n<ul style='padding-left: 20px; margin: 0; font-size: 14px; list-style-type: disc; color: inherit;'>\n<li style='margin-bottom: 5px;'><strong style='color: inherit;'>Formato:<\/strong> Confirmar que es H10301&comma; es decir&comma; 26 bits.<\/li>\n<li style='margin-bottom: 5px;'><strong style='color: inherit;'>C\u00f3digo de sitio<\/strong> (Site Code \/ Facility Code): (0 a 255&comma; si es formato 26 bits H10301).<\/li>\n<li style='margin-bottom: 5px;'><strong style='color: inherit;'>Consecutivo<\/strong> (rango): La numeraci\u00f3n que tendr\u00e1n las tarjetas (Entre 0-65535 si es a 26 bits H10301).<\/li>\n<\/ul><\/div>\n<\/p><\/div>\n<\/p><\/div>\n<div style='margin-bottom: 30px;'>\n<div style='padding: 15px; border: 1px solid rgba(150&comma; 150&comma; 150&comma; 0.4); border-radius: 8px; background-color: rgba(241&comma; 196&comma; 15&comma; 0.1); color: inherit;'>\n<p style='margin: 0; font-size: 14px; color: inherit;'> <strong style='color: inherit;'>Importante:<\/strong> Se puede llenar el siguiente <a style='color: inherit; text-decoration: underline;' href='https:\/\/ftp3.syscom.mx\/usuarios\/ftp\/2021\/05\/04\/4ba4d\/FOR%208.4%20025%20CMP%20Formato%20para%20solicitud%20de%20tarjetas%20REV.%20002.docx' target='_blank' rel='noopener'> <strong style='color: inherit;'>FORMULARIO<\/strong> <\/a> y enviarlo a su Ejecutivo de Cuenta&comma; de lo contrario ninguna compra ser\u00e1 procesada. <\/p>\n<\/p><\/div>\n<\/p><\/div>\n<hr style='border: 0; border-top: 1px solid rgba(150&comma; 150&comma; 150&comma; 0.3); margin: 30px 0;'> <\/div>\n","protected":false},"excerpt":{"rendered":"<p>Tarjeta iCLASS 2k Delgada \/ Garant\u00eda de por Vida\/Delgada<\/p>\n","protected":false},"featured_media":31964,"comment_status":"open","ping_status":"closed","template":"","meta":[],"product_brand":[],"product_cat":[465],"product_tag":[814,466,467],"class_list":{"0":"post-31965","1":"product","2":"type-product","3":"status-publish","4":"has-post-thumbnail","6":"product_cat-proximidad-125-khz","7":"product_tag-hid","8":"product_tag-lectoras-y-tarjetas","9":"product_tag-proximidad-125-khz","11":"first","12":"outofstock","13":"sale","14":"shipping-taxable","15":"purchasable","16":"product-type-simple"},"_links":{"self":[{"href":"https:\/\/soydeaqui.ddns.net\/pachuca\/index.php\/wp-json\/wp\/v2\/product\/31965","targetHints":{"allow":["GET"]}}],"collection":[{"href":"https:\/\/soydeaqui.ddns.net\/pachuca\/index.php\/wp-json\/wp\/v2\/product"}],"about":[{"href":"https:\/\/soydeaqui.ddns.net\/pachuca\/index.php\/wp-json\/wp\/v2\/types\/product"}],"replies":[{"embeddable":true,"href":"https:\/\/soydeaqui.ddns.net\/pachuca\/index.php\/wp-json\/wp\/v2\/comments?post=31965"}],"wp:featuredmedia":[{"embeddable":true,"href":"https:\/\/soydeaqui.ddns.net\/pachuca\/index.php\/wp-json\/wp\/v2\/media\/31964"}],"wp:attachment":[{"href":"https:\/\/soydeaqui.ddns.net\/pachuca\/index.php\/wp-json\/wp\/v2\/media?parent=31965"}],"wp:term":[{"taxonomy":"product_brand","embeddable":true,"href":"https:\/\/soydeaqui.ddns.net\/pachuca\/index.php\/wp-json\/wp\/v2\/product_brand?post=31965"},{"taxonomy":"product_cat","embeddable":true,"href":"https:\/\/soydeaqui.ddns.net\/pachuca\/index.php\/wp-json\/wp\/v2\/product_cat?post=31965"},{"taxonomy":"product_tag","embeddable":true,"href":"https:\/\/soydeaqui.ddns.net\/pachuca\/index.php\/wp-json\/wp\/v2\/product_tag?post=31965"}],"curies":[{"name":"wp","href":"https:\/\/api.w.org\/{rel}","templated":true}]}}