{"id":3196,"date":"2026-03-18T06:05:38","date_gmt":"2026-03-18T06:05:38","guid":{"rendered":"https:\/\/soydeaqui.ddns.net\/pachuca\/index.php\/producto\/hikfire-detector-de-gas-lp-propano-c3h8-alarma-temprana-salida-para-cierre-de-valvula-y-o-activacion-de-ventilador-proteccion-ip30-alarma-de-70db-a-115db-a-1-metro-de-distancia\/"},"modified":"2026-03-18T06:05:41","modified_gmt":"2026-03-18T06:05:41","slug":"hikfire-detector-de-gas-lp-propano-c3h8-alarma-temprana-salida-para-cierre-de-valvula-y-o-activacion-de-ventilador-proteccion-ip30-alarma-de-70db-a-115db-a-1-metro-de-distancia","status":"publish","type":"product","link":"https:\/\/soydeaqui.ddns.net\/pachuca\/index.php\/producto\/hikfire-detector-de-gas-lp-propano-c3h8-alarma-temprana-salida-para-cierre-de-valvula-y-o-activacion-de-ventilador-proteccion-ip30-alarma-de-70db-a-115db-a-1-metro-de-distancia\/","title":{"rendered":"(HikFire)  Detector de Gas LP Propano C3H8 \/ Alarma Temprana \/ Salida para cierre de V\u00e1lvula y\/o  activaci\u00f3n de Ventilador \/ Protecci\u00f3n IP30 \/ Alarma de 70dB a 115dB a 1 metro de distancia"},"content":{"rendered":"<div style='width: 100%; max-width: 1200px; margin: 0 auto; font-family: sans-serif; line-height: 1.6; color: inherit; background-color: transparent;'> <!-- Logo --> <\/p>\n<p style='text-align: center; margin: 0;'><img style='width: 45%; height: auto; border: 1px solid rgba(150&comma;150&comma;150&comma;0.3); border-radius: 8px;' src='https:\/\/ftp3.syscom.mx\/usuarios\/jsosa\/HIKVISION\/imagenes\/logo\/hikvision%20see%20far.png' alt='Logo Hikvision'><\/p>\n<hr style='border: 0; border-top: 1px solid rgba(150&comma; 150&comma; 150&comma; 0.3); margin: 30px 0;'> <!-- Secci\u00f3n de Consideraciones --> <\/p>\n<div style='display: flex; flex-wrap: wrap; gap: 30px; margin-bottom: 30px;'>\n<div style='flex: 1 1 300px; min-width: 280px;'>\n<h3 style='font-size: 22px; border-bottom: 2px solid currentColor; padding-bottom: 5px; margin-top: 0; color: inherit; opacity: 0.8;'>Consideraciones<\/h3>\n<ul style='padding-left: 20px; font-size: 15px; color: inherit;'>\n<li style='margin-bottom: 5px; font-family: verdana&comma; geneva&comma; sans-serif; color: inherit;'>Aseg\u00farese de instalar el detector en una ubicaci\u00f3n adecuada para la detecci\u00f3n de gas combustible.<\/li>\n<li style='margin-bottom: 5px; font-family: verdana&comma; geneva&comma; sans-serif; color: inherit;'>Realice pruebas peri\u00f3dicas para garantizar el correcto funcionamiento del dispositivo.<\/li>\n<li style='margin-bottom: 5px; font-family: verdana&comma; geneva&comma; sans-serif; color: inherit;'>En caso de alarma&comma; ventile el \u00e1rea inmediatamente y siga las instrucciones de seguridad adecuadas.<\/li>\n<\/ul><\/div>\n<\/p><\/div>\n<p> <!-- T\u00edtulo de especificaciones --> <\/p>\n<div style='text-align: center; margin: 40px 0 20px;'>\n<h1 style='font-size: 28px; color: #232a6f; font-family: verdana&comma; geneva&comma; sans-serif; margin: 0; color: inherit;'>Especif\u00edcaciones<\/h1>\n<\/p><\/div>\n<p> <!-- Secci\u00f3n de cards con especificaciones --> <\/p>\n<div style='display: flex; flex-wrap: wrap; gap: 20px; margin-bottom: 30px;'> <!-- Caracter\u00edsticas Principales --> <\/p>\n<div style='flex: 1 1 250px; border: 1px solid rgba(150&comma; 150&comma; 150&comma; 0.4); border-radius: 8px; overflow: hidden; display: flex; flex-direction: column;'>\n<div style='padding: 15px; border-bottom: 1px solid rgba(150&comma; 150&comma; 150&comma; 0.2); font-weight: bold; font-size: 18px; background: #df001e; color: #ffffff; font-family: verdana&comma; geneva&comma; sans-serif;'>Caracter\u00edsticas Principales:<\/div>\n<div style='padding: 15px; color: inherit;'>\n<ul style='padding-left: 20px; margin: 0; font-size: 14px; list-style-type: disc;'>\n<li style='margin-bottom: 5px; font-family: verdana&comma; geneva&comma; sans-serif; color: inherit;'>Detector independiente de gas LP<\/li>\n<li style='margin-bottom: 5px; font-family: verdana&comma; geneva&comma; sans-serif; color: inherit;'>Alerta temprana de fuga de gas<\/li>\n<li style='margin-bottom: 5px; font-family: verdana&comma; geneva&comma; sans-serif; color: inherit;'>Salida para cierre de v\u00e1lvula y\/o activaci\u00f3n de ventilador (retardo de 10 segundos)<\/li>\n<li style='margin-bottom: 5px; font-family: verdana&comma; geneva&comma; sans-serif; color: inherit;'>Volumen de alarma: 70dB~115dB a 1m<\/li>\n<li style='margin-bottom: 5px; font-family: verdana&comma; geneva&comma; sans-serif; color: inherit;'>Tipo de gas: C<sub>3<\/sub>H<sub>8<\/sub><\/li>\n<\/ul><\/div>\n<\/p><\/div>\n<p> <!-- Caracter\u00edsticas F\u00edsicas y El\u00e9ctricas --> <\/p>\n<div style='flex: 1 1 250px; border: 1px solid rgba(150&comma; 150&comma; 150&comma; 0.4); border-radius: 8px; overflow: hidden; display: flex; flex-direction: column;'>\n<div style='padding: 15px; border-bottom: 1px solid rgba(150&comma; 150&comma; 150&comma; 0.2); font-weight: bold; font-size: 18px; background: #df001e; color: #ffffff; font-family: verdana&comma; geneva&comma; sans-serif;'>Caracter\u00edsticas F\u00edsicas y El\u00e9ctricas:<\/div>\n<div style='padding: 15px; color: inherit;'>\n<ul style='padding-left: 20px; margin: 0; font-size: 14px; list-style-type: disc;'>\n<li style='margin-bottom: 5px; font-family: verdana&comma; geneva&comma; sans-serif; color: inherit;'>Rango de medici\u00f3n: 0~25% LEL<\/li>\n<li style='margin-bottom: 5px; font-family: verdana&comma; geneva&comma; sans-serif; color: inherit;'>Umbral de alarma: 10% LEL<\/li>\n<li style='margin-bottom: 5px; font-family: verdana&comma; geneva&comma; sans-serif; color: inherit;'>Principio de funcionamiento: combusti\u00f3n catal\u00edtica<\/li>\n<li style='margin-bottom: 5px; font-family: verdana&comma; geneva&comma; sans-serif; color: inherit;'>Fuente de alimentaci\u00f3n: 12VCD (Incluye fuente)<\/li>\n<li style='margin-bottom: 5px; font-family: verdana&comma; geneva&comma; sans-serif; color: inherit;'>Nivel de protecci\u00f3n: IP 30<\/li>\n<li style='margin-bottom: 5px; font-family: verdana&comma; geneva&comma; sans-serif; color: inherit;'>Temperatura de funcionamiento: -10\u00b0C a 55\u00b0C<\/li>\n<li style='margin-bottom: 5px; font-family: verdana&comma; geneva&comma; sans-serif; color: inherit;'>Humedad: \u226493% (40\u00b0C&comma; sin condensaci\u00f3n)<\/li>\n<li style='margin-bottom: 5px; font-family: verdana&comma; geneva&comma; sans-serif; color: inherit;'>Dimensiones: 122 mm x 77 mm x 34 mm<\/li>\n<li style='margin-bottom: 5px; font-family: verdana&comma; geneva&comma; sans-serif; color: inherit;'><strong>Certificaci\u00f3n: GB15322.2-2019<\/strong><\/li>\n<\/ul><\/div>\n<\/p><\/div>\n<\/p><\/div>\n<p> <!-- Video --> <\/p>\n<div style='margin: 40px 0;'>\n<h3 style='text-align: center; font-size: 20px; margin-bottom: 20px; color: inherit; font-family: verdana&comma; geneva&comma; sans-serif;'><strong>Conoce la Soluci\u00f3n de Gas LP HikFire<\/strong><\/h3>\n<div style='position: relative; padding-bottom: 56.25%; height: 0; overflow: hidden; margin-bottom: 30px;'>   <\/div>\n<\/p><\/div>\n<p> <!-- Banner --> <\/p>\n<div style='margin: 40px 0 0;'> <a title='HikFire' href='https:\/\/www.syscom.mx\/principal\/listado_producto\/incendio-hikfire-by-hikvision-dispositivos-standalone-66706.html?ordenar=Precio_de_Menor_a_Mayor&#038;pag=1' target='_blank' rel='noopener' style='display: inline-block; width: 100%;'> <img style='width: 100%; height: auto; border: 1px solid rgba(150&comma;150&comma;150&comma;0.3); border-radius: 8px;' src='https:\/\/ftp3.syscom.mx\/usuarios\/jsosa\/HIKVISION\/HikFire\/banners\/LINKEDIN%201200%20x%20627%20-%20Solucion%20Hikfire%20s.png' alt='Banner HikFire'> <\/a> <\/div>\n<p> <!-- Separador final --> <\/p>\n<hr style='border: 0; border-top: 1px solid rgba(150&comma; 150&comma; 150&comma; 0.3); margin: 30px 0;'> <\/div>\n","protected":false},"excerpt":{"rendered":"<p>(HikFire)  Detector de Gas LP Propano C3H8 \/ Alarma Temprana \/ Salida para cierre de V\u00e1lvula y\/o  activaci\u00f3n de Ventilador \/ Protecci\u00f3n IP30 \/ Alarma de 70dB a 115dB a 1 metro de distancia<\/p>\n","protected":false},"featured_media":3195,"comment_status":"open","ping_status":"closed","template":"","meta":[],"product_brand":[],"product_cat":[230],"product_tag":[231,19,54],"class_list":{"0":"post-3196","1":"product","2":"type-product","3":"status-publish","4":"has-post-thumbnail","6":"product_cat-autonomos","7":"product_tag-autonomos","8":"product_tag-detectores-sensores","9":"product_tag-hikvision","11":"first","12":"instock","13":"sale","14":"shipping-taxable","15":"purchasable","16":"product-type-simple"},"_links":{"self":[{"href":"https:\/\/soydeaqui.ddns.net\/pachuca\/index.php\/wp-json\/wp\/v2\/product\/3196","targetHints":{"allow":["GET"]}}],"collection":[{"href":"https:\/\/soydeaqui.ddns.net\/pachuca\/index.php\/wp-json\/wp\/v2\/product"}],"about":[{"href":"https:\/\/soydeaqui.ddns.net\/pachuca\/index.php\/wp-json\/wp\/v2\/types\/product"}],"replies":[{"embeddable":true,"href":"https:\/\/soydeaqui.ddns.net\/pachuca\/index.php\/wp-json\/wp\/v2\/comments?post=3196"}],"wp:featuredmedia":[{"embeddable":true,"href":"https:\/\/soydeaqui.ddns.net\/pachuca\/index.php\/wp-json\/wp\/v2\/media\/3195"}],"wp:attachment":[{"href":"https:\/\/soydeaqui.ddns.net\/pachuca\/index.php\/wp-json\/wp\/v2\/media?parent=3196"}],"wp:term":[{"taxonomy":"product_brand","embeddable":true,"href":"https:\/\/soydeaqui.ddns.net\/pachuca\/index.php\/wp-json\/wp\/v2\/product_brand?post=3196"},{"taxonomy":"product_cat","embeddable":true,"href":"https:\/\/soydeaqui.ddns.net\/pachuca\/index.php\/wp-json\/wp\/v2\/product_cat?post=3196"},{"taxonomy":"product_tag","embeddable":true,"href":"https:\/\/soydeaqui.ddns.net\/pachuca\/index.php\/wp-json\/wp\/v2\/product_tag?post=3196"}],"curies":[{"name":"wp","href":"https:\/\/api.w.org\/{rel}","templated":true}]}}