{"id":31953,"date":"2026-03-18T14:23:08","date_gmt":"2026-03-18T14:23:08","guid":{"rendered":"https:\/\/soydeaqui.ddns.net\/pachuca\/index.php\/producto\/kit-de-picos-ponchallantas-autonomo-carriles-de-3-2-m-no-requiere-barrera-facil-instalacion-incluye-topes-y-tornilleria\/"},"modified":"2026-03-18T14:23:09","modified_gmt":"2026-03-18T14:23:09","slug":"kit-de-picos-ponchallantas-autonomo-carriles-de-3-2-m-no-requiere-barrera-facil-instalacion-incluye-topes-y-tornilleria","status":"publish","type":"product","link":"https:\/\/soydeaqui.ddns.net\/pachuca\/index.php\/producto\/kit-de-picos-ponchallantas-autonomo-carriles-de-3-2-m-no-requiere-barrera-facil-instalacion-incluye-topes-y-tornilleria\/","title":{"rendered":"Kit de picos ponchallantas aut\u00f3nomo \/ Carriles de 3.2 M \/ No requiere barrera \/ FACIL INSTALACION \/ Incluye topes y tornilleria"},"content":{"rendered":"<div style='width: 100%; max-width: 1200px; margin: 0 auto; font-family: sans-serif; line-height: 1.6; color: inherit; background-color: transparent;'>\n<div style='display: flex; flex-wrap: wrap; gap: 30px; margin-bottom: 30px;'>\n<div style='flex: 1 1 300px; min-width: 280px;'>\n<h3 style='font-size: 22px; border-bottom: 2px solid currentColor; padding-bottom: 5px; margin-top: 0; color: inherit; opacity: 0.8;'>Descripci\u00f3n<\/h3>\n<p style='font-size: 15px; color: inherit;'>Estos productos para control de tr\u00e1fico son ideales para controlar la direcci\u00f3n del tr\u00e1fico vehicular en sitios donde es indispensable mantener orden y seguridad. Estos equipos forzan al conductor a respetar los l\u00edmites de velocidad en el cruce de areas controladas adem\u00e1s de prohibir el acceso en direcciones no permitidas.<\/p>\n<\/p><\/div>\n<\/p><\/div>\n<div style='display: flex; flex-wrap: wrap; gap: 30px; margin-bottom: 30px;'>\n<div style='flex: 1 1 300px; min-width: 280px;'>\n<h3 style='font-size: 22px; border-bottom: 2px solid currentColor; padding-bottom: 5px; margin-top: 0; color: inherit; opacity: 0.8;'>Caracter\u00edsticas<\/h3>\n<ul style='padding-left: 20px; font-size: 15px; color: inherit;'>\n<li style='margin-bottom: 5px;'>Kit funcional para carriles de 3.2 metros<\/li>\n<li style='margin-bottom: 5px;'>Operaci\u00f3n mediante resortes.<\/li>\n<li style='margin-bottom: 5px;'>Herramienta para bloqueo manual disponible.<\/li>\n<li style='margin-bottom: 5px;'>Fabricados en placa de acero de 1\/4 de pulgada con pintura amarilla para facilitar su visibilidad.<\/li>\n<li style='margin-bottom: 5px;'>Altura de 7.6 cm. funciona como reductor de velocidad<\/li>\n<li style='margin-bottom: 5px;'>Requiere uso de reductores de velocidad. (Incluidos)<\/li>\n<li style='margin-bottom: 5px;'>Velocidades mayores a 8 Km\/h puede causar da\u00f1o en las llantas y carga excesiva en el sistema de picos poncha llantas.<\/li>\n<\/ul><\/div>\n<div style='flex: 1 1 300px; min-width: 280px;'>\n<h3 style='font-size: 22px; border-bottom: 2px solid currentColor; padding-bottom: 5px; margin-top: 0; color: inherit; opacity: 0.8;'>Contenido del kit<\/h3>\n<ul style='padding-left: 20px; font-size: 15px; color: inherit;'>\n<li style='margin-bottom: 5px;'>1 pieza 1610-088 Marca DKS Doorking<\/li>\n<li style='margin-bottom: 5px;'>2 piezas 1610-087 Marca DKS Doorking<\/li>\n<li style='margin-bottom: 5px;'>8 sets de 4 taquetes con tornillos modelo BARRENANCLA<\/li>\n<li style='margin-bottom: 5px;'>4 topes Easy Rider modelo 26-111 marca GNR<\/li>\n<li style='margin-bottom: 5px;'>4 cabeceros para tope Easy Rider modelo 26-999 marca GNR<\/li>\n<li style='margin-bottom: 5px;'>20 tornillos 91400<\/li>\n<li style='margin-bottom: 5px;'>20 tornillos 91500<\/li>\n<\/ul><\/div>\n<\/p><\/div>\n<div style='display: flex; flex-wrap: wrap; gap: 30px; margin-bottom: 30px;'>\n<div style='flex: 1 1 300px; min-width: 280px;'>\n<h3 style='font-size: 22px; border-bottom: 2px solid currentColor; padding-bottom: 5px; margin-top: 0; color: inherit; opacity: 0.8;'>Nota<\/h3>\n<p style='font-size: 15px; color: inherit;'>Utilizar anclas de 3\/8&#8242; por 3&#8242; (no incluidas) m\u00ednimo 8 por secci\u00f3n de picos. 3 para cada bisel<\/p>\n<\/p><\/div>\n<\/p><\/div>\n<div style='display: flex; flex-wrap: wrap; gap: 30px; margin-bottom: 30px;'>\n<div style='flex: 1 1 300px; min-width: 280px;'>\n<h3 style='font-size: 22px; border-bottom: 2px solid currentColor; padding-bottom: 5px; margin-top: 0; color: inherit; opacity: 0.8;'>Soluci\u00f3n completa<\/h3>\n<p> <img style='width: 100%; height: auto; border: 1px solid rgba(150&comma;150&comma;150&comma;0.3); border-radius: 8px;' src='https:\/\/ftp3.syscom.mx\/usuarios\/fmedina\/erp-images\/kitpicos_solucion.png' alt='Soluci\u00f3n completa' \/> <\/p>\n<p style='font-size: 15px; color: inherit; margin-top: 15px;'>Picos poncha llantas aut\u00f3nomos para instalaci\u00f3n en superficie.<\/p>\n<\/p><\/div>\n<\/p><\/div>\n<hr style='border: 0; border-top: 1px solid rgba(150&comma; 150&comma; 150&comma; 0.3); margin: 30px 0;'> <\/div>\n","protected":false},"excerpt":{"rendered":"<p>Kit de picos ponchallantas aut\u00f3nomo \/ Carriles de 3.2 M \/ No requiere barrera \/ FACIL INSTALACION \/ Incluye topes y tornilleria<\/p>\n","protected":false},"featured_media":31952,"comment_status":"open","ping_status":"closed","template":"","meta":[],"product_brand":[],"product_cat":[746],"product_tag":[401,781,747],"class_list":{"0":"post-31953","1":"product","2":"type-product","3":"status-publish","4":"has-post-thumbnail","6":"product_cat-picos-poncha-llantas","7":"product_tag-acceso-vehicular","8":"product_tag-dks-doorking","9":"product_tag-picos-poncha-llantas","11":"first","12":"outofstock","13":"sale","14":"shipping-taxable","15":"purchasable","16":"product-type-simple"},"_links":{"self":[{"href":"https:\/\/soydeaqui.ddns.net\/pachuca\/index.php\/wp-json\/wp\/v2\/product\/31953","targetHints":{"allow":["GET"]}}],"collection":[{"href":"https:\/\/soydeaqui.ddns.net\/pachuca\/index.php\/wp-json\/wp\/v2\/product"}],"about":[{"href":"https:\/\/soydeaqui.ddns.net\/pachuca\/index.php\/wp-json\/wp\/v2\/types\/product"}],"replies":[{"embeddable":true,"href":"https:\/\/soydeaqui.ddns.net\/pachuca\/index.php\/wp-json\/wp\/v2\/comments?post=31953"}],"wp:featuredmedia":[{"embeddable":true,"href":"https:\/\/soydeaqui.ddns.net\/pachuca\/index.php\/wp-json\/wp\/v2\/media\/31952"}],"wp:attachment":[{"href":"https:\/\/soydeaqui.ddns.net\/pachuca\/index.php\/wp-json\/wp\/v2\/media?parent=31953"}],"wp:term":[{"taxonomy":"product_brand","embeddable":true,"href":"https:\/\/soydeaqui.ddns.net\/pachuca\/index.php\/wp-json\/wp\/v2\/product_brand?post=31953"},{"taxonomy":"product_cat","embeddable":true,"href":"https:\/\/soydeaqui.ddns.net\/pachuca\/index.php\/wp-json\/wp\/v2\/product_cat?post=31953"},{"taxonomy":"product_tag","embeddable":true,"href":"https:\/\/soydeaqui.ddns.net\/pachuca\/index.php\/wp-json\/wp\/v2\/product_tag?post=31953"}],"curies":[{"name":"wp","href":"https:\/\/api.w.org\/{rel}","templated":true}]}}