{"id":31940,"date":"2026-03-18T14:22:51","date_gmt":"2026-03-18T14:22:51","guid":{"rendered":"https:\/\/soydeaqui.ddns.net\/pachuca\/index.php\/producto\/boton-compatible-con-pror400-no-incluye-bateria\/"},"modified":"2026-03-18T14:22:57","modified_gmt":"2026-03-18T14:22:57","slug":"boton-compatible-con-pror400-no-incluye-bateria","status":"publish","type":"product","link":"https:\/\/soydeaqui.ddns.net\/pachuca\/index.php\/producto\/boton-compatible-con-pror400-no-incluye-bateria\/","title":{"rendered":"Bot\u00f3n  compatible con PROR400 \/ no incluye bater\u00eda"},"content":{"rendered":"<div style='width: 100%; max-width: 1200px; margin: 0 auto; font-family: sans-serif; line-height: 1.6; color: inherit; background-color: transparent;'>\n<div style='display: flex; flex-wrap: wrap; gap: 30px; margin-bottom: 30px;'>\n<div style='flex: 1 1 300px; min-width: 280px;'>\n<div style='font-size: 15px; color: inherit;'> <a href='https:\/\/www.syscom.mx\/principal\/promociones\/conozca_la_nueva_familia_accesspro-2113.html?ordenar=Relevancia' style='text-decoration: none; color: inherit;'> <img style='width: 100%; height: auto; border: 1px solid rgba(150&comma;150&comma;150&comma;0.3); border-radius: 8px;' src='https:\/\/ftp3.syscom.mx\/usuarios\/fotos\/PRO800B\/67296-access-pro.png' alt=''> <\/a> <\/p>\n<p style='margin-top: 15px; font-size: 15px; color: inherit;'> Transmisor (tipo bot\u00f3n) para receptor PROR400 que permite abrir una puerta&comma; garaje&comma; barrera&comma; etc. con un bot\u00f3n fijo sin necesidad de realizar un cableado. Se puede combinar con controles PROT400 (m\u00e1ximo 30). Activaci\u00f3n de dos relevadores de manera independiente seleccionada por lado del transmisor PROB400. <\/p>\n<ul style='padding-left: 20px; font-size: 15px; color: inherit;'>\n<li style='margin-bottom: 5px;'>Distancia: 50Mts<\/li>\n<li style='margin-bottom: 5px;'>Dimensiones: 80&#215;80 (mm)<\/li>\n<li style='margin-bottom: 5px;'>Tipo de bater\u00eda: 11A 6V. No incluida<\/li>\n<\/ul>\n<p style='margin-top: 15px; font-size: 15px; color: inherit;'> Bater\u00eda de remplazo <a href='https:\/\/www.syscom.mx\/principal\/searchcont?route=PROB400BAT-ACCESSPRO-170972&#038;autodetect=prob400' style='color: inherit; text-decoration: none; font-weight: 600;'> PROB400BAT. <\/a> <\/p>\n<p style='margin-top: 15px; font-size: 15px; color: inherit;'> NOTA: Requiere receptor PROR400. <\/p>\n<\/p><\/div>\n<\/p><\/div>\n<\/p><\/div>\n<\/p><\/div>\n","protected":false},"excerpt":{"rendered":"<p>Bot\u00f3n  compatible con PROR400 \/ no incluye bater\u00eda<\/p>\n","protected":false},"featured_media":31939,"comment_status":"open","ping_status":"closed","template":"","meta":[],"product_brand":[],"product_cat":[214],"product_tag":[93,234,215],"class_list":{"0":"post-31940","1":"product","2":"type-product","3":"status-publish","4":"has-post-thumbnail","6":"product_cat-controles-inalambricos","7":"product_tag-accesorios","8":"product_tag-accesspro","9":"product_tag-controles-inalambricos","11":"first","12":"instock","13":"sale","14":"shipping-taxable","15":"purchasable","16":"product-type-simple"},"_links":{"self":[{"href":"https:\/\/soydeaqui.ddns.net\/pachuca\/index.php\/wp-json\/wp\/v2\/product\/31940","targetHints":{"allow":["GET"]}}],"collection":[{"href":"https:\/\/soydeaqui.ddns.net\/pachuca\/index.php\/wp-json\/wp\/v2\/product"}],"about":[{"href":"https:\/\/soydeaqui.ddns.net\/pachuca\/index.php\/wp-json\/wp\/v2\/types\/product"}],"replies":[{"embeddable":true,"href":"https:\/\/soydeaqui.ddns.net\/pachuca\/index.php\/wp-json\/wp\/v2\/comments?post=31940"}],"wp:featuredmedia":[{"embeddable":true,"href":"https:\/\/soydeaqui.ddns.net\/pachuca\/index.php\/wp-json\/wp\/v2\/media\/31939"}],"wp:attachment":[{"href":"https:\/\/soydeaqui.ddns.net\/pachuca\/index.php\/wp-json\/wp\/v2\/media?parent=31940"}],"wp:term":[{"taxonomy":"product_brand","embeddable":true,"href":"https:\/\/soydeaqui.ddns.net\/pachuca\/index.php\/wp-json\/wp\/v2\/product_brand?post=31940"},{"taxonomy":"product_cat","embeddable":true,"href":"https:\/\/soydeaqui.ddns.net\/pachuca\/index.php\/wp-json\/wp\/v2\/product_cat?post=31940"},{"taxonomy":"product_tag","embeddable":true,"href":"https:\/\/soydeaqui.ddns.net\/pachuca\/index.php\/wp-json\/wp\/v2\/product_tag?post=31940"}],"curies":[{"name":"wp","href":"https:\/\/api.w.org\/{rel}","templated":true}]}}