{"id":31925,"date":"2026-03-18T14:22:29","date_gmt":"2026-03-18T14:22:29","guid":{"rendered":"https:\/\/soydeaqui.ddns.net\/pachuca\/index.php\/producto\/impresora-de-tarjetas-dtc4500e-impresion-doble-lado-laminacion-1-solo-lado-3-anos-garantia\/"},"modified":"2026-03-18T14:22:30","modified_gmt":"2026-03-18T14:22:30","slug":"impresora-de-tarjetas-dtc4500e-impresion-doble-lado-laminacion-1-solo-lado-3-anos-garantia","status":"publish","type":"product","link":"https:\/\/soydeaqui.ddns.net\/pachuca\/index.php\/producto\/impresora-de-tarjetas-dtc4500e-impresion-doble-lado-laminacion-1-solo-lado-3-anos-garantia\/","title":{"rendered":"Impresora de Tarjetas DTC4500e \/ Impresi\u00f3n Doble Lado \/ Laminaci\u00f3n 1 solo Lado\/ 3 A\u00f1os Garantia"},"content":{"rendered":"<div style='width: 100%; max-width: 1200px; margin: 0 auto; font-family: sans-serif; line-height: 1.6; color: inherit; background-color: transparent;'>\n<div style='display: flex; flex-wrap: wrap; gap: 30px; margin-bottom: 30px;'>\n<div style='flex: 1 1 300px; min-width: 280px;'>\n<h3 style='font-size: 22px; border-bottom: 2px solid currentColor; padding-bottom: 5px; margin-top: 0; color: inherit; opacity: 0.8;'>Caracter\u00edsticas Principales<\/h3>\n<ul style='padding-left: 20px; font-size: 15px; color: inherit;'>\n<li style='margin-bottom: 5px;'>Impresi\u00f3n por doble cara<\/li>\n<li style='margin-bottom: 5px;'>Laminaci\u00f3n por un solo lado<\/li>\n<li style='margin-bottom: 5px;'>M\u00e9todo de impresi\u00f3n: Sublimaci\u00f3n de tinta \/ transferencia t\u00e9rmica de resina<\/li>\n<li style='margin-bottom: 5px;'>Resoluci\u00f3n: 300 dpi<\/li>\n<li style='margin-bottom: 5px;'>Velocidad de impresi\u00f3n: 16 segundos por tarjeta \/ 225 tarjetas por hora (YMCKO)<\/li>\n<li style='margin-bottom: 5px;'>Capacidad para tarjetas: entrada para 200 tarjetas (con alimentaci\u00f3n de entrada doble)&comma; salida para 100 tarjetas<\/li>\n<li style='margin-bottom: 5px;'>Tama\u00f1os de tarjeta aceptados: CR-80 y CR-79<\/li>\n<li style='margin-bottom: 5px; border-left: 3px solid rgba(255&comma; 0&comma; 0&comma; 0.4); padding-left: 10px;'> <strong style='color: inherit;'>Importante:<\/strong> Aunque puede imprimir cualquier tarjeta CR80 (Delgada)&comma; la <strong style='color: inherit;'>calidad de la impresi\u00f3n<\/strong> puede variar por la calidad del material de la misma&comma; se recomienda usar Tarjetas de PVC o poli\u00e9ster con acabado en PVC pulido Ultracard (Compatible con tarjetas PVC <a style='color: #005cb9; text-decoration: none; font-weight: 600;' href='https:\/\/www.syscom.mx\/producto\/081754-HID-183658.html' target='_blank' rel='noopener'>081754<\/a>). Optimizado para tarjetas HID de Control de Acceso. <\/li>\n<li style='margin-bottom: 5px;'>Alimentaci\u00f3n: 110 VCA<\/li>\n<li style='margin-bottom: 5px;'>Comunicaci\u00f3n: USB y TCP\/IP<\/li>\n<li style='margin-bottom: 5px;'>Driver soportado en: Windows XP\/ Vista \/ Server 2003 y 2008 \/ Windows 7 \/ 8<\/li>\n<li style='margin-bottom: 5px;'>Consumibles recomendados: <a style='color: #005cb9; text-decoration: none; font-weight: 600;' href='https:\/\/www.syscom.mx\/principal\/searchcont?route=045200-HID-140299&#038;autodetect=dtc4500'>045200<\/a> (Ribbon Full Color)&comma; <a style='color: #005cb9; text-decoration: none; font-weight: 600;' href='https:\/\/www.syscom.mx\/principal\/searchcont?route=82600-HID-139517&#038;autodetect=dtc4500'>82600<\/a> (Cinta de Laminaci\u00f3n Transparente). <a style='color: #005cb9; text-decoration: none; font-weight: 600;' href='https:\/\/www.syscom.mx\/principal\/searchcont?route=82604-HID-139519&#038;autodetect=082604'>82604<\/a> (holograma gen\u00e9rico)<\/li>\n<li style='margin-bottom: 5px;'><strong style='color: inherit;'>Garant\u00eda:<\/strong> 3 a\u00f1os. Para <strong style='color: inherit;'>conservar la garant\u00eda<\/strong> debe Registrar la Impresora en el Portal de HID&comma; de lo contrario no ser\u00e1 valido<\/li>\n<li style='margin-bottom: 5px;'><strong style='color: inherit;'>Registro de la impresora:<\/strong><\/li>\n<\/ul><\/div>\n<\/p><\/div>\n<div style='display: flex; flex-wrap: wrap; gap: 30px; margin-bottom: 30px;'>\n<div style='flex: 1 1 300px; min-width: 280px;'>\n<h3 style='font-size: 22px; border-bottom: 2px solid currentColor; padding-bottom: 5px; margin-top: 0; color: inherit; opacity: 0.8;'>Informaci\u00f3n Adicional<\/h3>\n<div style='padding: 15px; color: inherit;'>\n<p style='margin: 0 0 15px; color: inherit; font-size: 15px;'> <img style='width: 100px; height: 100px; border: 1px solid rgba(150&comma;150&comma;150&comma;0.3); border-radius: 8px;' src='https:\/\/ftp3.syscom.mx\/usuarios\/ftp\/2022\/09\/26\/e9416\/Register_Fargo_Warranty.png' alt='Registro de Garant\u00eda'> <\/p>\n<p style='margin: 0 0 15px; color: inherit; font-size: 15px;'>Producto sobre pedido<\/p>\n<\/p><\/div>\n<\/p><\/div>\n<\/p><\/div>\n<\/p><\/div>\n","protected":false},"excerpt":{"rendered":"<p>Impresora de Tarjetas DTC4500e \/ Impresi\u00f3n Doble Lado \/ Laminaci\u00f3n 1 solo Lado\/ 3 A\u00f1os Garantia<\/p>\n","protected":false},"featured_media":31924,"comment_status":"open","ping_status":"closed","template":"","meta":[],"product_brand":[],"product_cat":[823],"product_tag":[814,812,62],"class_list":{"0":"post-31925","1":"product","2":"type-product","3":"status-publish","4":"has-post-thumbnail","6":"product_cat-todos-identificacion-y-credencializacion","7":"product_tag-hid","8":"product_tag-identificacion-y-credencializacion","9":"product_tag-todos","11":"first","12":"outofstock","13":"sale","14":"shipping-taxable","15":"purchasable","16":"product-type-simple"},"_links":{"self":[{"href":"https:\/\/soydeaqui.ddns.net\/pachuca\/index.php\/wp-json\/wp\/v2\/product\/31925","targetHints":{"allow":["GET"]}}],"collection":[{"href":"https:\/\/soydeaqui.ddns.net\/pachuca\/index.php\/wp-json\/wp\/v2\/product"}],"about":[{"href":"https:\/\/soydeaqui.ddns.net\/pachuca\/index.php\/wp-json\/wp\/v2\/types\/product"}],"replies":[{"embeddable":true,"href":"https:\/\/soydeaqui.ddns.net\/pachuca\/index.php\/wp-json\/wp\/v2\/comments?post=31925"}],"wp:featuredmedia":[{"embeddable":true,"href":"https:\/\/soydeaqui.ddns.net\/pachuca\/index.php\/wp-json\/wp\/v2\/media\/31924"}],"wp:attachment":[{"href":"https:\/\/soydeaqui.ddns.net\/pachuca\/index.php\/wp-json\/wp\/v2\/media?parent=31925"}],"wp:term":[{"taxonomy":"product_brand","embeddable":true,"href":"https:\/\/soydeaqui.ddns.net\/pachuca\/index.php\/wp-json\/wp\/v2\/product_brand?post=31925"},{"taxonomy":"product_cat","embeddable":true,"href":"https:\/\/soydeaqui.ddns.net\/pachuca\/index.php\/wp-json\/wp\/v2\/product_cat?post=31925"},{"taxonomy":"product_tag","embeddable":true,"href":"https:\/\/soydeaqui.ddns.net\/pachuca\/index.php\/wp-json\/wp\/v2\/product_tag?post=31925"}],"curies":[{"name":"wp","href":"https:\/\/api.w.org\/{rel}","templated":true}]}}