{"id":31910,"date":"2026-03-18T14:22:06","date_gmt":"2026-03-18T14:22:06","guid":{"rendered":"https:\/\/soydeaqui.ddns.net\/pachuca\/index.php\/producto\/controlador-de-acceso-1-puerta-funcion-adms-push-incluida-alta-seguridad-3-anos-de-garantia-biometria-integrada-20000-huellas-software-de-integracion-zkbiosecurity\/"},"modified":"2026-03-18T14:22:13","modified_gmt":"2026-03-18T14:22:13","slug":"controlador-de-acceso-1-puerta-funcion-adms-push-incluida-alta-seguridad-3-anos-de-garantia-biometria-integrada-20000-huellas-software-de-integracion-zkbiosecurity","status":"publish","type":"product","link":"https:\/\/soydeaqui.ddns.net\/pachuca\/index.php\/producto\/controlador-de-acceso-1-puerta-funcion-adms-push-incluida-alta-seguridad-3-anos-de-garantia-biometria-integrada-20000-huellas-software-de-integracion-zkbiosecurity\/","title":{"rendered":"Controlador de Acceso \/ 1 PUERTA \/ Funcion ADMS PUSH Incluida \/ Alta Seguridad \/ 3 A\u00f1os de Garant\u00eda \/ Biometr\u00eda Integrada \/ 20,000 Huellas \/ Software de integraci\u00f3n ZKBioSecurity"},"content":{"rendered":"<div style='width: 100%; max-width: 1200px; margin: 0 auto; font-family: sans-serif; line-height: 1.6; color: inherit; background-color: transparent;'> <!-- Secci\u00f3n de descripci\u00f3n --> <\/p>\n<div style='margin-bottom: 30px;'>\n<p style='margin: 15px 0; color: inherit; font-size: 15px;'> InBio Pro es un panel de control de acceso que aplica un firmware con tecnolog\u00eda PUSH y sincronizaci\u00f3n autom\u00e1tica. <\/p>\n<p style='margin: 15px 0; color: inherit; font-size: 15px;'> Es compatible con el software basado en web ZKBioCVSecurity&comma; que ofrece una soluci\u00f3n todo en uno&comma; no s\u00f3lo para el control de acceso sino tambi\u00e9n para la vinculaci\u00f3n de video&comma; control de ascensores y la gesti\u00f3n de visitantes. <\/p>\n<p style='margin: 15px 0; color: inherit; font-size: 15px;'> Fabricado con materiales amigables y seguros para el medio ambiente&comma; InBio Pro es sin duda la opci\u00f3n m\u00e1s confiable. <\/p>\n<\/p><\/div>\n<p> <!-- Video --> <\/p>\n<div style='position: relative; padding-bottom: 56.25%; height: 0; overflow: hidden; margin-bottom: 30px;'>   <\/div>\n<p> <!-- Secci\u00f3n de caracter\u00edsticas --> <\/p>\n<div style='display: flex; flex-wrap: wrap; gap: 30px; margin-bottom: 30px;'>\n<div style='flex: 1 1 300px; min-width: 280px;'>\n<h3 style='font-size: 22px; border-bottom: 2px solid currentColor; padding-bottom: 5px; margin-top: 0; color: inherit; opacity: 0.8;'>Funciones<\/h3>\n<ul style='padding-left: 20px; font-size: 15px; color: inherit; list-style-type: disc;'>\n<li style='margin-bottom: 5px; color: inherit;'>Control de Acceso<\/li>\n<\/ul><\/div>\n<div style='flex: 1 1 300px; min-width: 280px;'>\n<h3 style='font-size: 22px; border-bottom: 2px solid currentColor; padding-bottom: 5px; margin-top: 0; color: inherit; opacity: 0.8;'>Capacidad<\/h3>\n<ul style='padding-left: 20px; font-size: 15px; color: inherit; list-style-type: disc;'>\n<li style='margin-bottom: 5px; color: inherit;'>Huellas 20&comma;000<\/li>\n<li style='margin-bottom: 5px; color: inherit;'>Tarjetas 30&comma;000<\/li>\n<li style='margin-bottom: 5px; color: inherit;'>Eventos 100&comma;000<\/li>\n<li style='margin-bottom: 5px; color: inherit;'>Memoria de Eventos Expandible con Memoria SD&comma; hasta 32GB<\/li>\n<\/ul><\/div>\n<div style='flex: 1 1 300px; min-width: 280px;'>\n<h3 style='font-size: 22px; border-bottom: 2px solid currentColor; padding-bottom: 5px; margin-top: 0; color: inherit; opacity: 0.8;'>Comunicaci\u00f3n<\/h3>\n<ul style='padding-left: 20px; font-size: 15px; color: inherit; list-style-type: disc;'>\n<li style='margin-bottom: 5px; color: inherit;'>TCP\/IP<\/li>\n<li style='margin-bottom: 5px; color: inherit;'>Entrada Wiegand Multi-Formato<\/li>\n<\/ul><\/div>\n<div style='flex: 1 1 300px; min-width: 280px;'>\n<h3 style='font-size: 22px; border-bottom: 2px solid currentColor; padding-bottom: 5px; margin-top: 0; color: inherit; opacity: 0.8;'>Hardware<\/h3>\n<ul style='padding-left: 20px; font-size: 15px; color: inherit; list-style-type: disc;'>\n<li style='margin-bottom: 5px; color: inherit;'>Gabinete Met\u00e1lico<\/li>\n<li style='margin-bottom: 5px; color: inherit;'>Incluye Fuente de 12Vcc \/ 5A con Cargador<\/li>\n<\/ul><\/div>\n<div style='flex: 1 1 300px; min-width: 280px;'>\n<h3 style='font-size: 22px; border-bottom: 2px solid currentColor; padding-bottom: 5px; margin-top: 0; color: inherit; opacity: 0.8;'>Funciones de Control de Acceso<\/h3>\n<ul style='padding-left: 20px; font-size: 15px; color: inherit; list-style-type: disc;'>\n<li style='margin-bottom: 5px; color: inherit;'>Control de Acceso por Horarios y Puertas<\/li>\n<li style='margin-bottom: 5px; color: inherit;'>M\u00e9todos de Verificaci\u00f3n Combinables<\/li>\n<ul style='padding-left: 20px; margin-top: 5px; margin-bottom: 5px; list-style-type: circle;'>\n<li style='margin-bottom: 5px; color: inherit;'>Huella + Tarjeta (Con Lector F12)<\/li>\n<\/ul>\n<li style='margin-bottom: 5px; color: inherit;'>Verificaci\u00f3n Multi-Usuario<\/li>\n<li style='margin-bottom: 5px; color: inherit;'>Esclusamiento<\/li>\n<li style='margin-bottom: 5px; color: inherit;'>Anti-Passback<\/li>\n<\/ul>\n<p style='margin-top: 15px; font-weight: bold; color: inherit; font-size: 15px;'> S\u00f3lo compatible con software ZKBioCVSecurity (requiere licencia) <\/p>\n<\/p><\/div>\n<div style='flex: 1 1 300px; min-width: 280px;'>\n<h3 style='font-size: 22px; border-bottom: 2px solid currentColor; padding-bottom: 5px; margin-top: 0; color: inherit; opacity: 0.8;'>Conexiones<\/h3>\n<ul style='padding-left: 20px; font-size: 15px; color: inherit; list-style-type: disc;'>\n<li style='margin-bottom: 5px; color: inherit;'>1 Salida de Relevador NC\/NO\/COM Para Chapas<\/li>\n<li style='margin-bottom: 5px; color: inherit;'>1 Salida de Relevador Auxiliares NC\/NO\/COM<\/li>\n<li style='margin-bottom: 5px; color: inherit;'>Bot\u00f3n de Salida y Sensor Magn\u00e9tico por Puerta<\/li>\n<\/ul><\/div>\n<div style='flex: 1 1 300px; min-width: 280px;'>\n<h3 style='font-size: 22px; border-bottom: 2px solid currentColor; padding-bottom: 5px; margin-top: 0; color: inherit; opacity: 0.8;'>Alimentaci\u00f3n<\/h3>\n<ul style='padding-left: 20px; font-size: 15px; color: inherit; list-style-type: disc;'>\n<li style='margin-bottom: 5px; color: inherit;'>12Vcc \/ 220mA<\/li>\n<\/ul><\/div>\n<div style='flex: 1 1 300px; min-width: 280px;'>\n<h3 style='font-size: 22px; border-bottom: 2px solid currentColor; padding-bottom: 5px; margin-top: 0; color: inherit; opacity: 0.8;'>Lectores Compatibles<\/h3>\n<ul style='padding-left: 20px; font-size: 15px; color: inherit; list-style-type: disc;'>\n<li style='margin-bottom: 5px; color: inherit;'>Lectores Biom\u00e9tricos<\/li>\n<ul style='padding-left: 20px; margin-top: 5px; margin-bottom: 5px; list-style-type: circle;'>\n<li style='margin-bottom: 5px; color: inherit;'>Lector de Huella y Proximidad F12 para Interior \/ Exterior<\/li>\n<li style='margin-bottom: 5px; color: inherit;'>Soporta hasta 2 Lectores F12 (Lector de Entrada y Salida)<\/li>\n<li style='margin-bottom: 5px; color: inherit;'>Lector USB ZK4000 para registro de huellas<\/li>\n<\/ul>\n<li style='margin-bottom: 5px; color: inherit;'>Proximidad<\/li>\n<ul style='padding-left: 20px; margin-top: 5px; margin-bottom: 5px; list-style-type: circle;'>\n<li style='margin-bottom: 5px; color: inherit;'>SYSKR600E y SYSKR601E<\/li>\n<li style='margin-bottom: 5px; color: inherit;'>Soporta 2 Lectores por Puerta<\/li>\n<\/ul>\n<li style='margin-bottom: 5px; color: inherit;'>Lectores de Largo Alcance<\/li>\n<ul style='padding-left: 20px; margin-top: 5px; margin-bottom: 5px; list-style-type: circle;'>\n<li style='margin-bottom: 5px; color: inherit;'>PRO6RF y PRO12RF<\/li>\n<\/ul>\n<\/ul><\/div>\n<div style='flex: 1 1 300px; min-width: 280px;'>\n<h3 style='font-size: 22px; border-bottom: 2px solid currentColor; padding-bottom: 5px; margin-top: 0; color: inherit; opacity: 0.8;'>Informaci\u00f3n Adicional<\/h3>\n<ul style='padding-left: 20px; font-size: 15px; color: inherit; list-style-type: disc;'>\n<li style='margin-bottom: 5px; color: inherit;'>Temperatura de Operaci\u00f3n: 0 a 55 \u00b0C<\/li>\n<li style='margin-bottom: 5px; color: inherit;'>Dimensiones: 350 x 300 x 90 mm<\/li>\n<li style='margin-bottom: 5px; color: inherit;'>3 A\u00f1os de Garant\u00eda<\/li>\n<\/ul><\/div>\n<\/p><\/div>\n<p> <!-- Notas --> <\/p>\n<div style='margin-top: 30px; border: 1px solid rgba(150&comma;150&comma;150&comma;0.3); border-left: 4px solid rgba(255&comma; 165&comma; 0&comma; 0.6); padding: 15px; background-color: rgba(255&comma; 255&comma; 255&comma; 0.03);'>\n<h3 style='font-size: 18px; margin-top: 0; color: inherit; opacity: 0.9;'>Notas:<\/h3>\n<p style='margin: 10px 0 0 0; color: inherit; font-size: 14px;'> Solo se da soporte al software adquirido en SYSCOM y siempre y cuando se utilice el mismo motor de base de datos que se incluye. Cualquier otra implementaci\u00f3n hacia otro software u otra versi\u00f3n de base de datos&comma; es responsabilidad del integrador o desarrollador a cargo. <\/p>\n<\/p><\/div>\n<\/p><\/div>\n","protected":false},"excerpt":{"rendered":"<p>Controlador de Acceso \/ 1 PUERTA \/ Funcion ADMS PUSH Incluida \/ Alta Seguridad \/ 3 A\u00f1os de Garant\u00eda \/ Biometr\u00eda Integrada \/ 20,000 Huellas \/ Software de integraci\u00f3n ZKBioSecurity<\/p>\n","protected":false},"featured_media":31909,"comment_status":"open","ping_status":"closed","template":"","meta":[],"product_brand":[],"product_cat":[783],"product_tag":[785,784,844],"class_list":{"0":"post-31910","1":"product","2":"type-product","3":"status-publish","4":"has-post-thumbnail","6":"product_cat-controladores-de-acceso","7":"product_tag-controladores-de-acceso","8":"product_tag-paneles-de-control-de-acceso","9":"product_tag-zkteco","11":"first","12":"instock","13":"sale","14":"shipping-taxable","15":"purchasable","16":"product-type-simple"},"_links":{"self":[{"href":"https:\/\/soydeaqui.ddns.net\/pachuca\/index.php\/wp-json\/wp\/v2\/product\/31910","targetHints":{"allow":["GET"]}}],"collection":[{"href":"https:\/\/soydeaqui.ddns.net\/pachuca\/index.php\/wp-json\/wp\/v2\/product"}],"about":[{"href":"https:\/\/soydeaqui.ddns.net\/pachuca\/index.php\/wp-json\/wp\/v2\/types\/product"}],"replies":[{"embeddable":true,"href":"https:\/\/soydeaqui.ddns.net\/pachuca\/index.php\/wp-json\/wp\/v2\/comments?post=31910"}],"wp:featuredmedia":[{"embeddable":true,"href":"https:\/\/soydeaqui.ddns.net\/pachuca\/index.php\/wp-json\/wp\/v2\/media\/31909"}],"wp:attachment":[{"href":"https:\/\/soydeaqui.ddns.net\/pachuca\/index.php\/wp-json\/wp\/v2\/media?parent=31910"}],"wp:term":[{"taxonomy":"product_brand","embeddable":true,"href":"https:\/\/soydeaqui.ddns.net\/pachuca\/index.php\/wp-json\/wp\/v2\/product_brand?post=31910"},{"taxonomy":"product_cat","embeddable":true,"href":"https:\/\/soydeaqui.ddns.net\/pachuca\/index.php\/wp-json\/wp\/v2\/product_cat?post=31910"},{"taxonomy":"product_tag","embeddable":true,"href":"https:\/\/soydeaqui.ddns.net\/pachuca\/index.php\/wp-json\/wp\/v2\/product_tag?post=31910"}],"curies":[{"name":"wp","href":"https:\/\/api.w.org\/{rel}","templated":true}]}}