{"id":31900,"date":"2026-03-18T14:21:51","date_gmt":"2026-03-18T14:21:51","guid":{"rendered":"https:\/\/soydeaqui.ddns.net\/pachuca\/index.php\/producto\/lampara-de-senalizacion-led-ideal-para-barreras-y-motores-para-portones-vehiculares\/"},"modified":"2026-03-18T14:21:52","modified_gmt":"2026-03-18T14:21:52","slug":"lampara-de-senalizacion-led-ideal-para-barreras-y-motores-para-portones-vehiculares","status":"publish","type":"product","link":"https:\/\/soydeaqui.ddns.net\/pachuca\/index.php\/producto\/lampara-de-senalizacion-led-ideal-para-barreras-y-motores-para-portones-vehiculares\/","title":{"rendered":"L\u00e1mpara de se\u00f1alizaci\u00f3n LED \/ Ideal para barreras y motores para portones vehiculares"},"content":{"rendered":"<div style='width: 100%; max-width: 1200px; margin: 0 auto; font-family: sans-serif; line-height: 1.6; color: inherit; background-color: transparent;'>\n<div style='display: flex; flex-wrap: wrap; gap: 30px; margin-bottom: 30px;'>\n<div style='flex: 1 1 300px; min-width: 280px;'>\n<h3 style='font-size: 22px; border-bottom: 2px solid currentColor; padding-bottom: 5px; margin-top: 0; color: inherit; opacity: 0.8;'>Caracter\u00edsticas t\u00e9cnicas<\/h3>\n<ul style='padding-left: 20px; font-size: 15px; color: inherit;'>\n<li style='margin-bottom: 5px;'>L\u00e1mpara de se\u00f1alizaci\u00f3n LED<\/li>\n<li style='margin-bottom: 5px;'>Color de luz: \u00e1mbar o azul<\/li>\n<li style='margin-bottom: 5px;'>Dise\u00f1ada para barreras y automatizaciones de acceso vehicular<\/li>\n<li style='margin-bottom: 5px;'>Protecci\u00f3n contra sobretensiones<\/li>\n<\/ul><\/div>\n<div style='flex: 1 1 300px; min-width: 280px;'>\n<h3 style='font-size: 22px; border-bottom: 2px solid currentColor; padding-bottom: 5px; margin-top: 0; color: inherit; opacity: 0.8;'>Aplicaciones<\/h3>\n<ul style='padding-left: 20px; font-size: 15px; color: inherit;'>\n<li style='margin-bottom: 5px;'>Barreras de control de acceso<\/li>\n<li style='margin-bottom: 5px;'>Motores para portones vehiculares<\/li>\n<li style='margin-bottom: 5px;'>Sistemas de se\u00f1alizaci\u00f3n de seguridad<\/li>\n<li style='margin-bottom: 5px;'>Sistemas de advertencia visual<\/li>\n<\/ul><\/div>\n<\/p><\/div>\n<div style='display: flex; flex-wrap: wrap; gap: 20px; margin-bottom: 30px;'>\n<div style='flex: 1 1 250px; border: 1px solid rgba(150&comma; 150&comma; 150&comma; 0.4); border-radius: 8px; overflow: hidden; display: flex; flex-direction: column;'>\n<div style='padding: 15px; border-bottom: 1px solid rgba(150&comma; 150&comma; 150&comma; 0.2); font-weight: bold; font-size: 18px; color: inherit;'>Especificaciones el\u00e9ctricas<\/div>\n<div style='padding: 15px; color: inherit;'>\n<ul style='padding-left: 20px; margin: 0; font-size: 14px; list-style-type: disc;'>\n<li style='margin-bottom: 5px;'><strong>Alimentaci\u00f3n:<\/strong> 24 V AC\/DC \/ 120-230 V AC<\/li>\n<li style='margin-bottom: 5px;'><strong>Potencia:<\/strong> 4-7 W (seg\u00fan voltaje)<\/li>\n<li style='margin-bottom: 5px;'><strong>Intermitencia:<\/strong> 50%<\/li>\n<li style='margin-bottom: 5px;'><strong>Fusible recomendado:<\/strong> 630 mA (si no est\u00e1 presente en la automatizaci\u00f3n)<\/li>\n<\/ul><\/div>\n<\/p><\/div>\n<div style='flex: 1 1 250px; border: 1px solid rgba(150&comma; 150&comma; 150&comma; 0.4); border-radius: 8px; overflow: hidden; display: flex; flex-direction: column;'>\n<div style='padding: 15px; border-bottom: 1px solid rgba(150&comma; 150&comma; 150&comma; 0.2); font-weight: bold; font-size: 18px; color: inherit;'>Especificaciones f\u00edsicas<\/div>\n<div style='padding: 15px; color: inherit;'>\n<ul style='padding-left: 20px; margin: 0; font-size: 14px; list-style-type: disc;'>\n<li style='margin-bottom: 5px;'><strong>Grado de protecci\u00f3n:<\/strong> IP54<\/li>\n<li style='margin-bottom: 5px;'><strong>Rango de temperatura:<\/strong> -20\u00b0C a 55\u00b0C<\/li>\n<li style='margin-bottom: 5px;'><strong>Material:<\/strong> Pl\u00e1stico de ingenier\u00eda<\/li>\n<\/ul><\/div>\n<\/p><\/div>\n<div style='flex: 1 1 250px; border: 1px solid rgba(150&comma; 150&comma; 150&comma; 0.4); border-radius: 8px; overflow: hidden; display: flex; flex-direction: column;'>\n<div style='padding: 15px; border-bottom: 1px solid rgba(150&comma; 150&comma; 150&comma; 0.2); font-weight: bold; font-size: 18px; color: inherit;'>Conformidad<\/div>\n<div style='padding: 15px; color: inherit;'>\n<ul style='padding-left: 20px; margin: 0; font-size: 14px; list-style-type: disc;'>\n<li style='margin-bottom: 5px;'>Cumple con las directivas vigentes<\/li>\n<li style='margin-bottom: 5px;'>Clase de los circuitos: Seguridad el\u00e9ctrica<\/li>\n<\/ul><\/div>\n<\/p><\/div>\n<\/p><\/div>\n<div style='display: flex; flex-wrap: wrap; gap: 20px; margin-bottom: 30px;'>\n<div style='flex: 1 1 100%; border: 1px solid rgba(150&comma; 150&comma; 150&comma; 0.4); border-radius: 8px; overflow: hidden; display: flex; flex-direction: column;'>\n<div style='padding: 15px; border-bottom: 1px solid rgba(150&comma; 150&comma; 150&comma; 0.2); font-weight: bold; font-size: 18px; color: inherit;'>Instrucciones de instalaci\u00f3n<\/div>\n<div style='padding: 15px; color: inherit;'>\n<ol style='padding-left: 20px; margin: 0; font-size: 14px;'>\n<li style='margin-bottom: 8px;'>Preparar los cables necesarios para la alimentaci\u00f3n<\/li>\n<li style='margin-bottom: 8px;'>Preparar la base \u2776 taladrando (m\u00e1x. \u00f8 5) las partes marcadas \u24b6 y abrir el preformado para los cables \u24b7 con un destornillador<\/li>\n<li style='margin-bottom: 8px;'>Si se monta en pared (cid:16224)&comma; utilizar el soporte \u2777 fij\u00e1ndolo con tornillos y tacos adecuados seg\u00fan el tipo de pared (m\u00e1x. \u00f8 8)<\/li>\n<li style='margin-bottom: 8px;'>Introducir las porcas \u2460 en los s\u00edtios apropriados \u24b8 del soporte \u2777<\/li>\n<li style='margin-bottom: 8px;'>Pasar los cables y fijar la base al soporte con los tornillos \u2461<\/li>\n<li style='margin-bottom: 8px;'>Si montado en plano (cid:16223)&comma; fijar la base \u2776 con parafusos e buchas ao tipo de plano (m\u00e1x. \u00f8 8)<\/li>\n<li style='margin-bottom: 8px;'>Conectar los cables a la placa \u2778 y fijarla a la base virada com a cabe\u00e7a para baixo com los parafusos \u2462<\/li>\n<li style='margin-bottom: 8px;'>Separar do refletor \u277a o corpo do lampejador \u2779. Fixar o corpo \u2779 na base \u2776 com os parafusos \u2463<\/li>\n<li style='margin-bottom: 8px;'>Montar o refletor&comma; fixando-o com os parafusos de seguran\u00e7a \u2464 com a chave sextavada de 3 mm<\/li>\n<\/ol><\/div>\n<\/p><\/div>\n<\/p><\/div>\n<div style='display: flex; flex-wrap: wrap; gap: 20px; margin-bottom: 30px;'>\n<div style='flex: 1 1 100%; border: 1px solid rgba(150&comma; 150&comma; 150&comma; 0.4); border-radius: 8px; overflow: hidden; display: flex; flex-direction: column;'>\n<div style='padding: 15px; border-bottom: 1px solid rgba(150&comma; 150&comma; 150&comma; 0.2); font-weight: bold; font-size: 18px; color: inherit;'>Notas importantes<\/div>\n<div style='padding: 15px; color: inherit;'>\n<ul style='padding-left: 20px; margin: 0; font-size: 14px; list-style-type: disc;'>\n<li style='margin-bottom: 8px;'>Las medidas&comma; salvo indicaci\u00f3n contraria&comma; son en mil\u00edmetros<\/li>\n<li style='margin-bottom: 8px;'>Los componentes del producto (metales&comma; placas eletr\u00f3nicas&comma; bater\u00edas&comma; etc.) deben ser separados y eliminados de forma diferenciada<\/li>\n<li style='margin-bottom: 8px;'>No tirar al medio ambiente<\/li>\n<\/ul><\/div>\n<\/p><\/div>\n<\/p><\/div>\n<hr style='border: 0; border-top: 1px solid rgba(150&comma; 150&comma; 150&comma; 0.3); margin: 30px 0;'> <\/div>\n","protected":false},"excerpt":{"rendered":"<p>L\u00e1mpara de se\u00f1alizaci\u00f3n LED \/ Ideal para barreras y motores para portones vehiculares<\/p>\n","protected":false},"featured_media":31899,"comment_status":"open","ping_status":"closed","template":"","meta":[],"product_brand":[],"product_cat":[777],"product_tag":[401,93,779],"class_list":{"0":"post-31900","1":"product","2":"type-product","3":"status-publish","4":"has-post-thumbnail","6":"product_cat-accesorios-acceso-vehicular","7":"product_tag-acceso-vehicular","8":"product_tag-accesorios","9":"product_tag-came","11":"first","12":"outofstock","13":"sale","14":"shipping-taxable","15":"purchasable","16":"product-type-simple"},"_links":{"self":[{"href":"https:\/\/soydeaqui.ddns.net\/pachuca\/index.php\/wp-json\/wp\/v2\/product\/31900","targetHints":{"allow":["GET"]}}],"collection":[{"href":"https:\/\/soydeaqui.ddns.net\/pachuca\/index.php\/wp-json\/wp\/v2\/product"}],"about":[{"href":"https:\/\/soydeaqui.ddns.net\/pachuca\/index.php\/wp-json\/wp\/v2\/types\/product"}],"replies":[{"embeddable":true,"href":"https:\/\/soydeaqui.ddns.net\/pachuca\/index.php\/wp-json\/wp\/v2\/comments?post=31900"}],"wp:featuredmedia":[{"embeddable":true,"href":"https:\/\/soydeaqui.ddns.net\/pachuca\/index.php\/wp-json\/wp\/v2\/media\/31899"}],"wp:attachment":[{"href":"https:\/\/soydeaqui.ddns.net\/pachuca\/index.php\/wp-json\/wp\/v2\/media?parent=31900"}],"wp:term":[{"taxonomy":"product_brand","embeddable":true,"href":"https:\/\/soydeaqui.ddns.net\/pachuca\/index.php\/wp-json\/wp\/v2\/product_brand?post=31900"},{"taxonomy":"product_cat","embeddable":true,"href":"https:\/\/soydeaqui.ddns.net\/pachuca\/index.php\/wp-json\/wp\/v2\/product_cat?post=31900"},{"taxonomy":"product_tag","embeddable":true,"href":"https:\/\/soydeaqui.ddns.net\/pachuca\/index.php\/wp-json\/wp\/v2\/product_tag?post=31900"}],"curies":[{"name":"wp","href":"https:\/\/api.w.org\/{rel}","templated":true}]}}