{"id":3190,"date":"2026-03-18T06:05:34","date_gmt":"2026-03-18T06:05:34","guid":{"rendered":"https:\/\/soydeaqui.ddns.net\/pachuca\/index.php\/producto\/hikfire-detector-de-gas-natural-metano-ch4-alarma-temprana-salida-para-cierre-de-valvula-y-o-activacion-de-ventilador-proteccion-ip30-alarma-de-70db-a-115db-a-1-metro-de-distancia\/"},"modified":"2026-03-18T06:05:38","modified_gmt":"2026-03-18T06:05:38","slug":"hikfire-detector-de-gas-natural-metano-ch4-alarma-temprana-salida-para-cierre-de-valvula-y-o-activacion-de-ventilador-proteccion-ip30-alarma-de-70db-a-115db-a-1-metro-de-distancia","status":"publish","type":"product","link":"https:\/\/soydeaqui.ddns.net\/pachuca\/index.php\/producto\/hikfire-detector-de-gas-natural-metano-ch4-alarma-temprana-salida-para-cierre-de-valvula-y-o-activacion-de-ventilador-proteccion-ip30-alarma-de-70db-a-115db-a-1-metro-de-distancia\/","title":{"rendered":"(HikFire) Detector de Gas Natural Metano (CH4) \/ Alarma Temprana \/ Salida para cierre de V\u00e1lvula y\/o  activaci\u00f3n de Ventilador \/ Protecci\u00f3n IP30 \/ Alarma de 70dB a 115dB a 1 metro de distancia"},"content":{"rendered":"<div style='width: 100%; max-width: 1200px; margin: 0 auto; font-family: sans-serif; line-height: 1.6; color: inherit; background-color: transparent;'> <!-- Logo --> <\/p>\n<p style='text-align: center; margin: 30px 0 0 0;'><img style='width: 45%; height: auto; border: 1px solid rgba(150&comma;150&comma;150&comma;0.3); border-radius: 0;' src='https:\/\/ftp3.syscom.mx\/usuarios\/jsosa\/HIKVISION\/imagenes\/logo\/hikvision%20see%20far.png' alt='Logo Hikvision'><\/p>\n<p> <!-- Consideraciones --> <\/p>\n<div style='width: 100%; margin: 30px 0;'>\n<div style='border: 1px solid rgba(150&comma;150&comma;150&comma;0.4); border-radius: 8px; overflow: hidden;'>\n<div style='background: #df001e; border-bottom: 1px solid #a80000; padding: 15px;'> <span style='font-size: 18px; color: #ffffff; font-weight: bold; font-family: sans-serif;'>Consideraciones<\/span> <\/div>\n<div style='padding: 15px;'>\n<ul style='padding-left: 20px; font-size: 15px; color: inherit; list-style-type: disc;'>\n<li style='margin-bottom: 10px;'><span style='color: inherit; font-family: sans-serif;'>Aseg\u00farese de instalar el detector en una ubicaci\u00f3n adecuada para la detecci\u00f3n de gas natural.<\/span><\/li>\n<li style='margin-bottom: 10px;'><span style='color: inherit; font-family: sans-serif;'>Realice pruebas peri\u00f3dicas para garantizar el correcto funcionamiento del dispositivo.<\/span><\/li>\n<li style='margin-bottom: 10px;'><span style='color: inherit; font-family: sans-serif;'>En caso de alarma&comma; ventile el \u00e1rea inmediatamente y siga las instrucciones de seguridad adecuadas.<\/span><\/li>\n<\/ul><\/div>\n<\/p><\/div>\n<\/p><\/div>\n<p> <!-- Especificaciones --> <\/p>\n<div style='width: 100%; margin: 30px 0;'>\n<h1 style='text-align: center; font-size: 24px; color: #232a6f; margin-bottom: 30px; font-family: sans-serif;'><span style='font-family: sans-serif;'>Especificaciones<\/span><\/h1>\n<div style='display: flex; flex-wrap: wrap; gap: 20px;'> <!-- Caracter\u00edsticas Principales --> <\/p>\n<div style='flex: 1 1 300px; min-width: 280px;'>\n<div style='border: 1px solid rgba(150&comma;150&comma;150&comma;0.4); border-radius: 8px; overflow: hidden;'>\n<div style='background: #df001e; border-bottom: 1px solid #a80000; padding: 15px;'> <span style='font-size: 14px; color: #ffffff; font-weight: bold; font-family: sans-serif;'>Caracter\u00edsticas Principales:<\/span> <\/div>\n<div style='padding: 15px;'>\n<ul style='padding-left: 20px; margin: 0; font-size: 14px; list-style-type: disc; color: inherit;'>\n<li style='margin-bottom: 10px;'><span style='color: inherit; font-family: sans-serif;'>Detector independiente de gas natural<\/span><\/li>\n<li style='margin-bottom: 10px;'><span style='color: inherit; font-family: sans-serif;'>Alerta temprana de fuga de gas<\/span><\/li>\n<li style='margin-bottom: 10px;'><span style='color: inherit; font-family: sans-serif;'>Salida para cierre de v\u00e1lvula y\/o activaci\u00f3n de ventilador (retardo de 10 segundos)<\/span><\/li>\n<li style='margin-bottom: 10px;'><span style='color: inherit; font-family: sans-serif;'>Volumen de alarma: 70dB~115dB a 1m<\/span><\/li>\n<li style='margin-bottom: 10px;'><span style='color: inherit; font-family: sans-serif;'>Tipo de gas: CH<sub>4<\/sub><\/span><\/li>\n<\/ul><\/div>\n<\/p><\/div>\n<\/p><\/div>\n<p> <!-- Caracter\u00edsticas F\u00edsicas y El\u00e9ctricas --> <\/p>\n<div style='flex: 1 1 300px; min-width: 280px;'>\n<div style='border: 1px solid rgba(150&comma;150&comma;150&comma;0.4); border-radius: 8px; overflow: hidden;'>\n<div style='background: #df001e; border-bottom: 1px solid #a80000; padding: 15px;'> <span style='font-size: 14px; color: #ffffff; font-weight: bold; font-family: sans-serif;'>Caracter\u00edsticas F\u00edsicas y El\u00e9ctricas:<\/span> <\/div>\n<div style='padding: 15px;'>\n<ul style='padding-left: 20px; margin: 0; font-size: 14px; list-style-type: disc; color: inherit;'>\n<li style='margin-bottom: 10px;'><span style='color: inherit; font-family: sans-serif;'>Rango de medici\u00f3n: 0~25% LEL<\/span><\/li>\n<li style='margin-bottom: 10px;'><span style='color: inherit; font-family: sans-serif;'>Umbral de alarma: 8% LEL<\/span><\/li>\n<li style='margin-bottom: 10px;'><span style='color: inherit; font-family: sans-serif;'>Principio de funcionamiento: combusti\u00f3n catal\u00edtica<\/span><\/li>\n<li style='margin-bottom: 10px;'><span style='color: inherit; font-family: sans-serif;'>Fuente de alimentaci\u00f3n: 12VCD (Incluye fuente)<\/span><\/li>\n<li style='margin-bottom: 10px;'><span style='color: inherit; font-family: sans-serif;'>Nivel de protecci\u00f3n: IP 30<\/span><\/li>\n<li style='margin-bottom: 10px;'><span style='color: inherit; font-family: sans-serif;'>Temperatura de funcionamiento: -10\u00b0C a 55\u00b0C<\/span><\/li>\n<li style='margin-bottom: 10px;'><span style='color: inherit; font-family: sans-serif;'>Humedad: \u226493% (40\u00b0C&comma; sin condensaci\u00f3n)<\/span><\/li>\n<li style='margin-bottom: 10px;'><span style='color: inherit; font-family: sans-serif;'>Dimensiones: 122 mm x 77 mm x 34 mm<\/span><\/li>\n<li style='margin-bottom: 10px;'><strong><span style='color: inherit; font-family: sans-serif;'>Certificaci\u00f3n: GB15322.2-2019<\/span><\/strong><\/li>\n<\/ul><\/div>\n<\/p><\/div>\n<\/p><\/div>\n<\/p><\/div>\n<\/p><\/div>\n<p> <!-- Video --> <\/p>\n<div style='margin: 30px 0;'>\n<h3 style='text-align: center; font-size: 18px; margin-bottom: 20px; font-family: sans-serif;'><strong>Conoce la Soluci\u00f3n de Gas LP HikFire<\/strong><\/h3>\n<div style='position: relative; padding-bottom: 56.25%; height: 0; overflow: hidden;'>   <\/div>\n<\/p><\/div>\n<p> <!-- Banner --> <\/p>\n<div style='margin: 30px 0;'> <a href='https:\/\/www.syscom.mx\/principal\/listado_producto\/incendio-hikfire-by-hikvision-dispositivos-standalone-66706.html?ordenar=Precio_de_Menor_a_Mayor&#038;pag=1' target='_blank' rel='noopener' style='text-decoration: none;'> <img style='width: 100%; height: auto; border: 1px solid rgba(150&comma;150&comma;150&comma;0.3); border-radius: 0;' src='https:\/\/ftp3.syscom.mx\/usuarios\/jsosa\/HIKVISION\/HikFire\/banners\/LINKEDIN%201200%20x%20627%20-%20Solucion%20Hikfire%20s.png' alt='Banner HikFire'> <\/a> <\/div>\n<p> <!-- Separador final --> <\/p>\n<hr style='border: 0; border-top: 1px solid rgba(150&comma; 150&comma; 150&comma; 0.3); margin: 30px 0;'> <\/div>\n","protected":false},"excerpt":{"rendered":"<p>(HikFire) Detector de Gas Natural Metano (CH4) \/ Alarma Temprana \/ Salida para cierre de V\u00e1lvula y\/o  activaci\u00f3n de Ventilador \/ Protecci\u00f3n IP30 \/ Alarma de 70dB a 115dB a 1 metro de distancia<\/p>\n","protected":false},"featured_media":3189,"comment_status":"open","ping_status":"closed","template":"","meta":[],"product_brand":[],"product_cat":[230],"product_tag":[231,19,54],"class_list":{"0":"post-3190","1":"product","2":"type-product","3":"status-publish","4":"has-post-thumbnail","6":"product_cat-autonomos","7":"product_tag-autonomos","8":"product_tag-detectores-sensores","9":"product_tag-hikvision","11":"first","12":"instock","13":"sale","14":"shipping-taxable","15":"purchasable","16":"product-type-simple"},"_links":{"self":[{"href":"https:\/\/soydeaqui.ddns.net\/pachuca\/index.php\/wp-json\/wp\/v2\/product\/3190","targetHints":{"allow":["GET"]}}],"collection":[{"href":"https:\/\/soydeaqui.ddns.net\/pachuca\/index.php\/wp-json\/wp\/v2\/product"}],"about":[{"href":"https:\/\/soydeaqui.ddns.net\/pachuca\/index.php\/wp-json\/wp\/v2\/types\/product"}],"replies":[{"embeddable":true,"href":"https:\/\/soydeaqui.ddns.net\/pachuca\/index.php\/wp-json\/wp\/v2\/comments?post=3190"}],"wp:featuredmedia":[{"embeddable":true,"href":"https:\/\/soydeaqui.ddns.net\/pachuca\/index.php\/wp-json\/wp\/v2\/media\/3189"}],"wp:attachment":[{"href":"https:\/\/soydeaqui.ddns.net\/pachuca\/index.php\/wp-json\/wp\/v2\/media?parent=3190"}],"wp:term":[{"taxonomy":"product_brand","embeddable":true,"href":"https:\/\/soydeaqui.ddns.net\/pachuca\/index.php\/wp-json\/wp\/v2\/product_brand?post=3190"},{"taxonomy":"product_cat","embeddable":true,"href":"https:\/\/soydeaqui.ddns.net\/pachuca\/index.php\/wp-json\/wp\/v2\/product_cat?post=3190"},{"taxonomy":"product_tag","embeddable":true,"href":"https:\/\/soydeaqui.ddns.net\/pachuca\/index.php\/wp-json\/wp\/v2\/product_tag?post=3190"}],"curies":[{"name":"wp","href":"https:\/\/api.w.org\/{rel}","templated":true}]}}