{"id":31889,"date":"2026-03-18T14:21:34","date_gmt":"2026-03-18T14:21:34","guid":{"rendered":"https:\/\/soydeaqui.ddns.net\/pachuca\/index.php\/producto\/lector-de-tarjetas-autonomo-compatible-con-tarjetas-dk-prox-programacion-por-tarjetas-o-control-remoto\/"},"modified":"2026-03-18T14:21:35","modified_gmt":"2026-03-18T14:21:35","slug":"lector-de-tarjetas-autonomo-compatible-con-tarjetas-dk-prox-programacion-por-tarjetas-o-control-remoto","status":"publish","type":"product","link":"https:\/\/soydeaqui.ddns.net\/pachuca\/index.php\/producto\/lector-de-tarjetas-autonomo-compatible-con-tarjetas-dk-prox-programacion-por-tarjetas-o-control-remoto\/","title":{"rendered":"Lector de Tarjetas aut\u00f3nomo \/ Compatible con Tarjetas DK Prox \/ Programaci\u00f3n Por Tarjetas o Control Remoto"},"content":{"rendered":"<div style='width: 100%; max-width: 1200px; margin: 0 auto; font-family: sans-serif; line-height: 1.6; color: inherit; background-color: transparent;'>\n<div style='display: flex; flex-wrap: wrap; gap: 30px; margin-bottom: 30px;'>\n<div style='flex: 1 1 300px; min-width: 280px;'>\n<h3 style='font-size: 22px; border-bottom: 2px solid currentColor; padding-bottom: 5px; margin-top: 0; color: inherit; opacity: 0.8;'>Caracter\u00edsticas principales<\/h3>\n<ul style='padding-left: 20px; font-size: 15px; color: inherit;'>\n<li>Dise\u00f1ado para aplicaciones de una puerta<\/li>\n<li>Memoria para 1000 tarjetas<\/li>\n<li>Programaci\u00f3n por tarjetas programadoras<\/li>\n<li>Programaci\u00f3n por medio de control remoto<\/li>\n<li>Compatible con tarjetas DK Prox<\/li>\n<li>1 salida de relevador<\/li>\n<li>Voltaje de alimentaci\u00f3n 12VDC<\/li>\n<li>Rango de lectura de 2 pulgadas<\/li>\n<li>Soporta borrado de tarjetas individual o por lote<\/li>\n<\/ul><\/div>\n<div style='flex: 1 1 300px; min-width: 280px;'>\n<h3 style='font-size: 22px; border-bottom: 2px solid currentColor; padding-bottom: 5px; margin-top: 0; color: inherit; opacity: 0.8;'>Especificaciones t\u00e9cnicas<\/h3>\n<ul style='padding-left: 20px; font-size: 15px; color: inherit;'>\n<li><strong>Salida:<\/strong> Rel\u00e9 Forma C&comma; 30 Voltios&comma; 1 Ampere<\/li>\n<li><strong>Temperatura de operaci\u00f3n:<\/strong> -31\u00b0 a 150\u00b0 F (-35\u00b0 a 65\u00b0 C)<\/li>\n<li><strong>Alimentaci\u00f3n:<\/strong> 12 VDC<\/li>\n<li><strong>Peso:<\/strong> Aproximadamente 8 Lbs (3.6 kg)<\/li>\n<li><strong>Certificaciones:<\/strong> ETL Listed<\/li>\n<li><strong>Rango de lectura:<\/strong> 2-4 pulgadas<\/li>\n<\/ul><\/div>\n<\/p><\/div>\n<div style='display: flex; flex-wrap: wrap; gap: 20px; margin-bottom: 30px;'>\n<div style='flex: 1 1 250px; border: 1px solid rgba(150&comma; 150&comma; 150&comma; 0.4); border-radius: 8px; overflow: hidden; display: flex; flex-direction: column;'>\n<div style='padding: 15px; border-bottom: 1px solid rgba(150&comma; 150&comma; 150&comma; 0.2); font-weight: bold; font-size: 18px; color: inherit;'>Aplicaciones<\/div>\n<div style='padding: 15px; color: inherit;'>\n<ul style='padding-left: 20px; margin: 0; font-size: 14px; list-style-type: disc;'>\n<li>Almacenamiento individual<\/li>\n<li>Complejos de apartamentos<\/li>\n<li>Comunidades cerradas<\/li>\n<li>Residencial<\/li>\n<li>Estacionamientos<\/li>\n<li>Edificios de uso mixto<\/li>\n<li>Comercial\/Industrial<\/li>\n<\/ul><\/div>\n<\/p><\/div>\n<div style='flex: 1 1 250px; border: 1px solid rgba(150&comma; 150&comma; 150&comma; 0.4); border-radius: 8px; overflow: hidden; display: flex; flex-direction: column;'>\n<div style='padding: 15px; border-bottom: 1px solid rgba(150&comma; 150&comma; 150&comma; 0.2); font-weight: bold; font-size: 18px; color: inherit;'>Compatibilidad<\/div>\n<div style='padding: 15px; color: inherit;'>\n<ul style='padding-left: 20px; margin: 0; font-size: 14px; list-style-type: disc;'>\n<li>Compatible con tarjetas DK Prox<\/li>\n<li>Compatible con dispositivos Wiegand de 26-bit<\/li>\n<\/ul><\/div>\n<\/p><\/div>\n<div style='flex: 1 1 250px; border: 1px solid rgba(150&comma; 150&comma; 150&comma; 0.4); border-radius: 8px; overflow: hidden; display: flex; flex-direction: column;'>\n<div style='padding: 15px; border-bottom: 1px solid rgba(150&comma; 150&comma; 150&comma; 0.2); font-weight: bold; font-size: 18px; color: inherit;'>Garant\u00eda<\/div>\n<div style='padding: 15px; color: inherit;'>\n<ul style='padding-left: 20px; margin: 0; font-size: 14px; list-style-type: disc;'>\n<li>1 a\u00f1o de garant\u00eda contra defectos de f\u00e1brica<\/li>\n<\/ul><\/div>\n<\/p><\/div>\n<\/p><\/div>\n<div style='display: flex; flex-wrap: wrap; gap: 30px; margin-bottom: 30px;'>\n<div style='flex: 1 1 300px; min-width: 280px;'>\n<h3 style='font-size: 22px; border-bottom: 2px solid currentColor; padding-bottom: 5px; margin-top: 0; color: inherit; opacity: 0.8;'>Caracter\u00edsticas adicionales<\/h3>\n<ul style='padding-left: 20px; font-size: 15px; color: inherit;'>\n<li>Enclosure iluminado para uso en exteriores<\/li>\n<li>Memoria de transacciones almacena hasta 3&comma;656 eventos<\/li>\n<li>Anti-pass back (prevenci\u00f3n de paso m\u00faltiple)<\/li>\n<li>Zonas horarias programables<\/li>\n<li>Soporta c\u00f3digos de instalaci\u00f3n programables<\/li>\n<\/ul><\/div>\n<\/p><\/div>\n<hr style='border: 0; border-top: 1px solid rgba(150&comma; 150&comma; 150&comma; 0.3); margin: 30px 0;'>\n<div style='display: flex; flex-wrap: wrap; gap: 30px;'>\n<div style='flex: 1 1 300px; min-width: 280px;'>\n<h3 style='font-size: 22px; border-bottom: 2px solid currentColor; padding-bottom: 5px; margin-top: 0; color: inherit; opacity: 0.8;'>Conexi\u00f3n el\u00e9ctrica<\/h3>\n<ul style='padding-left: 20px; font-size: 15px; color: inherit;'>\n<li><strong>Voltaje de operaci\u00f3n:<\/strong> 12-24 VAC o 12-24 VDC<\/li>\n<li><strong>Consumo de corriente:<\/strong> 16 VAC o 12 VDC<\/li>\n<li><strong>Capacidad de salida:<\/strong> 1 Punto de acceso<\/li>\n<\/ul><\/div>\n<\/p><\/div>\n<\/p><\/div>\n","protected":false},"excerpt":{"rendered":"<p>Lector de Tarjetas aut\u00f3nomo \/ Compatible con Tarjetas DK Prox \/ Programaci\u00f3n Por Tarjetas o Control Remoto<\/p>\n","protected":false},"featured_media":31888,"comment_status":"open","ping_status":"closed","template":"","meta":[],"product_brand":[],"product_cat":[777],"product_tag":[401,93,781],"class_list":{"0":"post-31889","1":"product","2":"type-product","3":"status-publish","4":"has-post-thumbnail","6":"product_cat-accesorios-acceso-vehicular","7":"product_tag-acceso-vehicular","8":"product_tag-accesorios","9":"product_tag-dks-doorking","11":"first","12":"outofstock","13":"sale","14":"shipping-taxable","15":"purchasable","16":"product-type-simple"},"_links":{"self":[{"href":"https:\/\/soydeaqui.ddns.net\/pachuca\/index.php\/wp-json\/wp\/v2\/product\/31889","targetHints":{"allow":["GET"]}}],"collection":[{"href":"https:\/\/soydeaqui.ddns.net\/pachuca\/index.php\/wp-json\/wp\/v2\/product"}],"about":[{"href":"https:\/\/soydeaqui.ddns.net\/pachuca\/index.php\/wp-json\/wp\/v2\/types\/product"}],"replies":[{"embeddable":true,"href":"https:\/\/soydeaqui.ddns.net\/pachuca\/index.php\/wp-json\/wp\/v2\/comments?post=31889"}],"wp:featuredmedia":[{"embeddable":true,"href":"https:\/\/soydeaqui.ddns.net\/pachuca\/index.php\/wp-json\/wp\/v2\/media\/31888"}],"wp:attachment":[{"href":"https:\/\/soydeaqui.ddns.net\/pachuca\/index.php\/wp-json\/wp\/v2\/media?parent=31889"}],"wp:term":[{"taxonomy":"product_brand","embeddable":true,"href":"https:\/\/soydeaqui.ddns.net\/pachuca\/index.php\/wp-json\/wp\/v2\/product_brand?post=31889"},{"taxonomy":"product_cat","embeddable":true,"href":"https:\/\/soydeaqui.ddns.net\/pachuca\/index.php\/wp-json\/wp\/v2\/product_cat?post=31889"},{"taxonomy":"product_tag","embeddable":true,"href":"https:\/\/soydeaqui.ddns.net\/pachuca\/index.php\/wp-json\/wp\/v2\/product_tag?post=31889"}],"curies":[{"name":"wp","href":"https:\/\/api.w.org\/{rel}","templated":true}]}}