{"id":31884,"date":"2026-03-18T14:21:26","date_gmt":"2026-03-18T14:21:26","guid":{"rendered":"https:\/\/soydeaqui.ddns.net\/pachuca\/index.php\/producto\/estacion-de-informacion-llame-al-centro-de-control-con-un-solo-boton\/"},"modified":"2026-03-18T14:21:32","modified_gmt":"2026-03-18T14:21:32","slug":"estacion-de-informacion-llame-al-centro-de-control-con-un-solo-boton","status":"publish","type":"product","link":"https:\/\/soydeaqui.ddns.net\/pachuca\/index.php\/producto\/estacion-de-informacion-llame-al-centro-de-control-con-un-solo-boton\/","title":{"rendered":"Estaci\u00f3n de informaci\u00f3n \/ Llame al centro de control con un solo bot\u00f3n"},"content":{"rendered":"<div style='width: 100%; max-width: 1200px; margin: 0 auto; font-family: sans-serif; line-height: 1.6; color: inherit; background-color: transparent;'>\n<div style='display: flex; flex-wrap: wrap; gap: 30px; margin-bottom: 30px;'>\n<div style='flex: 1 1 300px; min-width: 280px;'>\n<p style='font-size: 15px; color: inherit; margin-bottom: 15px;'>El modelo 1819 es una estaci\u00f3n para informaci\u00f3n que sirve para establecer comunicaci\u00f3n entre un visitante y un centro de control o caseta de guardias.<\/p>\n<p style='font-size: 15px; color: inherit; margin-bottom: 15px;'>El visitante solo tiene que presionar un bot\u00f3n y el equipo se encarga de enlazar una llamada telef\u00f3nica al n\u00famero preprogramado.<\/p>\n<p style='font-size: 15px; color: inherit;'>Una vez contestada la llamada telef\u00f3nica en el centro de control&comma; con simplemente presionar el n\u00famero 9&comma; se env\u00eda el comando de apertura de puerta para permitir el acceso al visitante.<\/p>\n<\/p><\/div>\n<\/p><\/div>\n<hr style='border: 0; border-top: 1px solid rgba(150&comma; 150&comma; 150&comma; 0.3); margin: 30px 0;'>\n<div style='display: flex; flex-wrap: wrap; gap: 30px; margin-bottom: 30px;'>\n<div style='flex: 1 1 300px; min-width: 280px;'>\n<h3 style='font-size: 22px; border-bottom: 2px solid currentColor; padding-bottom: 5px; margin-top: 0; color: inherit; opacity: 0.8;'>Caracter\u00edsticas<\/h3>\n<ul style='padding-left: 20px; font-size: 15px; color: inherit;'>\n<li style='margin-bottom: 5px;'>Marcaciones de 10 u 11 d\u00edgitos<\/li>\n<li style='margin-bottom: 5px;'>Requiere una l\u00ednea telef\u00f3nica para su operaci\u00f3n&comma; puede ser an\u00e1loga&comma; digital o VoIP<\/li>\n<li style='margin-bottom: 5px;'>Comunicaci\u00f3n full duplex<\/li>\n<li style='margin-bottom: 5px;'>Un solo bot\u00f3n para facilitar la operaci\u00f3n por parte del usuario<\/li>\n<\/ul><\/div>\n<div style='flex: 1 1 300px; min-width: 280px;'>\n<h3 style='font-size: 22px; border-bottom: 2px solid currentColor; padding-bottom: 5px; margin-top: 0; color: inherit; opacity: 0.8;'>Especificaciones<\/h3>\n<ul style='padding-left: 20px; font-size: 15px; color: inherit;'>\n<li style='margin-bottom: 5px;'>Comunicaci\u00f3n full duplex<\/li>\n<li style='margin-bottom: 5px;'>16 VCA&comma; 20 VA (250mA). Transformador incluido<\/li>\n<li style='margin-bottom: 5px;'>Equivalencia de timbre: 0.0 A<\/li>\n<li style='margin-bottom: 5px;'>Tipo de conexi\u00f3n: RJ11 o W<\/li>\n<li style='margin-bottom: 5px;'>FCC (US): DUF6VT-12874-OT-0<\/li>\n<li style='margin-bottom: 5px;'>DOC (CAN): 1736 4507 A<\/li>\n<li style='margin-bottom: 5px;'>Cumple con UL 294<\/li>\n<li style='margin-bottom: 5px;'>Dimensiones para montaje en superficie: 30.5(Alto) x 16.51 (Ancho) x 12.7(Profundidad) Cm.<\/li>\n<\/ul><\/div>\n<\/p><\/div>\n<hr style='border: 0; border-top: 1px solid rgba(150&comma; 150&comma; 150&comma; 0.3); margin: 30px 0;'> <\/div>\n","protected":false},"excerpt":{"rendered":"<p>Estaci\u00f3n de informaci\u00f3n \/ Llame al centro de control con un solo bot\u00f3n<\/p>\n","protected":false},"featured_media":31883,"comment_status":"open","ping_status":"closed","template":"","meta":[],"product_brand":[],"product_cat":[907],"product_tag":[781,908,557],"class_list":{"0":"post-31884","1":"product","2":"type-product","3":"status-publish","4":"has-post-thumbnail","6":"product_cat-interfones","7":"product_tag-dks-doorking","8":"product_tag-interfones","9":"product_tag-videoporteros-e-interfonos","11":"first","12":"outofstock","13":"sale","14":"shipping-taxable","15":"purchasable","16":"product-type-simple"},"_links":{"self":[{"href":"https:\/\/soydeaqui.ddns.net\/pachuca\/index.php\/wp-json\/wp\/v2\/product\/31884","targetHints":{"allow":["GET"]}}],"collection":[{"href":"https:\/\/soydeaqui.ddns.net\/pachuca\/index.php\/wp-json\/wp\/v2\/product"}],"about":[{"href":"https:\/\/soydeaqui.ddns.net\/pachuca\/index.php\/wp-json\/wp\/v2\/types\/product"}],"replies":[{"embeddable":true,"href":"https:\/\/soydeaqui.ddns.net\/pachuca\/index.php\/wp-json\/wp\/v2\/comments?post=31884"}],"wp:featuredmedia":[{"embeddable":true,"href":"https:\/\/soydeaqui.ddns.net\/pachuca\/index.php\/wp-json\/wp\/v2\/media\/31883"}],"wp:attachment":[{"href":"https:\/\/soydeaqui.ddns.net\/pachuca\/index.php\/wp-json\/wp\/v2\/media?parent=31884"}],"wp:term":[{"taxonomy":"product_brand","embeddable":true,"href":"https:\/\/soydeaqui.ddns.net\/pachuca\/index.php\/wp-json\/wp\/v2\/product_brand?post=31884"},{"taxonomy":"product_cat","embeddable":true,"href":"https:\/\/soydeaqui.ddns.net\/pachuca\/index.php\/wp-json\/wp\/v2\/product_cat?post=31884"},{"taxonomy":"product_tag","embeddable":true,"href":"https:\/\/soydeaqui.ddns.net\/pachuca\/index.php\/wp-json\/wp\/v2\/product_tag?post=31884"}],"curies":[{"name":"wp","href":"https:\/\/api.w.org\/{rel}","templated":true}]}}