{"id":31877,"date":"2026-03-18T14:21:17","date_gmt":"2026-03-18T14:21:17","guid":{"rendered":"https:\/\/soydeaqui.ddns.net\/pachuca\/index.php\/producto\/kit-de-actualizacion-para-sistema-de-control-de-rondas-digitool\/"},"modified":"2026-03-18T14:21:19","modified_gmt":"2026-03-18T14:21:19","slug":"kit-de-actualizacion-para-sistema-de-control-de-rondas-digitool","status":"publish","type":"product","link":"https:\/\/soydeaqui.ddns.net\/pachuca\/index.php\/producto\/kit-de-actualizacion-para-sistema-de-control-de-rondas-digitool\/","title":{"rendered":"Kit de actualizaci\u00f3n para sistema de control de rondas DIGITOOL"},"content":{"rendered":"<div style='width: 100%; max-width: 1200px; margin: 0 auto; font-family: sans-serif; line-height: 1.6; color: inherit; background-color: transparent;'> <!-- Secci\u00f3n de componentes --> <\/p>\n<div style='margin-bottom: 30px;'>\n<h3 style='font-size: 22px; border-bottom: 2px solid currentColor; padding-bottom: 5px; margin-top: 0; color: inherit; opacity: 0.8;'>Componentes del kit<\/h3>\n<ul style='padding-left: 20px; font-size: 15px; color: inherit;'>\n<li style='margin-bottom: 5px;'>1 \u00d7 GC01<\/li>\n<li style='margin-bottom: 5px;'>1 \u00d7 GC02<\/li>\n<li style='margin-bottom: 5px;'>1 \u00d7 MD24U<\/li>\n<li style='margin-bottom: 5px;'>1 \u00d7 GA06<\/li>\n<li style='margin-bottom: 5px;'>1 \u00d7 GA02<\/li>\n<li style='margin-bottom: 5px;'>1 \u00d7 GC01FTE<\/li>\n<\/ul><\/div>\n<p> <!-- Secci\u00f3n de caracter\u00edsticas --> <\/p>\n<div style='margin-bottom: 30px;'>\n<h3 style='font-size: 22px; border-bottom: 2px solid currentColor; padding-bottom: 5px; margin-top: 0; color: inherit; opacity: 0.8;'>Caracter\u00edsticas t\u00e9cnicas<\/h3>\n<ul style='padding-left: 20px; font-size: 15px; color: inherit;'>\n<li style='margin-bottom: 5px;'>Tecnolog\u00eda de ficha de contacto<\/li>\n<li style='margin-bottom: 5px;'>Interface de comunicaci\u00f3n para puerto serial<\/li>\n<li style='margin-bottom: 5px;'>Software (Espa\u00f1ol e Ingl\u00e9s) compatible con Windows XP\/2000\/7 Profesional<\/li>\n<li style='margin-bottom: 5px;'>Reportes f\u00e1ciles de interpretar<\/li>\n<li style='margin-bottom: 5px;'>Respaldo de base de datos en el software<\/li>\n<li style='margin-bottom: 5px;'>Sistema eficiente para administrar y supervisar al personal de guardia durante sus rondas<\/li>\n<li style='margin-bottom: 5px;'>F\u00e1cil instalaci\u00f3n<\/li>\n<li style='margin-bottom: 5px;'>Control f\u00e1cil de usar y de cargar<\/li>\n<li style='margin-bottom: 5px;'>Muy durable (fabricado en policarbonato)<\/li>\n<li style='margin-bottom: 5px;'>Lectura de hasta 8&comma;000 puntos en memoria<\/li>\n<li style='margin-bottom: 5px;'>Bater\u00eda recargable de Li-Ion<\/li>\n<li style='margin-bottom: 5px;'>Confirmaci\u00f3n de lecturas mediante indicaci\u00f3n lum\u00ednica&comma; auditiva y de vibraci\u00f3n<\/li>\n<li style='margin-bottom: 5px;'>Duraci\u00f3n de bater\u00edas de hasta 300&comma;000 lecturas \u00f3 6 meses<\/li>\n<li style='margin-bottom: 5px;'>Peso: 680 g<\/li>\n<li style='margin-bottom: 5px;'>Alimentaci\u00f3n 12 Vcc 800 mA (incluida)<\/li>\n<\/ul><\/div>\n<p> <!-- Separador --> <\/p>\n<hr style='border: 0; border-top: 1px solid rgba(150&comma; 150&comma; 150&comma; 0.3); margin: 30px 0;'> <\/div>\n","protected":false},"excerpt":{"rendered":"<p>Kit de actualizaci\u00f3n para sistema de control de rondas DIGITOOL<\/p>\n","protected":false},"featured_media":31876,"comment_status":"open","ping_status":"closed","template":"","meta":[],"product_brand":[],"product_cat":[473],"product_tag":[474,563,62],"class_list":{"0":"post-31877","1":"product","2":"type-product","3":"status-publish","4":"has-post-thumbnail","6":"product_cat-todos-control-de-rondas-para-vigilantes","7":"product_tag-control-de-rondas-para-vigilantes","8":"product_tag-rosslare-security-products","9":"product_tag-todos","11":"first","12":"outofstock","13":"sale","14":"shipping-taxable","15":"purchasable","16":"product-type-simple"},"_links":{"self":[{"href":"https:\/\/soydeaqui.ddns.net\/pachuca\/index.php\/wp-json\/wp\/v2\/product\/31877","targetHints":{"allow":["GET"]}}],"collection":[{"href":"https:\/\/soydeaqui.ddns.net\/pachuca\/index.php\/wp-json\/wp\/v2\/product"}],"about":[{"href":"https:\/\/soydeaqui.ddns.net\/pachuca\/index.php\/wp-json\/wp\/v2\/types\/product"}],"replies":[{"embeddable":true,"href":"https:\/\/soydeaqui.ddns.net\/pachuca\/index.php\/wp-json\/wp\/v2\/comments?post=31877"}],"wp:featuredmedia":[{"embeddable":true,"href":"https:\/\/soydeaqui.ddns.net\/pachuca\/index.php\/wp-json\/wp\/v2\/media\/31876"}],"wp:attachment":[{"href":"https:\/\/soydeaqui.ddns.net\/pachuca\/index.php\/wp-json\/wp\/v2\/media?parent=31877"}],"wp:term":[{"taxonomy":"product_brand","embeddable":true,"href":"https:\/\/soydeaqui.ddns.net\/pachuca\/index.php\/wp-json\/wp\/v2\/product_brand?post=31877"},{"taxonomy":"product_cat","embeddable":true,"href":"https:\/\/soydeaqui.ddns.net\/pachuca\/index.php\/wp-json\/wp\/v2\/product_cat?post=31877"},{"taxonomy":"product_tag","embeddable":true,"href":"https:\/\/soydeaqui.ddns.net\/pachuca\/index.php\/wp-json\/wp\/v2\/product_tag?post=31877"}],"curies":[{"name":"wp","href":"https:\/\/api.w.org\/{rel}","templated":true}]}}