{"id":31841,"date":"2026-03-18T14:20:25","date_gmt":"2026-03-18T14:20:25","guid":{"rendered":"https:\/\/soydeaqui.ddns.net\/pachuca\/index.php\/producto\/tarjeta-de-proximidad-proxcard-ii-hid-clamshell-gruesa-garantia-de-por-vida-1326lgsmv\/"},"modified":"2026-03-18T14:20:26","modified_gmt":"2026-03-18T14:20:26","slug":"tarjeta-de-proximidad-proxcard-ii-hid-clamshell-gruesa-garantia-de-por-vida-1326lgsmv","status":"publish","type":"product","link":"https:\/\/soydeaqui.ddns.net\/pachuca\/index.php\/producto\/tarjeta-de-proximidad-proxcard-ii-hid-clamshell-gruesa-garantia-de-por-vida-1326lgsmv\/","title":{"rendered":"Tarjeta de Proximidad ProxCard II HID Clamshell (Gruesa) \/ Garant\u00eda de por Vida\/ 1326LGSMV"},"content":{"rendered":"<div style='width: 100%; max-width: 1200px; margin: 0 auto; font-family: sans-serif; line-height: 1.6; color: inherit; background-color: transparent;'> <!-- Imagen de alerta --> <\/p>\n<div style='margin-bottom: 30px;'> <a href='https:\/\/www.syscomblog.com\/2021\/03\/la-tarjeta-sin-contacto-para-este-2021.html' target='_blank' rel='noopener'> <img style='width: 100%; height: auto; border: 1px solid rgba(150&comma;150&comma;150&comma;0.3); border-radius: 8px; max-width: 500px;' src='https:\/\/ftp3.syscom.mx\/usuarios\/hterrazas\/HID\/Alerta.png' alt=''> <\/a> <\/div>\n<p> <!-- Caracter\u00edsticas --> <\/p>\n<div style='margin-bottom: 30px;'>\n<h3 style='font-size: 22px; border-bottom: 2px solid currentColor; padding-bottom: 5px; margin-top: 0; color: inherit; opacity: 0.8;'>Caracter\u00edsticas:<\/h3>\n<ul style='padding-left: 20px; font-size: 15px; color: inherit;'>\n<li style='margin-bottom: 5px;'><strong>Referencia HID:<\/strong> 1326LGSMV<\/li>\n<li style='margin-bottom: 5px;'><strong>Compatibilidad:<\/strong> Compatiblidad con lectores HID PROX<\/li>\n<li style='margin-bottom: 5px;'><strong>Material:<\/strong> Elaborada en PVC&comma; para m\u00e1s resistencia al uso cotidiano<\/li>\n<li style='margin-bottom: 5px;'><strong>Dimensiones:<\/strong> 5.4 x 8.6 x 0.19 mm<\/li>\n<li style='margin-bottom: 5px; background-color: rgba(241&comma; 196&comma; 15&comma; 0.3); padding: 5px; border-radius: 4px;'><strong>Producto Bajo Pedido:<\/strong> No puede comprarse en l\u00ednea puesto que es indispensable para ordenar indicar formato&comma; c\u00f3digo de sitio&comma; consecutivo de tarjeta<\/li>\n<\/ul><\/div>\n<p> <!-- Formulario de solicitud --> <\/p>\n<div style='margin-bottom: 30px;'>\n<p style='background-color: rgba(241&comma; 196&comma; 15&comma; 0.3); padding: 15px; border-radius: 8px;'> No puede comprarse en l\u00ednea puesto que es <em>indispensable<\/em> para ordenar indicar <strong>formato&comma; c\u00f3digo de sitio&comma; consecutivo de tarjeta.<\/strong> Por favor llenar el siguiente <a style='background-color: rgba(241&comma; 196&comma; 15&comma; 0.3); color: inherit; text-decoration: none; padding: 5px; border-radius: 4px; font-weight: bold;' href='https:\/\/ftp3.syscom.mx\/usuarios\/ftp\/2021\/05\/04\/4ba4d\/FOR%208.4%20025%20CMP%20Formato%20para%20solicitud%20de%20tarjetas%20REV.%20002.docx' target='_blank' rel='noopener'>FORMULARIO<\/a> y enviarlo a su Ejecutivo de Cuenta&comma; de lo contrario ninguna compra ser\u00e1 procesada. <\/p>\n<\/p><\/div>\n<p> <!-- Condiciones adicionales --> <\/p>\n<div style='margin-bottom: 30px;'>\n<ul style='padding-left: 20px; font-size: 15px; color: inherit;'>\n<li style='margin-bottom: 5px;'>En formatos <strong>diferentes<\/strong> a 26 bits (H10301)&comma; el m\u00ednimo de orden es 100 pzs.<\/li>\n<li style='margin-bottom: 5px;'>Si desea comprar una programaci\u00f3n random ofrecer el modelo <a style='color: #005cb9; text-decoration: none; font-weight: 600;' href='https:\/\/www.syscom.mx\/principal\/searchcont?route=PROXCARD26-HID-152626&#038;autodetect=proxcard26' target='_blank' rel='noopener'>PROXCARD26<\/a> <\/li>\n<\/ul><\/div>\n<p> <!-- Nota sobre impresi\u00f3n --> <\/p>\n<div style='margin-bottom: 30px;'>\n<p style='margin-bottom: 5px;'><strong>Nota:<\/strong> Esta tarjeta no puede ser impresa por ser una tarjeta gruesa&comma; lo que se puede hacer es imprimir un adhesivo <a style='color: #005cb9; text-decoration: none; font-weight: 600;' href='https:\/\/www.syscom.mx\/principal\/searchcont?route=81759-HID-160086&#038;autodetect=adhesivos' target='_blank' rel='noopener'>81759&comma;<\/a> <a style='color: #005cb9; text-decoration: none; font-weight: 600;' href='https:\/\/www.syscom.mx\/principal\/searchcont?route=082266-HID-160087&#038;autodetect=adhesivos' target='_blank' rel='noopener'>082266<\/a> y pegarlo sobre la tarjeta.<\/p>\n<\/p><\/div>\n<p> <!-- Informaci\u00f3n de compra --> <\/p>\n<div style='margin-bottom: 30px;'>\n<h3 style='font-size: 20px; border-bottom: 2px solid currentColor; padding-bottom: 5px; margin-top: 0; color: inherit; opacity: 0.8;'>\u00bfC\u00f3mo comprar tarjetas HID?<\/h3>\n<p>Todas las tarjetas de HID son de programaci\u00f3n personalizadas por lo que es necesario proporcionar informaci\u00f3n adicional.<\/p>\n<div style='margin-bottom: 20px;'>\n<p style='margin-bottom: 10px;'><strong>Es indispensable<\/strong> para procesar cualquier orden de compra:<\/p>\n<ul style='padding-left: 20px; font-size: 15px; color: inherit; margin-bottom: 15px;'>\n<li style='margin-bottom: 5px;'><strong>Formato:<\/strong> Confirmar que es H10301&comma; es decir&comma; 26 bits.<\/li>\n<li style='margin-bottom: 5px;'><strong>C\u00f3digo de sitio<\/strong> (Site Code \/ Facility Code): (0 a 255&comma; si es formato 26 bits H10301).<\/li>\n<li style='margin-bottom: 5px;'><strong>Consecutivo<\/strong> (rango): La numeraci\u00f3n que tendr\u00e1n las tarjetas (Entre 0-65535 si es a 26 bits H10301).<\/li>\n<\/ul>\n<p>Se puede llenar el siguiente <a style='color: #005cb9; text-decoration: none; font-weight: 600;' href='https:\/\/ftp3.syscom.mx\/usuarios\/ftp\/2021\/05\/04\/4ba4d\/FOR%208.4%20025%20CMP%20Formato%20para%20solicitud%20de%20tarjetas%20REV.%20002.docx' target='_blank' rel='noopener'>formulario<\/a> y enviarlo a su ejecutivo de ventas para procesar su solicitud. <\/p>\n<\/p><\/div>\n<ul style='padding-left: 20px; font-size: 15px; color: inherit; margin-bottom: 15px;'>\n<li style='margin-bottom: 5px;'>En SYSCOM contamos con equipo <strong>especializado<\/strong> para la programaci\u00f3n de tarjetas en formato H10301&comma; por lo que una vez entregada la informaci\u00f3n y puesta la orden de compra&comma; el tiempo de entrega aproximado es de 3 d\u00edas salvo excepciones donde se confirme lo contrario por parte de su ejecutivo.<\/li>\n<li style='margin-bottom: 5px;'>En formatos diferentes a H10301 (26 bits) es necesario solicitar validaci\u00f3n y tiempo de entrega al dpto de ingenieria.<\/li>\n<li style='margin-bottom: 5px;'>En formatos <strong>corporativos<\/strong> el m\u00ednimo de compra es de 100 pzs&comma; deber\u00e1 cotizar <a style='color: #005cb9; text-decoration: none; font-weight: 600;' href='https:\/\/www.syscom.mx\/principal\/searchcont?route=MC-1000-HID-156476&#038;autodetect=mc1000' target='_blank' rel='noopener'>MC-1000<\/a> y seguir el proceso ah\u00ed descrito. <\/li>\n<li style='margin-bottom: 5px;'>Cualquier variaci\u00f3n en el modelo o formato el tiempo de entrega estimado es de 3 semanas.<\/li>\n<li style='margin-bottom: 5px; background-color: rgba(241&comma; 196&comma; 15&comma; 0.3); padding: 10px; border-radius: 8px;'><strong>Todas las compras de este modelo a trav\u00e9s de este portal est\u00e1n sujetas al env\u00edo de la informaci\u00f3n indispensable para procesar la compra&comma; esta informaci\u00f3n es requerida directamente por f\u00e1brica por normas de seguridad para clientes y usuarios.<\/strong><\/li>\n<li style='margin-bottom: 5px;'><strong>Es recomendable si se tiene una tarjeta existente enviar a SYSCOM para su identificaci\u00f3n previa a la compra.<\/strong><\/li>\n<\/ul><\/div>\n<p> <!-- Corporate 1000 --> <\/p>\n<div style='margin-bottom: 30px;'>\n<h3 style='font-size: 20px; border-bottom: 2px solid currentColor; padding-bottom: 5px; margin-top: 0; color: inherit; opacity: 0.8;'>Conozca que es Corporate 1000<\/h3>\n<ul style='padding-left: 20px; font-size: 15px; color: inherit; margin-bottom: 15px;'>\n<li style='margin-bottom: 5px;'><a style='color: #005cb9; text-decoration: none; font-weight: 600;' href='http:\/\/ftp3.syscom.mx\/usuarios\/ftp\/2017\/09\/08\/ae5a5\/corporate1000_ds_es.pdf' target='_blank' rel='noopener'>Corporate 1000<\/a> &#8211; Agregue un formato controlado por el usuario.<\/li>\n<li style='margin-bottom: 5px;'>Disponible en SYSCOM a 48 bits.<\/li>\n<li style='margin-bottom: 5px;'><strong>Para formatos Corporate 1000 es necesario llenar una documentaci\u00f3n adicional al momento de la compra:<\/strong><\/li>\n<\/ul>\n<ul style='padding-left: 40px; font-size: 15px; color: inherit; margin-bottom: 15px;'>\n<li style='margin-bottom: 5px;'>Nuevos proyectos: <a style='color: #005cb9; text-decoration: none; font-weight: 600;' href='http:\/\/ftp3.syscom.mx\/usuarios\/ftp\/2017\/09\/15\/96cc8\/Corporate_1000_nuevo.pdf' target='_blank' rel='noopener'>Solicitud<\/a> <a style='color: #005cb9; text-decoration: none; font-weight: 600;' href='http:\/\/ftp3.syscom.mx\/usuarios\/ftp\/2018\/01\/16\/6a208\/Credential_Program_License_Agreement%20(1).pdf' target='_blank' rel='noopener'>Credential Program<\/a> <\/li>\n<li style='margin-bottom: 5px;'><a style='color: #005cb9; text-decoration: none; font-weight: 600;' href='http:\/\/ftp3.syscom.mx\/usuarios\/ftp\/2017\/09\/15\/e939a\/Corporate_1000_existente.pdf' target='_top'>Proyectos existentes<\/a><\/li>\n<\/ul>\n<ul style='padding-left: 20px; font-size: 15px; color: inherit;'>\n<li style='margin-bottom: 5px;'>Debe considerarse un <strong>costo adicional<\/strong> cuando se solicita este formato Corporativo&comma; al precio de lista de la tarjeta agregar el modelo <a style='color: #005cb9; text-decoration: none; font-weight: 600;' href='https:\/\/www.syscom.mx\/principal\/searchcont?route=MC-1000-HID-156476&#038;autodetect=mc100' target='_blank' rel='noopener'>MC-1000<\/a> correspondiente a un cargo por tarjeta por programar en C1000. <\/li>\n<\/ul><\/div>\n<p> <!-- Separador final --> <\/p>\n<hr style='border: 0; border-top: 1px solid rgba(150&comma; 150&comma; 150&comma; 0.3); margin: 30px 0;'> <\/div>\n","protected":false},"excerpt":{"rendered":"<p>Tarjeta de Proximidad ProxCard II HID Clamshell (Gruesa) \/ Garant\u00eda de por Vida\/ 1326LGSMV<\/p>\n","protected":false},"featured_media":31840,"comment_status":"open","ping_status":"closed","template":"","meta":[],"product_brand":[],"product_cat":[469],"product_tag":[93,814,470],"class_list":{"0":"post-31841","1":"product","2":"type-product","3":"status-publish","4":"has-post-thumbnail","6":"product_cat-tarjetas-y-tags","7":"product_tag-accesorios","8":"product_tag-hid","9":"product_tag-tarjetas-y-tags","11":"first","12":"instock","13":"sale","14":"shipping-taxable","15":"purchasable","16":"product-type-simple"},"_links":{"self":[{"href":"https:\/\/soydeaqui.ddns.net\/pachuca\/index.php\/wp-json\/wp\/v2\/product\/31841","targetHints":{"allow":["GET"]}}],"collection":[{"href":"https:\/\/soydeaqui.ddns.net\/pachuca\/index.php\/wp-json\/wp\/v2\/product"}],"about":[{"href":"https:\/\/soydeaqui.ddns.net\/pachuca\/index.php\/wp-json\/wp\/v2\/types\/product"}],"replies":[{"embeddable":true,"href":"https:\/\/soydeaqui.ddns.net\/pachuca\/index.php\/wp-json\/wp\/v2\/comments?post=31841"}],"wp:featuredmedia":[{"embeddable":true,"href":"https:\/\/soydeaqui.ddns.net\/pachuca\/index.php\/wp-json\/wp\/v2\/media\/31840"}],"wp:attachment":[{"href":"https:\/\/soydeaqui.ddns.net\/pachuca\/index.php\/wp-json\/wp\/v2\/media?parent=31841"}],"wp:term":[{"taxonomy":"product_brand","embeddable":true,"href":"https:\/\/soydeaqui.ddns.net\/pachuca\/index.php\/wp-json\/wp\/v2\/product_brand?post=31841"},{"taxonomy":"product_cat","embeddable":true,"href":"https:\/\/soydeaqui.ddns.net\/pachuca\/index.php\/wp-json\/wp\/v2\/product_cat?post=31841"},{"taxonomy":"product_tag","embeddable":true,"href":"https:\/\/soydeaqui.ddns.net\/pachuca\/index.php\/wp-json\/wp\/v2\/product_tag?post=31841"}],"curies":[{"name":"wp","href":"https:\/\/api.w.org\/{rel}","templated":true}]}}