{"id":31835,"date":"2026-03-18T14:20:18","date_gmt":"2026-03-18T14:20:18","guid":{"rendered":"https:\/\/soydeaqui.ddns.net\/pachuca\/index.php\/producto\/lector-r10-900pbnnek20000-seos-no-clonable-prox-hid-con-bluetooth-compatible-con-mobileid-access-garantia-de-por-vida\/"},"modified":"2026-03-18T14:20:24","modified_gmt":"2026-03-18T14:20:24","slug":"lector-r10-900pbnnek20000-seos-no-clonable-prox-hid-con-bluetooth-compatible-con-mobileid-access-garantia-de-por-vida","status":"publish","type":"product","link":"https:\/\/soydeaqui.ddns.net\/pachuca\/index.php\/producto\/lector-r10-900pbnnek20000-seos-no-clonable-prox-hid-con-bluetooth-compatible-con-mobileid-access-garantia-de-por-vida\/","title":{"rendered":"Lector R10 (900PBNNEK20000)\/  SEOS (No clonable), PROX HID,  con Bluetooth compatible con MOBILEID ACCESS\/ Garantia de por Vida"},"content":{"rendered":"<div style='width: 100%; max-width: 1200px; margin: 0 auto; font-family: sans-serif; line-height: 1.6; color: inherit; background-color: transparent;'>\n<div style='display: flex; flex-wrap: wrap; gap: 30px; margin-bottom: 30px;'>\n<div style='flex: 1 1 300px; min-width: 280px;'>\n<h3 style='font-size: 22px; border-bottom: 2px solid currentColor; padding-bottom: 5px; margin-top: 0; color: inherit; opacity: 0.8;'>Caracter\u00edsticas<\/h3>\n<ul style='padding-left: 20px; font-size: 15px; color: inherit;'>\n<li style='margin-bottom: 5px;'><strong>Configuraci\u00f3n:<\/strong> 900PBNNEK20000<\/li>\n<li style='margin-bottom: 5px;'>Soporta tarjetas Proximidad HID&comma; iCLASS Seos&comma; Mobile IDs via NFC and Bluetooth<\/li>\n<li style='margin-bottom: 5px;'><strong>Comunicaci\u00f3n:<\/strong> Wiegand<\/li>\n<li style='margin-bottom: 5px;'><strong>Alcance SEOS:<\/strong> 1 cm<\/li>\n<li style='margin-bottom: 5px;'><strong>Voltaje de operaci\u00f3n:<\/strong> 5-16 Vcc<\/li>\n<li style='margin-bottom: 5px;'><strong>Color:<\/strong> Negro<\/li>\n<li style='margin-bottom: 5px;'><strong>Garant\u00eda:<\/strong> De por vida<\/li>\n<li style='margin-bottom: 5px;'><strong>Dimensiones:<\/strong> 4.8 x 10.3 x 2.3 cm<\/li>\n<li style='margin-bottom: 5px;'><strong>Peso:<\/strong> 114 g<\/li>\n<li style='margin-bottom: 5px;'><strong>Requiere:<\/strong> Controlador wiegand para operar <a style='color: inherit; text-decoration: underline;' href='https:\/\/www.syscom.mx\/principal\/listadoproductosazul\/control-de-acceso-controladores-de-acceso-controladores-de-acceso-2940.html' target='_blank' rel='noopener'>Aqu\u00ed<\/a><\/li>\n<li style='margin-bottom: 5px;'><strong>Configuraci\u00f3n Bluetooth:<\/strong> Requiere llaves <a style='color: inherit; text-decoration: underline;' href='https:\/\/www.syscom.mx\/producto\/SEC9XCRDMAD-HID-136840.html' target='_blank' rel='noopener'>SEC9XCRDMAD<\/a> y <a style='color: inherit; text-decoration: underline;' href='https:\/\/www.syscom.mx\/producto\/SEC9XCRDEMKYD-HID-136841.html' target='_blank' rel='noopener'>SEC9XCRDEMKYD<\/a><\/li>\n<li style='margin-bottom: 5px;'><a style='color: inherit; text-decoration: underline;' href='http:\/\/soporte.syscom.mx\/control-de-acceso\/suprema-compatibilidad-lector-r10blu-hid-con-panel-cs40-de-suprema' target='_blank' rel='noopener'>Compatibilidad con panel CS40 SUPREMA<\/a><\/li>\n<\/ul><\/div>\n<\/p><\/div>\n<div style='display: flex; flex-wrap: wrap; gap: 20px; margin-bottom: 30px;'>\n<div style='flex: 1 1 250px; border: 1px solid rgba(150&comma; 150&comma; 150&comma; 0.4); border-radius: 8px; overflow: hidden; display: flex; flex-direction: column;'>\n<div style='padding: 15px; border-bottom: 1px solid rgba(150&comma; 150&comma; 150&comma; 0.2); font-weight: bold; font-size: 18px; color: inherit; background-color: rgba(241&comma; 196&comma; 15&comma; 0.3);'>Recomendaci\u00f3n<\/div>\n<div style='padding: 15px; color: inherit;'>\n<p style='margin-bottom: 10px; font-size: 14px;'>Mejores caracter\u00edsticas y precio en un lector de \u00faltima generaci\u00f3n<\/p>\n<p style='margin-bottom: 10px; font-size: 14px;'>Consulte <a style='color: inherit; text-decoration: underline;' href='https:\/\/www.syscom.mx\/producto\/R20F-HID-185631.html' target='_blank' rel='noopener'>R20F<\/a><\/p>\n<p> <img style='width: 100%; height: auto; border: 1px solid rgba(150&comma;150&comma;150&comma;0.3); border-radius: 8px;' src='https:\/\/ftp3.syscom.mx\/usuarios\/ftp\/2021\/06\/28\/944c7\/Comparativa_SIGNO.jpg' alt='' \/> <\/div>\n<\/p><\/div>\n<\/p><\/div>\n<hr style='border: 0; border-top: 1px solid rgba(150&comma; 150&comma; 150&comma; 0.3); margin: 30px 0;'> <\/div>\n","protected":false},"excerpt":{"rendered":"<p>Lector R10 (900PBNNEK20000)\/  SEOS (No clonable), PROX HID,  con Bluetooth compatible con MOBILEID ACCESS\/ Garantia de por Vida<\/p>\n","protected":false},"featured_media":31834,"comment_status":"open","ping_status":"closed","template":"","meta":[],"product_brand":[],"product_cat":[808],"product_tag":[814,466,809],"class_list":{"0":"post-31835","1":"product","2":"type-product","3":"status-publish","4":"has-post-thumbnail","6":"product_cat-seos","7":"product_tag-hid","8":"product_tag-lectoras-y-tarjetas","9":"product_tag-seos","11":"first","12":"outofstock","13":"sale","14":"shipping-taxable","15":"purchasable","16":"product-type-simple"},"_links":{"self":[{"href":"https:\/\/soydeaqui.ddns.net\/pachuca\/index.php\/wp-json\/wp\/v2\/product\/31835","targetHints":{"allow":["GET"]}}],"collection":[{"href":"https:\/\/soydeaqui.ddns.net\/pachuca\/index.php\/wp-json\/wp\/v2\/product"}],"about":[{"href":"https:\/\/soydeaqui.ddns.net\/pachuca\/index.php\/wp-json\/wp\/v2\/types\/product"}],"replies":[{"embeddable":true,"href":"https:\/\/soydeaqui.ddns.net\/pachuca\/index.php\/wp-json\/wp\/v2\/comments?post=31835"}],"wp:featuredmedia":[{"embeddable":true,"href":"https:\/\/soydeaqui.ddns.net\/pachuca\/index.php\/wp-json\/wp\/v2\/media\/31834"}],"wp:attachment":[{"href":"https:\/\/soydeaqui.ddns.net\/pachuca\/index.php\/wp-json\/wp\/v2\/media?parent=31835"}],"wp:term":[{"taxonomy":"product_brand","embeddable":true,"href":"https:\/\/soydeaqui.ddns.net\/pachuca\/index.php\/wp-json\/wp\/v2\/product_brand?post=31835"},{"taxonomy":"product_cat","embeddable":true,"href":"https:\/\/soydeaqui.ddns.net\/pachuca\/index.php\/wp-json\/wp\/v2\/product_cat?post=31835"},{"taxonomy":"product_tag","embeddable":true,"href":"https:\/\/soydeaqui.ddns.net\/pachuca\/index.php\/wp-json\/wp\/v2\/product_tag?post=31835"}],"curies":[{"name":"wp","href":"https:\/\/api.w.org\/{rel}","templated":true}]}}