{"id":31831,"date":"2026-03-18T14:20:14","date_gmt":"2026-03-18T14:20:14","guid":{"rendered":"https:\/\/soydeaqui.ddns.net\/pachuca\/index.php\/producto\/lector-stand-alone-entryprox-hid\/"},"modified":"2026-03-18T14:20:15","modified_gmt":"2026-03-18T14:20:15","slug":"lector-stand-alone-entryprox-hid","status":"publish","type":"product","link":"https:\/\/soydeaqui.ddns.net\/pachuca\/index.php\/producto\/lector-stand-alone-entryprox-hid\/","title":{"rendered":"Lector Stand Alone  EntryPROX HID"},"content":{"rendered":"<div style='width: 100%; max-width: 1200px; margin: 0 auto; font-family: sans-serif; line-height: 1.6; color: inherit; background-color: transparent;'> <!-- Secci\u00f3n de caracter\u00edsticas --> <\/p>\n<div style='display: flex; flex-wrap: wrap; gap: 30px; margin-bottom: 30px;'>\n<div style='flex: 1 1 300px; min-width: 280px;'>\n<h3 style='font-size: 22px; border-bottom: 2px solid currentColor; padding-bottom: 5px; margin-top: 0; color: inherit; opacity: 0.8;'>LECTOR DE PROXIMIDAD INDEPENDIENTE DE UNA PUERTA<\/h3>\n<h3 style='font-size: 18px; border-bottom: 2px solid currentColor; padding-bottom: 5px; margin-top: 20px; margin-bottom: 15px; color: inherit; opacity: 0.8;'>Cualidades<\/h3>\n<ul style='padding-left: 20px; font-size: 15px; color: inherit;'>\n<li style='margin-bottom: 5px;'>Entrada de teclado sin problemas: teclado extra seguro que permite la entrada o programaci\u00f3n del PIN.<\/li>\n<li style='margin-bottom: 5px;'>Programaci\u00f3n m\u00e1s r\u00e1pida: carga por lotes hasta 1&comma;000 tarjetas HID o etiquetas con un solo<\/li>\n<li style='margin-bottom: 5px;'>secuencia de comando del teclado<\/li>\n<li style='margin-bottom: 5px;'>Administraci\u00f3n eficiente de credenciales &#8211; Block Delete permite eliminar tarjetas \/ keytags por<\/li>\n<li style='margin-bottom: 5px;'>ubicaci\u00f3n del usuario<\/li>\n<\/ul><\/div>\n<\/p><\/div>\n<p> <!-- Secci\u00f3n de especificaciones --> <\/p>\n<div style='display: flex; flex-wrap: wrap; gap: 20px; margin-bottom: 30px;'>\n<div style='flex: 1 1 250px; border: 1px solid rgba(150&comma; 150&comma; 150&comma; 0.4); border-radius: 8px; overflow: hidden; display: flex; flex-direction: column;'>\n<div style='padding: 15px; border-bottom: 1px solid rgba(150&comma; 150&comma; 150&comma; 0.2); font-weight: bold; font-size: 18px; color: inherit;'>Especificaciones<\/div>\n<div style='padding: 15px; color: inherit;'>\n<ul style='padding-left: 20px; margin: 0; font-size: 14px; list-style-type: disc;'>\n<li style='margin-bottom: 5px;'><strong>Referencia HID:<\/strong> 4045CGNU0<\/li>\n<li style='margin-bottom: 5px;'><strong>Capacidad:<\/strong> 1000 usuarios<\/li>\n<li style='margin-bottom: 5px;'><strong>Alimentaci\u00f3n:<\/strong> 10-15 Vcc&comma; 150 mA<\/li>\n<li style='margin-bottom: 5px;'><strong>Relevador Tipo C:<\/strong> soporta hasta 30 Vcc a 1A<\/li>\n<li style='margin-bottom: 5px;'><strong>Relevador auxiliar Tipo C:<\/strong> soporta hasta 30 Vcc a 1A<\/li>\n<li style='margin-bottom: 5px;'><strong>Entradas de monitor:<\/strong> Posici\u00f3n de puerta N.O.<\/li>\n<li style='margin-bottom: 5px;'><strong>Petici\u00f3n de Salida REX:<\/strong> N.O.<\/li>\n<li style='margin-bottom: 5px;'><strong>LEDs:<\/strong> Bicolor (Rojo\/Verde)<\/li>\n<\/ul><\/div>\n<\/p><\/div>\n<p> <!-- Secci\u00f3n de rango de lectura --> <\/p>\n<div style='flex: 1 1 250px; border: 1px solid rgba(150&comma; 150&comma; 150&comma; 0.4); border-radius: 8px; overflow: hidden; display: flex; flex-direction: column;'>\n<div style='padding: 15px; border-bottom: 1px solid rgba(150&comma; 150&comma; 150&comma; 0.2); font-weight: bold; font-size: 18px; color: inherit;'>Rango de lectura m\u00e1ximo* t\u00edpico<\/div>\n<div style='padding: 15px; color: inherit;'>\n<ul style='padding-left: 20px; margin: 0; font-size: 14px; list-style-type: disc;'>\n<li style='margin-bottom: 5px;'>Tarjeta ProxCard\u00ae II hasta 3&comma;0&#8242; (7&comma;6 cm)<\/li>\n<li style='margin-bottom: 5px;'>Tarjeta ISOProx\u00ae II hasta 2&comma;5&#8242; (6&comma;35 cm)<\/li>\n<li style='margin-bottom: 5px;'>Tarjeta DuoProx\u00ae II hasta 2&comma;5&#8242; (6&comma;35 cm)<\/li>\n<li style='margin-bottom: 5px;'>Smart ISOProx\u00ae II hasta 2&comma;5&#8242; (6&comma;35 cm)<\/li>\n<li style='margin-bottom: 5px;'>Smart DuoProx\u00ae II hasta 2&comma;5&#8242; (6&comma;35 cm)<\/li>\n<li style='margin-bottom: 5px;'>Tarjeta HID Proximity y MIFARE\u00ae hasta 2&comma;5&#8242; (6&comma;35 cm)<\/li>\n<li style='margin-bottom: 5px;'>Tarjeta ProxCard\u00ae Plus hasta 1&comma;0&#8242; (2&comma;5 cm)<\/li>\n<li style='margin-bottom: 5px;'>Llavero ProxKey\u2122 II hasta 1&comma;5&#8242; (3&comma;8 cm)<\/li>\n<li style='margin-bottom: 5px;'>Etiqueta Microprox\u00ae hasta 2&comma;0&#8242; (5&comma;1 cm)<\/li>\n<\/ul><\/div>\n<\/p><\/div>\n<\/p><\/div>\n<p> <!-- Nota de producto --> <\/p>\n<div style='margin-top: 30px; padding: 15px; border-left: 4px solid rgba(255&comma; 87&comma; 34&comma; 0.8); background-color: rgba(255&comma; 87&comma; 34&comma; 0.05); color: inherit;'> <strong>Nota:<\/strong> Producto sobre pedido <\/div>\n<p> <!-- Separador --> <\/p>\n<hr style='border: 0; border-top: 1px solid rgba(150&comma; 150&comma; 150&comma; 0.3); margin: 30px 0;'> <\/div>\n","protected":false},"excerpt":{"rendered":"<p>Lector Stand Alone  EntryPROX HID<\/p>\n","protected":false},"featured_media":31830,"comment_status":"open","ping_status":"closed","template":"","meta":[],"product_brand":[],"product_cat":[835],"product_tag":[814,836,62],"class_list":{"0":"post-31831","1":"product","2":"type-product","3":"status-publish","4":"has-post-thumbnail","6":"product_cat-todos-teclados-autonomos","7":"product_tag-hid","8":"product_tag-teclados-autonomos","9":"product_tag-todos","11":"first","12":"outofstock","13":"sale","14":"shipping-taxable","15":"purchasable","16":"product-type-simple"},"_links":{"self":[{"href":"https:\/\/soydeaqui.ddns.net\/pachuca\/index.php\/wp-json\/wp\/v2\/product\/31831","targetHints":{"allow":["GET"]}}],"collection":[{"href":"https:\/\/soydeaqui.ddns.net\/pachuca\/index.php\/wp-json\/wp\/v2\/product"}],"about":[{"href":"https:\/\/soydeaqui.ddns.net\/pachuca\/index.php\/wp-json\/wp\/v2\/types\/product"}],"replies":[{"embeddable":true,"href":"https:\/\/soydeaqui.ddns.net\/pachuca\/index.php\/wp-json\/wp\/v2\/comments?post=31831"}],"wp:featuredmedia":[{"embeddable":true,"href":"https:\/\/soydeaqui.ddns.net\/pachuca\/index.php\/wp-json\/wp\/v2\/media\/31830"}],"wp:attachment":[{"href":"https:\/\/soydeaqui.ddns.net\/pachuca\/index.php\/wp-json\/wp\/v2\/media?parent=31831"}],"wp:term":[{"taxonomy":"product_brand","embeddable":true,"href":"https:\/\/soydeaqui.ddns.net\/pachuca\/index.php\/wp-json\/wp\/v2\/product_brand?post=31831"},{"taxonomy":"product_cat","embeddable":true,"href":"https:\/\/soydeaqui.ddns.net\/pachuca\/index.php\/wp-json\/wp\/v2\/product_cat?post=31831"},{"taxonomy":"product_tag","embeddable":true,"href":"https:\/\/soydeaqui.ddns.net\/pachuca\/index.php\/wp-json\/wp\/v2\/product_tag?post=31831"}],"curies":[{"name":"wp","href":"https:\/\/api.w.org\/{rel}","templated":true}]}}