{"id":31802,"date":"2026-03-18T14:19:30","date_gmt":"2026-03-18T14:19:30","guid":{"rendered":"https:\/\/soydeaqui.ddns.net\/pachuca\/index.php\/producto\/kit-de-impresora-de-tarjetas-pvc-dtc1250e-una-cara-incluye-2-ribbons-color-y-software-3-anos-garantia\/"},"modified":"2026-03-18T14:19:32","modified_gmt":"2026-03-18T14:19:32","slug":"kit-de-impresora-de-tarjetas-pvc-dtc1250e-una-cara-incluye-2-ribbons-color-y-software-3-anos-garantia","status":"publish","type":"product","link":"https:\/\/soydeaqui.ddns.net\/pachuca\/index.php\/producto\/kit-de-impresora-de-tarjetas-pvc-dtc1250e-una-cara-incluye-2-ribbons-color-y-software-3-anos-garantia\/","title":{"rendered":"Kit de Impresora de tarjetas PVC DTC1250e\/ Una Cara \/ Incluye: 2 Ribbons Color y Software\/ 3 A\u00f1os Garantia"},"content":{"rendered":"<div style='width: 100%; max-width: 1200px; margin: 0 auto; font-family: sans-serif; line-height: 1.6; color: inherit; background-color: transparent;'> <!-- Secci\u00f3n de caracter\u00edsticas --> <\/p>\n<div style='display: flex; flex-wrap: wrap; gap: 30px; margin-bottom: 30px;'>\n<div style='flex: 1 1 300px; min-width: 280px;'>\n<h3 style='font-size: 22px; border-bottom: 2px solid currentColor; padding-bottom: 5px; margin-top: 0; color: inherit; opacity: 0.8;'>Caracter\u00edsticas<\/h3>\n<ul style='padding-left: 20px; font-size: 15px; color: inherit;'>\n<li style='margin-bottom: 5px;'><strong>M\u00e9todo de impresi\u00f3n:<\/strong> Sublimaci\u00f3n de tinta \/ transfer t\u00e9rmico en resina.<\/li>\n<li style='margin-bottom: 5px;'><strong>Resoluci\u00f3n:<\/strong> 300 dpi (11.8 puntos \/mm)<\/li>\n<li style='margin-bottom: 5px;'><strong>Velocidad de impresi\u00f3n:<\/strong> 6 seg. por tarjeta en monocrom\u00e1tico&comma; 16 seg. YMCKO.<\/li>\n<li style='margin-bottom: 5px;'><strong>Tama\u00f1o de tarjeta:<\/strong> CR80 (85.6 mm L x 54 mm A).<\/li>\n<li style='margin-bottom: 5px;'><strong>Impresi\u00f3n borde a borde:<\/strong> (85.3 mm L x 53.7 mm A)<\/li>\n<li style='margin-bottom: 5px;'><strong>Tipo de tarjetas aceptables:<\/strong> PVC o poli\u00e9ster con acabado en PVC pulido.<\/li>\n<li style='margin-bottom: 5px;'><strong>Capacidad de bandeja de entrada:<\/strong> 100 tarjetas.<\/li>\n<li style='margin-bottom: 5px;'><strong>Capacidad de tarjetas de salida:<\/strong> 30 tarjetas.<\/li>\n<li style='margin-bottom: 5px;'><strong>Driver soportado en:<\/strong> Windows XP\/ Vista \/ Server 2003 y 2008 \/ Windows 7 \/ 8\/10.<\/li>\n<li style='margin-bottom: 5px;'><strong>Interfaz:<\/strong> USB.<\/li>\n<li style='margin-bottom: 5px;'><strong>Dimensiones:<\/strong> 224 x 348 x 201 mm.<\/li>\n<li style='margin-bottom: 5px;'><strong>Alimentaci\u00f3n:<\/strong> 110 VCA.<\/li>\n<\/ul><\/div>\n<\/p><\/div>\n<p> <!-- Secci\u00f3n de kit incluye --> <\/p>\n<div style='display: flex; flex-wrap: wrap; gap: 30px; margin-bottom: 30px;'>\n<div style='flex: 1 1 300px; min-width: 280px;'>\n<h3 style='font-size: 22px; border-bottom: 2px solid currentColor; padding-bottom: 5px; margin-top: 0; color: inherit; opacity: 0.8;'>El Kit incluye<\/h3>\n<ul style='padding-left: 20px; font-size: 15px; color: inherit;'>\n<li style='margin-bottom: 5px;'><strong>Software AsureID Express<\/strong> (<a style='color: inherit; text-decoration: none; font-size: 12px; font-weight: 600;' href='https:\/\/www.syscom.mx\/principal\/searchcont?route=86412-HID-139512&#038;autodetect=asureid'>86412<\/a>)<\/li>\n<li style='margin-bottom: 5px;'><strong>2 ribbons YMCKO<\/strong> (de 250 imagenes). (<a style='color: inherit; text-decoration: none; font-size: 12px; font-weight: 600;' href='https:\/\/www.syscom.mx\/principal\/searchcont?route=45000-HID-136154&#038;autodetect=45000'>45000<\/a>)<\/li>\n<li style='margin-bottom: 5px;'><a href='https:\/\/www.youtube.com\/watch?v=xZAJenAJbLU&#038;feature=youtu.be' style='color: inherit; text-decoration: none; font-weight: 600;'>V\u00eddeo<\/a> de componentes del kit.<\/li>\n<\/ul><\/div>\n<\/p><\/div>\n<p> <!-- Secci\u00f3n de pol\u00edtica de garant\u00eda --> <\/p>\n<div style='display: flex; flex-wrap: wrap; gap: 30px; margin-bottom: 30px;'>\n<div style='flex: 1 1 300px; min-width: 280px;'>\n<h3 style='font-size: 22px; border-bottom: 2px solid currentColor; padding-bottom: 5px; margin-top: 0; color: inherit; opacity: 0.8;'>Pol\u00edtica de Garant\u00eda<\/h3>\n<ul style='padding-left: 20px; font-size: 15px; color: inherit;'>\n<li style='margin-bottom: 5px;'>3 A\u00f1os.<\/li>\n<li style='margin-bottom: 5px;'>En caso de da\u00f1o del cabezal durante el primer a\u00f1o&comma; aplica el cambio del mismo.<\/li>\n<\/ul><\/div>\n<\/p><\/div>\n<p> <!-- Secci\u00f3n de cualidades destacables --> <\/p>\n<div style='display: flex; flex-wrap: wrap; gap: 30px; margin-bottom: 30px;'>\n<div style='flex: 1 1 300px; min-width: 280px;'>\n<h3 style='font-size: 22px; border-bottom: 2px solid currentColor; padding-bottom: 5px; margin-top: 0; color: inherit; opacity: 0.8;'>Cualidades destacables<\/h3>\n<ul style='padding-left: 20px; font-size: 15px; color: inherit;'>\n<li style='margin-bottom: 5px;'><strong>Cabezal de impresi\u00f3n Protegido:<\/strong> El usuario no tiene acceso al cabezal&comma; con ello se evita da\u00f1os accidentales por parte del usuario&comma; dando con ello mayor vitalidad al mismo.<\/li>\n<li style='margin-bottom: 5px;'><strong>El Ribbon viene en un cartucho:<\/strong> Esto evita da\u00f1os al introducirlo. Una solo forma de colocarlo. <a href='https:\/\/www.youtube.com\/watch?v=EsCK55XIXDE' style='color: inherit; text-decoration: none; font-weight: 600;'>La instalaci\u00f3n es Simple!<\/a><\/li>\n<\/ul><\/div>\n<\/p><\/div>\n<p> <!-- V\u00eddeos --> <\/p>\n<div style='margin-bottom: 30px;'>\n<div style='position: relative; padding-bottom: 56.25%; height: 0; overflow: hidden; margin-bottom: 30px;'>   <\/div>\n<div style='position: relative; padding-bottom: 56.25%; height: 0; overflow: hidden; margin-bottom: 30px;'>   <\/div>\n<\/p><\/div>\n<\/p><\/div>\n","protected":false},"excerpt":{"rendered":"<p>Kit de Impresora de tarjetas PVC DTC1250e\/ Una Cara \/ Incluye: 2 Ribbons Color y Software\/ 3 A\u00f1os Garantia<\/p>\n","protected":false},"featured_media":31801,"comment_status":"open","ping_status":"closed","template":"","meta":[],"product_brand":[],"product_cat":[823],"product_tag":[814,812,62],"class_list":{"0":"post-31802","1":"product","2":"type-product","3":"status-publish","4":"has-post-thumbnail","6":"product_cat-todos-identificacion-y-credencializacion","7":"product_tag-hid","8":"product_tag-identificacion-y-credencializacion","9":"product_tag-todos","11":"first","12":"instock","13":"sale","14":"shipping-taxable","15":"purchasable","16":"product-type-simple"},"_links":{"self":[{"href":"https:\/\/soydeaqui.ddns.net\/pachuca\/index.php\/wp-json\/wp\/v2\/product\/31802","targetHints":{"allow":["GET"]}}],"collection":[{"href":"https:\/\/soydeaqui.ddns.net\/pachuca\/index.php\/wp-json\/wp\/v2\/product"}],"about":[{"href":"https:\/\/soydeaqui.ddns.net\/pachuca\/index.php\/wp-json\/wp\/v2\/types\/product"}],"replies":[{"embeddable":true,"href":"https:\/\/soydeaqui.ddns.net\/pachuca\/index.php\/wp-json\/wp\/v2\/comments?post=31802"}],"wp:featuredmedia":[{"embeddable":true,"href":"https:\/\/soydeaqui.ddns.net\/pachuca\/index.php\/wp-json\/wp\/v2\/media\/31801"}],"wp:attachment":[{"href":"https:\/\/soydeaqui.ddns.net\/pachuca\/index.php\/wp-json\/wp\/v2\/media?parent=31802"}],"wp:term":[{"taxonomy":"product_brand","embeddable":true,"href":"https:\/\/soydeaqui.ddns.net\/pachuca\/index.php\/wp-json\/wp\/v2\/product_brand?post=31802"},{"taxonomy":"product_cat","embeddable":true,"href":"https:\/\/soydeaqui.ddns.net\/pachuca\/index.php\/wp-json\/wp\/v2\/product_cat?post=31802"},{"taxonomy":"product_tag","embeddable":true,"href":"https:\/\/soydeaqui.ddns.net\/pachuca\/index.php\/wp-json\/wp\/v2\/product_tag?post=31802"}],"curies":[{"name":"wp","href":"https:\/\/api.w.org\/{rel}","templated":true}]}}