{"id":31775,"date":"2026-03-18T14:18:53","date_gmt":"2026-03-18T14:18:53","guid":{"rendered":"https:\/\/soydeaqui.ddns.net\/pachuca\/index.php\/producto\/biostation-2-lector-ultramoderno-de-huella-con-proteccion-ip65-lector-125khz-em\/"},"modified":"2026-03-18T14:18:58","modified_gmt":"2026-03-18T14:18:58","slug":"biostation-2-lector-ultramoderno-de-huella-con-proteccion-ip65-lector-125khz-em","status":"publish","type":"product","link":"https:\/\/soydeaqui.ddns.net\/pachuca\/index.php\/producto\/biostation-2-lector-ultramoderno-de-huella-con-proteccion-ip65-lector-125khz-em\/","title":{"rendered":"BioStation 2 Lector Ultramoderno de Huella con Protecci\u00f3n IP65 \/ Lector 125kHz EM"},"content":{"rendered":"<div style='width: 100%; max-width: 1200px; margin: 0 auto; font-family: sans-serif; line-height: 1.6; color: inherit; background-color: transparent;'> <!-- Jumbotron --> <\/p>\n<div style='background: linear-gradient(to bottom&comma; #ffffff 0%&comma; #8f0047 100%); border-bottom: 6px solid #8f0047; border-left: 6px solid #8f0047; border-right: 6px solid #8f0047; padding: 20px; text-align: center; margin-bottom: 30px;'> <img style='width: 100%; max-width: 450px; height: auto; border: none; margin-bottom: 8px;' src='http:\/\/static.wixstatic.com\/media\/331712_249e780a0c11445eb4703674921fd851~mv2.png' alt='Logo Suprema'> <\/p>\n<h2 style='color: black; margin: 0; font-size: 24px;'>BioStation 2 Lector Ultramoderno de huella con protecci\u00f3n IP65\/ Lector 125 kHz<\/h2>\n<\/p><\/div>\n<p> <!-- Informaci\u00f3n principal --> <\/p>\n<div style='margin-bottom: 30px;'>\n<div style='background-color: ghostwhite; border-bottom: 6px solid #8f0047; border-top: 6px solid #8f0047; border-radius: 10px; box-shadow: 10px 5px 3px grey; margin: 20px 0; padding: 20px;'>\n<h2 style='font-size: 20px; margin-top: 0;'>Lectores Biom\u00e9tricos de la m\u00e1s Alta Tecnolog\u00eda en el mundo<\/h2>\n<p style='margin: 15px 0;'>Suprema&comma; uno de los principales lideres biom\u00e9tricos en seguridad tecnol\u00f3gica&comma; presenta uno de los mejores algoritmos biom\u00e9tricos con una ingenier\u00eda superior. Se encuentra constantemente desarrollando y produciendo productos l\u00edderes en la industria&comma; extendiendo su portafolio de productos de control de acceso y tiempo y asistencia en todo el mundo.<\/p>\n<\/p><\/div>\n<\/p><\/div>\n<p> <!-- Secci\u00f3n de caracter\u00edsticas --> <\/p>\n<div style='display: flex; flex-wrap: wrap; gap: 20px; margin-bottom: 30px;'>\n<div style='flex: 1 1 300px; min-width: 280px; background-color: ghostwhite; border-left: 6px solid #cc0066; box-shadow: 10px 5px 3px gray; margin-left: 10px; border-radius: 5px; padding: 15px;'>\n<h3 style='font-size: 18px; margin-top: 0; margin-bottom: 15px;'>Caracter\u00edsticas<\/h3>\n<ul style='padding-left: 20px; font-size: 14px; margin: 0;'>\n<li style='margin-bottom: 8px;'>Detecci\u00f3n de dedo vivo.<\/li>\n<li style='margin-bottom: 8px;'><strong>Comunicaci\u00f3n:<\/strong> TCP\/IP&comma; <strong>WiFi<\/strong> (802.11 b\/g)<\/li>\n<li style='margin-bottom: 8px;'><strong>Interfaz RS-485<\/strong> para comunicaci\u00f3n o m\u00f3dulo esclavo SIO2<\/li>\n<li style='margin-bottom: 8px;'>Salida de relevador<\/li>\n<li style='margin-bottom: 8px;'>Wiegand: entrada y salida.<\/li>\n<li style='margin-bottom: 8px;'>Certificados: CE&comma; FCC&comma; KC&comma; RoHS&comma; REACH&comma; WEE.<\/li>\n<li style='margin-bottom: 8px;'>Lector: 125kHz EM<\/li>\n<li style='margin-bottom: 8px;'>Dimensiones: 142 x 144 x 45 mm<\/li>\n<\/ul><\/div>\n<p> <!-- Usuarios --> <\/p>\n<div style='flex: 1 1 300px; min-width: 280px; background-color: ghostwhite; border-left: 5px solid #cc0066; border-radius: 5px; padding: 15px; box-shadow: 10px 5px 3px grey; margin-left: 30px;'>\n<h3 style='color: black; font-size: 18px; margin-top: 0; margin-bottom: 15px;'>Usuarios:<\/h3>\n<ul style='padding-left: 20px; font-size: 14px; margin: 0;'>\n<li style='margin-bottom: 8px;'>Usuarios (1:1) 500&comma;000.<\/li>\n<li style='margin-bottom: 8px;'>Usuarios (1:N) 20&comma;000.<\/li>\n<li style='margin-bottom: 8px;'>Plantillas (huellas)(1:1) 1&comma;000&comma;000.<\/li>\n<li style='margin-bottom: 8px;'>Plantillas (huellas) (1:N) 40&comma;000.<\/li>\n<\/ul><\/div>\n<p> <!-- Notas --> <\/p>\n<div style='flex: 1 1 100%; min-width: 280px; background-color: ghostwhite; border-left: 6px solid #cc0066; border-radius: 10px; padding: 15px; box-shadow: 10px 5px 3px grey; margin: 20px 30px 0 30px;'>\n<h3 style='font-size: 18px; margin-top: 0; margin-bottom: 15px;'>Notas:<\/h3>\n<ul style='padding-left: 20px; font-size: 14px; margin: 0;'>\n<li style='margin-bottom: 8px; text-align: justify;'>Alimentaci\u00f3n: 12 Vcc&comma; 1 A y PoE. Fuente no incluida.<\/li>\n<li style='margin-bottom: 8px; text-align: justify;'>Requiere de software <a href='https:\/\/www.syscom.mx\/principal\/consultarproductosazul?global_search=BIOSTAR2TA&#038;ordenar=Relevancia&#038;pag=1' style='color: #0066cc; text-decoration: underline;'>BIOSTAR2<\/a>.<\/li>\n<\/ul><\/div>\n<\/p><\/div>\n<p> <!-- Im\u00e1genes --> <\/p>\n<div style='display: flex; flex-wrap: wrap; gap: 20px; margin-bottom: 30px;'>\n<div style='flex: 1 1 400px; min-width: 280px;'> <img style='width: 100%; height: auto; border: 1px solid rgba(150&comma;150&comma;150&comma;0.3); border-radius: 8px;' src='https:\/\/ftp3.syscom.mx\/usuarios\/fotos\/BS2OEPW\/136179-biostation2.jpg' alt='BioStation 2'> <\/div>\n<div style='flex: 1 1 400px; min-width: 280px;'> <img style='width: 100%; height: auto; border: 1px solid rgba(150&comma;150&comma;150&comma;0.3); border-radius: 8px;' src='https:\/\/ftp3.syscom.mx\/usuarios\/fotos\/BS2OEPW\/136179-biostation2(1).jpg' alt='BioStation 2'> <\/div>\n<\/p><\/div>\n<p> <!-- Videos --> <\/p>\n<div style='margin: 30px 0;'>\n<div style='position: relative; padding-bottom: 56.25%; height: 0; overflow: hidden; margin-bottom: 30px;'>   <\/div>\n<div style='position: relative; padding-bottom: 56.25%; height: 0; overflow: hidden; margin-bottom: 30px;'>   <\/div>\n<\/p><\/div>\n<p> <!-- Enlace a base de conocimiento --> <\/p>\n<div style='text-align: center; margin: 30px 0;'>\n<h2 style='margin: 0; font-size: 20px;'>Visite nuestra Base de conocimiento de <a href='http:\/\/conocimiento.syscom.mx\/article-category\/suprema\/' style='color: #0066cc; text-decoration: underline;'>SUPREMA<\/a><\/h2>\n<\/p><\/div>\n<p> <!-- Separador final --> <\/p>\n<hr style='border: 0; border-top: 1px solid rgba(150&comma; 150&comma; 150&comma; 0.3); margin: 30px 0;'> <\/div>\n","protected":false},"excerpt":{"rendered":"<p>BioStation 2 Lector Ultramoderno de Huella con Protecci\u00f3n IP65 \/ Lector 125kHz EM<\/p>\n","protected":false},"featured_media":31774,"comment_status":"open","ping_status":"closed","template":"","meta":[],"product_brand":[],"product_cat":[806],"product_tag":[744,807,798],"class_list":{"0":"post-31775","1":"product","2":"type-product","3":"status-publish","4":"has-post-thumbnail","6":"product_cat-para-control-de-acceso","7":"product_tag-biometricos","8":"product_tag-para-control-de-acceso","9":"product_tag-suprema","11":"first","12":"outofstock","13":"sale","14":"shipping-taxable","15":"purchasable","16":"product-type-simple"},"_links":{"self":[{"href":"https:\/\/soydeaqui.ddns.net\/pachuca\/index.php\/wp-json\/wp\/v2\/product\/31775","targetHints":{"allow":["GET"]}}],"collection":[{"href":"https:\/\/soydeaqui.ddns.net\/pachuca\/index.php\/wp-json\/wp\/v2\/product"}],"about":[{"href":"https:\/\/soydeaqui.ddns.net\/pachuca\/index.php\/wp-json\/wp\/v2\/types\/product"}],"replies":[{"embeddable":true,"href":"https:\/\/soydeaqui.ddns.net\/pachuca\/index.php\/wp-json\/wp\/v2\/comments?post=31775"}],"wp:featuredmedia":[{"embeddable":true,"href":"https:\/\/soydeaqui.ddns.net\/pachuca\/index.php\/wp-json\/wp\/v2\/media\/31774"}],"wp:attachment":[{"href":"https:\/\/soydeaqui.ddns.net\/pachuca\/index.php\/wp-json\/wp\/v2\/media?parent=31775"}],"wp:term":[{"taxonomy":"product_brand","embeddable":true,"href":"https:\/\/soydeaqui.ddns.net\/pachuca\/index.php\/wp-json\/wp\/v2\/product_brand?post=31775"},{"taxonomy":"product_cat","embeddable":true,"href":"https:\/\/soydeaqui.ddns.net\/pachuca\/index.php\/wp-json\/wp\/v2\/product_cat?post=31775"},{"taxonomy":"product_tag","embeddable":true,"href":"https:\/\/soydeaqui.ddns.net\/pachuca\/index.php\/wp-json\/wp\/v2\/product_tag?post=31775"}],"curies":[{"name":"wp","href":"https:\/\/api.w.org\/{rel}","templated":true}]}}