{"id":31740,"date":"2026-03-18T14:18:02","date_gmt":"2026-03-18T14:18:02","guid":{"rendered":"https:\/\/soydeaqui.ddns.net\/pachuca\/index.php\/producto\/tarjeta-iclass-seos-8kb-5006pggmn-tecnologia-segura-no-clonable-garantia-de-por-vida-26-bits\/"},"modified":"2026-03-18T14:18:09","modified_gmt":"2026-03-18T14:18:09","slug":"tarjeta-iclass-seos-8kb-5006pggmn-tecnologia-segura-no-clonable-garantia-de-por-vida-26-bits","status":"publish","type":"product","link":"https:\/\/soydeaqui.ddns.net\/pachuca\/index.php\/producto\/tarjeta-iclass-seos-8kb-5006pggmn-tecnologia-segura-no-clonable-garantia-de-por-vida-26-bits\/","title":{"rendered":"Tarjeta iCLASS SEOS 8KB (5006PGGMN) \/Tecnolog\u00eda SEGURA, NO Clonable) \/ Garant\u00eda de por Vida\/ 26 bits"},"content":{"rendered":"<div style='width: 100%; max-width: 1200px; margin: 0 auto; font-family: sans-serif; line-height: 1.6; color: inherit; background-color: transparent;'>\n<div style='display: flex; flex-wrap: wrap; gap: 30px; margin-bottom: 30px;'>\n<div style='flex: 1 1 300px; min-width: 280px;'>\n<h3 style='font-size: 22px; border-bottom: 2px solid currentColor; padding-bottom: 5px; margin-top: 0; color: inherit; opacity: 0.8;'>Caracter\u00edsticas Generales<\/h3>\n<ul style='padding-left: 20px; font-size: 15px; color: inherit;'>\n<li style='margin-bottom: 5px;'>SEOS: S \u2013 Security Identity Object&comma; E \u2013 Enable&comma; O \u2013 On&comma; S \u2013 System<\/li>\n<li style='margin-bottom: 5px;'>La tarjeta inteligente iCLASS SEOS es una soluci\u00f3n de alta frecuencia para aumentar la seguridad&comma; la privacidad y la movilidad.<\/li>\n<li style='margin-bottom: 5px;'>Tecnolog\u00eda segura basada en est\u00e1ndares para administrar y autentificar las identidades.<\/li>\n<li style='margin-bottom: 5px;'>Credencial de dise\u00f1o abierto para control de acceso f\u00edsico y l\u00f3gico.<\/li>\n<\/ul><\/div>\n<\/p><\/div>\n<div style='display: flex; flex-wrap: wrap; gap: 20px; margin-bottom: 30px;'>\n<div style='flex: 1 1 250px; border: 1px solid rgba(150&comma; 150&comma; 150&comma; 0.4); border-radius: 8px; overflow: hidden; display: flex; flex-direction: column;'>\n<div style='padding: 15px; border-bottom: 1px solid rgba(150&comma; 150&comma; 150&comma; 0.2); font-weight: bold; font-size: 18px; color: inherit;'>Especificaciones<\/div>\n<div style='padding: 15px; color: inherit;'>\n<ul style='padding-left: 20px; margin: 0; font-size: 14px; list-style-type: disc;'>\n<li style='margin-bottom: 5px;'>Referencia HID: 5006PGGMN<\/li>\n<li style='margin-bottom: 5px;'>Disponible con C\u00f3digo de Sitio 8 (este puede variar de acuerdo al lote)<\/li>\n<li style='margin-bottom: 5px;'>El consecutivo es aleatorio de acuerdo a disponibilidad<\/li>\n<li style='margin-bottom: 5px;'>Venta sugerida a partir de 25 piezas<\/li>\n<li style='margin-bottom: 5px;'>Objetivo Seguro&comma; NO Clonable<\/li>\n<li style='margin-bottom: 5px;'>Material PVC compuesto para mayor resistencia<\/li>\n<li style='margin-bottom: 5px;'>Memoria de 8 KB<\/li>\n<li style='margin-bottom: 5px;'>Dimensiones: 5.4 x 8.57 x 0.084 cm<\/li>\n<li style='margin-bottom: 5px;'>No es posible perforar la tarjeta<\/li>\n<\/ul><\/div>\n<\/p><\/div>\n<div style='flex: 1 1 250px; border: 1px solid rgba(150&comma; 150&comma; 150&comma; 0.4); border-radius: 8px; overflow: hidden; display: flex; flex-direction: column;'>\n<div style='padding: 15px; border-bottom: 1px solid rgba(150&comma; 150&comma; 150&comma; 0.2); font-weight: bold; font-size: 18px; color: inherit;'>Compatibilidad<\/div>\n<div style='padding: 15px; color: inherit;'>\n<ul style='padding-left: 20px; margin: 0; font-size: 14px; list-style-type: disc;'>\n<li style='margin-bottom: 5px;'>R10SE<\/li>\n<li style='margin-bottom: 5px;'>SEIRP15<\/li>\n<li style='margin-bottom: 5px;'>R40SE<\/li>\n<li style='margin-bottom: 5px;'>R10BLU<\/li>\n<li style='margin-bottom: 5px;'>R40BLU<\/li>\n<\/ul><\/div>\n<\/p><\/div>\n<\/p><\/div>\n<div style='display: flex; flex-wrap: wrap; gap: 30px; margin-bottom: 30px;'>\n<div style='flex: 1 1 300px; min-width: 280px;'>\n<h3 style='font-size: 22px; border-bottom: 2px solid currentColor; padding-bottom: 5px; margin-top: 0; color: inherit; opacity: 0.8;'>Informaci\u00f3n Adicional<\/h3>\n<ul style='padding-left: 20px; font-size: 15px; color: inherit;'>\n<li style='margin-bottom: 5px;'>\u00bfDesea una numeraci\u00f3n espec\u00edfica? Cotice modelo <a href='https:\/\/www.syscom.mx\/principal\/searchcont?route=SEOS8KC-HID-97148&#038;autodetect=seos8kc' target='_blank' rel='noopener' style='color: inherit; text-decoration: underline;'>SEOS8KC<\/a><\/li>\n<li style='margin-bottom: 5px;'>Mayor informaci\u00f3n sobre impresi\u00f3n de tarjetas <a href='https:\/\/www.syscom.mx\/principal\/listadoportadasazul\/control-de-acceso-credencializacion-434.html' target='_blank' rel='noopener' style='color: inherit; text-decoration: underline;'>aqu\u00ed<\/a><\/li>\n<\/ul><\/div>\n<\/p><\/div>\n<div style='display: flex; flex-wrap: wrap; gap: 30px; margin-bottom: 30px;'>\n<div style='flex: 1 1 300px; min-width: 280px;'> <img style='width: 100%; height: auto; border: 1px solid rgba(150&comma;150&comma;150&comma;0.3); border-radius: 8px;' src='http:\/\/ftp3.syscom.mx\/usuarios\/ftp\/2017\/09\/05\/91f4f\/pacs-apac-card-evolution-ig-en.jpg' alt=''> <\/div>\n<\/p><\/div>\n<\/p><\/div>\n","protected":false},"excerpt":{"rendered":"<p>Tarjeta iCLASS SEOS 8KB (5006PGGMN) \/Tecnolog\u00eda SEGURA, NO Clonable) \/ Garant\u00eda de por Vida\/ 26 bits<\/p>\n","protected":false},"featured_media":31739,"comment_status":"open","ping_status":"closed","template":"","meta":[],"product_brand":[],"product_cat":[469],"product_tag":[93,814,470],"class_list":{"0":"post-31740","1":"product","2":"type-product","3":"status-publish","4":"has-post-thumbnail","6":"product_cat-tarjetas-y-tags","7":"product_tag-accesorios","8":"product_tag-hid","9":"product_tag-tarjetas-y-tags","11":"first","12":"instock","13":"sale","14":"shipping-taxable","15":"purchasable","16":"product-type-simple"},"_links":{"self":[{"href":"https:\/\/soydeaqui.ddns.net\/pachuca\/index.php\/wp-json\/wp\/v2\/product\/31740","targetHints":{"allow":["GET"]}}],"collection":[{"href":"https:\/\/soydeaqui.ddns.net\/pachuca\/index.php\/wp-json\/wp\/v2\/product"}],"about":[{"href":"https:\/\/soydeaqui.ddns.net\/pachuca\/index.php\/wp-json\/wp\/v2\/types\/product"}],"replies":[{"embeddable":true,"href":"https:\/\/soydeaqui.ddns.net\/pachuca\/index.php\/wp-json\/wp\/v2\/comments?post=31740"}],"wp:featuredmedia":[{"embeddable":true,"href":"https:\/\/soydeaqui.ddns.net\/pachuca\/index.php\/wp-json\/wp\/v2\/media\/31739"}],"wp:attachment":[{"href":"https:\/\/soydeaqui.ddns.net\/pachuca\/index.php\/wp-json\/wp\/v2\/media?parent=31740"}],"wp:term":[{"taxonomy":"product_brand","embeddable":true,"href":"https:\/\/soydeaqui.ddns.net\/pachuca\/index.php\/wp-json\/wp\/v2\/product_brand?post=31740"},{"taxonomy":"product_cat","embeddable":true,"href":"https:\/\/soydeaqui.ddns.net\/pachuca\/index.php\/wp-json\/wp\/v2\/product_cat?post=31740"},{"taxonomy":"product_tag","embeddable":true,"href":"https:\/\/soydeaqui.ddns.net\/pachuca\/index.php\/wp-json\/wp\/v2\/product_tag?post=31740"}],"curies":[{"name":"wp","href":"https:\/\/api.w.org\/{rel}","templated":true}]}}