{"id":31714,"date":"2026-03-18T14:17:26","date_gmt":"2026-03-18T14:17:26","guid":{"rendered":"https:\/\/soydeaqui.ddns.net\/pachuca\/index.php\/producto\/chapa-magnetica-doble-600l-lbs-por-lado-con-led-ultra-brillante-libre-de-magnetismo-residual-sensor-de-estado-de-la-placa\/"},"modified":"2026-03-18T14:17:28","modified_gmt":"2026-03-18T14:17:28","slug":"chapa-magnetica-doble-600l-lbs-por-lado-con-led-ultra-brillante-libre-de-magnetismo-residual-sensor-de-estado-de-la-placa","status":"publish","type":"product","link":"https:\/\/soydeaqui.ddns.net\/pachuca\/index.php\/producto\/chapa-magnetica-doble-600l-lbs-por-lado-con-led-ultra-brillante-libre-de-magnetismo-residual-sensor-de-estado-de-la-placa\/","title":{"rendered":"Chapa magn\u00e9tica Doble 600L lbs por lado con LED Ultra-brillante\/ Libre de Magnetismo Residual \/ Sensor de estado de la placa"},"content":{"rendered":"<div style='width: 100%; max-width: 1200px; margin: 0 auto; font-family: sans-serif; line-height: 1.6; color: inherit; background-color: transparent;'> <!-- Imagen principal --> <\/p>\n<div style='width: 100%; text-align: center; margin: 20px 0;'> <img style='width: 100%; max-width: 393px; height: auto; border: 1px solid rgba(150&comma;150&comma;150&comma;0.3); border-radius: 8px;' src='https:\/\/ftp3.syscom.mx\/usuarios\/fotos\/PRO800B\/67296-access-pro.png' alt=''> <\/div>\n<p> <!-- Secci\u00f3n de caracter\u00edsticas con flex --> <\/p>\n<div style='display: flex; flex-wrap: wrap; gap: 30px; margin-bottom: 30px;'>\n<div style='flex: 1 1 300px; min-width: 280px;'>\n<h3 style='font-size: 22px; border-bottom: 2px solid currentColor; padding-bottom: 5px; margin-top: 0; color: inherit; opacity: 0.8;'>Caracter\u00edsticas principales<\/h3>\n<ul style='padding-left: 20px; font-size: 15px; color: inherit;'>\n<li style='margin-bottom: 5px;'>Fuerza de sujeci\u00f3n: 280 kg (600lbs) por lado.<\/li>\n<li style='margin-bottom: 5px;'>Incluye magneto&comma; placa y tornilleria.<\/li>\n<li style='margin-bottom: 5px;'>Sensor de puerta NO\/NC<\/li>\n<\/ul><\/div>\n<div style='flex: 1 1 300px; min-width: 280px;'>\n<h3 style='font-size: 22px; border-bottom: 2px solid currentColor; padding-bottom: 5px; margin-top: 0; color: inherit; opacity: 0.8;'>Caracter\u00edsticas F\u00edsicas y El\u00e9ctricas<\/h3>\n<ul style='padding-left: 20px; font-size: 15px; color: inherit;'>\n<li style='margin-bottom: 5px;'>Voltaje:12\/24 Vcc+10% (seleccionable por jumper).<\/li>\n<li style='margin-bottom: 5px;'>Corriente: 12V(500mA) x 2 \/ 24V (250mA) x 2.<\/li>\n<li style='margin-bottom: 5px;'>Acabado del im\u00e1n: aluminio anodizado.<\/li>\n<li style='margin-bottom: 5px;'>Acabado de la placa: zinc.<\/li>\n<li style='margin-bottom: 5px;'>Dimensiones del im\u00e1n: 500 x 48.8 x 27.9 mm.<\/li>\n<li style='margin-bottom: 5px;'>Dimensiones de la placa: 180 x 38.8 x 13.2 mm.<\/li>\n<li style='margin-bottom: 5px;'>Peso: 4.2kg.<\/li>\n<\/ul><\/div>\n<div style='flex: 1 1 300px; min-width: 280px;'>\n<h3 style='font-size: 22px; border-bottom: 2px solid currentColor; padding-bottom: 5px; margin-top: 0; color: inherit; opacity: 0.8;'>Caracter\u00edsticas Destacadas<\/h3>\n<ul style='padding-left: 20px; font-size: 15px; color: inherit;'>\n<li style='margin-bottom: 5px;'>Led indicador ultra-brillante.<\/li>\n<li style='margin-bottom: 5px;'>Dise\u00f1o libre de magnetismo residual.<\/li>\n<li style='margin-bottom: 5px;'>Nueva versi\u00f3n.<\/li>\n<li style='margin-bottom: 5px;'>Garant\u00eda de por vida.<\/li>\n<\/ul><\/div>\n<\/p><\/div>\n<p> <!-- Nota importante --> <\/p>\n<div style='margin: 30px 0; padding: 15px; border-left: 4px solid #0091ff; background-color: rgba(150&comma;150&comma;150&comma;0.05); color: inherit;'>\n<p style='margin: 0; font-size: 15px;'>NOTA: ambos lados son dependientes utilizan la misma energia electrica.<\/p>\n<\/p><\/div>\n<p> <!-- Secci\u00f3n de montaje --> <\/p>\n<div style='display: flex; flex-wrap: wrap; gap: 30px; margin-bottom: 30px;'>\n<div style='flex: 1 1 300px; min-width: 280px;'>\n<h3 style='font-size: 20px; border-bottom: 2px solid currentColor; padding-bottom: 5px; margin-top: 0; color: inherit; opacity: 0.8;'>Montaje<\/h3>\n<ul style='padding-left: 20px; font-size: 15px; color: inherit;'>\n<li style='margin-bottom: 5px;'>El modelo MAG600NDLED incluye el montaje en &#8216;I&#8217;.<\/li>\n<li style='margin-bottom: 5px;'>El montaje compatible es:<\/li>\n<li style='margin-bottom: 5px; color: #3598db;'>BZL600ND<\/li>\n<li style='margin-bottom: 5px; color: #3598db;'>BU600LED<\/li>\n<\/ul><\/div>\n<\/p><\/div>\n<p> <!-- Imagen de montaje --> <\/p>\n<div style='width: 100%; text-align: center; margin: 20px 0;'> <img style='width: 100%; max-width: 350px; height: auto; border: 1px solid rgba(150&comma;150&comma;150&comma;0.3); border-radius: 8px;' src='https:\/\/ftp3.syscom.mx\/usuarios\/ccordova\/AccessPRO\/MAG600N-DLED\/chapadoble.jpg' alt=''> <\/div>\n<\/p><\/div>\n","protected":false},"excerpt":{"rendered":"<p>Chapa magn\u00e9tica Doble 600L lbs por lado con LED Ultra-brillante\/ Libre de Magnetismo Residual \/ Sensor de estado de la placa<\/p>\n","protected":false},"featured_media":31713,"comment_status":"open","ping_status":"closed","template":"","meta":[],"product_brand":[],"product_cat":[761],"product_tag":[234,87,762],"class_list":{"0":"post-31714","1":"product","2":"type-product","3":"status-publish","4":"has-post-thumbnail","6":"product_cat-chapas-magneticas","7":"product_tag-accesspro","8":"product_tag-cerraduras","9":"product_tag-chapas-magneticas","11":"first","12":"instock","13":"sale","14":"shipping-taxable","15":"purchasable","16":"product-type-simple"},"_links":{"self":[{"href":"https:\/\/soydeaqui.ddns.net\/pachuca\/index.php\/wp-json\/wp\/v2\/product\/31714","targetHints":{"allow":["GET"]}}],"collection":[{"href":"https:\/\/soydeaqui.ddns.net\/pachuca\/index.php\/wp-json\/wp\/v2\/product"}],"about":[{"href":"https:\/\/soydeaqui.ddns.net\/pachuca\/index.php\/wp-json\/wp\/v2\/types\/product"}],"replies":[{"embeddable":true,"href":"https:\/\/soydeaqui.ddns.net\/pachuca\/index.php\/wp-json\/wp\/v2\/comments?post=31714"}],"wp:featuredmedia":[{"embeddable":true,"href":"https:\/\/soydeaqui.ddns.net\/pachuca\/index.php\/wp-json\/wp\/v2\/media\/31713"}],"wp:attachment":[{"href":"https:\/\/soydeaqui.ddns.net\/pachuca\/index.php\/wp-json\/wp\/v2\/media?parent=31714"}],"wp:term":[{"taxonomy":"product_brand","embeddable":true,"href":"https:\/\/soydeaqui.ddns.net\/pachuca\/index.php\/wp-json\/wp\/v2\/product_brand?post=31714"},{"taxonomy":"product_cat","embeddable":true,"href":"https:\/\/soydeaqui.ddns.net\/pachuca\/index.php\/wp-json\/wp\/v2\/product_cat?post=31714"},{"taxonomy":"product_tag","embeddable":true,"href":"https:\/\/soydeaqui.ddns.net\/pachuca\/index.php\/wp-json\/wp\/v2\/product_tag?post=31714"}],"curies":[{"name":"wp","href":"https:\/\/api.w.org\/{rel}","templated":true}]}}