{"id":31708,"date":"2026-03-18T14:17:19","date_gmt":"2026-03-18T14:17:19","guid":{"rendered":"https:\/\/soydeaqui.ddns.net\/pachuca\/index.php\/producto\/chapa-magnetica-de-600-lbs-con-led-ultra-brillante-sensor-de-estado-de-placa-y-sin-magnetismo-residual\/"},"modified":"2026-03-18T14:17:25","modified_gmt":"2026-03-18T14:17:25","slug":"chapa-magnetica-de-600-lbs-con-led-ultra-brillante-sensor-de-estado-de-placa-y-sin-magnetismo-residual","status":"publish","type":"product","link":"https:\/\/soydeaqui.ddns.net\/pachuca\/index.php\/producto\/chapa-magnetica-de-600-lbs-con-led-ultra-brillante-sensor-de-estado-de-placa-y-sin-magnetismo-residual\/","title":{"rendered":"Chapa Magn\u00e9tica de 600 lbs con LED Ultra-brillante, Sensor de Estado de Placa y Sin Magnetismo Residual"},"content":{"rendered":"<div style='width: 100%; max-width: 1200px; margin: 0 auto; font-family: sans-serif; line-height: 1.6; color: inherit; background-color: transparent;'> <!-- Imagen principal --> <\/p>\n<div style='text-align: center; margin: 30px 0;'> <img style='width: 100%; max-width: 393px; height: auto; border: 1px solid rgba(150&comma;150&comma;150&comma;0.3); border-radius: 8px;' src='https:\/\/ftp3.syscom.mx\/usuarios\/fotos\/PRO800B\/67296-access-pro.png' alt=''> <\/div>\n<p> <!-- Secci\u00f3n de caracter\u00edsticas en 3 columnas --> <\/p>\n<div style='display: flex; flex-wrap: wrap; gap: 30px; margin-bottom: 30px;'>\n<div style='flex: 1 1 300px; min-width: 280px;'>\n<h3 style='font-size: 22px; border-bottom: 2px solid currentColor; padding-bottom: 5px; margin-top: 0; color: inherit; opacity: 0.8;'>Caracter\u00edsticas principales<\/h3>\n<ul style='padding-left: 20px; font-size: 15px; color: inherit;'>\n<li style='margin-bottom: 5px;'><strong>Fuerza de Sujeci\u00f3n:<\/strong> 280 kg (600 lbs)<\/li>\n<li style='margin-bottom: 5px;'><strong>Incluye:<\/strong> Magneto&comma; placa y torniller\u00eda.<\/li>\n<li style='margin-bottom: 5px;'><strong>Sensor de Puerta:<\/strong> NO\/NC.<\/li>\n<\/ul><\/div>\n<div style='flex: 1 1 300px; min-width: 280px;'>\n<h3 style='font-size: 22px; border-bottom: 2px solid currentColor; padding-bottom: 5px; margin-top: 0; color: inherit; opacity: 0.8;'>Caracter\u00edsticas F\u00edsicas y El\u00e9ctricas<\/h3>\n<ul style='padding-left: 20px; font-size: 15px; color: inherit;'>\n<li style='margin-bottom: 5px;'><strong>Voltaje:<\/strong> 12\/24 Vcc +10% (seleccionable por jumper).<\/li>\n<li style='margin-bottom: 5px;'><strong>Acabado del Im\u00e1n:<\/strong> Aluminio anodizado.<\/li>\n<li style='margin-bottom: 5px;'><strong>Acabado de la Placa:<\/strong> Zinc.<\/li>\n<li style='margin-bottom: 5px;'><strong>Dimensiones del Im\u00e1n:<\/strong> 250 x 48.8 x 27.9 mm.<\/li>\n<li style='margin-bottom: 5px;'><strong>Dimensiones de la Placa:<\/strong> 180 x 38.8 x 13.2 mm.<\/li>\n<li style='margin-bottom: 5px;'><strong>Peso:<\/strong> 2.1 kg.<\/li>\n<\/ul><\/div>\n<div style='flex: 1 1 300px; min-width: 280px;'>\n<h3 style='font-size: 22px; border-bottom: 2px solid currentColor; padding-bottom: 5px; margin-top: 0; color: inherit; opacity: 0.8;'>Caracter\u00edsticas Destacadas<\/h3>\n<ul style='padding-left: 20px; font-size: 15px; color: inherit;'>\n<li style='margin-bottom: 5px;'><strong>LED indicador ultra-brillante<\/strong><\/li>\n<li style='margin-bottom: 5px;'><strong>Dise\u00f1o libre de magnetismo residual<\/strong><\/li>\n<li style='margin-bottom: 5px;'><strong>Nueva versi\u00f3n<\/strong><\/li>\n<li style='margin-bottom: 5px;'><strong>Garant\u00eda de por vida<\/strong><\/li>\n<\/ul><\/div>\n<\/p><\/div>\n<p> <!-- Separador --> <\/p>\n<hr style='border: 0; border-top: 1px solid rgba(150&comma; 150&comma; 150&comma; 0.3); margin: 30px 0;'> <!-- Secci\u00f3n de montaje --> <\/p>\n<div style='display: flex; flex-wrap: wrap; gap: 30px; align-items: flex-start;'>\n<div style='flex: 1 1 300px; min-width: 280px;'> <img style='width: 100%; height: auto; border: 1px solid rgba(150&comma;150&comma;150&comma;0.3); border-radius: 8px;' src='http:\/\/ftp3.syscom.mx\/usuarios\/ccordova\/montaje.JPG' alt=''> <\/div>\n<div style='flex: 1 1 300px; min-width: 280px;'>\n<h2 style='font-size: 24px; margin-top: 0; color: inherit;'>Montajes<\/h2>\n<p style='margin-bottom: 15px; font-size: 15px; color: inherit;'>El modelo MAG600NLED incluye el montaje en &#8216;I&#8217;.<\/p>\n<p style='margin-bottom: 15px; font-size: 15px; color: inherit;'>Los montajes compatibles son:<\/p>\n<ul style='padding-left: 20px; margin-bottom: 15px; font-size: 15px; color: inherit;'>\n<li style='margin-bottom: 5px;'><a style='color: #3598db; text-decoration: none;' href='https:\/\/www.syscom.mx\/producto\/BZL600N-ACCESSPRO-159623.html'>BZL600N<\/a><\/li>\n<li style='margin-bottom: 5px;'><a style='color: #3598db; text-decoration: none;' href='https:\/\/www.syscom.mx\/producto\/BU600LED-ACCESSPRO-142811.html'>BU600LED<\/a><\/li>\n<li style='margin-bottom: 5px;'><a style='color: #3598db; text-decoration: none;' href='https:\/\/www.syscom.mx\/producto\/BU600NDLED-ACCESSPRO-170490.html'>BU600NDLED<\/a><\/li>\n<\/ul>\n<p style='margin-bottom: 15px; font-size: 15px; color: inherit;'>Puede adquirir el kit <a style='color: #005cb9; text-decoration: none; font-weight: 600;' href='https:\/\/www.syscom.mx\/principal\/searchcont?route=MAG600NLEDK-ACCESSPRO-218443&#038;autodetect=mag600nledk'>MAG600NLEDK<\/a><\/p>\n<\/p><\/div>\n<\/p><\/div>\n<p> <!-- Imagen adicional --> <\/p>\n<div style='margin-top: 30px;'> <img style='width: 100%; height: auto; border: 1px solid rgba(150&comma;150&comma;150&comma;0.3); border-radius: 8px;' src='http:\/\/ftp3.syscom.mx\/usuarios\/ccordova\/AccessPRO\/ACCESSDC\/img3.jpg' alt=''> <\/div>\n<\/p><\/div>\n","protected":false},"excerpt":{"rendered":"<p>Chapa Magn\u00e9tica de 600 lbs con LED Ultra-brillante, Sensor de Estado de Placa y Sin Magnetismo Residual<\/p>\n","protected":false},"featured_media":31707,"comment_status":"open","ping_status":"closed","template":"","meta":[],"product_brand":[],"product_cat":[761],"product_tag":[234,87,762],"class_list":{"0":"post-31708","1":"product","2":"type-product","3":"status-publish","4":"has-post-thumbnail","6":"product_cat-chapas-magneticas","7":"product_tag-accesspro","8":"product_tag-cerraduras","9":"product_tag-chapas-magneticas","11":"first","12":"instock","13":"sale","14":"shipping-taxable","15":"purchasable","16":"product-type-simple"},"_links":{"self":[{"href":"https:\/\/soydeaqui.ddns.net\/pachuca\/index.php\/wp-json\/wp\/v2\/product\/31708","targetHints":{"allow":["GET"]}}],"collection":[{"href":"https:\/\/soydeaqui.ddns.net\/pachuca\/index.php\/wp-json\/wp\/v2\/product"}],"about":[{"href":"https:\/\/soydeaqui.ddns.net\/pachuca\/index.php\/wp-json\/wp\/v2\/types\/product"}],"replies":[{"embeddable":true,"href":"https:\/\/soydeaqui.ddns.net\/pachuca\/index.php\/wp-json\/wp\/v2\/comments?post=31708"}],"wp:featuredmedia":[{"embeddable":true,"href":"https:\/\/soydeaqui.ddns.net\/pachuca\/index.php\/wp-json\/wp\/v2\/media\/31707"}],"wp:attachment":[{"href":"https:\/\/soydeaqui.ddns.net\/pachuca\/index.php\/wp-json\/wp\/v2\/media?parent=31708"}],"wp:term":[{"taxonomy":"product_brand","embeddable":true,"href":"https:\/\/soydeaqui.ddns.net\/pachuca\/index.php\/wp-json\/wp\/v2\/product_brand?post=31708"},{"taxonomy":"product_cat","embeddable":true,"href":"https:\/\/soydeaqui.ddns.net\/pachuca\/index.php\/wp-json\/wp\/v2\/product_cat?post=31708"},{"taxonomy":"product_tag","embeddable":true,"href":"https:\/\/soydeaqui.ddns.net\/pachuca\/index.php\/wp-json\/wp\/v2\/product_tag?post=31708"}],"curies":[{"name":"wp","href":"https:\/\/api.w.org\/{rel}","templated":true}]}}