{"id":31699,"date":"2026-03-18T14:17:07","date_gmt":"2026-03-18T14:17:07","guid":{"rendered":"https:\/\/soydeaqui.ddns.net\/pachuca\/index.php\/producto\/camara-dual-para-captura-de-imagen-de-documentos-y-visitantes\/"},"modified":"2026-03-18T14:17:08","modified_gmt":"2026-03-18T14:17:08","slug":"camara-dual-para-captura-de-imagen-de-documentos-y-visitantes","status":"publish","type":"product","link":"https:\/\/soydeaqui.ddns.net\/pachuca\/index.php\/producto\/camara-dual-para-captura-de-imagen-de-documentos-y-visitantes\/","title":{"rendered":"C\u00e1mara Dual para captura de imagen de documentos y visitantes"},"content":{"rendered":"<div style='width: 100%; max-width: 1200px; margin: 0 auto; font-family: sans-serif; line-height: 1.6; color: inherit; background-color: transparent;'> <!-- Descripci\u00f3n principal --> <\/p>\n<div style='margin-bottom: 30px;'>\n<p style='margin: 5px 0 15px 0; padding: 0; color: inherit;'> El PDS3000 es un dispositivo con doble c\u00e1mara de alta velocidad para documentos de identificaci\u00f3n el cual se utiliza principalmente con el m\u00f3dulo del personal y visitantes de la plataforma ZKBioSecurity. El esc\u00e1ner cuenta con dos c\u00e1maras&comma; una para la captura de fotograf\u00edas de los visitantes y otra para el escaneo de los documentos de identidad. <\/p>\n<p style='margin: 5px 0 15px 0; padding: 0; color: inherit;'> El PDS3000 puede funcionar para tomar una fotograf\u00eda del visitante adem\u00e1s de una fotograf\u00eda de una identificaci\u00f3n. Se debe contar con licencia para gesti\u00f3n de Visitantes del software ZKBiosecurity <\/p>\n<\/p><\/div>\n<p> <!-- Separador --> <\/p>\n<hr style='border: 0; border-top: 1px solid rgba(150&comma; 150&comma; 150&comma; 0.3); margin: 30px 0;'> <!-- Secci\u00f3n de especificaciones --> <\/p>\n<h2 style='font-size: 24px; margin-top: 0; color: inherit; opacity: 0.9;'>Especificaciones T\u00e9cnicas<\/h2>\n<div style='display: flex; flex-wrap: wrap; gap: 30px; margin-top: 20px;'>\n<div style='flex: 1 1 300px; min-width: 280px; border: 1px solid rgba(150&comma; 150&comma; 150&comma; 0.4); border-radius: 8px; overflow: hidden;'>\n<div style='padding: 15px; border-bottom: 1px solid rgba(150&comma; 150&comma; 150&comma; 0.2); font-weight: bold; font-size: 18px; color: inherit;'>Caracter\u00edsticas de las c\u00e1maras<\/div>\n<div style='padding: 15px; color: inherit;'>\n<ul style='padding-left: 20px; margin: 0; font-size: 14px; list-style-type: disc;'>\n<li style='margin-bottom: 5px;'><strong style='color: inherit;'>Sensor de Imagen:<\/strong> 5 MP (C\u00e1mara Superior) \/ 2MP (C\u00e1mara Inferior)<\/li>\n<li style='margin-bottom: 5px;'><strong style='color: inherit;'>Resoluci\u00f3n:<\/strong> 2592 x 1944<\/li>\n<li style='margin-bottom: 5px;'><strong style='color: inherit;'>Velocidad:<\/strong> 1 Segundo<\/li>\n<li style='margin-bottom: 5px;'><strong style='color: inherit;'>Sensor:<\/strong> CMOS<\/li>\n<li style='margin-bottom: 5px;'><strong style='color: inherit;'>Iluminaci\u00f3n:<\/strong> Natural + Luz Adicional LED (Lente Gran Angular)<\/li>\n<\/ul><\/div>\n<\/p><\/div>\n<div style='flex: 1 1 300px; min-width: 280px; border: 1px solid rgba(150&comma; 150&comma; 150&comma; 0.4); border-radius: 8px; overflow: hidden;'>\n<div style='padding: 15px; border-bottom: 1px solid rgba(150&comma; 150&comma; 150&comma; 0.2); font-weight: bold; font-size: 18px; color: inherit;'>Especificaciones f\u00edsicas<\/div>\n<div style='padding: 15px; color: inherit;'>\n<ul style='padding-left: 20px; margin: 0; font-size: 14px; list-style-type: disc;'>\n<li style='margin-bottom: 5px;'><strong style='color: inherit;'>Tama\u00f1o para Escaneo:<\/strong> A3&comma; A4&comma; A5&comma; A6&comma; Tarjetas de Presentaci\u00f3n&comma; Credenciales<\/li>\n<li style='margin-bottom: 5px;'><strong style='color: inherit;'>Fuente de Alimentaci\u00f3n:<\/strong> USB<\/li>\n<li style='margin-bottom: 5px;'><strong style='color: inherit;'>Interfaz:<\/strong> USB 2.0&comma; 4 Puertos USB<\/li>\n<li style='margin-bottom: 5px;'><strong style='color: inherit;'>Certificaci\u00f3n:<\/strong> CE \/ RoHs \/ FCC<\/li>\n<li style='margin-bottom: 5px;'><strong style='color: inherit;'>Requerimientos de Sistema:<\/strong> Win7&comma; Win8&comma; Win10<\/li>\n<\/ul><\/div>\n<\/p><\/div>\n<\/p><\/div>\n<p> <!-- Separador --> <\/p>\n<hr style='border: 0; border-top: 1px solid rgba(150&comma; 150&comma; 150&comma; 0.3); margin: 30px 0;'> <\/div>\n","protected":false},"excerpt":{"rendered":"<p>C\u00e1mara Dual para captura de imagen de documentos y visitantes<\/p>\n","protected":false},"featured_media":31698,"comment_status":"open","ping_status":"closed","template":"","meta":[],"product_brand":[],"product_cat":[791],"product_tag":[793,792,844],"class_list":{"0":"post-31699","1":"product","2":"type-product","3":"status-publish","4":"has-post-thumbnail","6":"product_cat-control-de-acceso-software-de-asistencia","7":"product_tag-control-de-acceso","8":"product_tag-software-de-asistencia","9":"product_tag-zkteco","11":"first","12":"outofstock","13":"sale","14":"shipping-taxable","15":"purchasable","16":"product-type-simple"},"_links":{"self":[{"href":"https:\/\/soydeaqui.ddns.net\/pachuca\/index.php\/wp-json\/wp\/v2\/product\/31699","targetHints":{"allow":["GET"]}}],"collection":[{"href":"https:\/\/soydeaqui.ddns.net\/pachuca\/index.php\/wp-json\/wp\/v2\/product"}],"about":[{"href":"https:\/\/soydeaqui.ddns.net\/pachuca\/index.php\/wp-json\/wp\/v2\/types\/product"}],"replies":[{"embeddable":true,"href":"https:\/\/soydeaqui.ddns.net\/pachuca\/index.php\/wp-json\/wp\/v2\/comments?post=31699"}],"wp:featuredmedia":[{"embeddable":true,"href":"https:\/\/soydeaqui.ddns.net\/pachuca\/index.php\/wp-json\/wp\/v2\/media\/31698"}],"wp:attachment":[{"href":"https:\/\/soydeaqui.ddns.net\/pachuca\/index.php\/wp-json\/wp\/v2\/media?parent=31699"}],"wp:term":[{"taxonomy":"product_brand","embeddable":true,"href":"https:\/\/soydeaqui.ddns.net\/pachuca\/index.php\/wp-json\/wp\/v2\/product_brand?post=31699"},{"taxonomy":"product_cat","embeddable":true,"href":"https:\/\/soydeaqui.ddns.net\/pachuca\/index.php\/wp-json\/wp\/v2\/product_cat?post=31699"},{"taxonomy":"product_tag","embeddable":true,"href":"https:\/\/soydeaqui.ddns.net\/pachuca\/index.php\/wp-json\/wp\/v2\/product_tag?post=31699"}],"curies":[{"name":"wp","href":"https:\/\/api.w.org\/{rel}","templated":true}]}}