{"id":31685,"date":"2026-03-18T14:16:46","date_gmt":"2026-03-18T14:16:46","guid":{"rendered":"https:\/\/soydeaqui.ddns.net\/pachuca\/index.php\/producto\/modulo-de-comunicacion-interlink\/"},"modified":"2026-03-18T14:16:47","modified_gmt":"2026-03-18T14:16:47","slug":"modulo-de-comunicacion-interlink","status":"publish","type":"product","link":"https:\/\/soydeaqui.ddns.net\/pachuca\/index.php\/producto\/modulo-de-comunicacion-interlink\/","title":{"rendered":"M\u00f3dulo de Comunicaci\u00f3n INTERLINK"},"content":{"rendered":"<div style='width: 100%; max-width: 1200px; margin: 0 auto; font-family: sans-serif; line-height: 1.6; color: inherit; background-color: transparent;'>\n<div style='margin-bottom: 30px;'>\n<h1 style='font-size: 24px; margin-top: 0; margin-bottom: 15px; color: inherit; opacity: 0.9;'>Keyscan CIM-Link &#8211; M\u00f3dulo de conectividad de red global (LAN \/ WAN)<\/h1>\n<p style='font-size: 15px; margin-bottom: 15px; color: inherit;'>Keyscan ha dise\u00f1ado CIM-Link&comma; un m\u00f3dulo complementario TCP \/ IP&comma; que incorpora m\u00faltiples bucles de comunicaci\u00f3n CAN Bus CIM en una sola infraestructura global. Esto promueve una mayor flexibilidad de comunicaci\u00f3n global. El m\u00f3dulo CIM-Link de Keyscan se extiende. Comunicaci\u00f3n ACU basada en bus CAN a ACU a trav\u00e9s de una red LAN \/ WAN com\u00fan. Esto maximiza las opciones de dise\u00f1o del sistema mediante la expansi\u00f3n. Funcionalidad ACU a ACU a m\u00faltiples redes globales de CAN Bus independientes que utilizan infraestructura de LAN \/ WAN (TCP \/ IP) com\u00fan.<\/p>\n<\/p><\/div>\n<div style='display: flex; flex-wrap: wrap; gap: 30px; margin-bottom: 30px;'>\n<div style='flex: 1 1 300px; min-width: 280px;'>\n<h3 style='font-size: 22px; border-bottom: 2px solid currentColor; padding-bottom: 5px; margin-top: 0; color: inherit; opacity: 0.8;'>Caracter\u00edsticas<\/h3>\n<ul style='padding-left: 20px; font-size: 15px; color: inherit;'>\n<li style='margin-bottom: 5px;'>Cableado estandarizado: el Keyscan CIM establece enlaces de comunicaci\u00f3n para cada panel de control con Keyscan<\/li>\n<li style='margin-bottom: 5px;'>Protocolo de comunicaci\u00f3n CAN Bus utilizando un cable de par trenzado para el servidor a la comunicaci\u00f3n ACU y otro par trenzado para comunicaci\u00f3n global&comma; todo el cableado CAT5 est\u00e1ndar.<\/li>\n<li style='margin-bottom: 5px;'>Tolerancia de lazo de tierra: CIM de Keyscan maximiza la electricidad aislamiento a tierra f\u00edsica proporcionando tolerancia contra el suelo lazo.<\/li>\n<li style='margin-bottom: 5px;'>Tolerancia a fallas: a diferencia de los dispositivos de comunicaci\u00f3n tradicionales&comma; si uno Keyscan CIM se cae debido a circunstancias imprevistas&comma; no lo har\u00e1 tomar todo el bucle con \u00e9l. La comunicaci\u00f3n CAN Bus protocolo ofrece comunicaci\u00f3n no interrumpida de dispositivos en la red CAN Bus.<\/li>\n<li style='margin-bottom: 5px;'>Velocidades de comunicaci\u00f3n: Proporciona comunicaci\u00f3n optimizada velocidades&comma; hasta 115K BPS.<\/li>\n<li style='margin-bottom: 5px;'>Adaptaci\u00f3n de red: el CIM est\u00e1 dise\u00f1ado para admitir Keyscan adaptador de red TCP \/ IP conectable NETCOM2P \/ NETCOM6P (cifrado) servidor basado en red r\u00e1pido y sin problemas a ACU comunicaci\u00f3n.<\/li>\n<li style='margin-bottom: 5px;'>Cable de cinta: El CIM de Keyscan usa un cable plano simplificado conexi\u00f3n a la ACU para una instalaci\u00f3n r\u00e1pida.<\/li>\n<\/ul>\n<p style='font-weight: bold; margin-top: 20px; color: inherit;'>Producto sobre pedido<\/p>\n<\/p><\/div>\n<\/p><\/div>\n<hr style='border: 0; border-top: 1px solid rgba(150&comma; 150&comma; 150&comma; 0.3); margin: 30px 0;'> <\/div>\n","protected":false},"excerpt":{"rendered":"<p>M\u00f3dulo de Comunicaci\u00f3n INTERLINK<\/p>\n","protected":false},"featured_media":31684,"comment_status":"open","ping_status":"closed","template":"","meta":[],"product_brand":[],"product_cat":[818],"product_tag":[93,867,784],"class_list":{"0":"post-31685","1":"product","2":"type-product","3":"status-publish","4":"has-post-thumbnail","6":"product_cat-accesorios-paneles-de-control-de-acceso","7":"product_tag-accesorios","8":"product_tag-keyscan-dormakaba","9":"product_tag-paneles-de-control-de-acceso","11":"first","12":"outofstock","13":"sale","14":"shipping-taxable","15":"purchasable","16":"product-type-simple"},"_links":{"self":[{"href":"https:\/\/soydeaqui.ddns.net\/pachuca\/index.php\/wp-json\/wp\/v2\/product\/31685","targetHints":{"allow":["GET"]}}],"collection":[{"href":"https:\/\/soydeaqui.ddns.net\/pachuca\/index.php\/wp-json\/wp\/v2\/product"}],"about":[{"href":"https:\/\/soydeaqui.ddns.net\/pachuca\/index.php\/wp-json\/wp\/v2\/types\/product"}],"replies":[{"embeddable":true,"href":"https:\/\/soydeaqui.ddns.net\/pachuca\/index.php\/wp-json\/wp\/v2\/comments?post=31685"}],"wp:featuredmedia":[{"embeddable":true,"href":"https:\/\/soydeaqui.ddns.net\/pachuca\/index.php\/wp-json\/wp\/v2\/media\/31684"}],"wp:attachment":[{"href":"https:\/\/soydeaqui.ddns.net\/pachuca\/index.php\/wp-json\/wp\/v2\/media?parent=31685"}],"wp:term":[{"taxonomy":"product_brand","embeddable":true,"href":"https:\/\/soydeaqui.ddns.net\/pachuca\/index.php\/wp-json\/wp\/v2\/product_brand?post=31685"},{"taxonomy":"product_cat","embeddable":true,"href":"https:\/\/soydeaqui.ddns.net\/pachuca\/index.php\/wp-json\/wp\/v2\/product_cat?post=31685"},{"taxonomy":"product_tag","embeddable":true,"href":"https:\/\/soydeaqui.ddns.net\/pachuca\/index.php\/wp-json\/wp\/v2\/product_tag?post=31685"}],"curies":[{"name":"wp","href":"https:\/\/api.w.org\/{rel}","templated":true}]}}