{"id":31660,"date":"2026-03-18T14:16:09","date_gmt":"2026-03-18T14:16:09","guid":{"rendered":"https:\/\/soydeaqui.ddns.net\/pachuca\/index.php\/producto\/boton-de-salida-sin-contacto-con-temporizador-de-0-5-a-25-segundos\/"},"modified":"2026-03-18T14:16:15","modified_gmt":"2026-03-18T14:16:15","slug":"boton-de-salida-sin-contacto-con-temporizador-de-0-5-a-25-segundos","status":"publish","type":"product","link":"https:\/\/soydeaqui.ddns.net\/pachuca\/index.php\/producto\/boton-de-salida-sin-contacto-con-temporizador-de-0-5-a-25-segundos\/","title":{"rendered":"Bot\u00f3n de salida sin contacto con temporizador de 0.5 a 25 segundos."},"content":{"rendered":"<div style='width: 100%; max-width: 1200px; margin: 0 auto; font-family: sans-serif; line-height: 1.6; color: inherit; background-color: transparent;'>\n<p style='text-align: center; margin: 0 0 30px 0;'> <a href='https:\/\/www.syscom.mx\/principal\/promociones\/conozca_la_nueva_familia_accesspro-2113.html?ordenar=Relevancia' style='display: inline-block;'> <img style='width: 100%; max-width: 393px; height: auto; border: 1px solid rgba(150&comma;150&comma;150&comma;0.3); border-radius: 8px;' src='https:\/\/ftp3.syscom.mx\/usuarios\/fotos\/PRO800B\/67296-access-pro.png' alt=''> <\/a> <\/p>\n<div style='display: flex; flex-wrap: wrap; gap: 30px;'>\n<div style='flex: 1 1 300px; min-width: 280px;'>\n<h3 style='font-size: 22px; border-bottom: 2px solid currentColor; padding-bottom: 5px; margin-top: 0; color: inherit; opacity: 0.8;'>Caracter\u00edsticas principales<\/h3>\n<ul style='padding-left: 20px; font-size: 15px; color: inherit;'>\n<li style='margin-bottom: 5px;'>Rango de Detecci\u00f3n: 4 a 10 cm ajustable.<\/li>\n<li style='margin-bottom: 5px;'>Temporizador de 0.5 a 25 seg. ajustable.<\/li>\n<li style='margin-bottom: 5px;'>Sensor de Luz IR.<\/li>\n<li style='margin-bottom: 5px;'>1&comma;000&comma;000 ciclos de prueba.<\/li>\n<li style='margin-bottom: 5px;'>Garant\u00eda de por vida.<\/li>\n<\/ul><\/div>\n<div style='flex: 1 1 300px; min-width: 280px;'>\n<h3 style='font-size: 22px; border-bottom: 2px solid currentColor; padding-bottom: 5px; margin-top: 0; color: inherit; opacity: 0.8;'>Caracter\u00edsticas F\u00edsicas y El\u00e9ctricas<\/h3>\n<ul style='padding-left: 20px; font-size: 15px; color: inherit;'>\n<li style='margin-bottom: 5px;'>Alimentacion: 12 Vcc \/ 40 mA.<\/li>\n<li style='margin-bottom: 5px;'>Temperatura de Operaci\u00f3n: -20 a 55\u00b0C.<\/li>\n<li style='margin-bottom: 5px;'>Grado de Protecci\u00f3n: IP55.<\/li>\n<li style='margin-bottom: 5px;'>Dimensiones: 114x70x25.7 mm.<\/li>\n<li style='margin-bottom: 5px;'>Salida de Relevador NC\/NO\/COM.<\/li>\n<li style='margin-bottom: 5px;'>Tensi\u00f3n que soporta menor\/igual a 24Vcc.<\/li>\n<\/ul><\/div>\n<\/p><\/div>\n<\/p><\/div>\n","protected":false},"excerpt":{"rendered":"<p>Bot\u00f3n de salida sin contacto con temporizador de 0.5 a 25 segundos.<\/p>\n","protected":false},"featured_media":31659,"comment_status":"open","ping_status":"closed","template":"","meta":[],"product_brand":[],"product_cat":[190],"product_tag":[93,234,191],"class_list":{"0":"post-31660","1":"product","2":"type-product","3":"status-publish","4":"has-post-thumbnail","6":"product_cat-botones-de-salida","7":"product_tag-accesorios","8":"product_tag-accesspro","9":"product_tag-botones-de-salida","11":"first","12":"instock","13":"sale","14":"shipping-taxable","15":"purchasable","16":"product-type-simple"},"_links":{"self":[{"href":"https:\/\/soydeaqui.ddns.net\/pachuca\/index.php\/wp-json\/wp\/v2\/product\/31660","targetHints":{"allow":["GET"]}}],"collection":[{"href":"https:\/\/soydeaqui.ddns.net\/pachuca\/index.php\/wp-json\/wp\/v2\/product"}],"about":[{"href":"https:\/\/soydeaqui.ddns.net\/pachuca\/index.php\/wp-json\/wp\/v2\/types\/product"}],"replies":[{"embeddable":true,"href":"https:\/\/soydeaqui.ddns.net\/pachuca\/index.php\/wp-json\/wp\/v2\/comments?post=31660"}],"wp:featuredmedia":[{"embeddable":true,"href":"https:\/\/soydeaqui.ddns.net\/pachuca\/index.php\/wp-json\/wp\/v2\/media\/31659"}],"wp:attachment":[{"href":"https:\/\/soydeaqui.ddns.net\/pachuca\/index.php\/wp-json\/wp\/v2\/media?parent=31660"}],"wp:term":[{"taxonomy":"product_brand","embeddable":true,"href":"https:\/\/soydeaqui.ddns.net\/pachuca\/index.php\/wp-json\/wp\/v2\/product_brand?post=31660"},{"taxonomy":"product_cat","embeddable":true,"href":"https:\/\/soydeaqui.ddns.net\/pachuca\/index.php\/wp-json\/wp\/v2\/product_cat?post=31660"},{"taxonomy":"product_tag","embeddable":true,"href":"https:\/\/soydeaqui.ddns.net\/pachuca\/index.php\/wp-json\/wp\/v2\/product_tag?post=31660"}],"curies":[{"name":"wp","href":"https:\/\/api.w.org\/{rel}","templated":true}]}}