{"id":3164,"date":"2026-03-18T06:05:17","date_gmt":"2026-03-18T06:05:17","guid":{"rendered":"https:\/\/soydeaqui.ddns.net\/pachuca\/index.php\/producto\/cable-calibre-22-2-conductores-blindado-305-metros-1000-pies-riser-ul-color-gris-hecho-en-mxico\/"},"modified":"2026-03-18T06:05:18","modified_gmt":"2026-03-18T06:05:18","slug":"cable-calibre-22-2-conductores-blindado-305-metros-1000-pies-riser-ul-color-gris-hecho-en-mxico","status":"publish","type":"product","link":"https:\/\/soydeaqui.ddns.net\/pachuca\/index.php\/producto\/cable-calibre-22-2-conductores-blindado-305-metros-1000-pies-riser-ul-color-gris-hecho-en-mxico\/","title":{"rendered":"Cable Calibre 22 \/ 2 Conductores \/ Blindado \/ 305 Metros (1000 Pies) \/ Riser \/ UL \/ Color Gris \/ Hecho en M?xico"},"content":{"rendered":"<div style='width: 100%; max-width: 1200px; margin: 0 auto; font-family: sans-serif; line-height: 1.6; color: inherit; background-color: transparent;'> <!-- Iconos --> <\/p>\n<div style='display: flex; flex-wrap: wrap; gap: 15px; margin-bottom: 20px;'> <img style='width: auto; height: 42px; border: 1px solid rgba(150&comma;150&comma;150&comma;0.3); border-radius: 8px;' src='http:\/\/ftp3.syscom.mx\/usuarios\/maguilar\/Icons\/RoHS%20Icon.png' alt=''> <img style='width: auto; height: 65px; border: 1px solid rgba(150&comma;150&comma;150&comma;0.3); border-radius: 8px;' src='http:\/\/ftp3.syscom.mx\/usuarios\/maguilar\/Icons\/Riser%20Icon.png' alt=''> <\/div>\n<p> <!-- Contenedor principal --> <\/p>\n<div style='display: flex; flex-wrap: wrap; gap: 30px; margin-bottom: 30px;'> <!-- Informaci\u00f3n del Producto --> <\/p>\n<div style='flex: 1 1 300px; min-width: 280px;'>\n<div style='border-left: 5px solid #FF4D00; border-radius: 5px; padding: 15px; box-shadow: 2px 2px 10px rgba(216&comma;216&comma;216&comma;0.4);'>\n<h3 style='font-size: 18px; margin-top: 0; margin-bottom: 15px; color: inherit;'>Informaci\u00f3n del Producto:<\/h3>\n<ul style='padding-left: 20px; font-size: 15px; color: inherit; list-style-type: disc;'>\n<li style='margin-bottom: 10px;'>Cable de 2 conductores calibre 22 AWG con forro Gris para aplicaciones en alarmas de intrusi\u00f3n&comma; control de acceso&comma;<\/li>\n<li style='margin-bottom: 10px;'>Cable multiconductor&comma; formado por conductores de cable &comma; aislamiento individual de Policloruro de Vinilo (PVC)&comma; cubierta de Policloruro de Vinilo (PVC) color gris con propiedades antiflama.<\/li>\n<\/ul><\/div>\n<\/p><\/div>\n<p> <!-- Aplicaciones --> <\/p>\n<div style='flex: 1 1 300px; min-width: 280px;'>\n<div style='border-left: 5px solid #FF4D00; border-radius: 5px; padding: 15px; box-shadow: 2px 2px 10px rgba(216&comma;216&comma;216&comma;0.4);'>\n<h3 style='font-size: 18px; margin-top: 0; margin-bottom: 15px; color: inherit;'>Aplicaciones:<\/h3>\n<ul style='padding-left: 20px; font-size: 15px; color: inherit; list-style-type: disc;'>\n<li style='margin-bottom: 10px;'><strong>Industria:<\/strong> Aplicaciones de control e instrumentaci\u00f3n&comma; v\u00eda se\u00f1ales an\u00e1logas o digitales.<\/li>\n<li style='margin-bottom: 10px;'><strong>Seguridad en alarmas:<\/strong> cableados de circuitos perif\u00e9ricos&comma; sensores y sirenas.<\/li>\n<li style='margin-bottom: 10px;'><strong>Audio:<\/strong> Conexi\u00f3n de bocinas&comma; y sistemas de audio.<\/li>\n<\/ul><\/div>\n<\/p><\/div>\n<p> <!-- Caracter\u00edsticas --> <\/p>\n<div style='flex: 1 1 300px; min-width: 280px;'>\n<div style='border-left: 5px solid #FF4D00; border-radius: 5px; padding: 15px; box-shadow: 2px 2px 10px rgba(216&comma;216&comma;216&comma;0.4);'>\n<h3 style='font-size: 18px; margin-top: 0; margin-bottom: 15px; color: inherit;'>Caracter\u00edsticas:<\/h3>\n<ul style='padding-left: 20px; font-size: 15px; color: inherit; list-style-type: disc;'>\n<li style='margin-bottom: 10px;'>Cable tipo: CMR (RISER)<\/li>\n<li style='margin-bottom: 10px;'>N\u00famero de conductores: 2<\/li>\n<li style='margin-bottom: 10px;'>AWG: 22<\/li>\n<li style='margin-bottom: 10px;'>Blindaje: Cinta Aluminizada + Dren (20Awg)<\/li>\n<li style='margin-bottom: 10px;'>Color externo: Gris<\/li>\n<li style='margin-bottom: 10px;'>Prueba de flama Riser: UL 1666 &#8216;Flama Vertical&#8217;<\/li>\n<li style='margin-bottom: 10px;'>UL 444 Cables para Comunicaciones<\/li>\n<li style='margin-bottom: 10px;'>NEC Article 800 Circuitos de Comunicaciones<\/li>\n<\/ul><\/div>\n<\/p><\/div>\n<\/p><\/div>\n<\/p><\/div>\n","protected":false},"excerpt":{"rendered":"<p>Cable Calibre 22 \/ 2 Conductores \/ Blindado \/ 305 Metros (1000 Pies) \/ Riser \/ UL \/ Color Gris \/ Hecho en M?xico<\/p>\n","protected":false},"featured_media":3163,"comment_status":"open","ping_status":"closed","template":"","meta":[],"product_brand":[],"product_cat":[137],"product_tag":[138,62,242],"class_list":{"0":"post-3164","1":"product","2":"type-product","3":"status-publish","4":"has-post-thumbnail","6":"product_cat-todos-cables","7":"product_tag-cables","8":"product_tag-todos","9":"product_tag-viakon","11":"first","12":"outofstock","13":"sale","14":"shipping-taxable","15":"purchasable","16":"product-type-simple"},"_links":{"self":[{"href":"https:\/\/soydeaqui.ddns.net\/pachuca\/index.php\/wp-json\/wp\/v2\/product\/3164","targetHints":{"allow":["GET"]}}],"collection":[{"href":"https:\/\/soydeaqui.ddns.net\/pachuca\/index.php\/wp-json\/wp\/v2\/product"}],"about":[{"href":"https:\/\/soydeaqui.ddns.net\/pachuca\/index.php\/wp-json\/wp\/v2\/types\/product"}],"replies":[{"embeddable":true,"href":"https:\/\/soydeaqui.ddns.net\/pachuca\/index.php\/wp-json\/wp\/v2\/comments?post=3164"}],"wp:featuredmedia":[{"embeddable":true,"href":"https:\/\/soydeaqui.ddns.net\/pachuca\/index.php\/wp-json\/wp\/v2\/media\/3163"}],"wp:attachment":[{"href":"https:\/\/soydeaqui.ddns.net\/pachuca\/index.php\/wp-json\/wp\/v2\/media?parent=3164"}],"wp:term":[{"taxonomy":"product_brand","embeddable":true,"href":"https:\/\/soydeaqui.ddns.net\/pachuca\/index.php\/wp-json\/wp\/v2\/product_brand?post=3164"},{"taxonomy":"product_cat","embeddable":true,"href":"https:\/\/soydeaqui.ddns.net\/pachuca\/index.php\/wp-json\/wp\/v2\/product_cat?post=3164"},{"taxonomy":"product_tag","embeddable":true,"href":"https:\/\/soydeaqui.ddns.net\/pachuca\/index.php\/wp-json\/wp\/v2\/product_tag?post=3164"}],"curies":[{"name":"wp","href":"https:\/\/api.w.org\/{rel}","templated":true}]}}