{"id":31616,"date":"2026-03-18T14:15:08","date_gmt":"2026-03-18T14:15:08","guid":{"rendered":"https:\/\/soydeaqui.ddns.net\/pachuca\/index.php\/producto\/software-de-administracion-de-acceso-para-lectores-suprema-licencia-profesional-300-puertas\/"},"modified":"2026-03-18T14:15:09","modified_gmt":"2026-03-18T14:15:09","slug":"software-de-administracion-de-acceso-para-lectores-suprema-licencia-profesional-300-puertas","status":"publish","type":"product","link":"https:\/\/soydeaqui.ddns.net\/pachuca\/index.php\/producto\/software-de-administracion-de-acceso-para-lectores-suprema-licencia-profesional-300-puertas\/","title":{"rendered":"Software de Administraci\u00f3n de Acceso, para Lectores SUPREMA, Licencia  Profesional, 300 puertas"},"content":{"rendered":"<div style='width: 100%; max-width: 1200px; margin: 0 auto; font-family: sans-serif; line-height: 1.6; color: inherit; background-color: transparent;'> <!-- Aviso importante --> <\/p>\n<div style='border: 1px solid rgba(231&comma;76&comma;60&comma;0.3); border-left: 4px solid #e74c3c; background-color: rgba(231&comma;76&comma;60&comma;0.05); padding: 15px 20px; margin: 20px 0;'>\n<h3 style='color: #e74c3c; margin-top: 0; font-size: 18px; border-bottom: 2px solid #e74c3c; padding-bottom: 5px; opacity: 0.9;'> AVISO IMPORTANTE <\/h3>\n<ul style='padding-left: 20px; margin: 15px 0;'>\n<li style='margin-bottom: 8px; font-size: 15px; color: inherit;'><strong>BIOSTAR 2 llega a su fin de Venta hasta el 31 de MARZO del 2026<\/strong>. La nueva versi\u00f3n de software es Biostar X<\/li>\n<li style='margin-bottom: 8px; font-size: 15px; color: inherit;'><strong>BIOSTAR 2 se seguir\u00e1 soportando para actualizaciones hasta marzo 31 del 2029<\/strong><\/li>\n<li style='font-size: 15px; color: inherit;'><strong>Migraci\u00f3n gratuita en mismo nivel entre BioStar 2 a BioStar X hasta el 31 de Marzo del 2026<\/strong><\/li>\n<\/ul><\/div>\n<p> <!-- Informaci\u00f3n principal --> <\/p>\n<div style='margin: 30px 0;'>\n<h2 style='font-size: 22px; border-bottom: 2px solid currentColor; padding-bottom: 5px; margin-top: 0; color: inherit; opacity: 0.8;'> BioStar 2 <\/h2>\n<p style='font-size: 15px; color: inherit; margin-top: 15px;'> Es una plataforma de seguridad integrada&comma; basada en web y abierta&comma; que provee funcionalidad exhaustiva para control de acceso&comma; tiempo &#038; asistencia&comma; gesti\u00f3n de visitantes y registros de video. Encripta todos los datos personales disponibles y soporta ambos SDK y API web para integrar BioStar 2 con software de terceros. Adem\u00e1s&comma; los usuarios pueden controlar la plataforma BioStar 2 de forma remota con la aplicaci\u00f3n m\u00f3vil para BioStar 2 y administrar el acceso a sitios con una tarjeta de acceso m\u00f3vil. <\/p>\n<\/p><\/div>\n<p> <!-- Im\u00e1genes --> <\/p>\n<div style='display: flex; flex-wrap: wrap; gap: 20px; margin: 30px 0;'>\n<div style='flex: 1 1 300px; min-width: 280px;'> <img style='width: 100%; height: auto; border: 1px solid rgba(150&comma;150&comma;150&comma;0.3); border-radius: 8px;' src='http:\/\/ftp3.syscom.mx\/usuarios\/gjimenez\/SUPREMA\/PRESENTACIONES\/ppal%20biostar%202.jpg' alt='biostar 2'> <\/div>\n<div style='flex: 1 1 300px; min-width: 280px;'> <img style='width: 100%; height: auto; border: 1px solid rgba(150&comma;150&comma;150&comma;0.3); border-radius: 8px;' src='http:\/\/ftp3.syscom.mx\/usuarios\/gjimenez\/SUPREMA\/VIDEOS\/biostar2%20imagen%201.jpg' alt=''> <\/div>\n<div style='flex: 1 1 300px; min-width: 280px;'> <img style='width: 100%; height: auto; border: 1px solid rgba(150&comma;150&comma;150&comma;0.3); border-radius: 8px;' src='http:\/\/ftp3.syscom.mx\/usuarios\/gjimenez\/SUPREMA\/VIDEOS\/biostar2%20imagen%202.jpg' alt=''> <\/div>\n<div style='flex: 1 1 300px; min-width: 280px;'> <img style='width: 100%; height: auto; border: 1px solid rgba(150&comma;150&comma;150&comma;0.3); border-radius: 8px;' src='http:\/\/ftp3.syscom.mx\/usuarios\/gjimenez\/SUPREMA\/VIDEOS\/biostar2%20imagen%203.jpg' alt=''> <\/div>\n<div style='flex: 1 1 300px; min-width: 280px;'> <img style='width: 100%; height: auto; border: 1px solid rgba(150&comma;150&comma;150&comma;0.3); border-radius: 8px;' src='http:\/\/ftp3.syscom.mx\/usuarios\/gjimenez\/SUPREMA\/VIDEOS\/licencias%20biostar2%20act%20oct%202021.jpg' alt='licencias'> <\/div>\n<\/p><\/div>\n<p> <!-- Licencias de administraci\u00f3n --> <\/p>\n<div style='margin: 30px 0;'>\n<h3 style='font-size: 20px; border-bottom: 2px solid currentColor; padding-bottom: 5px; margin-top: 0; color: inherit; opacity: 0.8;'> Licencias de Administraci\u00f3n de Tiempo y Asistencia <\/h3>\n<p> <!-- Tabla de licencias --> <\/p>\n<div style='overflow-x: auto; margin-top: 20px; border: 1px solid rgba(150&comma;150&comma;150&comma;0.2); border-radius: 8px;'>\n<table style='width: 100%; border-collapse: collapse; min-width: 600px;'>\n<thead style='background-color: #f5f5f5;'>\n<tr>\n<th style='padding: 12px; border-bottom: 1px solid rgba(150&comma;150&comma;150&comma;0.2); border-right: 1px solid rgba(150&comma;150&comma;150&comma;0.2); text-align: left; color: inherit;'>&nbsp;<\/th>\n<th style='padding: 12px; border-bottom: 1px solid rgba(150&comma;150&comma;150&comma;0.2); border-right: 1px solid rgba(150&comma;150&comma;150&comma;0.2); text-align: center; color: inherit;'>Inicial<br \/><small>(gratis)<\/small><\/th>\n<th style='padding: 12px; border-bottom: 1px solid rgba(150&comma;150&comma;150&comma;0.2); border-right: 1px solid rgba(150&comma;150&comma;150&comma;0.2); text-align: center; color: inherit;'><span style='font-size: 10pt;'>BIOSTAR2TASTD<\/span><br \/><small>Est\u00e1ndar<\/small><\/th>\n<th style='padding: 12px; border-bottom: 1px solid rgba(150&comma;150&comma;150&comma;0.2); border-right: 1px solid rgba(150&comma;150&comma;150&comma;0.2); text-align: center; color: inherit;'><span style='letter-spacing: -0.48px; font-size: 10pt;'>BIOSTAR2TAADV<\/span><br \/><small>Avanzado<\/small><\/th>\n<th style='padding: 12px; border-bottom: 1px solid rgba(150&comma;150&comma;150&comma;0.2); border-right: 1px solid rgba(150&comma;150&comma;150&comma;0.2); text-align: center; color: inherit;'><span style='letter-spacing: -0.48px; font-size: 10pt;'>BIOSTAR2TAPRO<\/span><br \/><small>Profesional<\/small><\/th>\n<\/tr>\n<\/thead>\n<tbody>\n<tr>\n<th style='padding: 12px; border-bottom: 1px solid rgba(150&comma;150&comma;150&comma;0.2); border-right: 1px solid rgba(150&comma;150&comma;150&comma;0.2); background-color: rgba(150&comma;150&comma;150&comma;0.05); text-align: left; color: inherit;'><span style='font-size: 10pt;'>No. de Usuarios<\/span><\/th>\n<td style='padding: 12px; border-bottom: 1px solid rgba(150&comma;150&comma;150&comma;0.2); border-right: 1px solid rgba(150&comma;150&comma;150&comma;0.2); text-align: center; color: inherit;'><span style='font-size: 10pt;'>100<\/span><\/td>\n<td style='padding: 12px; border-bottom: 1px solid rgba(150&comma;150&comma;150&comma;0.2); border-right: 1px solid rgba(150&comma;150&comma;150&comma;0.2); text-align: center; color: inherit;'><span style='font-size: 10pt;'>500<\/span><\/td>\n<td style='padding: 12px; border-bottom: 1px solid rgba(150&comma;150&comma;150&comma;0.2); border-right: 1px solid rgba(150&comma;150&comma;150&comma;0.2); text-align: center; color: inherit;'><span style='font-size: 10pt;'>1&comma;000<\/span><\/td>\n<td style='padding: 12px; border-bottom: 1px solid rgba(150&comma;150&comma;150&comma;0.2); border-right: 1px solid rgba(150&comma;150&comma;150&comma;0.2); text-align: center; color: inherit;'><span style='font-size: 10pt;'>Ilimitada<\/span><\/td>\n<\/tr>\n<\/tbody>\n<\/table><\/div>\n<\/p><\/div>\n<p> <!-- Secci\u00f3n de licencias adicionales --> <\/p>\n<div style='margin: 30px 0;'>\n<h3 style='font-size: 20px; border-bottom: 2px solid currentColor; padding-bottom: 5px; margin-top: 0; color: inherit; opacity: 0.8;'> Licencias de registro de video <\/h3>\n<p> <!-- Tabla de licencias de video --> <\/p>\n<div style='overflow-x: auto; margin-top: 20px; border: 1px solid rgba(150&comma;150&comma;150&comma;0.2); border-radius: 8px;'>\n<table style='width: 100%; border-collapse: collapse; min-width: 600px;'>\n<thead style='background-color: #f5f5f5;'>\n<tr>\n<th style='padding: 12px; border-bottom: 1px solid rgba(150&comma;150&comma;150&comma;0.2); border-right: 1px solid rgba(150&comma;150&comma;150&comma;0.2); text-align: left; color: inherit;'>&nbsp;<\/th>\n<th style='padding: 12px; border-bottom: 1px solid rgba(150&comma;150&comma;150&comma;0.2); border-right: 1px solid rgba(150&comma;150&comma;150&comma;0.2); text-align: center; color: inherit;'>Inicial<br \/><small>(gratis)<\/small><\/th>\n<th style='padding: 12px; border-bottom: 1px solid rgba(150&comma;150&comma;150&comma;0.2); border-right: 1px solid rgba(150&comma;150&comma;150&comma;0.2); text-align: center; color: inherit;'><span style='font-size: 10pt;'>BIOSTAR2VID<\/span><br \/><small>Licencia de video<\/small><\/th>\n<\/tr>\n<\/thead>\n<tbody>\n<tr>\n<th style='padding: 12px; border-bottom: 1px solid rgba(150&comma;150&comma;150&comma;0.2); border-right: 1px solid rgba(150&comma;150&comma;150&comma;0.2); background-color: rgba(150&comma;150&comma;150&comma;0.05); text-align: left; color: inherit;'><span style='font-size: 10pt;'>Registros de video<\/span><\/th>\n<td style='padding: 12px; border-bottom: 1px solid rgba(150&comma;150&comma;150&comma;0.2); border-right: 1px solid rgba(150&comma;150&comma;150&comma;0.2); text-align: center; color: inherit;'><span style='font-size: 10pt;'>&#8211;<\/span><\/td>\n<td style='padding: 12px; border-bottom: 1px solid rgba(150&comma;150&comma;150&comma;0.2); border-right: 1px solid rgba(150&comma;150&comma;150&comma;0.2); text-align: center; color: inherit;'><span style='margin: 0; padding: 0; letter-spacing: -0.025em; color: #cccccc; font-size: 10pt;' title='S\u00ed es soportado.'>\u25cf<\/span><\/td>\n<\/tr>\n<\/tbody>\n<\/table><\/div>\n<\/p><\/div>\n<p> <!-- Secci\u00f3n de licencias de visitantes --> <\/p>\n<div style='margin: 30px 0;'>\n<h3 style='font-size: 20px; border-bottom: 2px solid currentColor; padding-bottom: 5px; margin-top: 0; color: inherit; opacity: 0.8;'> Licencia de Gesti\u00f3n de Visitantes <\/h3>\n<p> <!-- Tabla de licencias de visitantes --> <\/p>\n<div style='overflow-x: auto; margin-top: 20px; border: 1px solid rgba(150&comma;150&comma;150&comma;0.2); border-radius: 8px;'>\n<table style='width: 100%; border-collapse: collapse; min-width: 600px;'>\n<thead style='background-color: #f5f5f5;'>\n<tr>\n<th style='padding: 12px; border-bottom: 1px solid rgba(150&comma;150&comma;150&comma;0.2); border-right: 1px solid rgba(150&comma;150&comma;150&comma;0.2); text-align: left; color: inherit;'>&nbsp;<\/th>\n<th style='padding: 12px; border-bottom: 1px solid rgba(150&comma;150&comma;150&comma;0.2); border-right: 1px solid rgba(150&comma;150&comma;150&comma;0.2); text-align: center; color: inherit;'>Inicial<br \/><small>(gratis)<\/small><\/th>\n<th style='padding: 12px; border-bottom: 1px solid rgba(150&comma;150&comma;150&comma;0.2); border-right: 1px solid rgba(150&comma;150&comma;150&comma;0.2); text-align: center; color: inherit;'><span style='font-size: 10pt;'>BIOSTAR2VISITOR<\/span><br \/><small>Licencia de Visitantes<\/small><\/th>\n<\/tr>\n<\/thead>\n<tbody>\n<tr>\n<th style='padding: 12px; border-bottom: 1px solid rgba(150&comma;150&comma;150&comma;0.2); border-right: 1px solid rgba(150&comma;150&comma;150&comma;0.2); background-color: rgba(150&comma;150&comma;150&comma;0.05); text-align: left; color: inherit;'><span style='font-size: 10pt;'>Gesti\u00f3n de Visitantes<\/span><\/th>\n<td style='padding: 12px; border-bottom: 1px solid rgba(150&comma;150&comma;150&comma;0.2); border-right: 1px solid rgba(150&comma;150&comma;150&comma;0.2); text-align: center; color: inherit;'><span style='font-size: 10pt;'>&#8211;<\/span><\/td>\n<td style='padding: 12px; border-bottom: 1px solid rgba(150&comma;150&comma;150&comma;0.2); border-right: 1px solid rgba(150&comma;150&comma;150&comma;0.2); text-align: center; color: inherit;'><span style='margin: 0; padding: 0; letter-spacing: -0.025em; color: #cccccc; font-size: 10pt;' title='S\u00ed es soportado.'>\u25cf<\/span><\/td>\n<\/tr>\n<\/tbody>\n<\/table><\/div>\n<\/p><\/div>\n<p> <!-- Videos --> <\/p>\n<div style='margin: 30px 0;'>\n<h3 style='font-size: 20px; border-bottom: 2px solid currentColor; padding-bottom: 5px; margin-top: 0; color: inherit; opacity: 0.8;'> Sencilla interface de uso de BIOSTAR <\/h3>\n<p> <!-- Video 1 --> <\/p>\n<div style='position: relative; padding-bottom: 56.25%; height: 0; overflow: hidden; margin: 20px 0;'>   <\/div>\n<p> <!-- Video 2 --> <\/p>\n<div style='position: relative; padding-bottom: 56.25%; height: 0; overflow: hidden; margin: 20px 0;'>   <\/div>\n<\/p><\/div>\n<p> <!-- Aviso MOCAINC --> <\/p>\n<div style='border: 1px solid rgba(40&comma;128&comma;185&comma;0.3); border-left: 4px solid #2880b9; background-color: rgba(40&comma;128&comma;185&comma;0.05); padding: 15px 20px; margin: 30px 0;'>\n<p style='margin: 8px 0; font-size: 15px; color: #2880b9;'> <strong>AVISO.- Las credenciales mobiles utilizan la plataforma MOCAINC<\/strong> <\/p>\n<p style='margin: 8px 0; font-size: 15px; color: #2880b9;'> Y ahora es posible adquirir credenciales mobiles bajo demanda&comma; no hay m\u00ednimo ni paquetes&comma; usted adquiere seg\u00fan la cantidad que necesite. <\/p>\n<p style='margin: 8px 0; font-size: 15px; color: #2880b9;'> Cada Credencial mobile se solicita como MOBILEACCESSCREDIT <\/p>\n<\/p><\/div>\n<p> <!-- Aviso final --> <\/p>\n<div style='border: 1px solid rgba(231&comma;76&comma;60&comma;0.3); border-left: 4px solid #e74c3c; background-color: rgba(231&comma;76&comma;60&comma;0.05); padding: 15px 20px; margin: 30px 0;'>\n<h3 style='color: #e74c3c; margin-top: 0; font-size: 18px; border-bottom: 2px solid #e74c3c; padding-bottom: 5px; opacity: 0.9;'> AVISO IMPORTANTE <\/h3>\n<ul style='padding-left: 20px; margin: 15px 0;'>\n<li style='margin-bottom: 8px; font-size: 15px; color: inherit;'><strong>BIOSTAR 2 llega a su fin de Venta hasta el 31 de MARZO del 2026<\/strong>. La nueva versi\u00f3n de software es Biostar X<\/li>\n<li style='font-size: 15px; color: inherit;'><strong>BIOSTAR 2 se seguir\u00e1 soportando para actualizaciones hasta marzo 31 del 2029<\/strong><\/li>\n<\/ul><\/div>\n<\/p><\/div>\n","protected":false},"excerpt":{"rendered":"<p>Software de Administraci\u00f3n de Acceso, para Lectores SUPREMA, Licencia  Profesional, 300 puertas<\/p>\n","protected":false},"featured_media":31615,"comment_status":"open","ping_status":"closed","template":"","meta":[],"product_brand":[],"product_cat":[743],"product_tag":[744,745,798],"class_list":{"0":"post-31616","1":"product","2":"type-product","3":"status-publish","4":"has-post-thumbnail","6":"product_cat-para-tiempo-y-asistencia-checadores","7":"product_tag-biometricos","8":"product_tag-para-tiempo-y-asistencia-checadores","9":"product_tag-suprema","11":"first","12":"outofstock","13":"sale","14":"shipping-taxable","15":"purchasable","16":"product-type-simple"},"_links":{"self":[{"href":"https:\/\/soydeaqui.ddns.net\/pachuca\/index.php\/wp-json\/wp\/v2\/product\/31616","targetHints":{"allow":["GET"]}}],"collection":[{"href":"https:\/\/soydeaqui.ddns.net\/pachuca\/index.php\/wp-json\/wp\/v2\/product"}],"about":[{"href":"https:\/\/soydeaqui.ddns.net\/pachuca\/index.php\/wp-json\/wp\/v2\/types\/product"}],"replies":[{"embeddable":true,"href":"https:\/\/soydeaqui.ddns.net\/pachuca\/index.php\/wp-json\/wp\/v2\/comments?post=31616"}],"wp:featuredmedia":[{"embeddable":true,"href":"https:\/\/soydeaqui.ddns.net\/pachuca\/index.php\/wp-json\/wp\/v2\/media\/31615"}],"wp:attachment":[{"href":"https:\/\/soydeaqui.ddns.net\/pachuca\/index.php\/wp-json\/wp\/v2\/media?parent=31616"}],"wp:term":[{"taxonomy":"product_brand","embeddable":true,"href":"https:\/\/soydeaqui.ddns.net\/pachuca\/index.php\/wp-json\/wp\/v2\/product_brand?post=31616"},{"taxonomy":"product_cat","embeddable":true,"href":"https:\/\/soydeaqui.ddns.net\/pachuca\/index.php\/wp-json\/wp\/v2\/product_cat?post=31616"},{"taxonomy":"product_tag","embeddable":true,"href":"https:\/\/soydeaqui.ddns.net\/pachuca\/index.php\/wp-json\/wp\/v2\/product_tag?post=31616"}],"curies":[{"name":"wp","href":"https:\/\/api.w.org\/{rel}","templated":true}]}}