{"id":31612,"date":"2026-03-18T14:15:04","date_gmt":"2026-03-18T14:15:04","guid":{"rendered":"https:\/\/soydeaqui.ddns.net\/pachuca\/index.php\/producto\/software-de-administracion-de-acceso-para-lectores-suprema-licencia-avanzada-100-puertas\/"},"modified":"2026-03-18T14:15:05","modified_gmt":"2026-03-18T14:15:05","slug":"software-de-administracion-de-acceso-para-lectores-suprema-licencia-avanzada-100-puertas","status":"publish","type":"product","link":"https:\/\/soydeaqui.ddns.net\/pachuca\/index.php\/producto\/software-de-administracion-de-acceso-para-lectores-suprema-licencia-avanzada-100-puertas\/","title":{"rendered":"Software de Administraci\u00f3n de Acceso, para Lectores SUPREMA, Licencia  Avanzada, 100 puertas"},"content":{"rendered":"<div style='width: 100%; max-width: 1200px; margin: 0 auto; font-family: sans-serif; line-height: 1.6; color: inherit; background-color: transparent;'> <!-- Aviso importante --> <\/p>\n<div style='border: 1px solid rgba(231&comma;76&comma;60&comma;0.3); border-left: 4px solid #e74c3c; background-color: rgba(231&comma;76&comma;60&comma;0.05); padding: 15px 20px; margin: 20px 0; border-radius: 8px;'>\n<h3 style='color: #e74c3c; margin-top: 0; font-size: 18px; border-bottom: 2px solid #e74c3c; padding-bottom: 5px; opacity: 0.9;'>AVISO IMPORTANTE<\/h3>\n<ul style='padding-left: 20px; margin: 15px 0; color: inherit;'>\n<li style='margin-bottom: 8px;'><strong>BIOSTAR 2<\/strong> llega a su fin de venta hasta el 31 de marzo del 2026. La nueva versi\u00f3n de software es Biostar X<\/li>\n<li style='margin-bottom: 8px;'><strong>BIOSTAR 2<\/strong> se seguir\u00e1 soportando para actualizaciones hasta marzo 31 del 2029<\/li>\n<li>Migraci\u00f3n gratuita en mismo nivel entre BioStar 2 a BioStar X hasta el 31 de marzo del 2026<\/li>\n<\/ul><\/div>\n<p> <!-- T\u00edtulo principal --> <\/p>\n<h1 style='font-size: 28px; color: inherit; margin: 30px 0 20px; border-bottom: 2px solid rgba(150&comma;150&comma;150&comma;0.3); padding-bottom: 10px;'>BIOSTAR 2<\/h1>\n<p> <!-- Imagen principal --> <\/p>\n<div style='margin: 20px 0;'> <img style='width: 100%; height: auto; border: 1px solid rgba(150&comma;150&comma;150&comma;0.3); border-radius: 8px;' src='http:\/\/ftp3.syscom.mx\/usuarios\/gjimenez\/SUPREMA\/PRESENTACIONES\/ppal%20biostar%202.jpg' alt='biostar 2'> <\/div>\n<p> <!-- Descripci\u00f3n principal --> <\/p>\n<div style='margin: 20px 0; font-size: 16px;'>\n<p style='margin: 15px 0;'>BioStar 2 es una plataforma de seguridad integrada&comma; basada en web y abierta&comma; que provee funcionalidad exhaustiva para control de acceso&comma; tiempo &#038; asistencia&comma; gesti\u00f3n de visitantes y registros de video. Encripta todos los datos personales disponibles y soporta ambos SDK y API web para integrar BioStar 2 con software de terceros. Adem\u00e1s&comma; los usuarios pueden controlar la plataforma BioStar 2 de forma remota con la aplicaci\u00f3n m\u00f3vil para BioStar 2 y administrar el acceso a sitios con una tarjeta de acceso m\u00f3vil.<\/p>\n<\/p><\/div>\n<p> <!-- Im\u00e1genes adicionales --> <\/p>\n<div style='display: flex; flex-wrap: wrap; gap: 20px; margin: 30px 0;'>\n<div style='flex: 1 1 300px; min-width: 280px;'> <img style='width: 100%; height: auto; border: 1px solid rgba(150&comma;150&comma;150&comma;0.3); border-radius: 8px;' src='http:\/\/ftp3.syscom.mx\/usuarios\/gjimenez\/SUPREMA\/VIDEOS\/biostar2%20imagen%201.jpg' alt=''> <\/div>\n<div style='flex: 1 1 300px; min-width: 280px;'> <img style='width: 100%; height: auto; border: 1px solid rgba(150&comma;150&comma;150&comma;0.3); border-radius: 8px;' src='http:\/\/ftp3.syscom.mx\/usuarios\/gjimenez\/SUPREMA\/VIDEOS\/biostar2%20imagen%202.jpg' alt=''> <\/div>\n<div style='flex: 1 1 300px; min-width: 280px;'> <img style='width: 100%; height: auto; border: 1px solid rgba(150&comma;150&comma;150&comma;0.3); border-radius: 8px;' src='http:\/\/ftp3.syscom.mx\/usuarios\/gjimenez\/SUPREMA\/VIDEOS\/biostar2%20imagen%203.jpg' alt=''> <\/div>\n<div style='flex: 1 1 300px; min-width: 280px;'> <img style='width: 100%; height: auto; border: 1px solid rgba(150&comma;150&comma;150&comma;0.3); border-radius: 8px;' src='http:\/\/ftp3.syscom.mx\/usuarios\/gjimenez\/SUPREMA\/VIDEOS\/licencias%20biostar2%20act%20oct%202021.jpg' alt='licencias'> <\/div>\n<\/p><\/div>\n<p> <!-- Tabla Licencias de Administraci\u00f3n de Tiempo y Asistencia --> <\/p>\n<h2 style='font-size: 22px; color: inherit; margin: 30px 0 15px; border-bottom: 2px solid rgba(150&comma;150&comma;150&comma;0.3); padding-bottom: 5px;'>Licencias de Administraci\u00f3n de Tiempo y Asistencia<\/h2>\n<div style='overflow-x: auto; margin: 20px 0; border: 1px solid rgba(150&comma;150&comma;150&comma;0.2); border-radius: 8px;'>\n<table style='width: 100%; border-collapse: collapse; min-width: 600px;'>\n<thead style='background-color: #f5f5f5;'>\n<tr>\n<th style='padding: 12px; border-bottom: 1px solid rgba(150&comma;150&comma;150&comma;0.2); border-right: 1px solid rgba(150&comma;150&comma;150&comma;0.2); text-align: left; color: inherit;'>&nbsp;<\/th>\n<th style='padding: 12px; border-bottom: 1px solid rgba(150&comma;150&comma;150&comma;0.2); border-right: 1px solid rgba(150&comma;150&comma;150&comma;0.2); text-align: center; color: inherit;'>Inicial<br \/><small>(gratis)<\/small><\/th>\n<th style='padding: 12px; border-bottom: 1px solid rgba(150&comma;150&comma;150&comma;0.2); border-right: 1px solid rgba(150&comma;150&comma;150&comma;0.2); text-align: center; color: inherit;'><span style='font-size: 10pt;'>BIOSTAR2TASTD<\/span><br \/><span style='font-size: 10pt;'>(Est\u00e1ndar)<\/span><\/th>\n<th style='padding: 12px; border-bottom: 1px solid rgba(150&comma;150&comma;150&comma;0.2); border-right: 1px solid rgba(150&comma;150&comma;150&comma;0.2); text-align: center; color: inherit;'><span style='font-size: 10pt;'>BIOSTAR2TAADV<\/span><br \/><span style='font-size: 10pt;'>(Avanzado)<\/span><\/th>\n<th style='padding: 12px; border-bottom: 1px solid rgba(150&comma;150&comma;150&comma;0.2); border-right: 1px solid rgba(150&comma;150&comma;150&comma;0.2); text-align: center; color: inherit;'><span style='font-size: 10pt;'>BIOSTAR2TAPRO<\/span><br \/><span style='font-size: 10pt;'>(Profesional)<\/span><\/th>\n<\/tr>\n<\/thead>\n<tbody>\n<tr>\n<td style='padding: 12px; border-bottom: 1px solid rgba(150&comma;150&comma;150&comma;0.2); border-right: 1px solid rgba(150&comma;150&comma;150&comma;0.2); font-weight: bold; color: inherit;'><span style='font-size: 10pt;'>No. de Usuarios<\/span><\/td>\n<td style='padding: 12px; border-bottom: 1px solid rgba(150&comma;150&comma;150&comma;0.2); border-right: 1px solid rgba(150&comma;150&comma;150&comma;0.2); text-align: center; color: inherit;'><span style='font-size: 10pt;'>100<\/span><\/td>\n<td style='padding: 12px; border-bottom: 1px solid rgba(150&comma;150&comma;150&comma;0.2); border-right: 1px solid rgba(150&comma;150&comma;150&comma;0.2); text-align: center; color: inherit;'><span style='font-size: 10pt;'>500<\/span><\/td>\n<td style='padding: 12px; border-bottom: 1px solid rgba(150&comma;150&comma;150&comma;0.2); border-right: 1px solid rgba(150&comma;150&comma;150&comma;0.2); text-align: center; color: inherit;'><span style='font-size: 10pt;'>1&comma;000<\/span><\/td>\n<td style='padding: 12px; border-bottom: 1px solid rgba(150&comma;150&comma;150&comma;0.2); border-right: 1px solid rgba(150&comma;150&comma;150&comma;0.2); text-align: center; color: inherit;'><span style='font-size: 10pt;'>Ilimitada<\/span><\/td>\n<\/tr>\n<\/tbody>\n<\/table><\/div>\n<p> <!-- Tabla Licencias de registro de video --> <\/p>\n<h3 style='font-size: 20px; color: inherit; margin: 30px 0 15px; border-bottom: 2px solid rgba(150&comma;150&comma;150&comma;0.3); padding-bottom: 5px;'>Licencias de registro de video<\/h3>\n<div style='overflow-x: auto; margin: 20px 0; border: 1px solid rgba(150&comma;150&comma;150&comma;0.2); border-radius: 8px;'>\n<table style='width: 100%; border-collapse: collapse; min-width: 600px;'>\n<thead style='background-color: #f5f5f5;'>\n<tr>\n<th style='padding: 12px; border-bottom: 1px solid rgba(150&comma;150&comma;150&comma;0.2); border-right: 1px solid rgba(150&comma;150&comma;150&comma;0.2); text-align: left; color: inherit;'>&nbsp;<\/th>\n<th style='padding: 12px; border-bottom: 1px solid rgba(150&comma;150&comma;150&comma;0.2); border-right: 1px solid rgba(150&comma;150&comma;150&comma;0.2); text-align: center; color: inherit;'>Inicial<br \/><small>(gratis)<\/small><\/th>\n<th style='padding: 12px; border-bottom: 1px solid rgba(150&comma;150&comma;150&comma;0.2); border-right: 1px solid rgba(150&comma;150&comma;150&comma;0.2); text-align: center; color: inherit;'><span style='font-size: 10pt;'>BIOSTAR2VID<\/span><br \/><span style='font-size: 10pt;'>Licencia de video<\/span><\/th>\n<\/tr>\n<\/thead>\n<tbody>\n<tr>\n<td style='padding: 12px; border-bottom: 1px solid rgba(150&comma;150&comma;150&comma;0.2); border-right: 1px solid rgba(150&comma;150&comma;150&comma;0.2); font-weight: bold; color: inherit;'><span style='font-size: 10pt;'>Registros de video<\/span><\/td>\n<td style='padding: 12px; border-bottom: 1px solid rgba(150&comma;150&comma;150&comma;0.2); border-right: 1px solid rgba(150&comma;150&comma;150&comma;0.2); text-align: center; color: inherit;'><span style='font-size: 10pt;'>&#8211;<\/span><\/td>\n<td style='padding: 12px; border-bottom: 1px solid rgba(150&comma;150&comma;150&comma;0.2); border-right: 1px solid rgba(150&comma;150&comma;150&comma;0.2); text-align: center; color: inherit;'><span style='color: #cccccc; font-size: 10pt;' title='S\u00ed es soportado.'>\u25cf<\/span><\/td>\n<\/tr>\n<\/tbody>\n<\/table><\/div>\n<p> <!-- Tabla Licencia de Gesti\u00f3n de Visitantes --> <\/p>\n<h3 style='font-size: 20px; color: inherit; margin: 30px 0 15px; border-bottom: 2px solid rgba(150&comma;150&comma;150&comma;0.3); padding-bottom: 5px;'>Licencia de Gesti\u00f3n de Visitantes<\/h3>\n<div style='overflow-x: auto; margin: 20px 0; border: 1px solid rgba(150&comma;150&comma;150&comma;0.2); border-radius: 8px;'>\n<table style='width: 100%; border-collapse: collapse; min-width: 600px;'>\n<thead style='background-color: #f5f5f5;'>\n<tr>\n<th style='padding: 12px; border-bottom: 1px solid rgba(150&comma;150&comma;150&comma;0.2); border-right: 1px solid rgba(150&comma;150&comma;150&comma;0.2); text-align: left; color: inherit;'>&nbsp;<\/th>\n<th style='padding: 12px; border-bottom: 1px solid rgba(150&comma;150&comma;150&comma;0.2); border-right: 1px solid rgba(150&comma;150&comma;150&comma;0.2); text-align: center; color: inherit;'>Inicial<br \/><small>(gratis)<\/small><\/th>\n<th style='padding: 12px; border-bottom: 1px solid rgba(150&comma;150&comma;150&comma;0.2); border-right: 1px solid rgba(150&comma;150&comma;150&comma;0.2); text-align: center; color: inherit;'><span style='font-size: 10pt;'>BIOSTAR2VISITOR<\/span><br \/><span style='font-size: 10pt;'>(Licencia de Visitantes)<\/span><\/th>\n<\/tr>\n<\/thead>\n<tbody>\n<tr>\n<td style='padding: 12px; border-bottom: 1px solid rgba(150&comma;150&comma;150&comma;0.2); border-right: 1px solid rgba(150&comma;150&comma;150&comma;0.2); font-weight: bold; color: inherit;'><span style='font-size: 10pt;'>Gesti\u00f3n de Visitantes<\/span><\/td>\n<td style='padding: 12px; border-bottom: 1px solid rgba(150&comma;150&comma;150&comma;0.2); border-right: 1px solid rgba(150&comma;150&comma;150&comma;0.2); text-align: center; color: inherit;'><span style='font-size: 10pt;'>&#8211;<\/span><\/td>\n<td style='padding: 12px; border-bottom: 1px solid rgba(150&comma;150&comma;150&comma;0.2); border-right: 1px solid rgba(150&comma;150&comma;150&comma;0.2); text-align: center; color: inherit;'><span style='color: #cccccc; font-size: 10pt;' title='S\u00ed es soportado.'>\u25cf<\/span><\/td>\n<\/tr>\n<\/tbody>\n<\/table><\/div>\n<p> <!-- Videos --> <\/p>\n<h3 style='font-size: 20px; color: inherit; margin: 30px 0 15px; border-bottom: 2px solid rgba(150&comma;150&comma;150&comma;0.3); padding-bottom: 5px;'>Sencilla interface de uso de BIOSTAR<\/h3>\n<div style='display: flex; flex-wrap: wrap; gap: 20px; margin: 20px 0;'>\n<div style='flex: 1 1 560px; min-width: 300px;'>\n<div style='position: relative; padding-bottom: 56.25%; height: 0; overflow: hidden;'>   <\/div>\n<\/p><\/div>\n<div style='flex: 1 1 560px; min-width: 300px;'>\n<div style='position: relative; padding-bottom: 56.25%; height: 0; overflow: hidden;'>   <\/div>\n<\/p><\/div>\n<\/p><\/div>\n<p> <!-- Aviso de credenciales m\u00f3viles --> <\/p>\n<div style='border: 1px solid rgba(40&comma;128&comma;185&comma;0.3); border-left: 4px solid #2880b9; background-color: rgba(40&comma;128&comma;185&comma;0.05); padding: 15px 20px; margin: 30px 0; border-radius: 8px;'>\n<p style='margin: 8px 0; color: #2880b9; font-weight: bold;'>AVISO.- Las credenciales m\u00f3viles utilizan la plataforma MOCAINC<\/p>\n<p style='margin: 8px 0; color: #2880b9; font-weight: bold;'>Y ahora es posible adquirir credenciales m\u00f3viles bajo demanda&comma; no hay m\u00ednimo ni paquetes&comma; usted adquiere seg\u00fan la cantidad que necesite.<\/p>\n<p style='margin: 8px 0; color: #2880b9; font-weight: bold;'>Cada Credencial m\u00f3vil se solicita como MOBILEACCESSCREDIT<\/p>\n<\/p><\/div>\n<p> <!-- Aviso final --> <\/p>\n<div style='border: 1px solid rgba(231&comma;76&comma;60&comma;0.3); border-left: 4px solid #e74c3c; background-color: rgba(231&comma;76&comma;60&comma;0.05); padding: 15px 20px; margin: 30px 0; border-radius: 8px;'>\n<h3 style='color: #e74c3c; margin-top: 0; font-size: 18px; border-bottom: 2px solid #e74c3c; padding-bottom: 5px; opacity: 0.9;'>AVISO IMPORTANTE<\/h3>\n<ul style='padding-left: 20px; margin: 15px 0; color: inherit;'>\n<li style='margin-bottom: 8px;'><strong>BIOSTAR 2<\/strong> llega a su fin de venta hasta el 31 de marzo del 2026. La nueva versi\u00f3n de software es Biostar X<\/li>\n<li style='margin-bottom: 8px;'><strong>BIOSTAR 2<\/strong> se seguir\u00e1 soportando para actualizaciones hasta marzo 31 del 2029<\/li>\n<li>Migraci\u00f3n gratuita en mismo nivel entre BioStar 2 a BioStar X hasta el 31 de marzo del 2026<\/li>\n<\/ul><\/div>\n<\/p><\/div>\n","protected":false},"excerpt":{"rendered":"<p>Software de Administraci\u00f3n de Acceso, para Lectores SUPREMA, Licencia  Avanzada, 100 puertas<\/p>\n","protected":false},"featured_media":31611,"comment_status":"open","ping_status":"closed","template":"","meta":[],"product_brand":[],"product_cat":[743],"product_tag":[744,745,798],"class_list":{"0":"post-31612","1":"product","2":"type-product","3":"status-publish","4":"has-post-thumbnail","6":"product_cat-para-tiempo-y-asistencia-checadores","7":"product_tag-biometricos","8":"product_tag-para-tiempo-y-asistencia-checadores","9":"product_tag-suprema","11":"first","12":"outofstock","13":"sale","14":"shipping-taxable","15":"purchasable","16":"product-type-simple"},"_links":{"self":[{"href":"https:\/\/soydeaqui.ddns.net\/pachuca\/index.php\/wp-json\/wp\/v2\/product\/31612","targetHints":{"allow":["GET"]}}],"collection":[{"href":"https:\/\/soydeaqui.ddns.net\/pachuca\/index.php\/wp-json\/wp\/v2\/product"}],"about":[{"href":"https:\/\/soydeaqui.ddns.net\/pachuca\/index.php\/wp-json\/wp\/v2\/types\/product"}],"replies":[{"embeddable":true,"href":"https:\/\/soydeaqui.ddns.net\/pachuca\/index.php\/wp-json\/wp\/v2\/comments?post=31612"}],"wp:featuredmedia":[{"embeddable":true,"href":"https:\/\/soydeaqui.ddns.net\/pachuca\/index.php\/wp-json\/wp\/v2\/media\/31611"}],"wp:attachment":[{"href":"https:\/\/soydeaqui.ddns.net\/pachuca\/index.php\/wp-json\/wp\/v2\/media?parent=31612"}],"wp:term":[{"taxonomy":"product_brand","embeddable":true,"href":"https:\/\/soydeaqui.ddns.net\/pachuca\/index.php\/wp-json\/wp\/v2\/product_brand?post=31612"},{"taxonomy":"product_cat","embeddable":true,"href":"https:\/\/soydeaqui.ddns.net\/pachuca\/index.php\/wp-json\/wp\/v2\/product_cat?post=31612"},{"taxonomy":"product_tag","embeddable":true,"href":"https:\/\/soydeaqui.ddns.net\/pachuca\/index.php\/wp-json\/wp\/v2\/product_tag?post=31612"}],"curies":[{"name":"wp","href":"https:\/\/api.w.org\/{rel}","templated":true}]}}